{"id":970087,"date":"2026-03-26T13:26:17","date_gmt":"2026-03-26T12:26:17","guid":{"rendered":"https:\/\/fitnfemale.com\/"},"modified":"2026-04-18T11:01:32","modified_gmt":"2026-04-18T10:01:32","slug":"eat-sleep-squat-shaker","status":"publish","type":"product","link":"https:\/\/fitnfemale.com\/it\/prodotto\/eat-sleep-squat-shaker\/","title":{"rendered":"Mangia. Dormi. Fai squat. Shaker"},"content":{"rendered":"","protected":false},"excerpt":{"rendered":"<h2>Lo shaker che pu\u00f2 fare molto pi\u00f9 che mescolare<\/h2>\n<h4>Mangia. Dormi. Fai squat. \ud83d\udc96 Questo shaker \u00e8 pi\u00f9 che pratico: \u00e8 una dichiarazione del tuo stile di vita all&#039;insegna del fitness. Elegante, funzionale e perfetto per la tua borsa da palestra!<\/h4>\n<ul>\n<li class=\"bullet-star\">A prova di perdite e sicuro: non ne uscir\u00e0 nemmeno una goccia, non importa quanto sia intenso il tuo allenamento.<\/li>\n<li class=\"bullet-star\">Prodotto in Europa: robusto, durevole ed elegante.<\/li>\n<li class=\"bullet-star\">100 % Senza BPA e sicuro per gli alimenti: per la tua salute.<\/li>\n<li class=\"bullet-star\">Lavabile in lavastoviglie: per una pulizia facile e senza sforzo.<\/li>\n<\/ul>\n<p>Lo shaker \u00e8 realizzato in materiale resistente e di alta qualit\u00e0, con un tappo a vite sicuro. Ideale per il pre-allenamento, il post-allenamento o semplicemente come accessorio rosa da tenere d&#039;occhio nella vita di tutti i giorni.<\/p>","protected":false},"featured_media":970284,"comment_status":"open","ping_status":"closed","template":"","meta":{"slim_seo":{"title":"Mangia. Dormi. Fai squat. Shaker - FitNFemale\u00ae","description":"Lo shaker che fa molto pi\u00f9 che mescolare. Mangia. Dormi. Fai squat. \ud83d\udc96 Questo shaker \u00e8 pi\u00f9 che pratico: \u00e8 una dichiarazione di stile per il tuo stile di vita fitness. Elegante"}},"product_brand":[],"product_cat":[6362,6629,283,6215],"product_tag":[],"class_list":{"0":"post-970087","1":"product","2":"type-product","3":"status-publish","4":"has-post-thumbnail","6":"product_cat-promo-50","7":"product_cat-basic","8":"product_cat-equipment","9":"product_cat-shaker-equipment","10":"pa_anwendungsbereiche-for-your-workout","11":"pa_anwendungsbereiche-workout-bottle","12":"pa_marke-fitnfemale","13":"pa_misc-bpafree","15":"first","16":"instock","17":"taxable","18":"shipping-taxable","19":"purchasable","20":"product-type-simple"},"bundled_by":[],"bundle_stock_status":"instock","bundle_stock_quantity":564,"bundle_virtual":false,"bundle_layout":"","bundle_add_to_cart_form_location":"","bundle_editable_in_cart":false,"bundle_sold_individually_context":"","bundle_item_grouping":"","bundle_min_size":"","bundle_max_size":"","bundle_price":[],"bundled_items":[],"bundle_sell_ids":[],"gallery_images":[],"_links":{"self":[{"href":"https:\/\/fitnfemale.com\/it\/wp-json\/wp\/v2\/product\/970087","targetHints":{"allow":["GET"]}}],"collection":[{"href":"https:\/\/fitnfemale.com\/it\/wp-json\/wp\/v2\/product"}],"about":[{"href":"https:\/\/fitnfemale.com\/it\/wp-json\/wp\/v2\/types\/product"}],"replies":[{"embeddable":true,"href":"https:\/\/fitnfemale.com\/it\/wp-json\/wp\/v2\/comments?post=970087"}],"wp:featuredmedia":[{"embeddable":true,"href":"https:\/\/fitnfemale.com\/it\/wp-json\/wp\/v2\/media\/970284"}],"wp:attachment":[{"href":"https:\/\/fitnfemale.com\/it\/wp-json\/wp\/v2\/media?parent=970087"}],"wp:term":[{"taxonomy":"product_brand","embeddable":true,"href":"https:\/\/fitnfemale.com\/it\/wp-json\/wp\/v2\/product_brand?post=970087"},{"taxonomy":"product_cat","embeddable":true,"href":"https:\/\/fitnfemale.com\/it\/wp-json\/wp\/v2\/product_cat?post=970087"},{"taxonomy":"product_tag","embeddable":true,"href":"https:\/\/fitnfemale.com\/it\/wp-json\/wp\/v2\/product_tag?post=970087"}],"curies":[{"name":"parola chiave","href":"https:\/\/api.w.org\/{rel}","templated":true}]}}