{"id":961216,"date":"2026-01-29T10:23:20","date_gmt":"2026-01-29T09:23:20","guid":{"rendered":"https:\/\/fitnfemale.com\/?post_type=product&#038;p=961216"},"modified":"2026-04-20T18:13:21","modified_gmt":"2026-04-20T17:13:21","slug":"aura-supermix-matcha","status":"publish","type":"product","link":"https:\/\/fitnfemale.com\/it\/prodotto\/aura-supermix-matcha\/","title":{"rendered":"Aura Supermix"},"content":{"rendered":"<div class=\"img has-hover img-details x md-x lg-x y md-y lg-y\" id=\"image_808626064\">\n\t\t\t\t\t\t\t\t<div class=\"img-inner dark\" >\n\t\t\t<img decoding=\"async\" width=\"1020\" height=\"569\" src=\"https:\/\/fitnfemale.com\/wp-content\/uploads\/aura-closeup-26.webp\" class=\"attachment-large size-large\" alt=\"Primo piano dell&#039;aura\" srcset=\"https:\/\/fitnfemale.com\/wp-content\/uploads\/aura-closeup-26.webp 1376w, https:\/\/fitnfemale.com\/wp-content\/uploads\/aura-closeup-26-717x400.webp 717w, https:\/\/fitnfemale.com\/wp-content\/uploads\/aura-closeup-26-768x429.webp 768w, https:\/\/fitnfemale.com\/wp-content\/uploads\/aura-closeup-26-18x10.webp 18w, https:\/\/fitnfemale.com\/wp-content\/uploads\/aura-closeup-26-1000x558.webp 1000w\" sizes=\"(max-width: 1020px) 100vw, 1020px\" \/>\t\t\t\t\t\t\n\t\t\t\t\t<\/div>\n\t\t\t\t\t\t\t\t\n<style>\n#image_808626064 {\n  width: 100%;\n}\n<\/style>\n\t<\/div>\n\t\n<p><strong>Il potere del matcha: un&#039;interpretazione moderna<\/strong><\/p>\n<ul>\n<li class=\"bullet-star\">Ideale al mattino, per una mente lucida e un nuovo inizio di giornata.<\/li>\n<li class=\"bullet-star\">Matcha e L-teanina: tradizionalmente apprezzati per la concentrazione e la pace interiore.<\/li>\n<li class=\"bullet-star\">Acido ialuronico (50 mg) e collagene di tipo I (500 mg) \u2013 preziosi elementi strutturali<\/li>\n<li class=\"bullet-star\">Il sapore fresco dello zenzero e del limone incontra il matcha di alta qualit\u00e0, la vitamina C e lo zinco.<\/li>\n<li class=\"bullet-star\">Senza zuccheri aggiunti - facilmente solubile, gusto gradevole<\/li>\n<li class=\"bullet-star\">Vitamina C \u2013 contribuisce alla normale formazione del collagene<\/li>\n<li class=\"bullet-star\">Zinco \u2013 supporta la pelle, i capelli, le unghie e il sistema immunitario<\/li>\n<\/ul>\n<div class=\"accordion\">\n<p class=\"translation-block\"><strong>Ricco di ingredienti preziosi:<\/strong> Solo il meglio per il tuo corpo.<\/p>\n\t<div id=\"accordion-650093513\" class=\"accordion-item\">\n\t\t<a id=\"accordion-650093513-label\" class=\"accordion-title plain\" href=\"#accordion-item-inhaltsstoffe\" aria-expanded=\"false\" aria-controls=\"accordion-650093513-content\">\n\t\t\t<button class=\"toggle\" aria-label=\"Attiva\/Disattiva\"><i class=\"icon-angle-down\" aria-hidden=\"true\"><\/i><\/button>\n\t\t\t<span>Ingredienti<\/span>\n\t\t<\/a>\n\t\t<div id=\"accordion-650093513-content\" class=\"accordion-inner\" aria-labelledby=\"accordion-650093513-label\">\n\t\t\t\n<table class=\"ffnf-clean-table\">\n<thead>\n<tr>\n<th>Ingredienti<\/th>\n<th>Porzione (10 g)<\/th>\n<th>% VNR*<\/th>\n<\/tr>\n<\/thead>\n<tbody>\n<tr>\n<td>Collagene (tipo I)<\/td>\n<td>500 mg<\/td>\n<td>**<\/td>\n<\/tr>\n<tr>\n<td>polvere di matcha<\/td>\n<td>100 mg<\/td>\n<td>**<\/td>\n<\/tr>\n<tr>\n<td>L-teanina<\/td>\n<td>100 mg<\/td>\n<td>**<\/td>\n<\/tr>\n<tr>\n<td>Vitamina C<\/td>\n<td>80 mg<\/td>\n<td>100 %<\/td>\n<\/tr>\n<tr>\n<td>Acido ialuronico<\/td>\n<td>50 mg<\/td>\n<td>**<\/td>\n<\/tr>\n<tr>\n<td>zinco<\/td>\n<td>5 mg<\/td>\n<td>100 %<\/td>\n<\/tr>\n<\/tbody>\n<\/table>\n\t\t<\/div>\n\t<\/div>\n\t\n\t<div id=\"accordion-975271829\" class=\"accordion-item\">\n\t\t<a id=\"accordion-975271829-label\" class=\"accordion-title plain\" href=\"#accordion-item-n\u00e4hrwerte\" aria-expanded=\"false\" aria-controls=\"accordion-975271829-content\">\n\t\t\t<button class=\"toggle\" aria-label=\"Attiva\/Disattiva\"><i class=\"icon-angle-down\" aria-hidden=\"true\"><\/i><\/button>\n\t\t\t<span>Valori nutrizionali<\/span>\n\t\t<\/a>\n\t\t<div id=\"accordion-975271829-content\" class=\"accordion-inner\" aria-labelledby=\"accordion-975271829-label\">\n\t\t\t\n<table class=\"ffnf-clean-table\">\n<thead>\n<tr>\n<th>Valori nutrizionali<\/th>\n<th>100 grammi<\/th>\n<th>Porzione (10 g)<\/th>\n<\/tr>\n<\/thead>\n<tbody>\n<tr>\n<td>Energia<\/td>\n<td>1482 kJ \/ 354 kcal<\/td>\n<td>148 kJ \/ 35 kcal<\/td>\n<\/tr>\n<tr>\n<td>Grasso<br \/>\n- di cui acidi grassi saturi<\/td>\n<td>&lt; 1 g<br \/>\n&lt; 0,3 g<\/td>\n<td>&lt; 0,1 g<br \/>\n&lt; 0,03 g<\/td>\n<\/tr>\n<tr>\n<td>Carboidrati<br \/>\n- di cui zucchero<\/td>\n<td>30 grammi<br \/>\n&lt; 1,0 g<\/td>\n<td>3,0 g<br \/>\n&lt; 0,1 g<\/td>\n<\/tr>\n<tr>\n<td>Fibre alimentari<\/td>\n<td>&lt; 2,0 g<\/td>\n<td>&lt; 0,2 g<\/td>\n<\/tr>\n<tr>\n<td>Proteine<\/td>\n<td>50 grammi<\/td>\n<td>5,0 g<\/td>\n<\/tr>\n<tr>\n<td>Sale<\/td>\n<td>0,5 g<\/td>\n<td>0,05 g<\/td>\n<\/tr>\n<\/tbody>\n<\/table>\n\t\t<\/div>\n\t<\/div>\n\t\n\t<div id=\"accordion-796826172\" class=\"accordion-item\">\n\t\t<a id=\"accordion-796826172-label\" class=\"accordion-title plain\" href=\"#accordion-item-tradition-trifft-innovation\" aria-expanded=\"false\" aria-controls=\"accordion-796826172-content\">\n\t\t\t<button class=\"toggle\" aria-label=\"Attiva\/Disattiva\"><i class=\"icon-angle-down\" aria-hidden=\"true\"><\/i><\/button>\n\t\t\t<span>La tradizione incontra l&#039;innovazione<\/span>\n\t\t<\/a>\n\t\t<div id=\"accordion-796826172-content\" class=\"accordion-inner\" aria-labelledby=\"accordion-796826172-label\">\n\t\t\t\n<p>Il matcha \u00e8 un t\u00e8 verde finemente macinato, apprezzato in Giappone da secoli per la sua combinazione di caffeina delicata e L-teanina. Questa composizione unica \u00e8 tradizionalmente associata a chiarezza e pace interiore. AURA SUPERMIX combina matcha di alta qualit\u00e0 con nutrienti funzionali: collagene, acido ialuronico, vitamina C, zinco e L-teanina si completano a vicenda per creare una moderna miscela all-in-one per il tuo benessere quotidiano.<\/p>\n\t\t<\/div>\n\t<\/div>\n\t\n<\/div>","protected":false},"excerpt":{"rendered":"<h2>Il Matcha pu\u00f2 fare molto. L&#039;AURA pu\u00f2 fare di pi\u00f9.<\/h2>\n<h4>Un supermix matcha per mescolare \u2013 con <strong>Acido ialuronico<\/strong>, <strong>collagene<\/strong>, <strong>Vitamina C<\/strong>, <strong>zinco<\/strong> e <strong>L-teanina<\/strong> Una miscela finemente bilanciata. Limone e zenzero, fresco e gradevole: una bevanda che non si beve e basta, ma si assapora.<\/h4>","protected":false},"featured_media":961226,"comment_status":"open","ping_status":"closed","template":"","meta":{"slim_seo":{"title":"Aura Supermix - FitNFemale\u00ae","description":"Il matcha pu\u00f2 fare molto. AURA pu\u00f2 fare di pi\u00f9. Un supermix di matcha da preparare in casa, con acido ialuronico, collagene, vitamina C, zinco e L-teanina in una miscela finemente bilanciata."}},"product_brand":[],"product_cat":[401],"product_tag":[],"class_list":{"0":"post-961216","1":"product","2":"type-product","3":"status-publish","4":"has-post-thumbnail","6":"product_cat-health","7":"pa_marke-fitnfemale","8":"pa_misc-glutenfree","9":"pa_misc-lactosefree","10":"pa_misc-vegetarian","11":"pa_nutritionfactinfo-nofat","12":"pa_nutritionfactinfo-nocarbs","13":"pa_nutritionfactinfo-lactosefree","14":"pa_nutritionfactinfo-lowcalories","15":"pa_nutritionfactinfo-lowfat","16":"pa_nutritionfactinfo-lowsugar","17":"pa_schwangerschaft-geeignet","18":"pa_stillzeit-geeignet","19":"pa_vegan-ja","21":"first","22":"instock","23":"featured","24":"taxable","25":"shipping-taxable","26":"purchasable","27":"product-type-variable","28":"has-default-attributes"},"bundled_by":[],"bundle_stock_status":"instock","bundle_stock_quantity":null,"bundle_virtual":false,"bundle_layout":"","bundle_add_to_cart_form_location":"","bundle_editable_in_cart":false,"bundle_sold_individually_context":"","bundle_item_grouping":"","bundle_min_size":"","bundle_max_size":"","bundle_price":[],"bundled_items":[],"bundle_sell_ids":[],"gallery_images":[961229,962327,961227,961232,961228,961230],"_links":{"self":[{"href":"https:\/\/fitnfemale.com\/it\/wp-json\/wp\/v2\/product\/961216","targetHints":{"allow":["GET"]}}],"collection":[{"href":"https:\/\/fitnfemale.com\/it\/wp-json\/wp\/v2\/product"}],"about":[{"href":"https:\/\/fitnfemale.com\/it\/wp-json\/wp\/v2\/types\/product"}],"replies":[{"embeddable":true,"href":"https:\/\/fitnfemale.com\/it\/wp-json\/wp\/v2\/comments?post=961216"}],"wp:featuredmedia":[{"embeddable":true,"href":"https:\/\/fitnfemale.com\/it\/wp-json\/wp\/v2\/media\/961226"}],"wp:attachment":[{"href":"https:\/\/fitnfemale.com\/it\/wp-json\/wp\/v2\/media?parent=961216"}],"wp:term":[{"taxonomy":"product_brand","embeddable":true,"href":"https:\/\/fitnfemale.com\/it\/wp-json\/wp\/v2\/product_brand?post=961216"},{"taxonomy":"product_cat","embeddable":true,"href":"https:\/\/fitnfemale.com\/it\/wp-json\/wp\/v2\/product_cat?post=961216"},{"taxonomy":"product_tag","embeddable":true,"href":"https:\/\/fitnfemale.com\/it\/wp-json\/wp\/v2\/product_tag?post=961216"}],"curies":[{"name":"parola chiave","href":"https:\/\/api.w.org\/{rel}","templated":true}]}}