{"id":8097,"date":"2017-10-27T20:09:28","date_gmt":"2017-10-27T18:09:28","guid":{"rendered":"https:\/\/fitnfemale.com\/?post_type=product&#038;p=8097"},"modified":"2026-04-18T15:12:51","modified_gmt":"2026-04-18T14:12:51","slug":"flavourit","status":"publish","type":"product","link":"https:\/\/fitnfemale.com\/it\/prodotto\/flavourit\/","title":{"rendered":"Sapore"},"content":{"rendered":"<div class=\"img has-hover img-details x md-x lg-x y md-y lg-y\" id=\"image_2022448787\">\n\t\t\t\t\t\t\t\t<div class=\"img-inner dark\" >\n\t\t\t<img decoding=\"async\" width=\"1020\" height=\"569\" src=\"https:\/\/fitnfemale.com\/wp-content\/uploads\/flavourite-closeup-11.jpg\" class=\"attachment-large size-large\" alt=\"Primo piano di Flavourite\" srcset=\"https:\/\/fitnfemale.com\/wp-content\/uploads\/flavourite-closeup-11.jpg 1376w, https:\/\/fitnfemale.com\/wp-content\/uploads\/flavourite-closeup-11-717x400.jpg 717w, https:\/\/fitnfemale.com\/wp-content\/uploads\/flavourite-closeup-11-768x429.jpg 768w, https:\/\/fitnfemale.com\/wp-content\/uploads\/flavourite-closeup-11-18x10.jpg 18w, https:\/\/fitnfemale.com\/wp-content\/uploads\/flavourite-closeup-11-1000x558.jpg 1000w\" sizes=\"(max-width: 1020px) 100vw, 1020px\" \/>\t\t\t\t\t\t\n\t\t\t\t\t<\/div>\n\t\t\t\t\t\t\t\t\n<style>\n#image_2022448787 {\n  width: 100%;\n}\n<\/style>\n\t<\/div>\n\t\n<p><strong>Festeggiate senza sensi di colpa!<\/strong> Flavourit offre esperienze di gusto uniche, praticamente senza calorie. Dona ai tuoi piatti semplici un&#039;esplosione di sapore con un solo pizzico di Flavourit. Ogni porzione contiene un massimo di 12 kilocalorie. Personalizzalo e goditi il gusto 100% senza zucchero, grassi o coloranti artificiali. Un must-have in ogni cucina attenta al fitness!<\/p>\n<p><strong>Flavourite aiuta a evitare lo zucchero<\/strong> - Se siete spesso sopraffatti dalla voglia di dolci come il cioccolato o il budino, Flavourite ha la soluzione che fa per voi. Con Flavourite potete trasformare alimenti semplici come lo yogurt e il quark in deliziose prelibatezze con una sola porzione, senza dover ricorrere a bombe caloriche cariche di zucchero. Provatelo subito!<\/p>\n<p><strong>Tenere conto delle preferenze di gusto individuali<\/strong> - Flavourite non scende a compromessi quando si tratta di gusto. La polvere aromatizzante vegana \u00e8 un vero e proprio cambiamento di rotta per la vostra dieta e conferisce a piatti semplici come il quark, il porridge e il caff\u00e8 un miglioramento del sapore incomparabile. Che preferiate il fruttato-fresco, il dolce-cioccolato o il croccante-nocciolato, Flavourite ha una variante per tutti i gusti. Scoprite il vostro preferito e date sfogo alla vostra creativit\u00e0!<\/p>\n<div class=\"accordion\">\n\t<div id=\"accordion-1424728633\" class=\"accordion-item\">\n\t\t<a id=\"accordion-1424728633-label\" class=\"accordion-title plain active\" href=\"#accordion-item-n\u00e4hrwerte\" aria-expanded=\"true\" aria-controls=\"accordion-1424728633-content\">\n\t\t\t<button class=\"toggle\" aria-label=\"Attiva\/Disattiva\"><i class=\"icon-angle-down\" aria-hidden=\"true\"><\/i><\/button>\n\t\t\t<span>Valori nutrizionali<\/span>\n\t\t<\/a>\n\t\t<div id=\"accordion-1424728633-content\" class=\"accordion-inner\" style=\"display: block;\" aria-labelledby=\"accordion-1424728633-label\">\n\t\t\t\n<table class=\"ffnf-clean-table\">\n<thead>\n<tr>\n<th>Valori nutrizionali<\/th>\n<th>100 grammi<\/th>\n<th>Porzione (4 g)<\/th>\n<\/tr>\n<\/thead>\n<tbody>\n<tr>\n<td>Energia<\/td>\n<td>731 kJ \/ 182 kcal<\/td>\n<td>29 kJ \/ 7 kcal<\/td>\n<\/tr>\n<tr>\n<td>Grasso<br \/>- di cui acidi grassi saturi<\/td>\n<td>0 grammi<br \/>0 grammi<\/td>\n<td>0 grammi<br \/>0 grammi<\/td>\n<\/tr>\n<tr>\n<td class=\"translation-block\">Carboidrati<br>\u2013 di cui zuccheri<\/td>\n<td>3 grammi<br \/>0 grammi<\/td>\n<td>0,12 g<br \/>0 grammi<\/td>\n<\/tr>\n<tr>\n<td>Fibre alimentari<\/td>\n<td>85 grammi<\/td>\n<td>3,4 grammi<\/td>\n<\/tr>\n<tr>\n<td>Proteine<\/td>\n<td>0 grammi<\/td>\n<td>0 grammi<\/td>\n<\/tr>\n<tr>\n<td>Sale<\/td>\n<td>0,03 g<\/td>\n<td>0,00 g<\/td>\n<\/tr>\n<tr>\n<td>Sucralosio<\/td>\n<td>\u2013<\/td>\n<td>0,01 g<\/td>\n<\/tr>\n<\/tbody>\n<\/table>\n\t\t<\/div>\n\t<\/div>\n\t\n<\/div>\n\t<div class=\"img has-hover x md-x lg-x y md-y lg-y\" id=\"image_982425645\">\n\t\t\t\t\t\t\t\t<div class=\"img-inner dark\" >\n\t\t\t<img decoding=\"async\" width=\"1020\" height=\"569\" src=\"https:\/\/fitnfemale.com\/wp-content\/uploads\/flavourite-closeup-7.jpg\" class=\"attachment-large size-large\" alt=\"Primo piano di Flavourite\" srcset=\"https:\/\/fitnfemale.com\/wp-content\/uploads\/flavourite-closeup-7.jpg 1376w, https:\/\/fitnfemale.com\/wp-content\/uploads\/flavourite-closeup-7-717x400.jpg 717w, https:\/\/fitnfemale.com\/wp-content\/uploads\/flavourite-closeup-7-768x429.jpg 768w, https:\/\/fitnfemale.com\/wp-content\/uploads\/flavourite-closeup-7-18x10.jpg 18w, https:\/\/fitnfemale.com\/wp-content\/uploads\/flavourite-closeup-7-1000x558.jpg 1000w\" sizes=\"(max-width: 1020px) 100vw, 1020px\" \/>\t\t\t\t\t\t\n\t\t\t\t\t<\/div>\n\t\t\t\t\t\t\t\t\n<style>\n#image_982425645 {\n  width: 100%;\n}\n<\/style>\n\t<\/div>","protected":false},"excerpt":{"rendered":"<h2>Di solito il sapore non \u00e8 qualcosa che si pu\u00f2 acquistare, ma con Flavourit \u00e8 diverso.<\/h2>\n<h4>Dai ai tuoi cibi e alle tue bevande il massimo del sapore con Flavourit!<\/h4>\n<ul>\n<li class=\"bullet-star\">Una polvere aromatica a basso contenuto calorico che esalta cibi e bevande.<\/li>\n<li class=\"bullet-star\">Perfetto per cagliata, caff\u00e8, farina d'avena, frullati, creazioni da forno e molto altro ancora.<\/li>\n<li class=\"bullet-star\">85% fibra pura e senza coloranti artificiali<\/li>\n<li class=\"bullet-star\">Solo 7 calorie, 0,12 g di carboidrati e nessun grasso per porzione<\/li>\n<li class=\"bullet-star\">Senza lattosio, senza glutine, senza grassi, a basso contenuto calorico, senza aspartame, a basso contenuto di carboidrati, senza zucchero<\/li>\n<li class=\"bullet-star\">Rendetelo vostro: trovate il vostro preferito e date sfogo alla vostra creativit\u00e0!<\/li>\n<\/ul>","protected":false},"featured_media":944056,"comment_status":"open","ping_status":"closed","template":"","meta":{"slim_seo":{"title":"Flavorite - Aroma in polvere preferito","description":"Favourite Flavour Powder di FitnFemale\u00ae \u00e8 un aroma in polvere ipocalorico. \u00c8 perfetto per arricchire e dolcificare vari piatti."}},"product_brand":[],"product_cat":[6363,6629,292,303],"product_tag":[],"class_list":{"0":"post-8097","1":"product","2":"type-product","3":"status-publish","4":"has-post-thumbnail","6":"product_cat-promo-40","7":"product_cat-basic","8":"product_cat-food","9":"product_cat-snack","10":"pa_anwendungsbereiche-gesundes-kochen-backen","11":"pa_marke-fitnfemale","12":"pa_misc-aspartamfree","13":"pa_misc-glutenfree","14":"pa_misc-lactosefree","15":"pa_misc-vegetarian","16":"pa_nutritionfactinfo-nofat","17":"pa_nutritionfactinfo-lowcalories","18":"pa_nutritionfactinfo-lowcarb","19":"pa_nutritionfactinfo-lowsugar","20":"pa_schwangerschaft-geeignet","21":"pa_stillzeit-geeignet","22":"pa_vegan-ja","24":"first","25":"instock","26":"taxable","27":"shipping-taxable","28":"purchasable","29":"product-type-variable","30":"has-default-attributes"},"bundled_by":[],"bundle_stock_status":"instock","bundle_stock_quantity":null,"bundle_virtual":false,"bundle_layout":"","bundle_add_to_cart_form_location":"","bundle_editable_in_cart":false,"bundle_sold_individually_context":"","bundle_item_grouping":"","bundle_min_size":"","bundle_max_size":"","bundle_price":[],"bundled_items":[],"bundle_sell_ids":[],"gallery_images":[954276,954275,954274,954273,954272,954279],"_links":{"self":[{"href":"https:\/\/fitnfemale.com\/it\/wp-json\/wp\/v2\/product\/8097","targetHints":{"allow":["GET"]}}],"collection":[{"href":"https:\/\/fitnfemale.com\/it\/wp-json\/wp\/v2\/product"}],"about":[{"href":"https:\/\/fitnfemale.com\/it\/wp-json\/wp\/v2\/types\/product"}],"replies":[{"embeddable":true,"href":"https:\/\/fitnfemale.com\/it\/wp-json\/wp\/v2\/comments?post=8097"}],"wp:featuredmedia":[{"embeddable":true,"href":"https:\/\/fitnfemale.com\/it\/wp-json\/wp\/v2\/media\/944056"}],"wp:attachment":[{"href":"https:\/\/fitnfemale.com\/it\/wp-json\/wp\/v2\/media?parent=8097"}],"wp:term":[{"taxonomy":"product_brand","embeddable":true,"href":"https:\/\/fitnfemale.com\/it\/wp-json\/wp\/v2\/product_brand?post=8097"},{"taxonomy":"product_cat","embeddable":true,"href":"https:\/\/fitnfemale.com\/it\/wp-json\/wp\/v2\/product_cat?post=8097"},{"taxonomy":"product_tag","embeddable":true,"href":"https:\/\/fitnfemale.com\/it\/wp-json\/wp\/v2\/product_tag?post=8097"}],"curies":[{"name":"parola chiave","href":"https:\/\/api.w.org\/{rel}","templated":true}]}}