{"id":763746,"date":"2023-07-25T13:03:26","date_gmt":"2023-07-25T12:03:26","guid":{"rendered":"https:\/\/fitnfemale.com\/?post_type=product&#038;p=763746"},"modified":"2026-04-09T13:12:30","modified_gmt":"2026-04-09T12:12:30","slug":"gainer-goddess","status":"publish","type":"product","link":"https:\/\/fitnfemale.com\/it\/prodotto\/gainer-goddess\/","title":{"rendered":"Gainer Goddess"},"content":{"rendered":"<div class=\"img has-hover img-details x md-x lg-x y md-y lg-y\" id=\"image_1248721952\">\n\t\t\t\t\t\t\t\t<div class=\"img-inner dark\" >\n\t\t\t<img decoding=\"async\" width=\"1020\" height=\"569\" src=\"https:\/\/fitnfemale.com\/wp-content\/uploads\/gainer-goddess-closeup12.webp\" class=\"attachment-large size-large\" alt=\"Primo piano della dea Gainer12\" srcset=\"https:\/\/fitnfemale.com\/wp-content\/uploads\/gainer-goddess-closeup12.webp 1376w, https:\/\/fitnfemale.com\/wp-content\/uploads\/gainer-goddess-closeup12-717x400.webp 717w, https:\/\/fitnfemale.com\/wp-content\/uploads\/gainer-goddess-closeup12-768x429.webp 768w, https:\/\/fitnfemale.com\/wp-content\/uploads\/gainer-goddess-closeup12-18x10.webp 18w, https:\/\/fitnfemale.com\/wp-content\/uploads\/gainer-goddess-closeup12-1000x558.webp 1000w\" sizes=\"(max-width: 1020px) 100vw, 1020px\" \/>\t\t\t\t\t\t\n\t\t\t\t\t<\/div>\n\t\t\t\t\t\t\t\t\n<style>\n#image_1248721952 {\n  width: 100%;\n}\n<\/style>\n\t<\/div>\n\t\n<ul>\n<li class=\"bullet-star\"><strong>Carboidrati per l'energia<\/strong>: Con maltodestrina, farina d&#039;avena, farina di quinoa, polvere di patate dolci e polvere di grasso di cocco per una fonte di energia sostenibile.<\/li>\n<li class=\"bullet-star translation-block\"><strong>Vitamine e minerali<\/strong>: Una miscela accuratamente selezionata per supportare il benessere generale.<\/li>\n<li class=\"bullet-star translation-block\"><strong>Ingredienti naturali<\/strong>: Contiene farina di semi di lino e lecitina di girasole per nutrienti aggiuntivi.<\/li>\n<li class=\"bullet-star translation-block\"><strong>Senza zucchero<\/strong>: Gusto piacevolmente dolce grazie alla stevia, senza zuccheri aggiunti.<\/li>\n<li class=\"bullet-star translation-block\"><strong>Creato per le dee<\/strong>: Progettato per rafforzare e promuovere l'autostima di ogni donna.<\/li>\n<\/ul>\n<p>Arricchito con ingredienti naturali come la farina d'avena, la farina di quiona e la polvere di patata dolce, Gainer Goddess offre una fonte di energia equilibrata e duratura. Le vitamine e i minerali aggiunti forniscono al corpo tutti i micronutrienti di cui ha bisogno.<\/p>\n<p>Con Gainer Goddess, abbiamo sviluppato un integratore alimentare per tutte le donne che mirano a un aumento di peso equilibrato.<\/p>\n<p>Gainer Goddess non \u00e8 una formula di aumento di peso ordinaria. Combina carboidrati e proteine di alta qualit\u00e0 per fornire al tuo corpo energia e nutrienti. La nostra formula unica contiene concentrato di proteine del siero di latte e proteine di pisello, oltre a maltodestrina, farina d'avena, farina di quinoa, polvere di patata dolce e polvere di grasso di cocco.<\/p>\n<p>Abbiamo aggiunto l'inulina, una fibra che aiuta a supportare una digestione normale.<\/p>\n<p>Ma non \u00e8 tutto. Arricchita con idrolizzato di collagene, la nostra formula contiene ingredienti tradizionalmente associati al supporto di pelle, capelli e unghie.<\/p>\n<p>La nostra miscela accuratamente selezionata di vitamine e minerali assicura all'organismo tutti i micronutrienti di cui ha bisogno per ottenere prestazioni e salute ottimali. Il tutto \u00e8 completato dalla stevia per un gusto piacevolmente dolce, senza zuccheri aggiunti.<\/p>\n<p>E naturalmente abbiamo pensato anche ai pi\u00f9 piccoli dettagli. Grazie alla lecitina di girasole che favorisce l'assorbimento dei nutrienti, Gainer Goddess \u00e8 molto pi\u00f9 di un semplice integratore di peso.<\/p>\n<p>Quindi, se state cercando di costruire la massa muscolare, di aumentare il peso forma o semplicemente di migliorare il vostro benessere, Gainer Goddess \u00e8 l'integratore che fa per voi. Perch\u00e9 voi siete una dea ed \u00e8 ora che vi sentiate come tale.<\/p>\n<div class=\"accordion\">\n\t<div id=\"accordion-4226975097\" class=\"accordion-item\">\n\t\t<a id=\"accordion-4226975097-label\" class=\"accordion-title plain\" href=\"#accordion-item-n\u00e4hrwerte\" aria-expanded=\"false\" aria-controls=\"accordion-4226975097-content\">\n\t\t\t<button class=\"toggle\" aria-label=\"Attiva\/Disattiva\"><i class=\"icon-angle-down\" aria-hidden=\"true\"><\/i><\/button>\n\t\t\t<span>Valori nutrizionali<\/span>\n\t\t<\/a>\n\t\t<div id=\"accordion-4226975097-content\" class=\"accordion-inner\" aria-labelledby=\"accordion-4226975097-label\">\n\t\t\t\n<table class=\"ffnf-clean-table\">\n<thead>\n<tr>\n<th>Valori nutrizionali<\/th>\n<th>100 grammi<\/th>\n<th>Porzione (50 g)<\/th>\n<\/tr>\n<\/thead>\n<tbody>\n<tr>\n<td>Energia<\/td>\n<td>1674 kJ \/ 396 kcal<\/td>\n<td>837 kJ \/ 198 kcal<\/td>\n<\/tr>\n<tr>\n<td>Grasso<br \/>- di cui acidi grassi saturi<\/td>\n<td>7,7 g<br \/>3,9 g<\/td>\n<td>3,8 g<br \/>2,0 g<\/td>\n<\/tr>\n<tr>\n<td class=\"translation-block\">Carboidrati<br>\u2013 di cui zuccheri<\/td>\n<td>50,9 g<br \/>3,2 grammi<\/td>\n<td>25,4 g<br \/>1,6 g<\/td>\n<\/tr>\n<tr>\n<td>Fibre alimentari<\/td>\n<td>3,0 g<\/td>\n<td>1,5 g<\/td>\n<\/tr>\n<tr>\n<td>Proteine<\/td>\n<td>29,4 grammi<\/td>\n<td>14,7 g<\/td>\n<\/tr>\n<tr>\n<td>Sale<\/td>\n<td>0,47 g<\/td>\n<td>0,24 g<\/td>\n<\/tr>\n<\/tbody>\n<\/table>\n\t\t<\/div>\n\t<\/div>\n\t\n\t<div id=\"accordion-379362844\" class=\"accordion-item\">\n\t\t<a id=\"accordion-379362844-label\" class=\"accordion-title plain\" href=\"#accordion-item-inhaltsstoffe\" aria-expanded=\"false\" aria-controls=\"accordion-379362844-content\">\n\t\t\t<button class=\"toggle\" aria-label=\"Attiva\/Disattiva\"><i class=\"icon-angle-down\" aria-hidden=\"true\"><\/i><\/button>\n\t\t\t<span>Ingredienti<\/span>\n\t\t<\/a>\n\t\t<div id=\"accordion-379362844-content\" class=\"accordion-inner\" aria-labelledby=\"accordion-379362844-label\">\n\t\t\t\n<table class=\"ffnf-clean-table\">\n<thead>\n<tr>\n<th>Ingredienti<\/th>\n<th>100 grammi<\/th>\n<th>Porzione (50 g)<\/th>\n<th>% VNR*<\/th>\n<\/tr>\n<\/thead>\n<tbody>\n<tr>\n<td>Vitamina A (retinolo)<\/td>\n<td>737,9 \u00b5g<\/td>\n<td>369,0 \u00b5g<\/td>\n<td>46 %<\/td>\n<\/tr>\n<tr>\n<td>Vitamina D (calciferolo)<\/td>\n<td>10,0 \u00b5g<\/td>\n<td>5,0 \u00b5g<\/td>\n<td>100 %<\/td>\n<\/tr>\n<tr>\n<td>Vitamina E (alfa-tocoferolo)<\/td>\n<td>11,2 mg<\/td>\n<td>5,6 mg<\/td>\n<td>47 %<\/td>\n<\/tr>\n<tr>\n<td>Vitamina K (fillochinone)<\/td>\n<td>51,3 \u00b5g<\/td>\n<td>25,6 \u00b5g<\/td>\n<td>34 %<\/td>\n<\/tr>\n<tr>\n<td>Vitamina B1 (tiamina)<\/td>\n<td>1,2 mg<\/td>\n<td>0,6 mg<\/td>\n<td>54 %<\/td>\n<\/tr>\n<tr>\n<td>Vitamina B2 (Riboflavina)<\/td>\n<td>1,4 mg<\/td>\n<td>0,7 mg<\/td>\n<td>49 %<\/td>\n<\/tr>\n<tr>\n<td>Vitamina B3 (niacina)<\/td>\n<td>14,8 mg<\/td>\n<td>7,4 mg<\/td>\n<td>46 %<\/td>\n<\/tr>\n<tr>\n<td>Vitamina B5 (acido pantotenico)<\/td>\n<td>5,8 mg<\/td>\n<td>2,9 mg<\/td>\n<td>48 %<\/td>\n<\/tr>\n<tr>\n<td>Vitamina B6 (piridossina)<\/td>\n<td>1,3 mg<\/td>\n<td>0,7 mg<\/td>\n<td>48 %<\/td>\n<\/tr>\n<tr>\n<td>Vitamina B7 (biotina)<\/td>\n<td>51,9 \u00b5g<\/td>\n<td>26,0 \u00b5g<\/td>\n<td>52 %<\/td>\n<\/tr>\n<tr>\n<td>Vitamina B9 (acido folico)<\/td>\n<td>213,2 \u00b5g<\/td>\n<td>106,6 \u00b5g<\/td>\n<td>53 %<\/td>\n<\/tr>\n<tr>\n<td>Vitamina B12 (cobalamina)<\/td>\n<td>4,2 \u00b5g<\/td>\n<td>2,1 \u00b5g<\/td>\n<td>84 %<\/td>\n<\/tr>\n<tr>\n<td>Vitamina C (acido ascorbico)<\/td>\n<td>80,0 mg<\/td>\n<td>40,0 mg<\/td>\n<td>50 %<\/td>\n<\/tr>\n<tr>\n<td>Calcio<\/td>\n<td>310,0 mg<\/td>\n<td>155,0 mg<\/td>\n<td>19 %<\/td>\n<\/tr>\n<tr>\n<td>magnesio<\/td>\n<td>148,7 mg<\/td>\n<td>74,3 mg<\/td>\n<td>20 %<\/td>\n<\/tr>\n<tr>\n<td>fosforo<\/td>\n<td>370,9 mg<\/td>\n<td>185,5 mg<\/td>\n<td>26 %<\/td>\n<\/tr>\n<tr>\n<td>Ferro<\/td>\n<td>13,4 mg<\/td>\n<td>6,7 mg<\/td>\n<td>48 %<\/td>\n<\/tr>\n<tr>\n<td>zinco<\/td>\n<td>8,9 mg<\/td>\n<td>4,4 mg<\/td>\n<td>44 %<\/td>\n<\/tr>\n<tr>\n<td>rame<\/td>\n<td>1,2 mg<\/td>\n<td>0,6 mg<\/td>\n<td>62 %<\/td>\n<\/tr>\n<tr>\n<td>manganese<\/td>\n<td>2,0 mg<\/td>\n<td>1,0 mg<\/td>\n<td>49 %<\/td>\n<\/tr>\n<tr>\n<td>iodio<\/td>\n<td>105,4 \u00b5g<\/td>\n<td>52,7 \u00b5g<\/td>\n<td>35 %<\/td>\n<\/tr>\n<tr>\n<td>cromo<\/td>\n<td>38,6 \u00b5g<\/td>\n<td>19,3 \u00b5g<\/td>\n<td>48 %<\/td>\n<\/tr>\n<tr>\n<td>selenio<\/td>\n<td>49,7 \u00b5g<\/td>\n<td>24,8 \u00b5g<\/td>\n<td>45 %<\/td>\n<\/tr>\n<tr>\n<td>Molydene<\/td>\n<td>41,5 \u00b5g<\/td>\n<td>20,7 \u00b5g<\/td>\n<td>41 %<\/td>\n<\/tr>\n<tr>\n<td>Concentrato di proteine del siero del latte<\/td>\n<td>10,0 g<\/td>\n<td>5,0 g<\/td>\n<td>\u2013<\/td>\n<\/tr>\n<tr>\n<td>proteine di pisello<\/td>\n<td>10,0 g<\/td>\n<td>5,0 g<\/td>\n<td>\u2013<\/td>\n<\/tr>\n<tr>\n<td>Idrolizzato di collagene (bovino)<\/td>\n<td>10,0 g<\/td>\n<td>5,0 g<\/td>\n<td>\u2013<\/td>\n<\/tr>\n<\/tbody>\n<\/table>\n\t\t<\/div>\n\t<\/div>\n\t\n<\/div>","protected":false},"excerpt":{"rendered":"<h2><strong>Scoprite la dea che \u00e8 in voi con Gainer Goddess.<\/strong><\/h2>\n<h4 class=\"translation-block\"><strong>Gainer Goddess<\/strong> \u00e8 la soluzione definitiva per un sano aumento di peso e per la bellezza interiore. Con proteine di alta qualit\u00e0, carboidrati e idrolizzato di collagene, questa formula appositamente formulata supporta sia la massa muscolare che la crescita di pelle, capelli e unghie.<\/h4>\n<ul>\n<li class=\"bullet-star translation-block\"><strong>Aumento di peso sano<\/strong>: Specificamente sviluppato per sostenere le donne che mirano a un aumento di peso equilibrato.<\/li>\n<li class=\"bullet-star translation-block\"><strong>Proteine di alta qualit\u00e0<\/strong>: Contiene concentrato di proteine del siero di latte e proteine di pisello, contribuendo a una dieta ricca di proteine.<\/li>\n<li class=\"bullet-star translation-block\"><strong>Beauty boost<\/strong>: Arricchito con idrolizzato di collagene, tradizionalmente associato al supporto della pelle, dei capelli e delle unghie.<\/li>\n<\/ul>","protected":false},"featured_media":952468,"comment_status":"open","ping_status":"closed","template":"","meta":{"slim_seo":{"title":"Gainer Goddess - FitNFemale\u00ae","description":"Scopri la dea che \u00e8 in te con Gainer Goddess. Gainer Goddess \u00e8 l&#039;integratore definitivo per un aumento di peso equilibrato e una bellezza interiore. Con un elevato"}},"product_brand":[],"product_cat":[6629,1047,401,6671],"product_tag":[6487,6486,6489],"class_list":{"0":"post-763746","1":"product","2":"type-product","3":"status-publish","4":"has-post-thumbnail","6":"product_cat-basic","7":"product_cat-fit-strong","8":"product_cat-health","9":"product_cat-topdeals","10":"product_tag-beauty","11":"product_tag-collagen","12":"product_tag-skin","13":"pa_anwendungsbereiche-gewichtszunahme","14":"pa_anwendungsbereiche-muskelversorgung","15":"pa_anwendungsbereiche-recovery","16":"pa_marke-fitnfemale","17":"pa_misc-aspartamfree","18":"pa_schwangerschaft-geeignet","19":"pa_stillzeit-geeignet","20":"pa_vegan-nein","22":"first","23":"instock","24":"taxable","25":"shipping-taxable","26":"purchasable","27":"product-type-variable","28":"has-default-attributes"},"bundled_by":["957236"],"bundle_stock_status":"instock","bundle_stock_quantity":null,"bundle_virtual":false,"bundle_layout":"","bundle_add_to_cart_form_location":"","bundle_editable_in_cart":false,"bundle_sold_individually_context":"","bundle_item_grouping":"","bundle_min_size":"","bundle_max_size":"","bundle_price":[],"bundled_items":[],"bundle_sell_ids":[],"gallery_images":[953685,953686,953688,953682,952469,953684,953687,953683,961247],"_links":{"self":[{"href":"https:\/\/fitnfemale.com\/it\/wp-json\/wp\/v2\/product\/763746","targetHints":{"allow":["GET"]}}],"collection":[{"href":"https:\/\/fitnfemale.com\/it\/wp-json\/wp\/v2\/product"}],"about":[{"href":"https:\/\/fitnfemale.com\/it\/wp-json\/wp\/v2\/types\/product"}],"replies":[{"embeddable":true,"href":"https:\/\/fitnfemale.com\/it\/wp-json\/wp\/v2\/comments?post=763746"}],"wp:featuredmedia":[{"embeddable":true,"href":"https:\/\/fitnfemale.com\/it\/wp-json\/wp\/v2\/media\/952468"}],"wp:attachment":[{"href":"https:\/\/fitnfemale.com\/it\/wp-json\/wp\/v2\/media?parent=763746"}],"wp:term":[{"taxonomy":"product_brand","embeddable":true,"href":"https:\/\/fitnfemale.com\/it\/wp-json\/wp\/v2\/product_brand?post=763746"},{"taxonomy":"product_cat","embeddable":true,"href":"https:\/\/fitnfemale.com\/it\/wp-json\/wp\/v2\/product_cat?post=763746"},{"taxonomy":"product_tag","embeddable":true,"href":"https:\/\/fitnfemale.com\/it\/wp-json\/wp\/v2\/product_tag?post=763746"}],"curies":[{"name":"parola chiave","href":"https:\/\/api.w.org\/{rel}","templated":true}]}}