{"id":729065,"date":"2023-03-27T10:38:05","date_gmt":"2023-03-27T09:38:05","guid":{"rendered":"https:\/\/fitnfemale.com\/?post_type=product&#038;p=729065"},"modified":"2026-04-19T18:14:29","modified_gmt":"2026-04-19T17:14:29","slug":"pink-burn-night-edition","status":"publish","type":"product","link":"https:\/\/fitnfemale.com\/it\/prodotto\/pink-burn-night-edition\/","title":{"rendered":"Pink Burn (3 in 1) Edizione Notte"},"content":{"rendered":"<div class=\"img has-hover img-details x md-x lg-x y md-y lg-y\" id=\"image_1946659897\">\n\t\t\t\t\t\t\t\t<div class=\"img-inner dark\" >\n\t\t\t<img decoding=\"async\" width=\"1020\" height=\"569\" src=\"https:\/\/fitnfemale.com\/wp-content\/uploads\/6798225716097839377.jpg\" class=\"attachment-large size-large\" alt=\"6798225716097839377\" srcset=\"https:\/\/fitnfemale.com\/wp-content\/uploads\/6798225716097839377.jpg 1376w, https:\/\/fitnfemale.com\/wp-content\/uploads\/6798225716097839377-717x400.jpg 717w, https:\/\/fitnfemale.com\/wp-content\/uploads\/6798225716097839377-768x429.jpg 768w, https:\/\/fitnfemale.com\/wp-content\/uploads\/6798225716097839377-18x10.jpg 18w, https:\/\/fitnfemale.com\/wp-content\/uploads\/6798225716097839377-1000x558.jpg 1000w\" sizes=\"(max-width: 1020px) 100vw, 1020px\" \/>\t\t\t\t\t\t\n\t\t\t\t\t<\/div>\n\t\t\t\t\t\t\t\t\n<style>\n#image_1946659897 {\n  width: 100%;\n}\n<\/style>\n\t<\/div>\n\t\n<ul>\n<li class=\"bullet-star\">Equilibrio elettrolitico per un sano equilibrio<\/li>\n<li class=\"bullet-star\">Protezione antiossidante: contiene L-glutatione, il pi\u00f9 potente antiossidante dell'organismo.<\/li>\n<li class=\"bullet-star\">Resa: 240 g per lattina = 20-40 porzioni (a seconda del dosaggio)<\/li>\n<li class=\"bullet-star\">Leggero e poco calorico: solo 20 calorie per porzione, senza grassi, zuccheri e carboidrati.<\/li>\n<\/ul>\n<div class=\"accordion\">\n\t<div id=\"accordion-3185397356\" class=\"accordion-item\">\n\t\t<a id=\"accordion-3185397356-label\" class=\"accordion-title plain\" href=\"#accordion-item-steigere-die-fettverbrennung\" aria-expanded=\"false\" aria-controls=\"accordion-3185397356-content\">\n\t\t\t<button class=\"toggle\" aria-label=\"Attiva\/Disattiva\"><i class=\"icon-angle-down\" aria-hidden=\"true\"><\/i><\/button>\n\t\t\t<span>Aumenta la combustione dei grassi<\/span>\n\t\t<\/a>\n\t\t<div id=\"accordion-3185397356-content\" class=\"accordion-inner\" aria-labelledby=\"accordion-3185397356-label\">\n\t\t\t\n\t<div class=\"img has-hover x md-x lg-x y md-y lg-y\" id=\"image_206020236\">\n\t\t\t\t\t\t\t\t<div class=\"img-inner dark\" >\n\t\t\t<img decoding=\"async\" width=\"1020\" height=\"569\" src=\"https:\/\/fitnfemale.com\/wp-content\/uploads\/pinkburn-night-closeup2.webp\" class=\"attachment-large size-large\" alt=\"Primo piano notturno di Pinkburn 2\" srcset=\"https:\/\/fitnfemale.com\/wp-content\/uploads\/pinkburn-night-closeup2.webp 1376w, https:\/\/fitnfemale.com\/wp-content\/uploads\/pinkburn-night-closeup2-717x400.webp 717w, https:\/\/fitnfemale.com\/wp-content\/uploads\/pinkburn-night-closeup2-768x429.webp 768w, https:\/\/fitnfemale.com\/wp-content\/uploads\/pinkburn-night-closeup2-18x10.webp 18w, https:\/\/fitnfemale.com\/wp-content\/uploads\/pinkburn-night-closeup2-1000x558.webp 1000w\" sizes=\"(max-width: 1020px) 100vw, 1020px\" \/>\t\t\t\t\t\t\n\t\t\t\t\t<\/div>\n\t\t\t\t\t\t\t\t\n<style>\n#image_206020236 {\n  width: 100%;\n}\n<\/style>\n\t<\/div>\n\t\n<p>Ingredienti come l'estratto di arancia amara possono sostenere il metabolismo e favorire la combustione dei grassi. Pu\u00f2 influenzare l'ormone adiponectina, coinvolto nella regolazione della percentuale di grasso corporeo.<\/p>\n\t\t<\/div>\n\t<\/div>\n\t\n\t<div id=\"accordion-189086464\" class=\"accordion-item\">\n\t\t<a id=\"accordion-189086464-label\" class=\"accordion-title plain\" href=\"#accordion-item-intensiviert-dein-training\" aria-expanded=\"false\" aria-controls=\"accordion-189086464-content\">\n\t\t\t<button class=\"toggle\" aria-label=\"Attiva\/Disattiva\"><i class=\"icon-angle-down\" aria-hidden=\"true\"><\/i><\/button>\n\t\t\t<span>Intensifica l'allenamento<\/span>\n\t\t<\/a>\n\t\t<div id=\"accordion-189086464-content\" class=\"accordion-inner\" aria-labelledby=\"accordion-189086464-label\">\n\t\t\t\n<p>Beta-alanina, L-arginina e L-citrullina danno energia e concentrazione per completare l'allenamento ad alto livello. Questo pu\u00f2 anche avere un effetto positivo sul consumo di calorie e sulla costruzione muscolare.<\/p>\n\t\t<\/div>\n\t<\/div>\n\t\n\t<div id=\"accordion-2444520307\" class=\"accordion-item\">\n\t\t<a id=\"accordion-2444520307-label\" class=\"accordion-title plain\" href=\"#accordion-item-mit-glucomannan-als-idealer-sattmacher\" aria-expanded=\"false\" aria-controls=\"accordion-2444520307-content\">\n\t\t\t<button class=\"toggle\" aria-label=\"Attiva\/Disattiva\"><i class=\"icon-angle-down\" aria-hidden=\"true\"><\/i><\/button>\n\t\t\t<span>Con il glucomannano come riempitivo ideale<\/span>\n\t\t<\/a>\n\t\t<div id=\"accordion-2444520307-content\" class=\"accordion-inner\" aria-labelledby=\"accordion-2444520307-label\">\n\t\t\t\n\t<div class=\"img has-hover x md-x lg-x y md-y lg-y\" id=\"image_1404874932\">\n\t\t\t\t<div data-parallax-fade=\"true\" data-parallax=\"1\">\t\t\t\t<div class=\"img-inner dark\" >\n\t\t\t<img decoding=\"async\" width=\"1020\" height=\"583\" src=\"https:\/\/fitnfemale.com\/wp-content\/uploads\/gluccomanan-sattmacher-konjak-pflanze.jpg\" class=\"attachment-large size-large\" alt=\"La pianta di konjac produce il glucomannano, un agente saziante.\" srcset=\"https:\/\/fitnfemale.com\/wp-content\/uploads\/gluccomanan-sattmacher-konjak-pflanze.jpg 1344w, https:\/\/fitnfemale.com\/wp-content\/uploads\/gluccomanan-sattmacher-konjak-pflanze-700x400.jpg 700w, https:\/\/fitnfemale.com\/wp-content\/uploads\/gluccomanan-sattmacher-konjak-pflanze-768x439.jpg 768w, https:\/\/fitnfemale.com\/wp-content\/uploads\/gluccomanan-sattmacher-konjak-pflanze-18x10.jpg 18w, https:\/\/fitnfemale.com\/wp-content\/uploads\/gluccomanan-sattmacher-konjak-pflanze-1000x571.jpg 1000w\" sizes=\"(max-width: 1020px) 100vw, 1020px\" \/>\t\t\t\t\t\t\n\t\t\t\t\t<\/div>\n\t\t\t\t<\/div>\t\t\t\t\n<style>\n#image_1404874932 {\n  width: 100%;\n}\n<\/style>\n\t<\/div>\n\t\n<div class=\"is-divider divider clearfix\" ><\/div>\n<p>Grazie alla sua enorme capacit\u00e0 di legare l'acqua, il glucomannano si gonfia nel tratto gastrointestinale e pu\u00f2 quindi innescare pi\u00f9 rapidamente il senso di saziet\u00e0. Inoltre, pu\u00f2 legare i grassi in modo che l'organismo non li utilizzi a fini energetici, ma li espella inutilizzati. Il glucomannano pu\u00f2 quindi favorire la perdita di peso.<\/p>\n\t\t<\/div>\n\t<\/div>\n\t\n\t<div id=\"accordion-1802599380\" class=\"accordion-item\">\n\t\t<a id=\"accordion-1802599380-label\" class=\"accordion-title plain\" href=\"#accordion-item-l-glutathion-(gsh)-als-kraftvoller-zellschutz\" aria-expanded=\"false\" aria-controls=\"accordion-1802599380-content\">\n\t\t\t<button class=\"toggle\" aria-label=\"Attiva\/Disattiva\"><i class=\"icon-angle-down\" aria-hidden=\"true\"><\/i><\/button>\n\t\t\t<span>L-glutatione (GSH) come potente protezione cellulare<\/span>\n\t\t<\/a>\n\t\t<div id=\"accordion-1802599380-content\" class=\"accordion-inner\" aria-labelledby=\"accordion-1802599380-label\">\n\t\t\t\n<p>\u00c8 uno degli antiossidanti pi\u00f9 importanti e potenti del nostro organismo. Protegge le cellule dallo stress ossidativo e dai danni cellulari e aiuta i mitocondri a produrre energia sufficiente.<\/p>\n\t\t<\/div>\n\t<\/div>\n\t\n\t<div id=\"accordion-1848201229\" class=\"accordion-item\">\n\t\t<a id=\"accordion-1848201229-label\" class=\"accordion-title plain\" href=\"#accordion-item-n\u00e4hrwerte\" aria-expanded=\"false\" aria-controls=\"accordion-1848201229-content\">\n\t\t\t<button class=\"toggle\" aria-label=\"Attiva\/Disattiva\"><i class=\"icon-angle-down\" aria-hidden=\"true\"><\/i><\/button>\n\t\t\t<span>Valori nutrizionali<\/span>\n\t\t<\/a>\n\t\t<div id=\"accordion-1848201229-content\" class=\"accordion-inner\" aria-labelledby=\"accordion-1848201229-label\">\n\t\t\t\n<table class=\"ffnf-clean-table\">\n<thead>\n<tr>\n<th>Valori nutrizionali<\/th>\n<th>100 grammi<\/th>\n<th>Porzione (12 g)<\/th>\n<\/tr>\n<\/thead>\n<tbody>\n<tr>\n<td>Energia<\/td>\n<td>810 kJ \/ 193,3 kcal<\/td>\n<td>97,2 kJ \/ 23,2 kcal<\/td>\n<\/tr>\n<tr>\n<td>Grasso<br \/>- di cui acidi grassi saturi<\/td>\n<td>0 grammi<br \/>0 grammi<\/td>\n<td>0 grammi<br \/>0 grammi<\/td>\n<\/tr>\n<tr>\n<td class=\"translation-block\">Carboidrati<br>\u2013 di cui zuccheri<\/td>\n<td>6,67 g<br \/>0,4 g<\/td>\n<td>0,8 g<br \/>0,05 g<\/td>\n<\/tr>\n<tr>\n<td>Fibre alimentari<\/td>\n<td>0 grammi<\/td>\n<td>0 grammi<\/td>\n<\/tr>\n<tr>\n<td>Proteine<\/td>\n<td>41,67 g<\/td>\n<td>5,0 g<\/td>\n<\/tr>\n<tr>\n<td>Sale<\/td>\n<td>0 grammi<\/td>\n<td>0 grammi<\/td>\n<\/tr>\n<\/tbody>\n<\/table>\n\t\t<\/div>\n\t<\/div>\n\t\n\t<div id=\"accordion-3914308982\" class=\"accordion-item\">\n\t\t<a id=\"accordion-3914308982-label\" class=\"accordion-title plain\" href=\"#accordion-item-inhaltsstoffe\" aria-expanded=\"false\" aria-controls=\"accordion-3914308982-content\">\n\t\t\t<button class=\"toggle\" aria-label=\"Attiva\/Disattiva\"><i class=\"icon-angle-down\" aria-hidden=\"true\"><\/i><\/button>\n\t\t\t<span>Ingredienti<\/span>\n\t\t<\/a>\n\t\t<div id=\"accordion-3914308982-content\" class=\"accordion-inner\" aria-labelledby=\"accordion-3914308982-label\">\n\t\t\t\n<table class=\"ffnf-clean-table\">\n<thead>\n<tr>\n<th>Ingredienti<\/th>\n<th>Porzione (12 g)<\/th>\n<th>% VNR*<\/th>\n<\/tr>\n<\/thead>\n<tbody>\n<tr>\n<td>Beta-alanina<\/td>\n<td>2,5 g<\/td>\n<td>\u2013<\/td>\n<\/tr>\n<tr>\n<td>L-Arginina<\/td>\n<td>2 grammi<\/td>\n<td>\u2013<\/td>\n<\/tr>\n<tr>\n<td>L-citrullina<\/td>\n<td>250 mg<\/td>\n<td>\u2013<\/td>\n<\/tr>\n<tr>\n<td>Glucomannano<\/td>\n<td>300 mg<\/td>\n<td>\u2013<\/td>\n<\/tr>\n<tr>\n<td>L-triptofano<\/td>\n<td>250 mg<\/td>\n<td>\u2013<\/td>\n<\/tr>\n<tr>\n<td>Estratto di arancia amara<\/td>\n<td>150 mg<\/td>\n<td>\u2013<\/td>\n<\/tr>\n<tr>\n<td>Acido alfa-lipoico<\/td>\n<td>50 mg<\/td>\n<td>\u2013<\/td>\n<\/tr>\n<tr>\n<td>L-glutatione<\/td>\n<td>50 mg<\/td>\n<td>\u2013<\/td>\n<\/tr>\n<tr>\n<td>Vitamina B1<\/td>\n<td>2,2 mg<\/td>\n<td>200 %<\/td>\n<\/tr>\n<tr>\n<td>Vitamina B2<\/td>\n<td>2,8 mg<\/td>\n<td>200 %<\/td>\n<\/tr>\n<tr>\n<td>niacina<\/td>\n<td>32 mg<\/td>\n<td>200 %<\/td>\n<\/tr>\n<tr>\n<td>Acido pantotenico (B5)<\/td>\n<td>12 mg<\/td>\n<td>200 %<\/td>\n<\/tr>\n<tr>\n<td>Vitamina B6<\/td>\n<td>2,8 mg<\/td>\n<td>200 %<\/td>\n<\/tr>\n<tr>\n<td>Biotina<\/td>\n<td>100 \u00b5g<\/td>\n<td>200 %<\/td>\n<\/tr>\n<tr>\n<td>Acido folico<\/td>\n<td>400 \u00b5g<\/td>\n<td>200 %<\/td>\n<\/tr>\n<tr>\n<td>Vitamina B12<\/td>\n<td>5 \u00b5g<\/td>\n<td>200 %<\/td>\n<\/tr>\n<tr>\n<td>Calcio<\/td>\n<td>400 mg<\/td>\n<td>50 %<\/td>\n<\/tr>\n<tr>\n<td>magnesio<\/td>\n<td>187,5 mg<\/td>\n<td>50 %<\/td>\n<\/tr>\n<tr>\n<td>fosforo<\/td>\n<td>210 mg<\/td>\n<td>30 %<\/td>\n<\/tr>\n<tr>\n<td>sodio<\/td>\n<td>300 mg<\/td>\n<td>\u2013<\/td>\n<\/tr>\n<tr>\n<td>potassio<\/td>\n<td>300 mg<\/td>\n<td>15 %<\/td>\n<\/tr>\n<tr>\n<td>cloruro<\/td>\n<td>120 mg<\/td>\n<td>15 %<\/td>\n<\/tr>\n<\/tbody>\n<\/table>\n\t\t<\/div>\n\t<\/div>\n\t\n<\/div>","protected":false},"excerpt":{"rendered":"<h2>Niente pi\u00f9 scuse! Raggiungete i vostri obiettivi nonostante la giornata intensa con Pink Burn (3 in 1) Night Edition.<\/h2>\n<h4>Scoprite il supporto perfetto per il vostro allenamento tardivo, senza disturbi del sonno!<\/h4>\n<ul>\n<li class=\"bullet-star\">Il trio magico: brucia-grassi, stimola l'allenamento e controlla l'appetito in un'unica deliziosa bevanda<\/li>\n<li class=\"bullet-star\">Rimanere sazi pi\u00f9 a lungo e dire addio alle voglie: 3 g di glucomannano per porzione per una sensazione di saziet\u00e0 che dura a lungo.<\/li>\n<li class=\"bullet-star\">Turbo brucia grassi: pu\u00f2 aumentare il metabolismo e intensificare l'allenamento<\/li>\n<li class=\"bullet-star\">Adatto al sonno: senza caffeina, ideale per l'allenamento serale!<\/li>\n<li class=\"bullet-star\">Effetto rapido: si nota solo 20 minuti dopo l'ingestione!<\/li>\n<\/ul>\n<p>Con il glucomannano, il vostro corpo avr\u00e0 l'energia necessaria per l'allenamento, sosterr\u00e0 il metabolismo e ridurr\u00e0 la sensazione di fame.<\/p>\n<p>Pink Burn Night Edition \u00e8 il compagno perfetto per gli allenamenti notturni, senza il tipico effetto sveglia che pu\u00f2 disturbare il sonno.<\/p>","protected":false},"featured_media":971651,"comment_status":"open","ping_status":"closed","template":"","meta":{"slim_seo":{"title":"Pink Burn (3 in 1) Edizione Notte - FitNFemale\u00ae","description":"Niente pi\u00f9 scuse! Raggiungi i tuoi obiettivi anche dopo una giornata impegnativa con Pink Burn (3 in 1) Night Edition. Scopri il supporto perfetto per il tuo allenamento notturno."}},"product_brand":[],"product_cat":[6364,317,1052,6671],"product_tag":[],"class_list":{"0":"post-729065","1":"product","2":"type-product","3":"status-publish","4":"has-post-thumbnail","6":"product_cat-promo-30","7":"product_cat-abnehmen","8":"product_cat-fatburner","9":"product_cat-topdeals","10":"pa_anwendungsbereiche-energy","11":"pa_anwendungsbereiche-leanmuscle","12":"pa_anwendungsbereiche-focus","13":"pa_anwendungsbereiche-for-your-workout","14":"pa_anwendungsbereiche-weightloss","15":"pa_anwendungsbereiche-shaping","16":"pa_marke-fitnfemale","17":"pa_misc-aspartamfree","18":"pa_misc-glutenfree","19":"pa_misc-lactosefree","20":"pa_nutritionfactinfo-nofat","21":"pa_nutritionfactinfo-nocarbs","22":"pa_nutritionfactinfo-lowcalories","23":"pa_nutritionfactinfo-lowsugar","24":"pa_schwangerschaft-nicht-geeignet","25":"pa_stillzeit-nicht-geeignet","26":"pa_vegan-ja","28":"first","29":"instock","30":"featured","31":"taxable","32":"shipping-taxable","33":"purchasable","34":"product-type-variable","35":"has-default-attributes"},"bundled_by":["738020","957225"],"bundle_stock_status":"instock","bundle_stock_quantity":null,"bundle_virtual":false,"bundle_layout":"","bundle_add_to_cart_form_location":"","bundle_editable_in_cart":false,"bundle_sold_individually_context":"","bundle_item_grouping":"","bundle_min_size":"","bundle_max_size":"","bundle_price":[],"bundled_items":[],"bundle_sell_ids":[],"gallery_images":[953699,953703,953698,953704,953701,953706,953702,909720],"_links":{"self":[{"href":"https:\/\/fitnfemale.com\/it\/wp-json\/wp\/v2\/product\/729065","targetHints":{"allow":["GET"]}}],"collection":[{"href":"https:\/\/fitnfemale.com\/it\/wp-json\/wp\/v2\/product"}],"about":[{"href":"https:\/\/fitnfemale.com\/it\/wp-json\/wp\/v2\/types\/product"}],"replies":[{"embeddable":true,"href":"https:\/\/fitnfemale.com\/it\/wp-json\/wp\/v2\/comments?post=729065"}],"wp:featuredmedia":[{"embeddable":true,"href":"https:\/\/fitnfemale.com\/it\/wp-json\/wp\/v2\/media\/971651"}],"wp:attachment":[{"href":"https:\/\/fitnfemale.com\/it\/wp-json\/wp\/v2\/media?parent=729065"}],"wp:term":[{"taxonomy":"product_brand","embeddable":true,"href":"https:\/\/fitnfemale.com\/it\/wp-json\/wp\/v2\/product_brand?post=729065"},{"taxonomy":"product_cat","embeddable":true,"href":"https:\/\/fitnfemale.com\/it\/wp-json\/wp\/v2\/product_cat?post=729065"},{"taxonomy":"product_tag","embeddable":true,"href":"https:\/\/fitnfemale.com\/it\/wp-json\/wp\/v2\/product_tag?post=729065"}],"curies":[{"name":"parola chiave","href":"https:\/\/api.w.org\/{rel}","templated":true}]}}