{"id":70981,"date":"2018-11-01T20:59:41","date_gmt":"2018-11-01T19:59:41","guid":{"rendered":"https:\/\/fitnfemale.com\/?post_type=product&#038;p=70981"},"modified":"2026-04-10T16:01:40","modified_gmt":"2026-04-10T15:01:40","slug":"slim-sweets","status":"publish","type":"product","link":"https:\/\/fitnfemale.com\/it\/prodotto\/slim-sweets\/","title":{"rendered":"Slim Sweets \u2013 controllo dell&#039;appetito"},"content":{"rendered":"<h4 class=\"uppercase\">Aiuto certificato per la perdita di peso nella tua vita quotidiana<\/h4>\n<p style=\"padding: 0 0 10px 0;\">L&#039;EFSA (Autorit\u00e0 europea per la sicurezza alimentare) ha condotto uno studio scientifico approfondito sul glucomannano e lo ha riconosciuto come un integratore alimentare benefico. In combinazione con uno stile di vita sano e una dieta varia, il glucomannano ha dimostrato di contribuire alla riduzione del peso corporeo. La fibra alimentare glucomannano pu\u00f2 quindi avere effetti particolarmente positivi sulle persone in sovrappeso.<\/p>\n<ul>\n<li class=\"bullet-star\">Il glucomannano \u00e8 una vera e propria arma segreta contro la voglia di cibo.<\/li>\n<li class=\"bullet-star\">Il glucomannano \u00e8 l&#039;agente saziante ideale.<\/li>\n<li class=\"bullet-star\">Novit\u00e0 con il picolinato di cromo: il picolinato di cromo svolge un ruolo importante nella regolazione dei livelli di zucchero nel sangue.<br \/>\ne contribuisce al normale metabolismo.<\/li>\n<li class=\"bullet-star\">Per una sensazione di saziet\u00e0 pi\u00f9 duratura<\/li>\n<li class=\"bullet-star\">Contribuisce a stabilizzare i livelli di zucchero nel sangue<\/li>\n<li class=\"bullet-star\">Influenza positiva sui livelli di lipidi nel sangue<\/li>\n<li class=\"bullet-star\">Il glucomannano favorisce la perdita di peso<\/li>\n<li class=\"bullet-star\">Efficacia confermata dal Regolamento UE 432\/2012<\/li>\n<li class=\"bullet-star\">Delizioso sapore di fragola<\/li>\n<\/ul>\n<div class=\"accordion\">\n\t<div id=\"accordion-1592158538\" class=\"accordion-item\">\n\t\t<a id=\"accordion-1592158538-label\" class=\"accordion-title plain\" href=\"#accordion-item-n\u00e4hrwerte-und-inhaltsstoffe\" aria-expanded=\"false\" aria-controls=\"accordion-1592158538-content\">\n\t\t\t<button class=\"toggle\" aria-label=\"Attiva\/Disattiva\"><i class=\"icon-angle-down\" aria-hidden=\"true\"><\/i><\/button>\n\t\t\t<span>Valori nutrizionali e ingredienti<\/span>\n\t\t<\/a>\n\t\t<div id=\"accordion-1592158538-content\" class=\"accordion-inner\" aria-labelledby=\"accordion-1592158538-label\">\n\t\t\t\n<div class=\"row\"  id=\"row-182178636\">\n\n\t<div id=\"col-458407647\" class=\"col small-12 large-12\"  >\n\t\t\t\t<div class=\"col-inner text-center\"  >\n\t\t\t\n\t\t\t\n\t<div class=\"img has-hover x md-x lg-x y md-y lg-y\" id=\"image_983664442\">\n\t\t\t\t\t\t\t\t<div class=\"img-inner dark\" >\n\t\t\t<img decoding=\"async\" width=\"1\" height=\"1\" src=\"https:\/\/fitnfemale.com\/wp-content\/uploads\/slim-sweets-facts2.svg\" class=\"attachment-large size-large\" alt=\"Fatti sui dolci sottili2\" \/>\t\t\t\t\t\t\n\t\t\t\t\t<\/div>\n\t\t\t\t\t\t\t\t\n<style>\n#image_983664442 {\n  width: 100%;\n}\n@media (min-width:550px) {\n  #image_983664442 {\n    width: 100%;\n  }\n}\n<\/style>\n\t<\/div>\n\t\n\t\t<\/div>\n\t\t\t\t\t<\/div>\n\n\t\n\n<style>\n#row-182178636 > .col > .col-inner {\n  background-color: rgb(240, 75, 139);\n}\n<\/style>\n<\/div>\n\t\t<\/div>\n\t<\/div>\n\t\n\t<div id=\"accordion-1703234772\" class=\"accordion-item\">\n\t\t<a id=\"accordion-1703234772-label\" class=\"accordion-title plain\" href=\"#accordion-item-was-ist-glucomannan?\" aria-expanded=\"false\" aria-controls=\"accordion-1703234772-content\">\n\t\t\t<button class=\"toggle\" aria-label=\"Attiva\/Disattiva\"><i class=\"icon-angle-down\" aria-hidden=\"true\"><\/i><\/button>\n\t\t\t<span>Che cos'\u00e8 il glucomannano?<\/span>\n\t\t<\/a>\n\t\t<div id=\"accordion-1703234772-content\" class=\"accordion-inner\" aria-labelledby=\"accordion-1703234772-label\">\n\t\t\t\n<p>Il glucomannano \u00e8 una sostanza estratta dalla radice di konjac, nota anche come lingua del diavolo. Chimicamente, il glucomannano \u00e8 una sostanza simile all&#039;amido, composta da catene di carboidrati complessi.<\/p>\n<p>Una propriet\u00e0 speciale del glucomannano \u00e8 la sua elevatissima capacit\u00e0 di legare l&#039;acqua: questa fibra alimentare pu\u00f2 legare fino a cinquanta volte il suo peso in acqua. Dal 2010, il glucomannano pu\u00f2 essere ufficialmente pubblicizzato come prodotto dimagrante ai sensi del Regolamento EFSA sulle indicazioni nutrizionali per la salute.<\/p>\n\t\t<\/div>\n\t<\/div>\n\t\n\t<div id=\"accordion-960793073\" class=\"accordion-item\">\n\t\t<a id=\"accordion-960793073-label\" class=\"accordion-title plain\" href=\"#accordion-item-glucomannan-als-idealer-sattmacher\" aria-expanded=\"false\" aria-controls=\"accordion-960793073-content\">\n\t\t\t<button class=\"toggle\" aria-label=\"Attiva\/Disattiva\"><i class=\"icon-angle-down\" aria-hidden=\"true\"><\/i><\/button>\n\t\t\t<span>Il glucomannano come saziet\u00e0 ideale<\/span>\n\t\t<\/a>\n\t\t<div id=\"accordion-960793073-content\" class=\"accordion-inner\" aria-labelledby=\"accordion-960793073-label\">\n\t\t\t\n<p>L&#039;enorme capacit\u00e0 del glucomannano di legare l&#039;acqua ne provoca il rigonfiamento nel tratto gastrointestinale dopo l&#039;ingestione. La fibra assorbe l&#039;acqua e si trasforma in una massa gelatinosa che pu\u00f2 facilmente aumentare di volume di dieci volte. Questo aumento di volume e la conseguente consistenza della massa portano a una sensazione di saziet\u00e0 significativamente pi\u00f9 rapida, con conseguente riduzione considerevole della quantit\u00e0 di cibo consumata. Inoltre, questa sensazione di saziet\u00e0 dura pi\u00f9 a lungo.<\/p>\n\t\t<\/div>\n\t<\/div>\n\t\n\t<div id=\"accordion-807353487\" class=\"accordion-item\">\n\t\t<a id=\"accordion-807353487-label\" class=\"accordion-title plain\" href=\"#accordion-item-hei\u00dfhungerattacken-sind-pass\u00e9\" aria-expanded=\"false\" aria-controls=\"accordion-807353487-content\">\n\t\t\t<button class=\"toggle\" aria-label=\"Attiva\/Disattiva\"><i class=\"icon-angle-down\" aria-hidden=\"true\"><\/i><\/button>\n\t\t\t<span>Le voglie appartengono al passato.<\/span>\n\t\t<\/a>\n\t\t<div id=\"accordion-807353487-content\" class=\"accordion-inner\" aria-labelledby=\"accordion-807353487-label\">\n\t\t\t\n<p>Gli effetti del glucomannano non si limitano al livello fisico; agisce anche a livello biochimico. Gli scienziati dell&#039;Universit\u00e0 thailandese di Mahidol hanno scoperto che il glucomannano influenza il rilascio dell&#039;ormone grelina. E questo ormone svolge un ruolo cruciale nel meccanismo di saziet\u00e0. Pi\u00f9 basso \u00e8 il livello di grelina, minore \u00e8 l&#039;appetito. Poich\u00e9 l&#039;assunzione di glucomannano riduce i livelli di grelina nel sangue, \u00e8 una vera e propria arma segreta contro la voglia di mangiare.<\/p>\n\t\t<\/div>\n\t<\/div>\n\t\n\t<div id=\"accordion-719977224\" class=\"accordion-item\">\n\t\t<a id=\"accordion-719977224-label\" class=\"accordion-title plain\" href=\"#accordion-item-positiver-einfluss-auf-blutfettwerte\" aria-expanded=\"false\" aria-controls=\"accordion-719977224-content\">\n\t\t\t<button class=\"toggle\" aria-label=\"Attiva\/Disattiva\"><i class=\"icon-angle-down\" aria-hidden=\"true\"><\/i><\/button>\n\t\t\t<span>Influenza positiva sui livelli di lipidi nel sangue<\/span>\n\t\t<\/a>\n\t\t<div id=\"accordion-719977224-content\" class=\"accordion-inner\" aria-labelledby=\"accordion-719977224-label\">\n\t\t\t\n<p>Ma non \u00e8 tutto, perch\u00e9 questa fibra alimentare pu\u00f2 legare non solo l&#039;acqua, ma anche i grassi nel tratto gastrointestinale. Proprio come una spugna, la fibra assorbe e lega alcuni dei grassi alimentari. Questo impedisce che vengano assorbiti attraverso la mucosa intestinale, quindi l&#039;organismo non utilizza i grassi per produrre energia, ma li espelle inutilizzati nelle feci. Riducendo in questo modo l&#039;assorbimento calorico, il glucomannano favorisce ulteriormente la perdita di peso.<\/p>\n\t\t<\/div>\n\t<\/div>\n\t\n\t<div id=\"accordion-3895228414\" class=\"accordion-item\">\n\t\t<a id=\"accordion-3895228414-label\" class=\"accordion-title plain\" href=\"#accordion-item-glucomannan-tr\u00e4gt-zur-stabilisierung-des-blutzuckers-bei\" aria-expanded=\"false\" aria-controls=\"accordion-3895228414-content\">\n\t\t\t<button class=\"toggle\" aria-label=\"Attiva\/Disattiva\"><i class=\"icon-angle-down\" aria-hidden=\"true\"><\/i><\/button>\n\t\t\t<span>Il glucomannano contribuisce alla stabilizzazione della glicemia.<\/span>\n\t\t<\/a>\n\t\t<div id=\"accordion-3895228414-content\" class=\"accordion-inner\" aria-labelledby=\"accordion-3895228414-label\">\n\t\t\t\n<p>La fibra contenuta nel glucomannano non solo fornisce una sensazione di saziet\u00e0 duratura, ma aiuta anche a mantenere stabili i livelli di zucchero nel sangue. Il segreto della farina di konjac risiede nel fatto che, grazie alle sue catene di carboidrati complessi, gli zuccheri della nostra dieta vengono assorbiti lentamente nel flusso sanguigno. Pertanto, il suo consumo non solo previene lo sviluppo di insulino-resistenza, ma riduce anche il rischio di diabete di tipo 2 attraverso questo meccanismo.<\/p>\n\t\t<\/div>\n\t<\/div>\n\t\n<\/div>","protected":false},"excerpt":{"rendered":"<h2>Perch\u00e9 perdere peso non pu\u00f2 essere delizioso? Caramelle masticabili con glucomannano per ridurre l&#039;appetito e prevenire gli attacchi di fame.<\/h2>\n<h4>Gli Slim Sweets sono caramelle gommose con glucomannano che riducono l'appetito e prevengono le voglie. Le fibre alimentari del glucomannano garantiscono una sensazione di saziet\u00e0 duratura. Il delizioso sapore di fragola delle caramelle gommose completa il prodotto.<\/h4>","protected":false},"featured_media":633440,"comment_status":"open","ping_status":"closed","template":"","meta":{"slim_seo":{"title":"Slim Sweets - Controllo dell&#039;appetito - FitNFemale\u00ae","description":"Perch\u00e9 perdere peso non pu\u00f2 essere delizioso? Caramelle masticabili con glucomannano per ridurre l&#039;appetito e prevenire gli attacchi di fame. Le Slim Sweets sono masticabili."}},"product_brand":[],"product_cat":[6364,317],"product_tag":[],"class_list":{"0":"post-70981","1":"product","2":"type-product","3":"status-publish","4":"has-post-thumbnail","6":"product_cat-promo-30","7":"product_cat-abnehmen","8":"pa_anwendungsbereiche-appetit-control","9":"pa_anwendungsbereiche-weightloss","10":"pa_anwendungsbereiche-shaping","11":"pa_marke-fitnfemale","12":"pa_misc-aspartamfree","13":"pa_misc-glutenfree","14":"pa_misc-lactosefree","15":"pa_misc-vegetarian","16":"pa_nutritionfactinfo-high-fiber","17":"pa_nutritionfactinfo-highcarb","18":"pa_nutritionfactinfo-lowcalories","19":"pa_nutritionfactinfo-nosugar","20":"pa_schwangerschaft-nicht-geeignet","21":"pa_stillzeit-nicht-geeignet","22":"pa_vegan-ja","24":"first","25":"outofstock","26":"featured","27":"taxable","28":"shipping-taxable","29":"purchasable","30":"product-type-simple"},"bundled_by":["89922"],"bundle_stock_status":"outofstock","bundle_stock_quantity":0,"bundle_virtual":false,"bundle_layout":"","bundle_add_to_cart_form_location":"","bundle_editable_in_cart":false,"bundle_sold_individually_context":"","bundle_item_grouping":"","bundle_min_size":"","bundle_max_size":"","bundle_price":[],"bundled_items":[],"bundle_sell_ids":[],"gallery_images":[615063,621992,621991],"_links":{"self":[{"href":"https:\/\/fitnfemale.com\/it\/wp-json\/wp\/v2\/product\/70981","targetHints":{"allow":["GET"]}}],"collection":[{"href":"https:\/\/fitnfemale.com\/it\/wp-json\/wp\/v2\/product"}],"about":[{"href":"https:\/\/fitnfemale.com\/it\/wp-json\/wp\/v2\/types\/product"}],"replies":[{"embeddable":true,"href":"https:\/\/fitnfemale.com\/it\/wp-json\/wp\/v2\/comments?post=70981"}],"wp:featuredmedia":[{"embeddable":true,"href":"https:\/\/fitnfemale.com\/it\/wp-json\/wp\/v2\/media\/633440"}],"wp:attachment":[{"href":"https:\/\/fitnfemale.com\/it\/wp-json\/wp\/v2\/media?parent=70981"}],"wp:term":[{"taxonomy":"product_brand","embeddable":true,"href":"https:\/\/fitnfemale.com\/it\/wp-json\/wp\/v2\/product_brand?post=70981"},{"taxonomy":"product_cat","embeddable":true,"href":"https:\/\/fitnfemale.com\/it\/wp-json\/wp\/v2\/product_cat?post=70981"},{"taxonomy":"product_tag","embeddable":true,"href":"https:\/\/fitnfemale.com\/it\/wp-json\/wp\/v2\/product_tag?post=70981"}],"curies":[{"name":"parola chiave","href":"https:\/\/api.w.org\/{rel}","templated":true}]}}