{"id":699958,"date":"2022-12-19T15:06:25","date_gmt":"2022-12-19T14:06:25","guid":{"rendered":"https:\/\/fitnfemale.com\/?post_type=product&#038;p=699958"},"modified":"2026-04-14T18:11:43","modified_gmt":"2026-04-14T17:11:43","slug":"collagen-smart-shake","status":"publish","type":"product","link":"https:\/\/fitnfemale.com\/it\/prodotto\/collagen-smart-shake\/","title":{"rendered":"Whey Collagen Smart Shake"},"content":{"rendered":"<div class=\"img has-hover img-details x md-x lg-x y md-y lg-y\" id=\"image_1407664266\">\n\t\t\t\t\t\t\t\t<div class=\"img-inner dark\" >\n\t\t\t<img decoding=\"async\" width=\"1020\" height=\"569\" src=\"https:\/\/fitnfemale.com\/wp-content\/uploads\/collagen-smart-shake-details.webp\" class=\"attachment-large size-large\" alt=\"Dettagli del frullato intelligente al collagene\" srcset=\"https:\/\/fitnfemale.com\/wp-content\/uploads\/collagen-smart-shake-details.webp 1376w, https:\/\/fitnfemale.com\/wp-content\/uploads\/collagen-smart-shake-details-717x400.webp 717w, https:\/\/fitnfemale.com\/wp-content\/uploads\/collagen-smart-shake-details-768x429.webp 768w, https:\/\/fitnfemale.com\/wp-content\/uploads\/collagen-smart-shake-details-18x10.webp 18w, https:\/\/fitnfemale.com\/wp-content\/uploads\/collagen-smart-shake-details-1000x558.webp 1000w\" sizes=\"(max-width: 1020px) 100vw, 1020px\" \/>\t\t\t\t\t\t\n\t\t\t\t\t<\/div>\n\t\t\t\t\t\t\t\t\n<style>\n#image_1407664266 {\n  width: 100%;\n}\n<\/style>\n\t<\/div>\n\t\n<ul>\n<li class=\"bullet-star translation-block\"><strong>Alto contenuto proteico: <\/strong>Ideale per un piano alimentare ricco di proteine.<\/li>\n<li class=\"bullet-star translation-block\"><strong>Basso contenuto di grassi e calorie: <\/strong> Supporta uno stile di vita sano senza compromessi sul sapore.<\/li>\n<li class=\"bullet-star\"><strong>Miscela di enzimi brevettata DigeZyme\u00ae: Contiene enzimi digestivi di alta qualit\u00e0.<\/strong> Contiene enzimi digestivi di alta qualit\u00e0.<\/li>\n<li class=\"bullet-star translation-block\"><strong>Senza zuccheri aggiunti: <\/strong>Per chi desidera ridurre il consumo di zucchero senza rinunciare al gusto.<\/li>\n<li class=\"bullet-star translation-block\"><strong>Confezione 100% riciclabile: <\/strong>Ci impegniamo per la sostenibilit\u00e0 garantendo un imballaggio ecocompatibile.<\/li>\n<\/ul>\n<p>Il nostro Collagen Smart Shake offre una formula accuratamente ed esclusivamente composta, ideale per le donne attente alla loro alimentazione. Goditi la preparazione semplice con un'ottima solubilit\u00e0 e un sapore delizioso.<\/p>\n<div class=\"accordion\">\n\t<div id=\"accordion-406039542\" class=\"accordion-item\">\n\t\t<a id=\"accordion-406039542-label\" class=\"accordion-title plain\" href=\"#accordion-item-n\u00e4hrwerte\" aria-expanded=\"false\" aria-controls=\"accordion-406039542-content\">\n\t\t\t<button class=\"toggle\" aria-label=\"Attiva\/Disattiva\"><i class=\"icon-angle-down\" aria-hidden=\"true\"><\/i><\/button>\n\t\t\t<span>Valori nutrizionali<\/span>\n\t\t<\/a>\n\t\t<div id=\"accordion-406039542-content\" class=\"accordion-inner\" aria-labelledby=\"accordion-406039542-label\">\n\t\t\t\n<table class=\"ffnf-clean-table\">\n<thead>\n<tr>\n<th>Valori nutrizionali<\/th>\n<th>100 grammi<\/th>\n<th>Porzione (30 g)<\/th>\n<\/tr>\n<\/thead>\n<tbody>\n<tr>\n<td>Energia<\/td>\n<td>1541 kJ \/ 365 kcal<\/td>\n<td>462 kJ \/ 110 kcal<\/td>\n<\/tr>\n<tr>\n<td>Grasso<br \/>- di cui acidi grassi saturi<\/td>\n<td>5,7 g<br \/>3,2 grammi<\/td>\n<td>1,7 g<br \/>1,0 g<\/td>\n<\/tr>\n<tr>\n<td class=\"translation-block\">Carboidrati<br>\u2013 di cui zuccheri<\/td>\n<td>8,1 grammi<br \/>4,1 grammi<\/td>\n<td>2,4 g<br \/>1,2 g<\/td>\n<\/tr>\n<tr>\n<td>Fibre alimentari<\/td>\n<td>7,0 g<\/td>\n<td>2,1 grammi<\/td>\n<\/tr>\n<tr>\n<td>Proteine<\/td>\n<td>66,6 g<\/td>\n<td>20,0 g<\/td>\n<\/tr>\n<tr>\n<td>Sale<\/td>\n<td>0,93 g<\/td>\n<td>0,28 g<\/td>\n<\/tr>\n<\/tbody>\n<\/table>\n\t\t<\/div>\n\t<\/div>\n\t\n\t<div id=\"accordion-148099776\" class=\"accordion-item\">\n\t\t<a id=\"accordion-148099776-label\" class=\"accordion-title plain\" href=\"#accordion-item-inhaltsstoffe\" aria-expanded=\"false\" aria-controls=\"accordion-148099776-content\">\n\t\t\t<button class=\"toggle\" aria-label=\"Attiva\/Disattiva\"><i class=\"icon-angle-down\" aria-hidden=\"true\"><\/i><\/button>\n\t\t\t<span>Ingredienti<\/span>\n\t\t<\/a>\n\t\t<div id=\"accordion-148099776-content\" class=\"accordion-inner\" aria-labelledby=\"accordion-148099776-label\">\n\t\t\t\n<table class=\"ffnf-clean-table\">\n<thead>\n<tr>\n<th>Ingredienti<\/th>\n<th>Porzione (30 g)<\/th>\n<\/tr>\n<\/thead>\n<tbody>\n<tr>\n<td>Idrolizzato di collagene (bovino)<\/td>\n<td>5000 mg<\/td>\n<\/tr>\n<tr>\n<td>Fibra di mela<\/td>\n<td>1200 mg<\/td>\n<\/tr>\n<tr>\n<td>fibra di acacia<\/td>\n<td>150 mg<\/td>\n<\/tr>\n<tr>\n<td>Miscela enzimatica Digezyme\u00ae<\/td>\n<td>100 mg<\/td>\n<\/tr>\n<tr>\n<td>Polvere di buccia di psillio<\/td>\n<td>50 mg<\/td>\n<\/tr>\n<tr>\n<td>Lactobacillus casei<\/td>\n<td>600 milioni di CFU<\/td>\n<\/tr>\n<tr>\n<td>Lactococcus lactis<\/td>\n<td>600 milioni di CFU<\/td>\n<\/tr>\n<tr>\n<td>Bifidobacterium lactis<\/td>\n<td>240 milioni di CFU<\/td>\n<\/tr>\n<tr>\n<td>Bifidobacterium infantis<\/td>\n<td>120 milioni di CFU<\/td>\n<\/tr>\n<\/tbody>\n<\/table>\n\t\t<\/div>\n\t<\/div>\n\t\n\t<div id=\"accordion-1676431175\" class=\"accordion-item\">\n\t\t<a id=\"accordion-1676431175-label\" class=\"accordion-title plain\" href=\"#accordion-item-digezyme\u00ae---patentierte-verdauungsenzyme\" aria-expanded=\"false\" aria-controls=\"accordion-1676431175-content\">\n\t\t\t<button class=\"toggle\" aria-label=\"Attiva\/Disattiva\"><i class=\"icon-angle-down\" aria-hidden=\"true\"><\/i><\/button>\n\t\t\t<span>DigeZyme\u00ae - Enzimi digestivi brevettati<\/span>\n\t\t<\/a>\n\t\t<div id=\"accordion-1676431175-content\" class=\"accordion-inner\" aria-labelledby=\"accordion-1676431175-label\">\n\t\t\t\n<p>Gli enzimi digestivi svolgono un ruolo cruciale nella suddivisione del cibo in componenti pi\u00f9 piccoli e pi\u00f9 facilmente elaborabili. Il nostro DigeZyme\u00ae contiene una miscela appositamente sviluppata di enzimi digestivi, tra cui amilasi, proteasi, galattosidasi, lipasi e cellulasi.<\/p>\n<p>Questi enzimi aiutano a decomporre i macronutrienti come proteine, carboidrati e grassi. Grazie a tecniche di produzione avanzate, garantiamo un'alta qualit\u00e0 del nostro complesso multi-enzimatico DigeZyme\u00ae, utilizzato nel nostro Collagen Smart Shake, una formulazione proteica premium.<\/p>\n\t\t<\/div>\n\t<\/div>\n\t\n\t<div id=\"accordion-4071348134\" class=\"accordion-item\">\n\t\t<a id=\"accordion-4071348134-label\" class=\"accordion-title plain\" href=\"#accordion-item-pr\u00e4--und-probiotika-\u2013-schl\u00fcsselkomponenten-f\u00fcr-die-ern\u00e4hrung\" aria-expanded=\"false\" aria-controls=\"accordion-4071348134-content\">\n\t\t\t<button class=\"toggle\" aria-label=\"Attiva\/Disattiva\"><i class=\"icon-angle-down\" aria-hidden=\"true\"><\/i><\/button>\n\t\t\t<span>Prebiotici e probiotici \u2013 Componenti chiave per l'alimentazione<\/span>\n\t\t<\/a>\n\t\t<div id=\"accordion-4071348134-content\" class=\"accordion-inner\" aria-labelledby=\"accordion-4071348134-label\">\n\t\t\t\n<p>I prebiotici sono componenti alimentari indigeribili che forniscono nutrimento ai batteri intestinali sani. Sono noti per promuovere la crescita e l'attivit\u00e0 di questi microorganismi benefici. I probiotici, d'altra parte, sono ceppi di batteri vivi presenti in alcuni alimenti e integratori, che contribuiscono alla diversit\u00e0 della nostra flora intestinale.<\/p>\n<p>L'assunzione combinata di pre- e probiotici pu\u00f2 aiutare a supportare la composizione generale della flora intestinale, cruciale per la digestione. Agendo come fonte di nutrimento per i probiotici, i prebiotici possono migliorare l'efficacia dei probiotici, che a loro volta contribuiscono a promuovere un ambiente intestinale equilibrato.<\/p>\n<p><strong>Gli obiettivi tipici di una flora intestinale equilibrata includono:<\/strong><\/p>\n<ul>\n<li class=\"bullet-star\">Supporto al sistema digestivo<\/li>\n<li class=\"bullet-star\">Promozione di un microbioma bilanciato<\/li>\n<\/ul>\n\t\t<\/div>\n\t<\/div>\n\t\n<\/div>","protected":false},"excerpt":{"rendered":"<h2>Intelligente\u00b3 per la bellezza, la forma fisica e la digestione!<\/h2>\n<h4>Il frullato contiene una combinazione di ingredienti tradizionalmente associati alla bellezza, alla forma fisica e alla digestione. La composizione intelligente e unica, unita a un gusto delizioso, parla da s\u00e9.<\/h4>","protected":false},"featured_media":954106,"comment_status":"open","ping_status":"closed","template":"","meta":{"slim_seo":{"title":"Frullato intelligente al collagene del siero del latte - FitNFemale\u00ae","description":"Smart\u00b3 per bellezza, fitness e digestione! Il frullato contiene una combinazione di ingredienti tradizionalmente associati a bellezza, fitness e digestione."}},"product_brand":[],"product_cat":[6629,1047,401],"product_tag":[6487,6486,6667,6489],"class_list":{"0":"post-699958","1":"product","2":"type-product","3":"status-publish","4":"has-post-thumbnail","6":"product_cat-basic","7":"product_cat-fit-strong","8":"product_cat-health","9":"product_tag-beauty","10":"product_tag-collagen","11":"product_tag-probiotika","12":"product_tag-skin","13":"pa_anwendungsbereiche-bindegewebe","14":"pa_anwendungsbereiche-for-your-workout","15":"pa_anwendungsbereiche-gelenke-und-knochen","16":"pa_anwendungsbereiche-health","17":"pa_anwendungsbereiche-skin-hair-nails","18":"pa_anwendungsbereiche-immune-system","19":"pa_anwendungsbereiche-verdauung","20":"pa_marke-fitnfemale","21":"pa_misc-aspartamfree","22":"pa_schwangerschaft-geeignet","23":"pa_stillzeit-geeignet","24":"pa_vegan-nein","26":"first","27":"instock","28":"taxable","29":"shipping-taxable","30":"purchasable","31":"product-type-variable","32":"has-default-attributes"},"bundled_by":["738321","738344","786592","786594"],"bundle_stock_status":"instock","bundle_stock_quantity":null,"bundle_virtual":false,"bundle_layout":"","bundle_add_to_cart_form_location":"","bundle_editable_in_cart":false,"bundle_sold_individually_context":"","bundle_item_grouping":"","bundle_min_size":"","bundle_max_size":"","bundle_price":[],"bundled_items":[],"bundle_sell_ids":[],"gallery_images":[953307,953306,906358,954108,954110,953305,954109,935049,954107,730408],"_links":{"self":[{"href":"https:\/\/fitnfemale.com\/it\/wp-json\/wp\/v2\/product\/699958","targetHints":{"allow":["GET"]}}],"collection":[{"href":"https:\/\/fitnfemale.com\/it\/wp-json\/wp\/v2\/product"}],"about":[{"href":"https:\/\/fitnfemale.com\/it\/wp-json\/wp\/v2\/types\/product"}],"replies":[{"embeddable":true,"href":"https:\/\/fitnfemale.com\/it\/wp-json\/wp\/v2\/comments?post=699958"}],"wp:featuredmedia":[{"embeddable":true,"href":"https:\/\/fitnfemale.com\/it\/wp-json\/wp\/v2\/media\/954106"}],"wp:attachment":[{"href":"https:\/\/fitnfemale.com\/it\/wp-json\/wp\/v2\/media?parent=699958"}],"wp:term":[{"taxonomy":"product_brand","embeddable":true,"href":"https:\/\/fitnfemale.com\/it\/wp-json\/wp\/v2\/product_brand?post=699958"},{"taxonomy":"product_cat","embeddable":true,"href":"https:\/\/fitnfemale.com\/it\/wp-json\/wp\/v2\/product_cat?post=699958"},{"taxonomy":"product_tag","embeddable":true,"href":"https:\/\/fitnfemale.com\/it\/wp-json\/wp\/v2\/product_tag?post=699958"}],"curies":[{"name":"parola chiave","href":"https:\/\/api.w.org\/{rel}","templated":true}]}}