{"id":66283,"date":"2018-10-28T14:45:07","date_gmt":"2018-10-28T13:45:07","guid":{"rendered":"https:\/\/fitnfemale.com\/?post_type=product&#038;p=66283"},"modified":"2026-04-18T18:13:30","modified_gmt":"2026-04-18T17:13:30","slug":"creatone-kreatin-kautabletten","status":"publish","type":"product","link":"https:\/\/fitnfemale.com\/it\/prodotto\/creatone-kreatin-kautabletten\/","title":{"rendered":"Masticatori CreaTone"},"content":{"rendered":"<div class=\"img has-hover img-details x md-x lg-x y md-y lg-y\" id=\"image_274929708\">\n\t\t\t\t\t\t\t\t<div class=\"img-inner dark\" >\n\t\t\t<img decoding=\"async\" width=\"1020\" height=\"569\" src=\"https:\/\/fitnfemale.com\/wp-content\/uploads\/creatone-closeup-7.webp\" class=\"attachment-large size-large\" alt=\"Primo piano di Createne\" srcset=\"https:\/\/fitnfemale.com\/wp-content\/uploads\/creatone-closeup-7.webp 1376w, https:\/\/fitnfemale.com\/wp-content\/uploads\/creatone-closeup-7-717x400.webp 717w, https:\/\/fitnfemale.com\/wp-content\/uploads\/creatone-closeup-7-768x429.webp 768w, https:\/\/fitnfemale.com\/wp-content\/uploads\/creatone-closeup-7-18x10.webp 18w, https:\/\/fitnfemale.com\/wp-content\/uploads\/creatone-closeup-7-1000x558.webp 1000w\" sizes=\"(max-width: 1020px) 100vw, 1020px\" \/>\t\t\t\t\t\t\n\t\t\t\t\t<\/div>\n\t\t\t\t\t\t\t\t\n<style>\n#image_274929708 {\n  width: 100%;\n}\n<\/style>\n\t<\/div>\n\t\n<p>Massimizza le tue prestazioni e raggiungi i tuoi obiettivi di fitness con CreaTone! Queste compresse masticabili di creatina offrono un supporto ottimale per la crescita muscolare e contribuiscono ad aumentare le prestazioni fisiche durante brevi sessioni di allenamento ad alta intensit\u00e0. Con 1000 mg di creatina monoidrato di alta qualit\u00e0 per compressa e un rinfrescante gusto arancia, sono ideali da portare con s\u00e9 in viaggio e tra un allenamento e l&#039;altro. Acquista subito questo prodotto di qualit\u00e0, prodotto in Germania, e porta i tuoi allenamenti a un livello superiore!<\/p>\n<div class=\"accordion\">\n\t<div id=\"accordion-461191970\" class=\"accordion-item\">\n\t\t<a id=\"accordion-461191970-label\" class=\"accordion-title plain\" href=\"#accordion-item-n\u00e4hrwerte\" aria-expanded=\"false\" aria-controls=\"accordion-461191970-content\">\n\t\t\t<button class=\"toggle\" aria-label=\"Attiva\/Disattiva\"><i class=\"icon-angle-down\" aria-hidden=\"true\"><\/i><\/button>\n\t\t\t<span>Valori nutrizionali<\/span>\n\t\t<\/a>\n\t\t<div id=\"accordion-461191970-content\" class=\"accordion-inner\" aria-labelledby=\"accordion-461191970-label\">\n\t\t\t\n<table class=\"ffnf-clean-table\">\n<thead>\n<tr>\n<th>Valori nutrizionali<\/th>\n<th>1 compressa<\/th>\n<th>Porzione (3 compresse)<\/th>\n<\/tr>\n<\/thead>\n<tbody>\n<tr>\n<td>Energia<\/td>\n<td>18 kJ \/ 4,3 kcal<\/td>\n<td>54 kJ \/ 12,9 kcal<\/td>\n<\/tr>\n<tr>\n<td>Grasso<br \/>- di cui acidi grassi saturi<\/td>\n<td>&lt; 0,1 g<br \/>&lt; 0,1 g<\/td>\n<td>0,15 g<br \/>0,15 g<\/td>\n<\/tr>\n<tr>\n<td class=\"translation-block\">Carboidrati<br>\u2013 di cui zuccheri<\/td>\n<td>1,14 g<br \/>0,49 g<\/td>\n<td>3,4 grammi<br \/>1,5 g<\/td>\n<\/tr>\n<tr>\n<td>Proteine<\/td>\n<td>&lt; 0,1 g<\/td>\n<td>&lt; 0,1 g<\/td>\n<\/tr>\n<tr>\n<td>Sale<\/td>\n<td>&lt; 0,1 g<\/td>\n<td>&lt; 0,1 g<\/td>\n<\/tr>\n<\/tbody>\n<\/table>\n\t\t<\/div>\n\t<\/div>\n\t\n\t<div id=\"accordion-1726875776\" class=\"accordion-item\">\n\t\t<a id=\"accordion-1726875776-label\" class=\"accordion-title plain\" href=\"#accordion-item-inhaltsstoffe\" aria-expanded=\"false\" aria-controls=\"accordion-1726875776-content\">\n\t\t\t<button class=\"toggle\" aria-label=\"Attiva\/Disattiva\"><i class=\"icon-angle-down\" aria-hidden=\"true\"><\/i><\/button>\n\t\t\t<span>Ingredienti<\/span>\n\t\t<\/a>\n\t\t<div id=\"accordion-1726875776-content\" class=\"accordion-inner\" aria-labelledby=\"accordion-1726875776-label\">\n\t\t\t\n<table class=\"ffnf-clean-table\">\n<thead>\n<tr>\n<th>Ingredienti<\/th>\n<th>1 compressa<\/th>\n<th>Porzione (3 compresse)<\/th>\n<\/tr>\n<\/thead>\n<tbody>\n<tr>\n<td>Creatina monoidrato<br \/>\u2013 di cui creatina<\/td>\n<td>1000 mg<br \/>879 mg<\/td>\n<td>3000 mg<br \/>2637 mg<\/td>\n<\/tr>\n<\/tbody>\n<\/table>\n\t\t<\/div>\n\t<\/div>\n\t\n<\/div>","protected":false},"excerpt":{"rendered":"<h2>Potenziate il vostro allenamento con CreaTone, per ottenere maggiori prestazioni e progressi pi\u00f9 rapidi.<\/h2>\n<h4>Queste compresse masticabili di creatina sono il compagno ideale per le donne che desiderano aumentare le proprie prestazioni fisiche e favorire la crescita muscolare.<\/h4>\n<ul>\n<li class=\"bullet-star\">1000 mg di creatina monoidrato per compressa masticabile<\/li>\n<li class=\"bullet-star\">Contribuisce ad aumentare le prestazioni fisiche durante esercizi fisici di breve durata e ad alta intensit\u00e0 che comportano un allenamento di forza esplosiva.<\/li>\n<li class=\"bullet-star\">Gusto rinfrescante all'arancia per un piacevole piacere<\/li>\n<li class=\"bullet-star\">Perfetto per le donne che desiderano raggiungere i propri obiettivi di fitness<\/li>\n<li class=\"bullet-star\">Prodotto di alta qualit\u00e0, realizzato in Germania<\/li>\n<\/ul>","protected":false},"featured_media":943450,"comment_status":"open","ping_status":"closed","template":"","meta":{"slim_seo":{"title":"CreaTone Chews - FitnFemale\u00ae","description":"Potenzia il tuo allenamento con CreaTone: per prestazioni migliori e progressi pi\u00f9 rapidi. Queste compresse masticabili di creatina sono il compagno ideale per le donne che desiderano migliorare la propria forma fisica."}},"product_brand":[],"product_cat":[6629,1047],"product_tag":[],"class_list":{"0":"post-66283","1":"product","2":"type-product","3":"status-publish","4":"has-post-thumbnail","6":"product_cat-basic","7":"product_cat-fit-strong","8":"pa_anwendungsbereiche-for-your-workout","9":"pa_anwendungsbereiche-muskelversorgung","10":"pa_marke-fitnfemale","11":"pa_misc-aspartamfree","12":"pa_misc-glutenfree","13":"pa_misc-lactosefree","14":"pa_schwangerschaft-geeignet","15":"pa_stillzeit-geeignet","16":"pa_vegan-ja","18":"first","19":"instock","20":"taxable","21":"shipping-taxable","22":"purchasable","23":"product-type-variable","24":"has-default-attributes"},"bundled_by":["957236"],"bundle_stock_status":"instock","bundle_stock_quantity":null,"bundle_virtual":false,"bundle_layout":"","bundle_add_to_cart_form_location":"","bundle_editable_in_cart":false,"bundle_sold_individually_context":"","bundle_item_grouping":"","bundle_min_size":"","bundle_max_size":"","bundle_price":[],"bundled_items":[],"bundle_sell_ids":[],"gallery_images":[953740,953731,953741,953734,953739,953732,953729,639880],"_links":{"self":[{"href":"https:\/\/fitnfemale.com\/it\/wp-json\/wp\/v2\/product\/66283","targetHints":{"allow":["GET"]}}],"collection":[{"href":"https:\/\/fitnfemale.com\/it\/wp-json\/wp\/v2\/product"}],"about":[{"href":"https:\/\/fitnfemale.com\/it\/wp-json\/wp\/v2\/types\/product"}],"replies":[{"embeddable":true,"href":"https:\/\/fitnfemale.com\/it\/wp-json\/wp\/v2\/comments?post=66283"}],"wp:featuredmedia":[{"embeddable":true,"href":"https:\/\/fitnfemale.com\/it\/wp-json\/wp\/v2\/media\/943450"}],"wp:attachment":[{"href":"https:\/\/fitnfemale.com\/it\/wp-json\/wp\/v2\/media?parent=66283"}],"wp:term":[{"taxonomy":"product_brand","embeddable":true,"href":"https:\/\/fitnfemale.com\/it\/wp-json\/wp\/v2\/product_brand?post=66283"},{"taxonomy":"product_cat","embeddable":true,"href":"https:\/\/fitnfemale.com\/it\/wp-json\/wp\/v2\/product_cat?post=66283"},{"taxonomy":"product_tag","embeddable":true,"href":"https:\/\/fitnfemale.com\/it\/wp-json\/wp\/v2\/product_tag?post=66283"}],"curies":[{"name":"parola chiave","href":"https:\/\/api.w.org\/{rel}","templated":true}]}}