{"id":660258,"date":"2022-06-01T20:13:40","date_gmt":"2022-06-01T19:13:40","guid":{"rendered":"https:\/\/fitnfemale.com\/?post_type=product&#038;p=660258"},"modified":"2026-04-18T18:28:24","modified_gmt":"2026-04-18T17:28:24","slug":"collagen-energy","status":"publish","type":"product","link":"https:\/\/fitnfemale.com\/it\/prodotto\/collagen-energy\/","title":{"rendered":"Collagen Energy"},"content":{"rendered":"<div class=\"img has-hover img-details x md-x lg-x y md-y lg-y\" id=\"image_1975411028\">\n\t\t\t\t\t\t\t\t<div class=\"img-inner dark\" >\n\t\t\t<img decoding=\"async\" width=\"1020\" height=\"569\" src=\"https:\/\/fitnfemale.com\/wp-content\/uploads\/collagen-energy-details-02.webp\" class=\"attachment-large size-large\" alt=\"Dettagli sull&#039;energia del collagene\" srcset=\"https:\/\/fitnfemale.com\/wp-content\/uploads\/collagen-energy-details-02.webp 1376w, https:\/\/fitnfemale.com\/wp-content\/uploads\/collagen-energy-details-02-717x400.webp 717w, https:\/\/fitnfemale.com\/wp-content\/uploads\/collagen-energy-details-02-768x429.webp 768w, https:\/\/fitnfemale.com\/wp-content\/uploads\/collagen-energy-details-02-18x10.webp 18w, https:\/\/fitnfemale.com\/wp-content\/uploads\/collagen-energy-details-02-1000x558.webp 1000w\" sizes=\"(max-width: 1020px) 100vw, 1020px\" \/>\t\t\t\t\t\t\n\t\t\t\t\t<\/div>\n\t\t\t\t\t\t\t\t\n<style>\n#image_1975411028 {\n  width: 100%;\n}\n<\/style>\n\t<\/div>\n\t\n<ul>\n<li class=\"bullet-star\">Perfettamente su misura per le donne: Sviluppato per supportare le tue esigenze specifiche.<\/li>\n<li class=\"bullet-star\">Per capelli, pelle e unghie: Il collagene come componente chiave della tua routine di bellezza.<\/li>\n<li class=\"bullet-star\">L'acido ialuronico aiuta a trattenere l'umidit\u00e0, supportando l'aspetto della pelle.<\/li>\n<li class=\"bullet-star\">Carica di energia naturale: La caffeina naturale di guaran\u00e0 e t\u00e8 verde rinvigorisce senza causare nervosismo.<\/li>\n<li class=\"bullet-star\">Exceptionnellement soluble : Se dissout rapidement dans l'eau et a un go\u00fbt d\u00e9licieux.<\/li>\n<li class=\"bullet-star\">Bellezza dall'interno: Supporta la tua luminosit\u00e0 naturale.<\/li>\n<li class=\"bullet-star\">Senza zuccheri aggiunti e senza glutine: Ideale per uno stile di vita consapevole.<\/li>\n<li class=\"bullet-star\">Imballaggio ecologico: Materiale 100% riciclabile per un minore impatto ambientale.<\/li>\n<\/ul>\n\n\t<section class=\"section dark\" id=\"section_1583233855\">\n\t\t<div class=\"section-bg fill\" >\n\t\t\t\t\t\t\t\t\t\n\t\t\t\n\n\t\t<\/div>\n\n\t\t\n\n\t\t<div class=\"section-content relative\">\n\t\t\t\n<div class=\"row\"  id=\"row-872789192\">\n\n\t<div id=\"col-2061665011\" class=\"col medium-4 small-12 large-4\"  >\n\t\t\t\t<div class=\"col-inner\"  >\n\t\t\t\n\t\t\t\n\t<div class=\"box has-hover   has-hover box-text-bottom\" >\n\n\t\t<div class=\"box-image\" style=\"width:29%;\">\n\t\t\t\t\t\t<div class=\"\" >\n\t\t\t\t<img decoding=\"async\" width=\"233\" height=\"233\" src=\"https:\/\/fitnfemale.com\/wp-content\/uploads\/energy.png\" class=\"attachment- size-\" alt=\"Energia\" srcset=\"https:\/\/fitnfemale.com\/wp-content\/uploads\/energy.png 233w, https:\/\/fitnfemale.com\/wp-content\/uploads\/energy-200x200.png 200w, https:\/\/fitnfemale.com\/wp-content\/uploads\/energy-12x12.png 12w, https:\/\/fitnfemale.com\/wp-content\/uploads\/energy-130x130.png 130w\" sizes=\"(max-width: 233px) 100vw, 233px\" \/>\t\t\t\t\t\t\t\t\t\t\t<\/div>\n\t\t\t\t\t<\/div>\n\n\t\t<div class=\"box-text text-center\" >\n\t\t\t<div class=\"box-text-inner\">\n\t\t\t\t\n<h4 class=\"uppercase\">Potenziatore dell'energia e dell'umore<\/h4>\n<p>Carica rivitalizzante dalla caffeina naturale di guaran\u00e0 e t\u00e8 verde.<\/p>\n\t\t\t<\/div>\n\t\t<\/div>\n\t<\/div>\n\t\n\t\t<\/div>\n\t\t\t\t\t<\/div>\n\n\t\n\n\t<div id=\"col-606192913\" class=\"col medium-4 small-12 large-4\"  >\n\t\t\t\t<div class=\"col-inner\"  >\n\t\t\t\n\t\t\t\n\t<div class=\"box has-hover   has-hover box-text-bottom\" >\n\n\t\t<div class=\"box-image\" style=\"width:29%;\">\n\t\t\t\t\t\t<div class=\"\" >\n\t\t\t\t<img decoding=\"async\" width=\"233\" height=\"233\" src=\"https:\/\/fitnfemale.com\/wp-content\/uploads\/beauty.png\" class=\"attachment- size-\" alt=\"Bellezza\" srcset=\"https:\/\/fitnfemale.com\/wp-content\/uploads\/beauty.png 233w, https:\/\/fitnfemale.com\/wp-content\/uploads\/beauty-200x200.png 200w, https:\/\/fitnfemale.com\/wp-content\/uploads\/beauty-12x12.png 12w, https:\/\/fitnfemale.com\/wp-content\/uploads\/beauty-130x130.png 130w\" sizes=\"(max-width: 233px) 100vw, 233px\" \/>\t\t\t\t\t\t\t\t\t\t\t<\/div>\n\t\t\t\t\t<\/div>\n\n\t\t<div class=\"box-text text-center\" >\n\t\t\t<div class=\"box-text-inner\">\n\t\t\t\t\n<h4 class=\"uppercase\">Per capelli, pelle e unghie bellissimi<\/h4>\n<p>Il collagene \u00e8 fondamentale per la struttura articolare.<\/p>\n\t\t\t<\/div>\n\t\t<\/div>\n\t<\/div>\n\t\n\t\t<\/div>\n\t\t\t\t\t<\/div>\n\n\t\n\n\t<div id=\"col-768996891\" class=\"col medium-4 small-12 large-4\"  >\n\t\t\t\t<div class=\"col-inner\"  >\n\t\t\t\n\t\t\t\n\t<div class=\"box has-hover   has-hover box-text-bottom\" >\n\n\t\t<div class=\"box-image\" style=\"width:32%;\">\n\t\t\t\t\t\t<div class=\"\" >\n\t\t\t\t<img decoding=\"async\" width=\"233\" height=\"233\" src=\"https:\/\/fitnfemale.com\/wp-content\/uploads\/bones.png\" class=\"attachment- size-\" alt=\"Ossa\" srcset=\"https:\/\/fitnfemale.com\/wp-content\/uploads\/bones.png 233w, https:\/\/fitnfemale.com\/wp-content\/uploads\/bones-200x200.png 200w, https:\/\/fitnfemale.com\/wp-content\/uploads\/bones-12x12.png 12w, https:\/\/fitnfemale.com\/wp-content\/uploads\/bones-130x130.png 130w\" sizes=\"(max-width: 233px) 100vw, 233px\" \/>\t\t\t\t\t\t\t\t\t\t\t<\/div>\n\t\t\t\t\t<\/div>\n\n\t\t<div class=\"box-text text-center\" >\n\t\t\t<div class=\"box-text-inner\">\n\t\t\t\t\n<h4 class=\"uppercase\">Ossa e articolazioni<\/h4>\n<p>Il collagene, essenziale per la struttura delle articolazioni.<\/p>\n\t\t\t<\/div>\n\t\t<\/div>\n\t<\/div>\n\t\n\t\t<\/div>\n\t\t\t\t\t<\/div>\n\n\t\n\n<style>\n#row-872789192 > .col > .col-inner {\n  padding: 40px 0px 0px 0px;\n}\n<\/style>\n<\/div>\n\t\t<\/div>\n\n\t\t\n<style>\n#section_1583233855 {\n  padding-top: 0px;\n  padding-bottom: 0px;\n  background-color: #c29ca0;\n}\n@media (min-width:550px) {\n  #section_1583233855 {\n    padding-top: 0px;\n    padding-bottom: 0px;\n  }\n}\n<\/style>\n\t<\/section>\n\t\n\n  <div class=\"banner has-hover\" id=\"banner-1806959019\">\n          <div class=\"banner-inner fill\">\n        <div class=\"banner-bg fill\" >\n                                                \n                    <\/div>\n\t\t\n        <div class=\"banner-layers container\">\n            <div class=\"fill banner-link\"><\/div>            \n   <div id=\"text-box-2068568452\" class=\"text-box banner-layer x50 md-x50 lg-x50 y5 md-y5 lg-y5 res-text\">\n                                <div class=\"text-box-content text\">\n              \n              <div class=\"text-inner text-center\">\n                  \n\t<div id=\"text-2974289148\" class=\"text\">\n\t\t\n<h4 class=\"uppercase\">La produzione di collagene diminuisce con l'et\u00e0.<\/h4>\n<p>Questo grafico mostra come la produzione naturale di collagene nel tuo corpo tenda a diminuire con l'et\u00e0. Questo cambiamento pu\u00f2 influenzare l'elasticit\u00e0 e l'aspetto della tua pelle, dei tuoi capelli e delle tue unghie.<br \/>\n\t\t\n<style>\n#text-2974289148 {\n  font-size: 0.9rem;\n  line-height: 1.5;\n  text-align: left;\n}\n<\/style>\n\t<\/div>\n\t\n\t<div class=\"img has-hover x md-x lg-x y md-y lg-y\" id=\"image_41666731\">\n\t\t\t\t\t\t\t\t<div class=\"img-inner dark\" >\n\t\t\t<img decoding=\"async\" width=\"661\" height=\"323\" src=\"https:\/\/fitnfemale.com\/wp-content\/uploads\/kollagen-produktion2-1.png\" class=\"attachment-large size-large\" alt=\"Produzione di collagene2\" srcset=\"https:\/\/fitnfemale.com\/wp-content\/uploads\/kollagen-produktion2-1.png 661w, https:\/\/fitnfemale.com\/wp-content\/uploads\/kollagen-produktion2-1-510x249.png 510w, https:\/\/fitnfemale.com\/wp-content\/uploads\/kollagen-produktion2-1-18x9.png 18w\" sizes=\"(max-width: 661px) 100vw, 661px\" \/>\t\t\t\t\t\t\n\t\t\t\t\t<\/div>\n\t\t\t\t\t\t\t\t\n<style>\n#image_41666731 {\n  width: 100%;\n}\n@media (min-width:550px) {\n  #image_41666731 {\n    width: 71%;\n  }\n}\n<\/style>\n\t<\/div>\n\t\n              <\/div>\n           <\/div>\n                            \n<style>\n#text-box-2068568452 {\n  width: 89%;\n}\n#text-box-2068568452 .text-box-content {\n  font-size: 100%;\n}\n<\/style>\n    <\/div>\n \n        <\/div>\n      <\/div>\n\n            \n<style>\n#banner-1806959019 {\n  padding-top: 538px;\n  background-color: rgb(252, 237, 238);\n}\n@media (min-width:550px) {\n  #banner-1806959019 {\n    padding-top: 365px;\n  }\n}\n<\/style>\n  <\/div>\n\n\n\t<div id=\"gap-311898591\" class=\"gap-element clearfix\" style=\"display:block; height:auto;\">\n\t\t\n<style>\n#gap-311898591 {\n  padding-top: 35px;\n}\n<\/style>\n\t<\/div>\n\t\n<div class=\"accordion\">\n\t<div id=\"accordion-1580523932\" class=\"accordion-item\">\n\t\t<a id=\"accordion-1580523932-label\" class=\"accordion-title plain\" href=\"#accordion-item-inhaltsstoffe\" aria-expanded=\"false\" aria-controls=\"accordion-1580523932-content\">\n\t\t\t<button class=\"toggle\" aria-label=\"Attiva\/Disattiva\"><i class=\"icon-angle-down\" aria-hidden=\"true\"><\/i><\/button>\n\t\t\t<span>Ingredienti<\/span>\n\t\t<\/a>\n\t\t<div id=\"accordion-1580523932-content\" class=\"accordion-inner\" aria-labelledby=\"accordion-1580523932-label\">\n\t\t\t\n<table class=\"ffnf-clean-table\">\n<thead>\n<tr>\n<th>Ingredienti<\/th>\n<th>100 grammi<\/th>\n<th>Porzione (10 g)<\/th>\n<\/tr>\n<\/thead>\n<tbody>\n<tr>\n<td>Idrolizzato di collagene<\/td>\n<td>70000 mg<\/td>\n<td>7000 mg<\/td>\n<\/tr>\n<tr>\n<td>ialuronato di sodio<\/td>\n<td>500 mg<\/td>\n<td>50 mg<\/td>\n<\/tr>\n<tr>\n<td>Estratto di chicchi di caff\u00e8 verde<\/td>\n<td>250 mg<\/td>\n<td>50 mg<\/td>\n<\/tr>\n<tr>\n<td>Estratto di guaran\u00e0<\/td>\n<td>1340 mg<\/td>\n<td>134 mg<\/td>\n<\/tr>\n<tr>\n<td>caffeina<\/td>\n<td>1466 mg<\/td>\n<td>147 mg<\/td>\n<\/tr>\n<tr>\n<td>Caffeina totale<\/td>\n<td>1500 mg<\/td>\n<td>150 mg<\/td>\n<\/tr>\n<tr>\n<td>Biotina (vitamina B7)<\/td>\n<td>500000 \u00b5g<\/td>\n<td>5000 \u00b5g<\/td>\n<\/tr>\n<tr>\n<td>Cobalamina (vitamina B12)<\/td>\n<td>10 \u00b5g<\/td>\n<td>1 \u00b5g<\/td>\n<\/tr>\n<tr>\n<td>zinco<\/td>\n<td>50 mg<\/td>\n<td>5 mg<\/td>\n<\/tr>\n<\/tbody>\n<\/table>\n\t\t<\/div>\n\t<\/div>\n\t\n\t<div id=\"accordion-3754808247\" class=\"accordion-item\">\n\t\t<a id=\"accordion-3754808247-label\" class=\"accordion-title plain\" href=\"#accordion-item-n\u00e4hrwerte\" aria-expanded=\"false\" aria-controls=\"accordion-3754808247-content\">\n\t\t\t<button class=\"toggle\" aria-label=\"Attiva\/Disattiva\"><i class=\"icon-angle-down\" aria-hidden=\"true\"><\/i><\/button>\n\t\t\t<span>Valori nutrizionali<\/span>\n\t\t<\/a>\n\t\t<div id=\"accordion-3754808247-content\" class=\"accordion-inner\" aria-labelledby=\"accordion-3754808247-label\">\n\t\t\t\n<table class=\"ffnf-clean-table\">\n<thead>\n<tr>\n<th>Valori nutrizionali<\/th>\n<th>100 grammi<\/th>\n<th>Porzione (10 g)<\/th>\n<\/tr>\n<\/thead>\n<tbody>\n<tr>\n<td>Energia<\/td>\n<td>1436 kJ \/ 338 kcal<\/td>\n<td>144 kJ \/ 34 kcal<\/td>\n<\/tr>\n<tr>\n<td>Grasso<br \/>- di cui acidi grassi saturi<\/td>\n<td>&lt; 0,1 g<br \/>&lt; 0,1 g<\/td>\n<td>&lt; 0,1 g<br \/>&lt; 0,1 g<\/td>\n<\/tr>\n<tr>\n<td class=\"translation-block\">Carboidrati<br>\u2013 di cui zuccheri<\/td>\n<td>9,7 g<br \/>1,2 g<\/td>\n<td>1,0 g<br \/>0,1 g<\/td>\n<\/tr>\n<tr>\n<td>Fibre alimentari<\/td>\n<td>7,4 grammi<\/td>\n<td>0,7 g<\/td>\n<\/tr>\n<tr>\n<td>Proteine<\/td>\n<td>63,7 g<\/td>\n<td>6,4 g<\/td>\n<\/tr>\n<tr>\n<td>Sale<\/td>\n<td>0,57 g<\/td>\n<td>0,06 g<\/td>\n<\/tr>\n<\/tbody>\n<\/table>\n\t\t<\/div>\n\t<\/div>\n\t\n\t<div id=\"accordion-1793111830\" class=\"accordion-item\">\n\t\t<a id=\"accordion-1793111830-label\" class=\"accordion-title plain\" href=\"#accordion-item-was-ist-kollagen?\" aria-expanded=\"false\" aria-controls=\"accordion-1793111830-content\">\n\t\t\t<button class=\"toggle\" aria-label=\"Attiva\/Disattiva\"><i class=\"icon-angle-down\" aria-hidden=\"true\"><\/i><\/button>\n\t\t\t<span>Che cos'\u00e8 il collagene?<\/span>\n\t\t<\/a>\n\t\t<div id=\"accordion-1793111830-content\" class=\"accordion-inner\" aria-labelledby=\"accordion-1793111830-label\">\n\t\t\t\n<p>Il collagene \u00e8 una proteina importante che rappresenta circa 30% delle proteine totali del corpo umano. Ha un ruolo fondamentale nella struttura e nella resistenza del tessuto connettivo in varie parti del corpo, tra cui pelle, cartilagine, articolazioni, ossa, muscoli e legamenti. \u00c8 costituita da lunghe catene di aminoacidi, principalmente idrossiprolina, glicina e prolina, e forma fasci di fibre che sostengono i tessuti e li mantengono saldi.<\/p>\n\t\t<\/div>\n\t<\/div>\n\t\n\t<div id=\"accordion-1628090555\" class=\"accordion-item\">\n\t\t<a id=\"accordion-1628090555-label\" class=\"accordion-title plain\" href=\"#accordion-item-wieso-kein-marine-kollagen?\" aria-expanded=\"false\" aria-controls=\"accordion-1628090555-content\">\n\t\t\t<button class=\"toggle\" aria-label=\"Attiva\/Disattiva\"><i class=\"icon-angle-down\" aria-hidden=\"true\"><\/i><\/button>\n\t\t\t<span>Perch\u00e9 non il collagene marino?<\/span>\n\t\t<\/a>\n\t\t<div id=\"accordion-1628090555-content\" class=\"accordion-inner\" aria-labelledby=\"accordion-1628090555-label\">\n\t\t\t\n<p>Un luogo comune diffuso: il collagene marino \u00e8 migliore, o addirittura vegano.<br \/>Il fatto \u00e8 che il collagene marino si ottiene dalla pelle, dalle squame o dalle lische dei pesci. Pertanto, \u00e8 <strong>non vegano<\/strong> \u2013 ma di origine animale, proprio come il nostro collagene bovino.<\/p>\n<p>Ci\u00f2 che molti non sanno: l&#039;idea che &quot;il pesce \u00e8 meglio&quot;, <strong>basato sul marketing, non sull&#039;efficacia.<\/strong><\/p>\n<p>Purezza, forma peptidica e biodisponibilit\u00e0 sono fattori cruciali e noi li forniamo in modo affidabile con il nostro collagene bovino di alta qualit\u00e0.<\/p>\n<p>Un altro vantaggio: evitiamo deliberatamente le fonti marine, perch\u00e9 molti stock ittici sono sovrasfruttati. <strong>Il nostro collagene proviene da fonti bovine gestite in modo responsabile: pi\u00f9 sostenibile, potente e senza inquinamento marino.<\/strong><\/p>\n\t\t<\/div>\n\t<\/div>\n\t\n\t<div id=\"accordion-1021375101\" class=\"accordion-item\">\n\t\t<a id=\"accordion-1021375101-label\" class=\"accordion-title plain\" href=\"#accordion-item-wieso-kein-veganes-kollagen?\" aria-expanded=\"false\" aria-controls=\"accordion-1021375101-content\">\n\t\t\t<button class=\"toggle\" aria-label=\"Attiva\/Disattiva\"><i class=\"icon-angle-down\" aria-hidden=\"true\"><\/i><\/button>\n\t\t\t<span>Perch\u00e9 non il collagene vegano?<\/span>\n\t\t<\/a>\n\t\t<div id=\"accordion-1021375101-content\" class=\"accordion-inner\" aria-labelledby=\"accordion-1021375101-label\">\n\t\t\t\n<p>Un'idea sbagliata comune \u00e8 che il collagene possa essere prodotto con materie prime vegane. Non esiste un collagene vegano. Utilizziamo collagene di tipo 1 e 3, che \u00e8 preferibile per ottenere una bella pelle.<\/p>\n\t\t<\/div>\n\t<\/div>\n\t\n\t<div id=\"accordion-317176116\" class=\"accordion-item\">\n\t\t<a id=\"accordion-317176116-label\" class=\"accordion-title plain\" href=\"#accordion-item-was-ist-kollagen-hydrolysat?\" aria-expanded=\"false\" aria-controls=\"accordion-317176116-content\">\n\t\t\t<button class=\"toggle\" aria-label=\"Attiva\/Disattiva\"><i class=\"icon-angle-down\" aria-hidden=\"true\"><\/i><\/button>\n\t\t\t<span>Che cos'\u00e8 l'idrolizzato di collagene?<\/span>\n\t\t<\/a>\n\t\t<div id=\"accordion-317176116-content\" class=\"accordion-inner\" aria-labelledby=\"accordion-317176116-label\">\n\t\t\t\n<p>L'idrolizzato di collagene \u00e8 una forma speciale di proteina. Speciali processi enzimatici rendono la proteina strutturale solubile in acqua, in modo che il corpo possa assorbirla in modo ideale e incorporarla in modo efficiente nella sua struttura di collagene. Grazie alla sua alta qualit\u00e0, l'idrolizzato non solo ha un'elevata biodisponibilit\u00e0, ma \u00e8 anche molto ben tollerato.<\/p>\n\t\t<\/div>\n\t<\/div>\n\t\n\t<div id=\"accordion-3825925345\" class=\"accordion-item\">\n\t\t<a id=\"accordion-3825925345-label\" class=\"accordion-title plain\" href=\"#accordion-item-collagen-energy-f\u00fcr-sport-oder-f\u00fcr-den-alltag?\" aria-expanded=\"false\" aria-controls=\"accordion-3825925345-content\">\n\t\t\t<button class=\"toggle\" aria-label=\"Attiva\/Disattiva\"><i class=\"icon-angle-down\" aria-hidden=\"true\"><\/i><\/button>\n\t\t\t<span>Collagene-Energia per lo sport o per la vita quotidiana?<\/span>\n\t\t<\/a>\n\t\t<div id=\"accordion-3825925345-content\" class=\"accordion-inner\" aria-labelledby=\"accordion-3825925345-label\">\n\t\t\t\n<p>La bevanda energetica al collagene \u00e8 adatta sia agli atleti che all'uso quotidiano.<\/p>\n<p>Il collagene contenuto supporta il tessuto connettivo, la pelle, i capelli, le articolazioni e le ossa, con particolare beneficio per gli atleti che sottopongono queste aree a forte stress. Inoltre, la nostra bevanda contiene 150 mg di caffeina per porzione, il che la rende perfetta per gli atleti che cercano una spinta energetica e prestazionale in pi\u00f9.<\/p>\n<p>Per la vita di tutti i giorni, la nostra bevanda offre un effetto rinvigorente e sostiene la salute di pelle, capelli e unghie, che diminuiscono con l'et\u00e0; aiuta inoltre a dare energia ed \u00e8 estiva, rinfrescante e dal gusto naturale.<\/p>\n\t\t<\/div>\n\t<\/div>\n\t\n\t<div id=\"accordion-1337518581\" class=\"accordion-item\">\n\t\t<a id=\"accordion-1337518581-label\" class=\"accordion-title plain\" href=\"#accordion-item-welcher-collagen-typ-ist-enthalten?\" aria-expanded=\"false\" aria-controls=\"accordion-1337518581-content\">\n\t\t\t<button class=\"toggle\" aria-label=\"Attiva\/Disattiva\"><i class=\"icon-angle-down\" aria-hidden=\"true\"><\/i><\/button>\n\t\t\t<span>Quale tipo di collagene \u00e8 incluso?<\/span>\n\t\t<\/a>\n\t\t<div id=\"accordion-1337518581-content\" class=\"accordion-inner\" aria-labelledby=\"accordion-1337518581-label\">\n\t\t\t\n<p>Collagen Energy contiene i 2 tipi di collagene pi\u00f9 diffusi, il tipo 1 e il tipo 3.<\/p>\n<p>Il collagene di tipo 1 \u00e8 quello pi\u00f9 abbondante nell'organismo e si trova soprattutto nella pelle, nei tendini, nei legamenti e nelle ossa. Conferisce alla pelle tono ed elasticit\u00e0 e aiuta a riparare le lesioni a tendini e legamenti.<\/p>\n<p>Il collagene di tipo 3, noto anche come collagene reticolare, si trova principalmente nei muscoli, nei vasi sanguigni e negli organi.<\/p>\n\t\t<\/div>\n\t<\/div>\n\t\n<\/div>","protected":false},"excerpt":{"rendered":"<h2>Glow up &amp; Show up \u2013 ad ogni sorso.<\/h2>\n<h4 class=\"translation-block\"><strong>La bevanda beauty funzionale per focus, luminosit\u00e0 &amp; energia.<\/strong>\nCollagen Energy unisce collagene idrolizzato, estratti vegetali e fonti naturali di caffeina \u2013 pensata appositamente per le esigenze delle donne attive.\nPer una partenza fresca, pi\u00f9 energia ogni giorno e una luminosit\u00e0 che nasce da dentro.*<\/h4>","protected":false},"featured_media":943263,"comment_status":"open","ping_status":"closed","template":"","meta":{"slim_seo":{"title":"Energia del collagene - FitNFemale\u00ae","description":"Illumina e mostrati al meglio, a ogni sorso. La bevanda di bellezza funzionale per concentrazione, luminosit\u00e0 ed energia. Collagen Energy combina collagene idrolizzato,"}},"product_brand":[],"product_cat":[6508,6629,401,6671],"product_tag":[6487,6486,6489],"class_list":{"0":"post-660258","1":"product","2":"type-product","3":"status-publish","4":"has-post-thumbnail","6":"product_cat-promo-25","7":"product_cat-basic","8":"product_cat-health","9":"product_cat-topdeals","10":"product_tag-beauty","11":"product_tag-collagen","12":"product_tag-skin","13":"pa_anwendungsbereiche-bindegewebe","14":"pa_anwendungsbereiche-energy","15":"pa_anwendungsbereiche-for-your-workout","16":"pa_anwendungsbereiche-gelenke-und-knochen","17":"pa_anwendungsbereiche-skin-hair-nails","18":"pa_anwendungsbereiche-immune-system","19":"pa_marke-fitnfemale","20":"pa_misc-aspartamfree","21":"pa_misc-glutenfree","22":"pa_misc-lactosefree","23":"pa_nutritionfactinfo-nofat","24":"pa_nutritionfactinfo-nocarbs","25":"pa_nutritionfactinfo-nosugar","26":"pa_schwangerschaft-nicht-geeignet","27":"pa_stillzeit-nicht-geeignet","28":"pa_vegan-nein","30":"first","31":"instock","32":"taxable","33":"shipping-taxable","34":"purchasable","35":"product-type-variable","36":"has-default-attributes"},"bundled_by":["663238","627268","738344","786592","738226","5033","956371"],"bundle_stock_status":"instock","bundle_stock_quantity":null,"bundle_virtual":false,"bundle_layout":"","bundle_add_to_cart_form_location":"","bundle_editable_in_cart":false,"bundle_sold_individually_context":"","bundle_item_grouping":"","bundle_min_size":"","bundle_max_size":"","bundle_price":[],"bundled_items":[],"bundle_sell_ids":[],"gallery_images":[953137,934353,953319,950470,953001,953477,953479,953478,953317,739094,971231],"_links":{"self":[{"href":"https:\/\/fitnfemale.com\/it\/wp-json\/wp\/v2\/product\/660258","targetHints":{"allow":["GET"]}}],"collection":[{"href":"https:\/\/fitnfemale.com\/it\/wp-json\/wp\/v2\/product"}],"about":[{"href":"https:\/\/fitnfemale.com\/it\/wp-json\/wp\/v2\/types\/product"}],"replies":[{"embeddable":true,"href":"https:\/\/fitnfemale.com\/it\/wp-json\/wp\/v2\/comments?post=660258"}],"wp:featuredmedia":[{"embeddable":true,"href":"https:\/\/fitnfemale.com\/it\/wp-json\/wp\/v2\/media\/943263"}],"wp:attachment":[{"href":"https:\/\/fitnfemale.com\/it\/wp-json\/wp\/v2\/media?parent=660258"}],"wp:term":[{"taxonomy":"product_brand","embeddable":true,"href":"https:\/\/fitnfemale.com\/it\/wp-json\/wp\/v2\/product_brand?post=660258"},{"taxonomy":"product_cat","embeddable":true,"href":"https:\/\/fitnfemale.com\/it\/wp-json\/wp\/v2\/product_cat?post=660258"},{"taxonomy":"product_tag","embeddable":true,"href":"https:\/\/fitnfemale.com\/it\/wp-json\/wp\/v2\/product_tag?post=660258"}],"curies":[{"name":"parola chiave","href":"https:\/\/api.w.org\/{rel}","templated":true}]}}