{"id":606937,"date":"2021-07-12T12:22:08","date_gmt":"2021-07-12T11:22:08","guid":{"rendered":"https:\/\/fitnfemale.com\/?post_type=product&#038;p=606937"},"modified":"2022-11-20T08:20:56","modified_gmt":"2022-11-20T07:20:56","slug":"strong-workout-set","status":"publish","type":"product","link":"https:\/\/fitnfemale.com\/it\/prodotto\/strong-workout-set\/","title":{"rendered":"Set di allenamento forte"},"content":{"rendered":"<p><strong>Con questo set si ottiene un'alimentazione ottimale prima, durante e dopo l'allenamento.<br \/>\n<\/strong><\/p>\n<p><strong>Prima dell'allenamento - calcio pre-allenamento<\/strong><br \/>\nPINK RUSH \u00e8 un integratore pre-allenamento di ultima generazione con formula Muscle-Tone. Volete ottenere il massimo dal vostro allenamento? Allora PINK RUSH fa al caso vostro. Con ingredienti di punta ad alto dosaggio come beta-alanina, caffeina, creatina, chetoni di lampone, L-tirosina, estratto di arancia amara e L-arginina, PINK RUSH d\u00e0 al vostro allenamento la spinta perfetta! Un mix di vitamine, minerali e un dosaggio di creatina studiato su misura per le donne garantiscono risultati ottimali.<\/p>\n<p><strong>Durante l'allenamento - Intra Workout<br \/>\n<\/strong>Train \u00e8 la deliziosa bevanda all-in-one per lo sforzo fisico e fornisce alle donne esattamente ci\u00f2 di cui hanno bisogno durante l'allenamento. EAA di alta qualit\u00e0 in forma ultramicronizzata, combinati con L-carnitina per la produzione di energia attraverso gli acidi grassi. TRAIN \u00e8 inoltre arricchito con magnesio, ferro e riboflavina (vitamina B2) altamente disponibili. TRAIN pu\u00f2 essere assunto durante una dieta, ma anche durante una fase di accumulo durante l'allenamento. Il delizioso gusto pesca e t\u00e8 freddo completa questo prodotto.<\/p>\n<p><strong>Dopo l'allenamento o al mattino dopo essersi alzati<br \/>\n<\/strong>\u00e8 una proteina del siero di latte isolata con proteine 97%. \u00c8 il prodotto proteico per eccellenza a bassissimo contenuto di grassi, carboidrati e lattosio, adatto anche agli intolleranti al lattosio.<\/p>","protected":false},"excerpt":{"rendered":"<p>Mit diesem Set bist du optimal versorgt vor, w\u00e4hrend und nach deinem Training. Vor dem Training &#8211; Pre-Workout Kick PINK RUSH ist ein Pre-Workout Booster der neusten Generation mit Muscle-Tone Formula. M\u00f6chtest du das Maximum aus deinem Training rausholen? Dann ist der PINK RUSH genau das Richtige f\u00fcr dich. Mit hochdosierten Top-Inhaltsstoffen wie Beta-Alanin, Koffein, [&#8230;]\n","protected":false},"featured_media":606940,"comment_status":"closed","ping_status":"closed","template":"","meta":{"slim_seo":{"title":"Set di allenamento intenso - FitNFemale\u00ae","description":"Questo set ti offre un supporto ottimale prima, durante e dopo l&#039;allenamento. Prima dell&#039;allenamento - Pre-Workout Kick PINK RUSH \u00e8 un nuovo integratore pre-allenamento."}},"product_brand":[],"product_cat":[6364,6290],"product_tag":[],"class_list":{"0":"post-606937","1":"product","2":"type-product","3":"status-publish","4":"has-post-thumbnail","6":"product_cat-promo-30","7":"product_cat-set","9":"first","10":"instock","11":"virtual","12":"taxable","13":"purchasable","14":"product-type-bundle"},"bundled_by":[],"bundle_stock_status":"insufficientstock","bundle_stock_quantity":0,"bundle_virtual":false,"bundle_layout":"default","bundle_add_to_cart_form_location":"default","bundle_editable_in_cart":false,"bundle_sold_individually_context":"product","bundle_item_grouping":"parent","bundle_min_size":"","bundle_max_size":"","bundle_price":{"price":{"min":{"incl_tax":"73.6","excl_tax":"71.734893"},"max":{"incl_tax":"73.6","excl_tax":"71.734893"}},"regular_price":{"min":{"incl_tax":"73.6","excl_tax":"71.734893"},"max":{"incl_tax":"73.6","excl_tax":"71.734893"}}},"bundled_items":[{"bundled_item_id":307,"product_id":5079,"menu_order":0,"quantity_min":1,"quantity_max":1,"quantity_default":1,"priced_individually":false,"shipped_individually":false,"override_title":false,"title":"Pink Rush (Muscle Tone Booster)","override_description":false,"description":"","optional":false,"hide_thumbnail":false,"discount":"","override_variations":false,"allowed_variations":[],"override_default_variation_attributes":false,"default_variation_attributes":[],"single_product_visibility":"visible","cart_visibility":"visible","order_visibility":"visible","single_product_price_visibility":"visible","cart_price_visibility":"visible","order_price_visibility":"visible","stock_status":"in_stock"},{"bundled_item_id":308,"product_id":217135,"menu_order":1,"quantity_min":1,"quantity_max":1,"quantity_default":1,"priced_individually":false,"shipped_individually":false,"override_title":false,"title":"TRENO - pi\u00f9 efficace","override_description":false,"description":"","optional":false,"hide_thumbnail":false,"discount":"","override_variations":false,"allowed_variations":[],"override_default_variation_attributes":false,"default_variation_attributes":[],"single_product_visibility":"visible","cart_visibility":"visible","order_visibility":"visible","single_product_price_visibility":"visible","cart_price_visibility":"visible","order_price_visibility":"visible","stock_status":"out_of_stock"},{"bundled_item_id":309,"product_id":33575,"menu_order":2,"quantity_min":1,"quantity_max":1,"quantity_default":1,"priced_individually":false,"shipped_individually":false,"override_title":false,"title":"Siero di latte isolato","override_description":false,"description":"","optional":false,"hide_thumbnail":false,"discount":"","override_variations":false,"allowed_variations":[],"override_default_variation_attributes":false,"default_variation_attributes":[],"single_product_visibility":"visible","cart_visibility":"visible","order_visibility":"visible","single_product_price_visibility":"visible","cart_price_visibility":"visible","order_price_visibility":"visible","stock_status":"in_stock"},{"bundled_item_id":310,"product_id":552595,"menu_order":3,"quantity_min":1,"quantity_max":1,"quantity_default":1,"priced_individually":false,"shipped_individually":false,"override_title":false,"title":"Il nero \u00e8 bello Shaker","override_description":false,"description":"","optional":false,"hide_thumbnail":false,"discount":"","override_variations":false,"allowed_variations":[],"override_default_variation_attributes":false,"default_variation_attributes":[],"single_product_visibility":"visible","cart_visibility":"visible","order_visibility":"visible","single_product_price_visibility":"visible","cart_price_visibility":"visible","order_price_visibility":"visible","stock_status":"out_of_stock"}],"bundle_sell_ids":[],"gallery_images":[408161,605619,570889,567963,583664],"_links":{"self":[{"href":"https:\/\/fitnfemale.com\/it\/wp-json\/wp\/v2\/product\/606937","targetHints":{"allow":["GET"]}}],"collection":[{"href":"https:\/\/fitnfemale.com\/it\/wp-json\/wp\/v2\/product"}],"about":[{"href":"https:\/\/fitnfemale.com\/it\/wp-json\/wp\/v2\/types\/product"}],"replies":[{"embeddable":true,"href":"https:\/\/fitnfemale.com\/it\/wp-json\/wp\/v2\/comments?post=606937"}],"wp:featuredmedia":[{"embeddable":true,"href":"https:\/\/fitnfemale.com\/it\/wp-json\/wp\/v2\/media\/606940"}],"wp:attachment":[{"href":"https:\/\/fitnfemale.com\/it\/wp-json\/wp\/v2\/media?parent=606937"}],"wp:term":[{"taxonomy":"product_brand","embeddable":true,"href":"https:\/\/fitnfemale.com\/it\/wp-json\/wp\/v2\/product_brand?post=606937"},{"taxonomy":"product_cat","embeddable":true,"href":"https:\/\/fitnfemale.com\/it\/wp-json\/wp\/v2\/product_cat?post=606937"},{"taxonomy":"product_tag","embeddable":true,"href":"https:\/\/fitnfemale.com\/it\/wp-json\/wp\/v2\/product_tag?post=606937"}],"curies":[{"name":"parola chiave","href":"https:\/\/api.w.org\/{rel}","templated":true}]}}