{"id":58627,"date":"2018-09-13T08:44:22","date_gmt":"2018-09-13T07:44:22","guid":{"rendered":"https:\/\/fitnfemale.com\/?post_type=product&#038;p=58627"},"modified":"2024-01-12T15:05:49","modified_gmt":"2024-01-12T14:05:49","slug":"shape-express-bundle","status":"publish","type":"product","link":"https:\/\/fitnfemale.com\/it\/prodotto\/shape-express-bundle\/","title":{"rendered":"Pacchetto Shape Express"},"content":{"rendered":"<div class=\"message-box relative dark\" style=\"padding-top:15px;padding-bottom:15px;\"><div class=\"message-box-bg-image bg-fill fill\" ><\/div><div class=\"message-box-bg-overlay bg-fill fill\" style=\"background-color:rgb(194, 156, 160);\"><\/div><div class=\"container relative\"><div class=\"inner last-reset\">\n<div class=\"row align-middle align-center\"  id=\"row-1620188305\">\n\n\t<div id=\"col-1495710756\" class=\"col small-12 large-12\"  >\n\t\t\t\t<div class=\"col-inner\"  >\n\t\t\t\n\t\t\t\n<p>Subito dopo l&#039;acquisto, riceverai automaticamente un questionario via e-mail. Ti preghiamo di restituircelo con le tue risposte il prima possibile, cos\u00ec potremo creare un piano personalizzato per te.<\/p>\n\t\t<\/div>\n\t\t\t\t\t<\/div>\n\n\t\n<\/div>\n<\/div><\/div><\/div>\n\t<div id=\"gap-415693476\" class=\"gap-element clearfix\" style=\"display:block; height:auto;\">\n\t\t\n<style>\n#gap-415693476 {\n  padding-top: 11px;\n}\n<\/style>\n\t<\/div>\n\t\n<div class=\"accordion\">\n\t<div id=\"accordion-1268723709\" class=\"accordion-item\">\n\t\t<a id=\"accordion-1268723709-label\" class=\"accordion-title plain\" href=\"#accordion-item-zus\u00e4tzliche-informationen\" aria-expanded=\"false\" aria-controls=\"accordion-1268723709-content\">\n\t\t\t<button class=\"toggle\" aria-label=\"Attiva\/Disattiva\"><i class=\"icon-angle-down\" aria-hidden=\"true\"><\/i><\/button>\n\t\t\t<span>Informazioni aggiuntive<\/span>\n\t\t<\/a>\n\t\t<div id=\"accordion-1268723709-content\" class=\"accordion-inner\" aria-labelledby=\"accordion-1268723709-label\">\n\t\t\t\n<ul>\n<li>Il piano vi sar\u00e0 inviato per via elettronica dopo l'invio dei vostri dati. I piani e gli eBook sono esclusi dal diritto di recesso.<\/li>\n<li>Il piano \u00e8 attualmente disponibile solo in tedesco.<\/li>\n<li>Se si desidera annullare l'acquisto dei prodotti Bikini Bundle dopo averli ricevuti, verranno comunque addebitati 40,00 euro\/franchi svizzeri per il piano, che non potranno essere rimborsati.<\/li>\n<li>Subito dopo l'acquisto, riceverete un'e-mail con domande sulla vostra linea di base, necessarie per determinare il vostro fabbisogno energetico.<\/li>\n<li>Il pacchetto comprende un metodo (soluzione) per ottenere i risultati pi\u00f9 rapidi possibili. Per un piano nutrizionale e\/o un piano di allenamento olistico, consigliamo i prodotti \"<a href=\"\/it\/shop\/your-nutrizione-piano\/\">Il vostro piano nutrizionale<\/a>\" o \"<a href=\"\/it\/shop\/get-lean-training-nutrizione-piano\/\">Piano Lean<\/a>\u201e.<\/li>\n<\/ul>\n\t\t<\/div>\n\t<\/div>\n\t\n\t<div id=\"accordion-297391904\" class=\"accordion-item\">\n\t\t<a id=\"accordion-297391904-label\" class=\"accordion-title plain\" href=\"#accordion-item-ziele\" aria-expanded=\"false\" aria-controls=\"accordion-297391904-content\">\n\t\t\t<button class=\"toggle\" aria-label=\"Attiva\/Disattiva\"><i class=\"icon-angle-down\" aria-hidden=\"true\"><\/i><\/button>\n\t\t\t<span>Obiettivi<\/span>\n\t\t<\/a>\n\t\t<div id=\"accordion-297391904-content\" class=\"accordion-inner\" aria-labelledby=\"accordion-297391904-label\">\n\t\t\t\n<p>\u00e8 sentirsi bene nel proprio corpo. I tempi di 3 - 4 settimane sono stretti, a seconda del punto di partenza, ma sicuramente sarete pi\u00f9 in forma (anche) di prima. Il piano \u00e8 studiato in modo da poterlo svolgere parallelamente al proprio lavoro. Non c'\u00e8 un conteggio rigoroso delle calorie, ma \u00e8 importante attenersi agli orari di assunzione e di allenamento indicati durante questo periodo. Non \u00e8 necessario fare la fame, ma \u00e8 obbligatorio mangiare in modo sano e consapevole, tranne che per i giorni di dieta (1 volta a settimana).<\/p>\n\t\t<\/div>\n\t<\/div>\n\t\n\t<div id=\"accordion-2196859978\" class=\"accordion-item\">\n\t\t<a id=\"accordion-2196859978-label\" class=\"accordion-title plain\" href=\"#accordion-item-individueller-plan-in-pdf-form\" aria-expanded=\"false\" aria-controls=\"accordion-2196859978-content\">\n\t\t\t<button class=\"toggle\" aria-label=\"Attiva\/Disattiva\"><i class=\"icon-angle-down\" aria-hidden=\"true\"><\/i><\/button>\n\t\t\t<span>Piano personalizzato in formato PDF<\/span>\n\t\t<\/a>\n\t\t<div id=\"accordion-2196859978-content\" class=\"accordion-inner\" aria-labelledby=\"accordion-2196859978-label\">\n\t\t\t\n<p>Riceverete i documenti via e-mail (PDF), cio\u00e8 in formato elettronico. Poich\u00e9 il piano contiene singole parti, riceverete il piano entro 12 ore dalla ricezione dei prodotti.<\/p>\n\t\t<\/div>\n\t<\/div>\n\t\n<\/div>\n<div class=\"container section-title-container\" style=\"margin-bottom:-10px;\"><h3 class=\"section-title section-title-center\"><b aria-hidden=\"true\"><\/b><span class=\"section-title-main\" ><i class=\"icon-heart\" aria-hidden=\"true\"><\/i>Storie di successo<\/span><b aria-hidden=\"true\"><\/b><\/h3><\/div>\n\t<div id=\"text-2586248417\" class=\"text\">\n\t\t\n<p>Abbraccia la tua bellezza unica - raggiungi la tua personale figura di benessere con FitNFemale.<\/p>\n\t\t\n<style>\n#text-2586248417 {\n  text-align: center;\n}\n<\/style>\n\t<\/div>\n\t\n<div class=\"row row-collapse\"  id=\"row-974988246\">\n\n\n\t<div id=\"col-428024852\" class=\"col small-12 large-12\"  >\n\t\t\t\t<div class=\"col-inner\"  >\n\t\t\t\n\t\t\t\n\n<div class=\"slider-wrapper relative\" id=\"slider-1890697668\" >\n    <div class=\"slider slider-nav-dots-dashes-spaced slider-nav-circle slider-nav-large slider-nav-dark slider-style-normal\"\n        data-flickity-options='{            \"cellAlign\": \"center\",            \"imagesLoaded\": true,            \"lazyLoad\": 1,            \"freeScroll\": false,            \"wrapAround\": true,            \"autoPlay\": 6000,            \"pauseAutoPlayOnHover\" : true,            \"prevNextButtons\": true,            \"contain\" : true,            \"adaptiveHeight\" : true,            \"dragThreshold\" : 10,            \"percentPosition\": true,            \"pageDots\": true,            \"rightToLeft\": false,            \"draggable\": true,            \"selectedAttraction\": 0.1,            \"parallax\" : 0,            \"friction\": 0.6        }'\n        >\n        \n\n<div class=\"row row-small row-full-width align-center row-divided\"  id=\"row-1349612088\">\n\n\n\t<div id=\"col-103319494\" class=\"col medium-6 small-12 large-6\"  >\n\t\t\t\t<div class=\"col-inner\" style=\"background-color:rgb(255,255,255);\" >\n\t\t\t\n\t\t\t\n\n\t<div class=\"box has-hover   has-hover box-text-bottom\" >\n\n\t\t<div class=\"box-image\" >\n\t\t\t\t\t\t<div class=\"\" >\n\t\t\t\t<img decoding=\"async\" width=\"768\" height=\"768\" src=\"https:\/\/fitnfemale.com\/wp-content\/uploads\/tanja-768x768.jpg\" class=\"attachment-medium_large size-medium_large\" alt=\"Tanja\" srcset=\"https:\/\/fitnfemale.com\/wp-content\/uploads\/tanja-768x768.jpg 768w, https:\/\/fitnfemale.com\/wp-content\/uploads\/tanja-200x200.jpg 200w, https:\/\/fitnfemale.com\/wp-content\/uploads\/tanja-1000x1000.jpg 1000w, https:\/\/fitnfemale.com\/wp-content\/uploads\/tanja-400x400.jpg 400w, https:\/\/fitnfemale.com\/wp-content\/uploads\/tanja-800x800.jpg 800w, https:\/\/fitnfemale.com\/wp-content\/uploads\/tanja-280x280.jpg 280w, https:\/\/fitnfemale.com\/wp-content\/uploads\/tanja-12x12.jpg 12w, https:\/\/fitnfemale.com\/wp-content\/uploads\/tanja.jpg 1024w\" sizes=\"(max-width: 768px) 100vw, 768px\" \/>\t\t\t\t\t\t\t\t\t\t\t<\/div>\n\t\t\t\t\t<\/div>\n\n\t\t<div class=\"box-text text-center\" >\n\t\t\t<div class=\"box-text-inner\">\n\t\t\t\t\n\n<h4><strong>Tanja<\/strong><\/h4>\n<p>Successo personale: -8 kg<\/p>\n\n\t\t\t<\/div>\n\t\t<\/div>\n\t<\/div>\n\t\n\n\t\t<\/div>\n\t\t\t\t\n<style>\n#col-103319494 > .col-inner {\n  margin: 10px 0px 10px 0px;\n}\n<\/style>\n\t<\/div>\n\n\t\n\n<\/div>\n<div class=\"row row-small row-full-width align-center row-divided\"  id=\"row-996336749\">\n\n\n\t<div id=\"col-1155712326\" class=\"col medium-6 small-12 large-6\"  >\n\t\t\t\t<div class=\"col-inner\"  >\n\t\t\t\n\t\t\t\n\n\t<div class=\"box has-hover   has-hover box-text-bottom\" >\n\n\t\t<div class=\"box-image\" >\n\t\t\t\t\t\t<div class=\"\" >\n\t\t\t\t<img decoding=\"async\" width=\"768\" height=\"768\" src=\"https:\/\/fitnfemale.com\/wp-content\/uploads\/ana-tranformation-fnf-768x768.jpg\" class=\"attachment-medium_large size-medium_large\" alt=\"Trasformazione Ana fnf\" srcset=\"https:\/\/fitnfemale.com\/wp-content\/uploads\/ana-tranformation-fnf-768x768.jpg 768w, https:\/\/fitnfemale.com\/wp-content\/uploads\/ana-tranformation-fnf-200x200.jpg 200w, https:\/\/fitnfemale.com\/wp-content\/uploads\/ana-tranformation-fnf-1000x1000.jpg 1000w, https:\/\/fitnfemale.com\/wp-content\/uploads\/ana-tranformation-fnf-400x400.jpg 400w, https:\/\/fitnfemale.com\/wp-content\/uploads\/ana-tranformation-fnf-800x800.jpg 800w, https:\/\/fitnfemale.com\/wp-content\/uploads\/ana-tranformation-fnf-280x280.jpg 280w, https:\/\/fitnfemale.com\/wp-content\/uploads\/ana-tranformation-fnf-12x12.jpg 12w, https:\/\/fitnfemale.com\/wp-content\/uploads\/ana-tranformation-fnf.jpg 1024w\" sizes=\"(max-width: 768px) 100vw, 768px\" \/>\t\t\t\t\t\t\t\t\t\t\t<\/div>\n\t\t\t\t\t<\/div>\n\n\t\t<div class=\"box-text text-center\" >\n\t\t\t<div class=\"box-text-inner\">\n\t\t\t\t\n\n<h4><strong>Ana<\/strong><\/h4>\n<p>Successo personale -5 kg<\/p>\n\n\n\t\t\t<\/div>\n\t\t<\/div>\n\t<\/div>\n\t\n\n\t\t<\/div>\n\t\t\t\t\n<style>\n#col-1155712326 > .col-inner {\n  margin: 10px 0px 10px 0px;\n}\n<\/style>\n\t<\/div>\n\n\t\n\n\n<style>\n#row-996336749 > .col > .col-inner {\n  background-color: rgb(255, 255, 255);\n}\n<\/style>\n<\/div>\n<div class=\"row row-small row-full-width align-center row-divided\"  id=\"row-105234486\">\n\n\n\t<div id=\"col-1265786486\" class=\"col medium-6 small-12 large-6\"  >\n\t\t\t\t<div class=\"col-inner\"  >\n\t\t\t\n\t\t\t\n\n\t<div class=\"box has-hover   has-hover box-text-bottom\" >\n\n\t\t<div class=\"box-image\" >\n\t\t\t\t\t\t<div class=\"\" >\n\t\t\t\t<img decoding=\"async\" width=\"768\" height=\"768\" src=\"https:\/\/fitnfemale.com\/wp-content\/uploads\/Unbenannt-10-768x768.jpg\" class=\"attachment-medium_large size-medium_large\" alt=\"Senza nome\" srcset=\"https:\/\/fitnfemale.com\/wp-content\/uploads\/Unbenannt-10-768x768.jpg 768w, https:\/\/fitnfemale.com\/wp-content\/uploads\/Unbenannt-10-200x200.jpg 200w, https:\/\/fitnfemale.com\/wp-content\/uploads\/Unbenannt-10-1000x1000.jpg 1000w, https:\/\/fitnfemale.com\/wp-content\/uploads\/Unbenannt-10-400x400.jpg 400w, https:\/\/fitnfemale.com\/wp-content\/uploads\/Unbenannt-10-800x800.jpg 800w, https:\/\/fitnfemale.com\/wp-content\/uploads\/Unbenannt-10-280x280.jpg 280w, https:\/\/fitnfemale.com\/wp-content\/uploads\/Unbenannt-10-12x12.jpg 12w, https:\/\/fitnfemale.com\/wp-content\/uploads\/Unbenannt-10.jpg 1024w\" sizes=\"(max-width: 768px) 100vw, 768px\" \/>\t\t\t\t\t\t\t\t\t\t\t<\/div>\n\t\t\t\t\t<\/div>\n\n\t\t<div class=\"box-text text-center\" >\n\t\t\t<div class=\"box-text-inner\">\n\t\t\t\t\n\n<h4><strong>Sarah<\/strong><\/h4>\n<p>Successo personale: -10 kg<\/p>\n\n\t\t\t<\/div>\n\t\t<\/div>\n\t<\/div>\n\t\n\n\t\t<\/div>\n\t\t\t\t\n<style>\n#col-1265786486 > .col-inner {\n  margin: 10px 0px 10px 0px;\n}\n<\/style>\n\t<\/div>\n\n\t\n\n\n<style>\n#row-105234486 > .col > .col-inner {\n  padding: 0px 0px 0px 0px;\n  background-color: rgb(255, 255, 255);\n}\n<\/style>\n<\/div>\n<div class=\"row row-small row-full-width align-center row-divided\"  id=\"row-1690035063\">\n\n\n\t<div id=\"col-1169894121\" class=\"col medium-6 small-12 large-6\"  >\n\t\t\t\t<div class=\"col-inner\" style=\"background-color:rgb(255, 255, 255);\" >\n\t\t\t\n\t\t\t\n\n\t<div class=\"box has-hover   has-hover box-text-bottom\" >\n\n\t\t<div class=\"box-image\" >\n\t\t\t\t\t\t<div class=\"\" >\n\t\t\t\t<img decoding=\"async\" width=\"768\" height=\"768\" src=\"https:\/\/fitnfemale.com\/wp-content\/uploads\/denisa-768x768.jpg\" class=\"attachment-medium_large size-medium_large\" alt=\"Denisa\" srcset=\"https:\/\/fitnfemale.com\/wp-content\/uploads\/denisa-768x768.jpg 768w, https:\/\/fitnfemale.com\/wp-content\/uploads\/denisa-200x200.jpg 200w, https:\/\/fitnfemale.com\/wp-content\/uploads\/denisa-1000x1000.jpg 1000w, https:\/\/fitnfemale.com\/wp-content\/uploads\/denisa-400x400.jpg 400w, https:\/\/fitnfemale.com\/wp-content\/uploads\/denisa-800x800.jpg 800w, https:\/\/fitnfemale.com\/wp-content\/uploads\/denisa-280x280.jpg 280w, https:\/\/fitnfemale.com\/wp-content\/uploads\/denisa-12x12.jpg 12w, https:\/\/fitnfemale.com\/wp-content\/uploads\/denisa.jpg 1024w\" sizes=\"(max-width: 768px) 100vw, 768px\" \/>\t\t\t\t\t\t\t\t\t\t\t<\/div>\n\t\t\t\t\t<\/div>\n\n\t\t<div class=\"box-text text-center\" >\n\t\t\t<div class=\"box-text-inner\">\n\t\t\t\t\n\n<h4><strong>Denisa<\/strong><\/h4>\n<p>Successo personale -6 kg<\/p>\n\n\t\t\t<\/div>\n\t\t<\/div>\n\t<\/div>\n\t\n\n\t\t<\/div>\n\t\t\t\t\n<style>\n#col-1169894121 > .col-inner {\n  margin: 10px 0px 10px 0px;\n}\n<\/style>\n\t<\/div>\n\n\t\n\n\n<style>\n#row-1690035063 > .col > .col-inner {\n  padding: 0px 0px 0px 0px;\n  background-color: rgb(255, 255, 255);\n}\n<\/style>\n<\/div>\n\n     <\/div>\n\n     <div class=\"loading-spin dark large centered\"><\/div>\n\n\t<\/div>\n\n\n\n\t\t<\/div>\n\t\t\t\t\t<\/div>\n\n\t\n\n\n<style>\n#row-974988246 > .col > .col-inner {\n  background-color: rgb(245, 245, 245);\n}\n<\/style>\n<\/div>","protected":false},"excerpt":{"rendered":"<h2>Siete motivati e volete iniziare subito? Allora questo pacchetto fa al caso vostro!<\/h2>\n<h4>Il nome dice tutto ed \u00e8 stato realizzato appositamente per la stagione estiva.<\/h4>\n<ul>\n<li class=\"bullet-star\">Prodotti coordinati abbinati a linee guida nutrizionali individuali<\/li>\n<li class=\"bullet-star\">Piano calorico, appositamente studiato per voi<\/li>\n<li class=\"bullet-star\">Piano di reddito comprensivo di linee guida per l'alimentazione<\/li>\n<li class=\"bullet-star\">Consigli per un allenamento efficace (minimo sforzo, massimo risultato) con particolare attenzione alla combustione dei grassi, ai glutei e all'addome.<\/li>\n<\/ul>","protected":false},"featured_media":712781,"comment_status":"open","ping_status":"closed","template":"","meta":{"slim_seo":{"title":"Pacchetto Shape Express - FitNFemale\u00ae","description":"Sei motivato e non vedi l&#039;ora di iniziare subito? Allora questo pacchetto \u00e8 perfetto per te! Il nome dice tutto ed \u00e8 stato progettato appositamente per..."}},"product_brand":[],"product_cat":[6629,311],"product_tag":[],"class_list":{"0":"post-58627","1":"product","2":"type-product","3":"status-publish","4":"has-post-thumbnail","6":"product_cat-basic","7":"product_cat-bundle","8":"pa_anwendungsbereiche-for-your-workout","9":"pa_anwendungsbereiche-weightloss","10":"pa_anwendungsbereiche-shaping","11":"pa_anwendungsbereiche-metabolism","12":"pa_marke-fitnfemale","13":"pa_schwangerschaft-nicht-geeignet","14":"pa_stillzeit-nicht-geeignet","16":"first","17":"instock","18":"sale","19":"featured","20":"downloadable","21":"taxable","22":"shipping-taxable","23":"purchasable","24":"product-type-bundle"},"bundled_by":[],"bundle_stock_status":"insufficientstock","bundle_stock_quantity":0,"bundle_virtual":false,"bundle_layout":"default","bundle_add_to_cart_form_location":"default","bundle_editable_in_cart":false,"bundle_sold_individually_context":"product","bundle_item_grouping":"noindent","bundle_min_size":"","bundle_max_size":"","bundle_price":{"price":{"min":{"incl_tax":"96.8","excl_tax":"94.346979"},"max":{"incl_tax":"96.8","excl_tax":"94.346979"}},"regular_price":{"min":{"incl_tax":"121","excl_tax":"117.933723"},"max":{"incl_tax":"121","excl_tax":"117.933723"}}},"bundled_items":[{"bundled_item_id":101,"product_id":58626,"menu_order":0,"quantity_min":1,"quantity_max":1,"quantity_default":1,"priced_individually":false,"shipped_individually":true,"override_title":false,"title":"Piano Shape Express","override_description":true,"description":"Sezione dedicata a nutrizione e allenamento con un piano calorico personalizzato, studiato appositamente per te. Tanti consigli e un sistema sofisticato che puoi facilmente integrare nella tua vita quotidiana.","optional":false,"hide_thumbnail":false,"discount":"","override_variations":false,"allowed_variations":[],"override_default_variation_attributes":false,"default_variation_attributes":[],"single_product_visibility":"visible","cart_visibility":"hidden","order_visibility":"visible","single_product_price_visibility":"visible","cart_price_visibility":"visible","order_price_visibility":"visible","stock_status":"in_stock"},{"bundled_item_id":94,"product_id":5032,"menu_order":1,"quantity_min":1,"quantity_max":1,"quantity_default":1,"priced_individually":false,"shipped_individually":false,"override_title":false,"title":"Pink Burn (2 in 1)","override_description":true,"description":"","optional":false,"hide_thumbnail":false,"discount":"","override_variations":false,"allowed_variations":[46426,46425,11072,26510],"override_default_variation_attributes":false,"default_variation_attributes":[],"single_product_visibility":"visible","cart_visibility":"hidden","order_visibility":"visible","single_product_price_visibility":"visible","cart_price_visibility":"visible","order_price_visibility":"visible","stock_status":"in_stock"},{"bundled_item_id":483,"product_id":678396,"menu_order":2,"quantity_min":1,"quantity_max":1,"quantity_default":1,"priced_individually":false,"shipped_individually":false,"override_title":false,"title":"All you need Shake","override_description":true,"description":"","optional":false,"hide_thumbnail":false,"discount":"","override_variations":false,"allowed_variations":[],"override_default_variation_attributes":false,"default_variation_attributes":[],"single_product_visibility":"visible","cart_visibility":"hidden","order_visibility":"visible","single_product_price_visibility":"visible","cart_price_visibility":"visible","order_price_visibility":"visible","stock_status":"in_stock"},{"bundled_item_id":484,"product_id":43303,"menu_order":3,"quantity_min":1,"quantity_max":1,"quantity_default":1,"priced_individually":false,"shipped_individually":false,"override_title":false,"title":"Shape Me Shake","override_description":true,"description":"","optional":false,"hide_thumbnail":false,"discount":"","override_variations":false,"allowed_variations":[],"override_default_variation_attributes":false,"default_variation_attributes":[],"single_product_visibility":"visible","cart_visibility":"hidden","order_visibility":"visible","single_product_price_visibility":"visible","cart_price_visibility":"visible","order_price_visibility":"visible","stock_status":"in_stock"},{"bundled_item_id":482,"product_id":545706,"menu_order":4,"quantity_min":10,"quantity_max":10,"quantity_default":10,"priced_individually":false,"shipped_individually":false,"override_title":false,"title":"Barretta Shape - Caramello croccante","override_description":true,"description":"","optional":false,"hide_thumbnail":false,"discount":"","override_variations":false,"allowed_variations":[],"override_default_variation_attributes":false,"default_variation_attributes":[],"single_product_visibility":"visible","cart_visibility":"visible","order_visibility":"visible","single_product_price_visibility":"visible","cart_price_visibility":"visible","order_price_visibility":"visible","stock_status":"out_of_stock"},{"bundled_item_id":462,"product_id":4994,"menu_order":5,"quantity_min":1,"quantity_max":1,"quantity_default":1,"priced_individually":false,"shipped_individually":false,"override_title":false,"title":"Omega 3","override_description":true,"description":"","optional":false,"hide_thumbnail":false,"discount":"","override_variations":false,"allowed_variations":[],"override_default_variation_attributes":false,"default_variation_attributes":[],"single_product_visibility":"visible","cart_visibility":"hidden","order_visibility":"visible","single_product_price_visibility":"visible","cart_price_visibility":"visible","order_price_visibility":"visible","stock_status":"in_stock"},{"bundled_item_id":528,"product_id":5004,"menu_order":6,"quantity_min":1,"quantity_max":1,"quantity_default":1,"priced_individually":false,"shipped_individually":false,"override_title":false,"title":"Shaker Black Beauty","override_description":false,"description":"","optional":false,"hide_thumbnail":false,"discount":"","override_variations":false,"allowed_variations":[],"override_default_variation_attributes":false,"default_variation_attributes":[],"single_product_visibility":"visible","cart_visibility":"hidden","order_visibility":"visible","single_product_price_visibility":"visible","cart_price_visibility":"visible","order_price_visibility":"visible","stock_status":"in_stock"}],"bundle_sell_ids":[],"gallery_images":[],"_links":{"self":[{"href":"https:\/\/fitnfemale.com\/it\/wp-json\/wp\/v2\/product\/58627","targetHints":{"allow":["GET"]}}],"collection":[{"href":"https:\/\/fitnfemale.com\/it\/wp-json\/wp\/v2\/product"}],"about":[{"href":"https:\/\/fitnfemale.com\/it\/wp-json\/wp\/v2\/types\/product"}],"replies":[{"embeddable":true,"href":"https:\/\/fitnfemale.com\/it\/wp-json\/wp\/v2\/comments?post=58627"}],"wp:featuredmedia":[{"embeddable":true,"href":"https:\/\/fitnfemale.com\/it\/wp-json\/wp\/v2\/media\/712781"}],"wp:attachment":[{"href":"https:\/\/fitnfemale.com\/it\/wp-json\/wp\/v2\/media?parent=58627"}],"wp:term":[{"taxonomy":"product_brand","embeddable":true,"href":"https:\/\/fitnfemale.com\/it\/wp-json\/wp\/v2\/product_brand?post=58627"},{"taxonomy":"product_cat","embeddable":true,"href":"https:\/\/fitnfemale.com\/it\/wp-json\/wp\/v2\/product_cat?post=58627"},{"taxonomy":"product_tag","embeddable":true,"href":"https:\/\/fitnfemale.com\/it\/wp-json\/wp\/v2\/product_tag?post=58627"}],"curies":[{"name":"parola chiave","href":"https:\/\/api.w.org\/{rel}","templated":true}]}}