{"id":547016,"date":"2020-10-27T15:35:18","date_gmt":"2020-10-27T14:35:18","guid":{"rendered":"https:\/\/fitnfemale.com\/?post_type=product&#038;p=547016"},"modified":"2024-09-25T19:59:36","modified_gmt":"2024-09-25T18:59:36","slug":"shape-bar-meal-replacement-package","status":"publish","type":"product","link":"https:\/\/fitnfemale.com\/it\/prodotto\/shape-bar-meal-replacement-package\/","title":{"rendered":"Shape Bars - Caramel Crisp"},"content":{"rendered":"<h3>Scoprite la Shape Bar e dite addio ai noiosi pasti dietetici!<\/h3>\n<p>Con una Shape Bar al giorno, si pu\u00f2 facilmente raggiungere un deficit calorico di 400-600 calorie. Ci\u00f2 significa che \u00e8 possibile perdere peso facilmente e senza grandi sforzi per un periodo di tempo pi\u00f9 lungo. Non \u00e8 necessario apportare cambiamenti drastici alla dieta o allo stile di vita.<\/p>\n<div class=\"accordion\">\n\t<div id=\"accordion-1880831634\" class=\"accordion-item\">\n\t\t<a id=\"accordion-1880831634-label\" class=\"accordion-title plain\" href=\"#accordion-item-shape-bar-im-vergleich-mit-anderen-riegeln\" aria-expanded=\"false\" aria-controls=\"accordion-1880831634-content\">\n\t\t\t<button class=\"toggle\" aria-label=\"Attiva\/Disattiva\"><i class=\"icon-angle-down\" aria-hidden=\"true\"><\/i><\/button>\n\t\t\t<span>Shape Bar a confronto con altre barre<\/span>\n\t\t<\/a>\n\t\t<div id=\"accordion-1880831634-content\" class=\"accordion-inner\" aria-labelledby=\"accordion-1880831634-label\">\n\t\t\t\n\t<div class=\"img has-hover x md-x lg-x y md-y lg-y\" id=\"image_904829269\">\n\t\t\t\t\t\t\t\t<div class=\"img-inner dark\" >\n\t\t\t<img decoding=\"async\" width=\"400\" height=\"400\" src=\"https:\/\/fitnfemale.com\/wp-content\/uploads\/shape-bar-vs-standart-3-400x400.jpg\" class=\"attachment-medium size-medium\" alt=\"Barra di forma vs standard\" srcset=\"https:\/\/fitnfemale.com\/wp-content\/uploads\/shape-bar-vs-standart-3-400x400.jpg 400w, https:\/\/fitnfemale.com\/wp-content\/uploads\/shape-bar-vs-standart-3-200x200.jpg 200w, https:\/\/fitnfemale.com\/wp-content\/uploads\/shape-bar-vs-standart-3-510x510.jpg 510w, https:\/\/fitnfemale.com\/wp-content\/uploads\/shape-bar-vs-standart-3-280x280.jpg 280w, https:\/\/fitnfemale.com\/wp-content\/uploads\/shape-bar-vs-standart-3-768x768.jpg 768w, https:\/\/fitnfemale.com\/wp-content\/uploads\/shape-bar-vs-standart-3-12x12.jpg 12w, https:\/\/fitnfemale.com\/wp-content\/uploads\/shape-bar-vs-standart-3-130x130.jpg 130w, https:\/\/fitnfemale.com\/wp-content\/uploads\/shape-bar-vs-standart-3-150x150.jpg 150w, https:\/\/fitnfemale.com\/wp-content\/uploads\/shape-bar-vs-standart-3.jpg 800w\" sizes=\"(max-width: 400px) 100vw, 400px\" \/>\t\t\t\t\t\t\n\t\t\t\t\t<\/div>\n\t\t\t\t\t\t\t\t\n<style>\n#image_904829269 {\n  width: 100%;\n}\n<\/style>\n\t<\/div>\n\t\n\t\t<\/div>\n\t<\/div>\n\t\n\t<div id=\"accordion-1350313208\" class=\"accordion-item\">\n\t\t<a id=\"accordion-1350313208-label\" class=\"accordion-title plain\" href=\"#accordion-item-was-kann-helfen-f\u00fcr-die-umstellung\" aria-expanded=\"false\" aria-controls=\"accordion-1350313208-content\">\n\t\t\t<button class=\"toggle\" aria-label=\"Attiva\/Disattiva\"><i class=\"icon-angle-down\" aria-hidden=\"true\"><\/i><\/button>\n\t\t\t<span>Cosa pu\u00f2 aiutare nel passaggio di testimone<\/span>\n\t\t<\/a>\n\t\t<div id=\"accordion-1350313208-content\" class=\"accordion-inner\" aria-labelledby=\"accordion-1350313208-label\">\n\t\t\t\n<ul>\n<li class=\"bullet-star\">Una ciotola di verdure fresche dopo il bar (pomodori, cetrioli, ravanelli, ecc.) \u00e8 poco calorica e permette di mangiare ancora qualcosa.<\/li>\n<li class=\"bullet-star\">Siediti fuori durante il fine settimana.<\/li>\n<\/ul>\n\t\t<\/div>\n\t<\/div>\n\t\n\t<div id=\"accordion-1737890044\" class=\"accordion-item\">\n\t\t<a id=\"accordion-1737890044-label\" class=\"accordion-title plain\" href=\"#accordion-item-es-ist-simpel-und-f\u00fchrt-schnell-zu-sichtbaren-erfolgen.\" aria-expanded=\"false\" aria-controls=\"accordion-1737890044-content\">\n\t\t\t<button class=\"toggle\" aria-label=\"Attiva\/Disattiva\"><i class=\"icon-angle-down\" aria-hidden=\"true\"><\/i><\/button>\n\t\t\t<span>\u00c8 semplice e porta rapidamente a un successo visibile.<\/span>\n\t\t<\/a>\n\t\t<div id=\"accordion-1737890044-content\" class=\"accordion-inner\" aria-labelledby=\"accordion-1737890044-label\">\n\t\t\t\n<p>Perdere peso in modo rapido e duraturo con la Shape Bar. Il principio pi\u00f9 semplice e il principio fondamentale per perdere peso \u00e8 il deficit calorico. Tuttavia, ci sono molte cose che si possono sbagliare. Nel peggiore dei casi, l'organismo entra in modalit\u00e0 protettiva e\/o si ammala o si stanca a causa dei sintomi della carenza. La Shape Bar garantisce che questo non accada. Rigorosamente conforme alle normative dietetiche dell'UE, la barretta contiene esattamente i valori nutrizionali, i minerali e le vitamine che sostituiscono completamente un pasto.<\/p>\n\t\t<\/div>\n\t<\/div>\n\t\n\t<div id=\"accordion-1952717435\" class=\"accordion-item\">\n\t\t<a id=\"accordion-1952717435-label\" class=\"accordion-title plain\" href=\"#accordion-item-alle-n\u00e4hrwerte-\/-vitamine-und-mineralien\" aria-expanded=\"false\" aria-controls=\"accordion-1952717435-content\">\n\t\t\t<button class=\"toggle\" aria-label=\"Attiva\/Disattiva\"><i class=\"icon-angle-down\" aria-hidden=\"true\"><\/i><\/button>\n\t\t\t<span>Tutti i valori nutrizionali \/ vitamine e minerali<\/span>\n\t\t<\/a>\n\t\t<div id=\"accordion-1952717435-content\" class=\"accordion-inner\" aria-labelledby=\"accordion-1952717435-label\">\n\t\t\t\n\t<div class=\"img has-hover x md-x lg-x y md-y lg-y\" id=\"image_1491333498\">\n\t\t\t\t\t\t\t\t<div class=\"img-inner dark\" >\n\t\t\t<img decoding=\"async\" width=\"800\" height=\"800\" src=\"https:\/\/fitnfemale.com\/wp-content\/uploads\/shape-bar-specs-800x800.jpg\" class=\"attachment-large size-large\" alt=\"Specifiche della barra di forma\" srcset=\"https:\/\/fitnfemale.com\/wp-content\/uploads\/shape-bar-specs-800x800.jpg 800w, https:\/\/fitnfemale.com\/wp-content\/uploads\/shape-bar-specs-200x200.jpg 200w, https:\/\/fitnfemale.com\/wp-content\/uploads\/shape-bar-specs-1000x1000.jpg 1000w, https:\/\/fitnfemale.com\/wp-content\/uploads\/shape-bar-specs-400x400.jpg 400w, https:\/\/fitnfemale.com\/wp-content\/uploads\/shape-bar-specs-280x280.jpg 280w, https:\/\/fitnfemale.com\/wp-content\/uploads\/shape-bar-specs-768x768.jpg 768w, https:\/\/fitnfemale.com\/wp-content\/uploads\/shape-bar-specs-12x12.jpg 12w, https:\/\/fitnfemale.com\/wp-content\/uploads\/shape-bar-specs.jpg 1327w\" sizes=\"(max-width: 800px) 100vw, 800px\" \/>\t\t\t\t\t\t\n\t\t\t\t\t<\/div>\n\t\t\t\t\t\t\t\t\n<style>\n#image_1491333498 {\n  width: 100%;\n}\n<\/style>\n\t<\/div>\n\t\n\t\t<\/div>\n\t<\/div>\n\t\n\t<div id=\"accordion-3072500051\" class=\"accordion-item\">\n\t\t<a id=\"accordion-3072500051-label\" class=\"accordion-title plain\" href=\"#accordion-item-wieso-wurde-die-kalorienanzahl-tief---auf-212-kcal---gehalten?\" aria-expanded=\"false\" aria-controls=\"accordion-3072500051-content\">\n\t\t\t<button class=\"toggle\" aria-label=\"Attiva\/Disattiva\"><i class=\"icon-angle-down\" aria-hidden=\"true\"><\/i><\/button>\n\t\t\t<span>Perch\u00e9 il numero di calorie \u00e8 stato mantenuto basso, a 212 kcal?<\/span>\n\t\t<\/a>\n\t\t<div id=\"accordion-3072500051-content\" class=\"accordion-inner\" aria-labelledby=\"accordion-3072500051-label\">\n\t\t\t\n<p>Semplicemente: se si ha gi\u00e0 la motivazione e la volont\u00e0 di sostituire un pasto al giorno con una barretta, si dovrebbero ottenere risultati. I primi giorni sono chiaramente un cambiamento (per il corpo e per la mente) se si era abituati a un pasto con 400-500kcal. Tuttavia, con questa barretta potete essere certi che il vostro corpo continuer\u00e0 a ricevere una quantit\u00e0 sufficiente di carboidrati, proteine, grassi, vitamine e minerali nonostante il deficit calorico. Il corpo si abitua al cambiamento dopo qualche giorno (di solito 3-4).<\/p>\n\t\t<\/div>\n\t<\/div>\n\t\n<\/div>\n\n\t<section class=\"section\" id=\"section_1873852256\">\n\t\t<div class=\"section-bg fill\" >\n\t\t\t\t\t\t\t\t\t<div class=\"effect-sliding-glass bg-effect fill no-click\"><\/div>\n\t\t\t\n\n\t\t<\/div>\n\n\t\t\t<div class=\"ux-shape-divider ux-shape-divider--top ux-shape-divider--style-triangle-invert\">\n\t\t<svg viewbox=\"0 0 1000 100\" xmlns=\"http:\/\/www.w3.org\/2000\/svg\" preserveaspectratio=\"none\">\n\t<path class=\"ux-shape-fill\" d=\"M500 95.6L0 0V100H1000V0L500 95.6Z\"\/>\n<\/svg>\n\t<\/div>\n\n\t<div class=\"ux-shape-divider ux-shape-divider--bottom ux-shape-divider--style-fan\">\n\t\t<svg viewbox=\"0 0 1000 100\" xmlns=\"http:\/\/www.w3.org\/2000\/svg\" preserveaspectratio=\"none\">\n  <path class=\"ux-shape-fill\" d=\"M500 50L1067.25 102.5H-67.2466L500 50Z\"\/>\n  <path class=\"ux-shape-fill\" opacity=\"0.15\" d=\"M1011 2.70583L500 50.0001L-12 2.61328V105H1011V2.70583Z\"\/>\n  <path class=\"ux-shape-fill\" opacity=\"0.3\" d=\"M-13 50H1010V105H-13V50Z\"\/>\n<\/svg>\n\t<\/div>\n\n\t\t<div class=\"section-content relative\">\n\t\t\t\n\t<div id=\"text-18560632\" class=\"text\">\n\t\t\n<h2 class=\"uppercase\">Non c'\u00e8 valore migliore per un pasto sano.<\/h2>\n\t\t\n<style>\n#text-18560632 {\n  font-size: 0.85rem;\n  text-align: center;\n  color: rgb(255,255,255);\n}\n#text-18560632 > * {\n  color: rgb(255,255,255);\n}\n<\/style>\n\t<\/div>\n\t\n\t<div id=\"gap-1358161919\" class=\"gap-element clearfix\" style=\"display:block; height:auto;\">\n\t\t\n<style>\n#gap-1358161919 {\n  padding-top: 11px;\n}\n@media (min-width:550px) {\n  #gap-1358161919 {\n    padding-top: 30px;\n  }\n}\n<\/style>\n\t<\/div>\n\t\n<div class=\"row row-small align-middle align-center row-box-shadow-3 row-box-shadow-5-hover\"  id=\"row-1667660139\">\n\n\t<div id=\"col-2019310539\" class=\"col medium-4 small-12 large-4\"  >\n\t\t\t\t<div class=\"col-inner\" style=\"background-color:#F9E7F0;\" >\n\t\t\t\n\t\t\t\n\t<div id=\"text-358700766\" class=\"text\">\n\t\t\n<h2><span class=\"count-up\">204<\/span>kcal<\/h2>\n<p><small class=\"uppercase\">Calorie<\/small><\/p>\n\t\t\n<style>\n#text-358700766 {\n  font-size: 1.3rem;\n  text-align: center;\n}\n<\/style>\n\t<\/div>\n\t\n\t\t<\/div>\n\t\t\t\t\n<style>\n#col-2019310539 > .col-inner {\n  padding: 20px 0px 0px 0px;\n  margin: 0px 0px 20px 0px;\n  border-radius: 100px;\n}\n@media (min-width:550px) {\n  #col-2019310539 > .col-inner {\n    padding: 30px 0px 20px 0px;\n  }\n}\n<\/style>\n\t<\/div>\n\n\t\n\n\t<div id=\"col-1497375740\" class=\"col medium-4 small-12 large-4\"  >\n\t\t\t\t<div class=\"col-inner\" style=\"background-color:#F9E7F0;\" >\n\t\t\t\n\t\t\t\n\t<div id=\"text-1702832092\" class=\"text\">\n\t\t\n<h2><span class=\"count-up\">15,0<\/span>g<\/h2>\n<p><small class=\"uppercase\">Proteine<\/small><\/p>\n\t\t\n<style>\n#text-1702832092 {\n  font-size: 1.3rem;\n  text-align: center;\n}\n<\/style>\n\t<\/div>\n\t\n\t\t<\/div>\n\t\t\t\t\n<style>\n#col-1497375740 > .col-inner {\n  padding: 20px 0px 0px 0px;\n  margin: 0px 0px 20px 0px;\n  border-radius: 100px;\n}\n@media (min-width:550px) {\n  #col-1497375740 > .col-inner {\n    padding: 30px 0px 20px 0px;\n  }\n}\n<\/style>\n\t<\/div>\n\n\t\n\n\t<div id=\"col-1621577699\" class=\"col medium-4 small-12 large-4\"  >\n\t\t\t\t<div class=\"col-inner\" style=\"background-color:#F9E7F0;\" >\n\t\t\t\n\t\t\t\n\t<div id=\"text-2936704440\" class=\"text\">\n\t\t\n<h2><span class=\"count-up\">19,4<\/span>g<\/h2>\n<p><small class=\"uppercase\">Carboidrati<\/small><\/p>\n\t\t\n<style>\n#text-2936704440 {\n  font-size: 1.3rem;\n  text-align: center;\n}\n<\/style>\n\t<\/div>\n\t\n\t\t<\/div>\n\t\t\t\t\n<style>\n#col-1621577699 > .col-inner {\n  padding: 20px 0px 0px 0px;\n  margin: 0px 0px 0px 0px;\n  border-radius: 100px;\n}\n@media (min-width:550px) {\n  #col-1621577699 > .col-inner {\n    padding: 30px 0px 20px 0px;\n  }\n}\n<\/style>\n\t<\/div>\n\n\t\n<\/div>\n\t\t<\/div>\n\n\t\t\n<style>\n#section_1873852256 {\n  padding-top: 30px;\n  padding-bottom: 30px;\n  background-color: #c29ca0;\n}\n#section_1873852256 .ux-shape-divider--top svg {\n  height: 249px;\n  --divider-top-width: 100%;\n}\n#section_1873852256 .ux-shape-divider--top .ux-shape-fill {\n  fill: #c29ca0;\n}\n#section_1873852256 .ux-shape-divider--bottom svg {\n  height: 20px;\n  --divider-width: 100%;\n}\n@media (min-width:550px) {\n  #section_1873852256 .ux-shape-divider--top svg {\n    height: 91px;\n  }\n  #section_1873852256 .ux-shape-divider--bottom svg {\n    height: 56px;\n  }\n}\n<\/style>\n\t<\/section>\n\t\n\t<div id=\"gap-1370728375\" class=\"gap-element clearfix show-for-small\" style=\"display:block; height:auto;\">\n\t\t\n<style>\n#gap-1370728375 {\n  padding-top: 73px;\n}\n<\/style>\n\t<\/div>","protected":false},"excerpt":{"rendered":"<h2>S\u00ec, voglio uno spuntino delizioso per perdere peso!<\/h2>\n<h4>La Shape Bar \u00e8 una barretta sostitutiva del pasto completa di vitamine e minerali, proteine, carboidrati e grassi sani che aiutano a controllare il peso. Con sole 212 calorie per barretta, \u00e8 la scelta ideale per chi vuole controllare l'apporto calorico. Il delizioso sapore di caramello, abbinato a croccanti patatine e a un delizioso rivestimento di cioccolato, vi delizier\u00e0.<\/h4>\n<ul>\n<li class=\"bullet-star\">Una combinazione perfetta di gusto e nutrienti<\/li>\n<li class=\"bullet-star\">24 vitamine e minerali per una dieta completa<\/li>\n<li class=\"bullet-star\">Conforme al regolamento dietetico UE 2016\/1413<\/li>\n<li class=\"bullet-star\">Ideale per sostituire la colazione, il pranzo o la cena<\/li>\n<li class=\"bullet-star\">Pu\u00f2 contribuire alla perdita di peso in una dieta equilibrata, fornendo al contempo all'organismo i nutrienti essenziali.<\/li>\n<li class=\"bullet-star\">Facile e conveniente - Sostituisce al massimo un pasto al giorno.<\/li>\n<\/ul>","protected":false},"featured_media":698343,"comment_status":"open","ping_status":"closed","template":"","meta":{"slim_seo":{"title":"Shape Bars - Caramel Crisp - FitNFemale\u00ae","description":"S\u00ec, voglio uno spuntino delizioso per perdere peso! Shape Bar \u00e8 una barretta sostitutiva del pasto completa, ricca di vitamine, minerali e proteine."}},"product_brand":[],"product_cat":[6364,317,6629,292,1054],"product_tag":[],"class_list":{"0":"post-547016","1":"product","2":"type-product","3":"status-publish","4":"has-post-thumbnail","6":"product_cat-promo-30","7":"product_cat-abnehmen","8":"product_cat-basic","9":"product_cat-food","10":"product_cat-snacks","11":"pa_anwendungsbereiche-weightloss","12":"pa_anwendungsbereiche-meal-replacement","13":"pa_anwendungsbereiche-shaping","14":"pa_marke-fitnfemale","15":"pa_misc-aspartamfree","16":"pa_misc-glutenfree","17":"pa_product-amount-10-riegel-mahlzeiten","18":"pa_schwangerschaft-nicht-geeignet","19":"pa_stillzeit-geeignet","20":"pa_vegan-nein","22":"first","23":"instock","24":"sale","25":"featured","26":"taxable","27":"shipping-taxable","28":"purchasable","29":"product-type-bundle"},"bundled_by":[],"bundle_stock_status":"insufficientstock","bundle_stock_quantity":0,"bundle_virtual":false,"bundle_layout":"default","bundle_add_to_cart_form_location":"default","bundle_editable_in_cart":false,"bundle_sold_individually_context":"product","bundle_item_grouping":"parent","bundle_min_size":"","bundle_max_size":"","bundle_price":{"price":{"min":{"incl_tax":"20.25","excl_tax":"19.736842"},"max":{"incl_tax":"20.25","excl_tax":"19.736842"}},"regular_price":{"min":{"incl_tax":"28.9","excl_tax":"28.167641"},"max":{"incl_tax":"28.9","excl_tax":"28.167641"}}},"bundled_items":[{"bundled_item_id":275,"product_id":545706,"menu_order":0,"quantity_min":10,"quantity_max":10,"quantity_default":10,"priced_individually":false,"shipped_individually":false,"override_title":false,"title":"Barretta Shape - Caramello croccante","override_description":true,"description":"","optional":false,"hide_thumbnail":true,"discount":"","override_variations":false,"allowed_variations":[],"override_default_variation_attributes":false,"default_variation_attributes":[],"single_product_visibility":"hidden","cart_visibility":"hidden","order_visibility":"hidden","single_product_price_visibility":"visible","cart_price_visibility":"visible","order_price_visibility":"visible","stock_status":"out_of_stock"}],"bundle_sell_ids":[],"gallery_images":[737401,739475,612934,570981],"_links":{"self":[{"href":"https:\/\/fitnfemale.com\/it\/wp-json\/wp\/v2\/product\/547016","targetHints":{"allow":["GET"]}}],"collection":[{"href":"https:\/\/fitnfemale.com\/it\/wp-json\/wp\/v2\/product"}],"about":[{"href":"https:\/\/fitnfemale.com\/it\/wp-json\/wp\/v2\/types\/product"}],"replies":[{"embeddable":true,"href":"https:\/\/fitnfemale.com\/it\/wp-json\/wp\/v2\/comments?post=547016"}],"wp:featuredmedia":[{"embeddable":true,"href":"https:\/\/fitnfemale.com\/it\/wp-json\/wp\/v2\/media\/698343"}],"wp:attachment":[{"href":"https:\/\/fitnfemale.com\/it\/wp-json\/wp\/v2\/media?parent=547016"}],"wp:term":[{"taxonomy":"product_brand","embeddable":true,"href":"https:\/\/fitnfemale.com\/it\/wp-json\/wp\/v2\/product_brand?post=547016"},{"taxonomy":"product_cat","embeddable":true,"href":"https:\/\/fitnfemale.com\/it\/wp-json\/wp\/v2\/product_cat?post=547016"},{"taxonomy":"product_tag","embeddable":true,"href":"https:\/\/fitnfemale.com\/it\/wp-json\/wp\/v2\/product_tag?post=547016"}],"curies":[{"name":"parola chiave","href":"https:\/\/api.w.org\/{rel}","templated":true}]}}