{"id":540344,"date":"2020-09-22T20:12:00","date_gmt":"2020-09-22T19:12:00","guid":{"rendered":"https:\/\/fitnfemale.com\/?post_type=product&#038;p=540344"},"modified":"2026-04-11T14:11:17","modified_gmt":"2026-04-11T13:11:17","slug":"biotics-supermix","status":"publish","type":"product","link":"https:\/\/fitnfemale.com\/it\/prodotto\/biotics-supermix\/","title":{"rendered":"Biotics Supermix"},"content":{"rendered":"<div class=\"img has-hover img-details x md-x lg-x y md-y lg-y\" id=\"image_1171710151\">\n\t\t\t\t\t\t\t\t<div class=\"img-inner dark\" >\n\t\t\t<img decoding=\"async\" width=\"1020\" height=\"569\" src=\"https:\/\/fitnfemale.com\/wp-content\/uploads\/biotics-supermix-closeup3.webp\" class=\"attachment-large size-large\" alt=\"Biotics supermix closeup3\" srcset=\"https:\/\/fitnfemale.com\/wp-content\/uploads\/biotics-supermix-closeup3.webp 1376w, https:\/\/fitnfemale.com\/wp-content\/uploads\/biotics-supermix-closeup3-717x400.webp 717w, https:\/\/fitnfemale.com\/wp-content\/uploads\/biotics-supermix-closeup3-768x429.webp 768w, https:\/\/fitnfemale.com\/wp-content\/uploads\/biotics-supermix-closeup3-18x10.webp 18w, https:\/\/fitnfemale.com\/wp-content\/uploads\/biotics-supermix-closeup3-1000x558.webp 1000w\" sizes=\"(max-width: 1020px) 100vw, 1020px\" \/>\t\t\t\t\t\t\n\t\t\t\t\t<\/div>\n\t\t\t\t\t\t\t\t\n<style>\n#image_1171710151 {\n  width: 100%;\n}\n<\/style>\n\t<\/div>\n\t\n<p>Per risultati ottimali, consigliamo un tempo di attivazione di 10 minuti. Prova la nostra innovativa bevanda Supermix per una sensazione di benessere intestinale.<\/p>\n<div class=\"accordion\">\n\t<div id=\"accordion-2865473467\" class=\"accordion-item\">\n\t\t<a id=\"accordion-2865473467-label\" class=\"accordion-title plain\" href=\"#accordion-item-wie-darmbakterien-unser-k\u00f6rpergewicht-beeinflussen\" aria-expanded=\"false\" aria-controls=\"accordion-2865473467-content\">\n\t\t\t<button class=\"toggle\" aria-label=\"Attiva\/Disattiva\"><i class=\"icon-angle-down\" aria-hidden=\"true\"><\/i><\/button>\n\t\t\t<span>Come i batteri intestinali influenzano il nostro peso corporeo<\/span>\n\t\t<\/a>\n\t\t<div id=\"accordion-2865473467-content\" class=\"accordion-inner\" aria-labelledby=\"accordion-2865473467-label\">\n\t\t\t\n\t<div class=\"img has-hover x md-x lg-x y md-y lg-y\" id=\"image_177012264\">\n\t\t\t\t\t\t\t\t<div class=\"img-inner dark\" >\n\t\t\t<img decoding=\"async\" width=\"400\" height=\"400\" src=\"https:\/\/fitnfemale.com\/wp-content\/uploads\/biotics-back-infai1-1-400x400.webp\" class=\"attachment-medium size-medium\" alt=\"Biotics torna infai1 (1)\" srcset=\"https:\/\/fitnfemale.com\/wp-content\/uploads\/biotics-back-infai1-1-400x400.webp 400w, https:\/\/fitnfemale.com\/wp-content\/uploads\/biotics-back-infai1-1-801x800.webp 801w, https:\/\/fitnfemale.com\/wp-content\/uploads\/biotics-back-infai1-1-280x280.webp 280w, https:\/\/fitnfemale.com\/wp-content\/uploads\/biotics-back-infai1-1-768x767.webp 768w, https:\/\/fitnfemale.com\/wp-content\/uploads\/biotics-back-infai1-1-12x12.webp 12w, https:\/\/fitnfemale.com\/wp-content\/uploads\/biotics-back-infai1-1-1000x999.webp 1000w, https:\/\/fitnfemale.com\/wp-content\/uploads\/biotics-back-infai1-1-200x200.webp 200w, https:\/\/fitnfemale.com\/wp-content\/uploads\/biotics-back-infai1-1-120x120.webp 120w, https:\/\/fitnfemale.com\/wp-content\/uploads\/biotics-back-infai1-1.webp 1500w\" sizes=\"(max-width: 400px) 100vw, 400px\" \/>\t\t\t\t\t\t\n\t\t\t\t\t<\/div>\n\t\t\t\t\t\t\t\t\n<style>\n#image_177012264 {\n  width: 100%;\n}\n<\/style>\n\t<\/div>\n\t\n<p>La nostra capacit\u00e0 di mantenere o aumentare il peso corporeo dipende anche dai microrganismi presenti nel nostro intestino. Questi influenzano la quantit\u00e0 di calorie che assorbiamo dal cibo e il modo in cui questa energia viene utilizzata.<\/p>\n<p>Non sono solo la quantit\u00e0 e il tipo di cibo che consumiamo a determinare il nostro peso. Altrettanto importante \u00e8 ci\u00f2 che accade al cibo in seguito nel corpo. Migliaia di miliardi di microbi nel nostro intestino svolgono un ruolo cruciale nella digestione del cibo.<\/p>\n\t\t<\/div>\n\t<\/div>\n\t\n\t<div id=\"accordion-3329359329\" class=\"accordion-item\">\n\t\t<a id=\"accordion-3329359329-label\" class=\"accordion-title plain\" href=\"#accordion-item-die-perfekte-einnahme-von-biotics-supermix\" aria-expanded=\"false\" aria-controls=\"accordion-3329359329-content\">\n\t\t\t<button class=\"toggle\" aria-label=\"Attiva\/Disattiva\"><i class=\"icon-angle-down\" aria-hidden=\"true\"><\/i><\/button>\n\t\t\t<span>Il modo perfetto per assumere Biotics Supermix<\/span>\n\t\t<\/a>\n\t\t<div id=\"accordion-3329359329-content\" class=\"accordion-inner\" aria-labelledby=\"accordion-3329359329-label\">\n\t\t\t\n<ul>\n<li class=\"bullet-arrow\">Biotics Supermix deve essere assunto sempre lontano dai pasti, preferibilmente al mattino, dopo essersi alzati, a stomaco vuoto.<\/li>\n<li class=\"bullet-arrow\">Dopo l'assunzione, \u00e8 necessario attendere almeno 30 minuti prima del pasto successivo.<\/li>\n<li class=\"bullet-arrow\">Una finestra di assunzione alternativa al mattino \u00e8 quella di assumerlo prima di andare a letto. Si ricorda che l'ultimo pasto deve essere stato consumato da 2-3 ore.<\/li>\n<li class=\"bullet-arrow\">Rispettare il tempo di attivazione di 10 minuti (vedere sopra per i dettagli).<\/li>\n<\/ul>\n\t\t<\/div>\n\t<\/div>\n\t\n\t<div id=\"accordion-2254451409\" class=\"accordion-item\">\n\t\t<a id=\"accordion-2254451409-label\" class=\"accordion-title plain\" href=\"#accordion-item-was-sind-flohsamenschalen?\" aria-expanded=\"false\" aria-controls=\"accordion-2254451409-content\">\n\t\t\t<button class=\"toggle\" aria-label=\"Attiva\/Disattiva\"><i class=\"icon-angle-down\" aria-hidden=\"true\"><\/i><\/button>\n\t\t\t<span>Cosa sono le bucce di psillio?<\/span>\n\t\t<\/a>\n\t\t<div id=\"accordion-2254451409-content\" class=\"accordion-inner\" aria-labelledby=\"accordion-2254451409-label\">\n\t\t\t\n<p>Il n'est pas surprenant que les cosses de psyllium soient si populaires. Mais qu'y a-t-il derri\u00e8re tout cela ? En fait, il s'agit des enveloppes des graines des plantes appel\u00e9es <em>Plantago ovata<\/em>. Questa specie di piantaggine \u00e8 imparentata, tra le altre, con la piantaggine lanceolata e la piantaggine marina, molto note in questo Paese.<\/p>\n<p>La fonte originale \u00e8 <em>Plantago ovata<\/em> Sono originari dell&#039;India e del Pakistan, motivo per cui i semi vengono spesso venduti come &quot;semi di psillio indiano&quot;. I semi di psillio, o meglio i loro gusci, prendono il nome dalla capsula a due camere contenente semi ellittici che assomigliano visivamente a pulci.<\/p>\n\t\t<\/div>\n\t<\/div>\n\t\n\t<div id=\"accordion-3531401397\" class=\"accordion-item\">\n\t\t<a id=\"accordion-3531401397-label\" class=\"accordion-title plain\" href=\"#accordion-item-was-bewirken-flohsamenschalen?\" aria-expanded=\"false\" aria-controls=\"accordion-3531401397-content\">\n\t\t\t<button class=\"toggle\" aria-label=\"Attiva\/Disattiva\"><i class=\"icon-angle-down\" aria-hidden=\"true\"><\/i><\/button>\n\t\t\t<span>A cosa servono le bucce di psillio?<\/span>\n\t\t<\/a>\n\t\t<div id=\"accordion-3531401397-content\" class=\"accordion-inner\" aria-labelledby=\"accordion-3531401397-label\">\n\t\t\t\n<p>Le bucce di psillio hanno la propriet\u00e0 di gonfiarsi fortemente a contatto con l'acqua. Lo strato esterno di molecole di zucchero a catena lunga lega molta acqua, facendo s\u00ec che le bucce si moltiplichino di volume. A differenza dei semi di psillio interi, il cui volume aumenta di nove volte a contatto con il liquido, l'indice di rigonfiamento delle bucce \u00e8 pari a 40.<\/p>\n<p>Inoltre, il contenuto di fibre della buccia di psillio \u00e8 notevolmente superiore a quello dei semi di psillio. Allo stesso tempo, quando le bucce si gonfiano si forma una sorta di mucillagine. Quest'ultima forma uno strato protettivo sulle membrane mucose della parete intestinale e pu\u00f2 quindi prevenire, tra l'altro, le irritazioni.<\/p>\n\t\t<\/div>\n\t<\/div>\n\t\n\t<div id=\"accordion-2337841610\" class=\"accordion-item\">\n\t\t<a id=\"accordion-2337841610-label\" class=\"accordion-title plain\" href=\"#accordion-item-welche-vorteile-haben-flohsamenschalen?\" aria-expanded=\"false\" aria-controls=\"accordion-2337841610-content\">\n\t\t\t<button class=\"toggle\" aria-label=\"Attiva\/Disattiva\"><i class=\"icon-angle-down\" aria-hidden=\"true\"><\/i><\/button>\n\t\t\t<span>Quali sono i benefici della buccia di psillio?<\/span>\n\t\t<\/a>\n\t\t<div id=\"accordion-2337841610-content\" class=\"accordion-inner\" aria-labelledby=\"accordion-2337841610-label\">\n\t\t\t\n<p>Grazie alla combinazione unica di elevata capacit\u00e0 di rigonfiamento, alto contenuto di fibre e secrezione di muco protettivo, la buccia di psillio \u00e8 un rimedio casalingo popolare per tutti i tipi di disturbi gastrointestinali. Ad esempio, la fibra che contengono funge da alimento per i batteri dell'intestino, contribuendo a mantenere sana la flora intestinale.<\/p>\n<p>Inoltre, il muco secreto non solo previene l'irritazione delle mucose, ma si dice che aiuti a legare le sostanze nocive. L'uso della pula di psillio pu\u00f2 anche aiutare a rassodare le feci in caso di disturbi intestinali come la diarrea. A sua volta, la pula di psillio \u00e8 molto apprezzata anche in caso di stitichezza. In questo caso, il gonfiore aumenta il volume delle feci e pu\u00f2 quindi contribuire a favorire un movimento intestinale naturale.<\/p>\n<p>Importante: poich\u00e9 i semi di psillio si gonfiano molto, \u00e8 necessario bere molti liquidi durante la giornata. Dovrebbero essere due o tre litri, in modo che i semi possano lavorare in modo ottimale.<\/p>\n<p>Nota: In caso di malattie croniche, \u00e8 consigliabile consultare un medico prima di assumere psillio per verificare eventuali interazioni con i farmaci.<\/p>\n\t\t<\/div>\n\t<\/div>\n\t\n\t<div id=\"accordion-688773339\" class=\"accordion-item\">\n\t\t<a id=\"accordion-688773339-label\" class=\"accordion-title plain\" href=\"#accordion-item-was-bedeutet-aktivierungszeit?\" aria-expanded=\"false\" aria-controls=\"accordion-688773339-content\">\n\t\t\t<button class=\"toggle\" aria-label=\"Attiva\/Disattiva\"><i class=\"icon-angle-down\" aria-hidden=\"true\"><\/i><\/button>\n\t\t\t<span>Cosa significa tempo di attivazione?<\/span>\n\t\t<\/a>\n\t\t<div id=\"accordion-688773339-content\" class=\"accordion-inner\" aria-labelledby=\"accordion-688773339-label\">\n\t\t\t\n<p>\u00c8 opportuno lasciare riposare la bevanda mista per 10 minuti prima di assumerla. Questo permette ai batteri intestinali di svilupparsi in modo ottimale.<\/p>\n\t\t<\/div>\n\t<\/div>\n\t\n\t<div id=\"accordion-1365554496\" class=\"accordion-item\">\n\t\t<a id=\"accordion-1365554496-label\" class=\"accordion-title plain\" href=\"#accordion-item-allgemeines-zu-darmbakterien\" aria-expanded=\"false\" aria-controls=\"accordion-1365554496-content\">\n\t\t\t<button class=\"toggle\" aria-label=\"Attiva\/Disattiva\"><i class=\"icon-angle-down\" aria-hidden=\"true\"><\/i><\/button>\n\t\t\t<span>Informazioni generali sui batteri intestinali<\/span>\n\t\t<\/a>\n\t\t<div id=\"accordion-1365554496-content\" class=\"accordion-inner\" aria-labelledby=\"accordion-1365554496-label\">\n\t\t\t\n<p>Molte persone associano ancora i batteri a qualcosa di negativo e credono che tutti i batteri, senza eccezioni, siano dannosi. Se queste stesse persone sapessero che una persona media \u00e8 costituita da un insieme di circa 1,5 kg di batteri, probabilmente il loro stomaco si rivolterebbe. Questi batteri, che appartengono a un totale di 400-500 specie, sono tutt'altro che dannosi per noi.<\/p>\n<p>La maggior parte di questi batteri vive nel nostro intestino ed \u00e8 indispensabile per la nostra vita. Conosciuti anche come flora intestinale, svolgono numerosi compiti importanti, come la scomposizione dei componenti del cibo. Senza la nostra flora intestinale, potremmo assorbire solo una parte dei nutrienti. Inoltre, i batteri \"buoni\" impediscono ai batteri potenzialmente dannosi di moltiplicarsi in modo incontrollato nell'intestino.<\/p>\n<p>Per questo motivo \u00e8 importante mantenere sempre in equilibrio la flora intestinale. Per questo motivo \u00e8 ancora pi\u00f9 importante ripristinare una flora intestinale danneggiata dopo un trattamento antibiotico. Dopo tutto, i rispettivi agenti non fanno quasi eccezione tra batteri \"benefici\" e \"nocivi\". Tuttavia, prima di dire cosa fare, \u00e8 necessario riconoscere i sintomi di una flora intestinale disturbata.<\/p>\n<p>Per ulteriori informazioni su questo argomento, consultare l'articolo <a href=\"https:\/\/fitnfemale.com\/it\/darmgesundheit-die-besten-strategien-fuer-einen-gesunden-darm\/\" target=\"_blank\" rel=\"noopener noreferrer\">Salute dell'intestino - Le migliori strategie per un intestino sano<\/a><\/p>\n<div id=\"tab-ux_custom_tab\" class=\"woocommerce-Tabs-panel woocommerce-Tabs-panel--ux_custom_tab panel entry-contentactive\" role=\"tabpanel\" aria-labelledby=\"tab-title-ux_custom_tab\"><\/div>\n\t\t<\/div>\n\t<\/div>\n\t\n\t<div id=\"accordion-2648146189\" class=\"accordion-item\">\n\t\t<a id=\"accordion-2648146189-label\" class=\"accordion-title plain\" href=\"#accordion-item-biotics-supermix-kombiniert-mit-anderen-produkten\" aria-expanded=\"false\" aria-controls=\"accordion-2648146189-content\">\n\t\t\t<button class=\"toggle\" aria-label=\"Attiva\/Disattiva\"><i class=\"icon-angle-down\" aria-hidden=\"true\"><\/i><\/button>\n\t\t\t<span>Biotics Supermix combinato con altri prodotti<\/span>\n\t\t<\/a>\n\t\t<div id=\"accordion-2648146189-content\" class=\"accordion-inner\" aria-labelledby=\"accordion-2648146189-label\">\n\t\t\t\n<p>Biotics Supermix pu\u00f2 essere facilmente combinato con tutti i prodotti FitnFemale. Gli integratori booster e bruciagrassi devono essere assunti circa 4-5 ore dopo. Per una sensazione di benessere generale, consigliamo anche di assumere... <a href=\"https:\/\/fitnfemale.com\/it\/shop\/omega-3\/\">OMEGA 3<\/a>, <a href=\"https:\/\/fitnfemale.com\/it\/shop\/womens-magic-mix\/\">MIX MAGICO PER DONNE<\/a> (Bevanda tutto in uno per pelle, capelli, unghie, modellamento e controllo dell&#039;appetito!)<\/p>\n\t\t<\/div>\n\t<\/div>\n\t\n\t<div id=\"accordion-2742682026\" class=\"accordion-item\">\n\t\t<a id=\"accordion-2742682026-label\" class=\"accordion-title plain\" href=\"#accordion-item-inhaltsstoffe\" aria-expanded=\"false\" aria-controls=\"accordion-2742682026-content\">\n\t\t\t<button class=\"toggle\" aria-label=\"Attiva\/Disattiva\"><i class=\"icon-angle-down\" aria-hidden=\"true\"><\/i><\/button>\n\t\t\t<span>Ingredienti<\/span>\n\t\t<\/a>\n\t\t<div id=\"accordion-2742682026-content\" class=\"accordion-inner\" aria-labelledby=\"accordion-2742682026-label\">\n\t\t\t\n<table class=\"ffnf-clean-table\">\n<thead>\n<tr>\n<th>Ingredienti<\/th>\n<th>Porzione (12 g)<\/th>\n<th>\u00a0<\/th>\n<th>% VNR*<\/th>\n<\/tr>\n<\/thead>\n<tbody>\n<tr>\n<td>Lactobacillus acidophilus<\/td>\n<td>100 milioni di CFU<\/td>\n<td>\u00a0<\/td>\n<td>\u2013<\/td>\n<\/tr>\n<tr>\n<td>Bifidobacterium lactis<\/td>\n<td>100 milioni di CFU<\/td>\n<td>\u00a0<\/td>\n<td>\u2013<\/td>\n<\/tr>\n<tr>\n<td>bucce di psillio<\/td>\n<td>5 grammi<\/td>\n<td>\u00a0<\/td>\n<td>\u2013<\/td>\n<\/tr>\n<tr>\n<td>Inulina di cicoria<\/td>\n<td>5 grammi<\/td>\n<td>\u00a0<\/td>\n<td>\u2013<\/td>\n<\/tr>\n<tr>\n<td>Vitamina C<\/td>\n<td>80 mg<\/td>\n<td>\u00a0<\/td>\n<td>100 %<\/td>\n<\/tr>\n<\/tbody>\n<\/table>\n\t\t<\/div>\n\t<\/div>\n\t\n\t<div id=\"accordion-3242699526\" class=\"accordion-item\">\n\t\t<a id=\"accordion-3242699526-label\" class=\"accordion-title plain\" href=\"#accordion-item-n\u00e4hrwerte\" aria-expanded=\"false\" aria-controls=\"accordion-3242699526-content\">\n\t\t\t<button class=\"toggle\" aria-label=\"Attiva\/Disattiva\"><i class=\"icon-angle-down\" aria-hidden=\"true\"><\/i><\/button>\n\t\t\t<span>Valori nutrizionali<\/span>\n\t\t<\/a>\n\t\t<div id=\"accordion-3242699526-content\" class=\"accordion-inner\" aria-labelledby=\"accordion-3242699526-label\">\n\t\t\t\n<table class=\"ffnf-clean-table\">\n<thead>\n<tr>\n<th>Valori nutrizionali<\/th>\n<th>Porzione (6 g)<\/th>\n<th>Porzione (12 g)<\/th>\n<\/tr>\n<\/thead>\n<tbody>\n<tr>\n<td>Energia<\/td>\n<td>46 kJ \/ 11 kcal<\/td>\n<td>91 kJ \/ 22 kcal<\/td>\n<\/tr>\n<tr>\n<td>Grasso<br \/>- di cui acidi grassi saturi<\/td>\n<td>&lt; 0,5 g<br \/>&lt; 0,1 g<\/td>\n<td>&lt; 0,5 g<br \/>&lt; 0,1 g<\/td>\n<\/tr>\n<tr>\n<td class=\"translation-block\">Carboidrati<br>\u2013 di cui zuccheri<\/td>\n<td>0,7 g<br \/>0,25 g<\/td>\n<td>1,4 g<br \/>0,5 g<\/td>\n<\/tr>\n<tr>\n<td>Fibre alimentari<\/td>\n<td>4,2 grammi<\/td>\n<td>8,3 grammi<\/td>\n<\/tr>\n<tr>\n<td>Proteine<\/td>\n<td>&lt; 0,5 g<\/td>\n<td>&lt; 0,5 g<\/td>\n<\/tr>\n<tr>\n<td>Sale<\/td>\n<td>&lt; 0,01 g<\/td>\n<td>&lt; 0,01 g<\/td>\n<\/tr>\n<\/tbody>\n<\/table>\n\t\t<\/div>\n\t<\/div>\n\t\n<\/div>","protected":false},"excerpt":{"rendered":"<h2>Un mix eccellente per una buona sensazione di pancia.<\/h2>\n<h4>Una bevanda deliziosa e naturale, ricca di ingredienti di alta qualit\u00e0.<\/h4>\n<p>Batteri intestinali preziosi e altamente dosati, combinati con fibra alimentare da buccia di psillio e inulina di cicoria, vitamina C, aroma naturale da vero succo di fragola in polvere e leggermente dolcificato con stevia. Un prodotto che pu\u00f2 aiutare a sostenere il benessere dell'apparato digerente.<\/p>\n<ul>\n<li class=\"bullet-star\">Contiene 10 miliardi di colture probiotiche al giorno<\/li>\n<li class=\"bullet-star\">Con succo di fragola naturale in polvere per un gusto delizioso<\/li>\n<li class=\"bullet-star\">Ricco di vitamina C, che contribuisce al normale funzionamento del sistema immunitario.<\/li>\n<li class=\"bullet-star\">100% vegano e leggermente dolcificato con stevia<\/li>\n<li class=\"bullet-star\">Contiene fibre dalla buccia di psillio e dall'inulina della cicoria per una migliore digestione.<\/li>\n<\/ul>","protected":false},"featured_media":943437,"comment_status":"open","ping_status":"closed","template":"","meta":{"slim_seo":{"title":"Biotics Supermix - FitNFemale\u00ae","description":"Un super mix per un intestino felice. Una bevanda deliziosa e naturale, ricca di ingredienti di alta qualit\u00e0. Batteri intestinali preziosi e altamente concentrati,"}},"product_brand":[],"product_cat":[6363,317,6629,619,401],"product_tag":[],"class_list":{"0":"post-540344","1":"product","2":"type-product","3":"status-publish","4":"has-post-thumbnail","6":"product_cat-promo-40","7":"product_cat-abnehmen","8":"product_cat-basic","9":"product_cat-fitness-drink","10":"product_cat-health","11":"pa_anwendungsbereiche-better-digestion","12":"pa_anwendungsbereiche-energy","13":"pa_anwendungsbereiche-skin-hair-nails","14":"pa_anwendungsbereiche-immune-system","15":"pa_anwendungsbereiche-shaping","16":"pa_marke-fitnfemale","17":"pa_misc-aspartamfree","18":"pa_misc-glutenfree","19":"pa_misc-lactosefree","20":"pa_nutritionfactinfo-high-fiber","21":"pa_schwangerschaft-geeignet","22":"pa_stillzeit-geeignet","23":"pa_vegan-ja","25":"first","26":"instock","27":"featured","28":"taxable","29":"shipping-taxable","30":"purchasable","31":"product-type-variable","32":"has-default-attributes"},"bundled_by":["348815","956646"],"bundle_stock_status":"instock","bundle_stock_quantity":null,"bundle_virtual":false,"bundle_layout":"","bundle_add_to_cart_form_location":"","bundle_editable_in_cart":false,"bundle_sold_individually_context":"","bundle_item_grouping":"","bundle_min_size":"","bundle_max_size":"","bundle_price":[],"bundled_items":[],"bundle_sell_ids":[],"gallery_images":[584806,953760,953764,953762,754646,953763,754642],"_links":{"self":[{"href":"https:\/\/fitnfemale.com\/it\/wp-json\/wp\/v2\/product\/540344","targetHints":{"allow":["GET"]}}],"collection":[{"href":"https:\/\/fitnfemale.com\/it\/wp-json\/wp\/v2\/product"}],"about":[{"href":"https:\/\/fitnfemale.com\/it\/wp-json\/wp\/v2\/types\/product"}],"replies":[{"embeddable":true,"href":"https:\/\/fitnfemale.com\/it\/wp-json\/wp\/v2\/comments?post=540344"}],"wp:featuredmedia":[{"embeddable":true,"href":"https:\/\/fitnfemale.com\/it\/wp-json\/wp\/v2\/media\/943437"}],"wp:attachment":[{"href":"https:\/\/fitnfemale.com\/it\/wp-json\/wp\/v2\/media?parent=540344"}],"wp:term":[{"taxonomy":"product_brand","embeddable":true,"href":"https:\/\/fitnfemale.com\/it\/wp-json\/wp\/v2\/product_brand?post=540344"},{"taxonomy":"product_cat","embeddable":true,"href":"https:\/\/fitnfemale.com\/it\/wp-json\/wp\/v2\/product_cat?post=540344"},{"taxonomy":"product_tag","embeddable":true,"href":"https:\/\/fitnfemale.com\/it\/wp-json\/wp\/v2\/product_tag?post=540344"}],"curies":[{"name":"parola chiave","href":"https:\/\/api.w.org\/{rel}","templated":true}]}}