{"id":528925,"date":"2020-08-06T20:51:12","date_gmt":"2020-08-06T19:51:12","guid":{"rendered":"https:\/\/fitnfemale.com\/?post_type=product&#038;p=528925"},"modified":"2026-04-29T18:01:23","modified_gmt":"2026-04-29T17:01:23","slug":"collagen-supermix","status":"publish","type":"product","link":"https:\/\/fitnfemale.com\/it\/prodotto\/collagen-supermix\/","title":{"rendered":"Collagen Supermix"},"content":{"rendered":"<div class=\"img has-hover img-details x md-x lg-x y md-y lg-y\" id=\"image_471001882\">\n\t\t\t\t\t\t\t\t<div class=\"img-inner dark\" >\n\t\t\t<img decoding=\"async\" width=\"1020\" height=\"569\" src=\"https:\/\/fitnfemale.com\/wp-content\/uploads\/collagen-kollagen-details-rec-1400x781.webp\" class=\"attachment-large size-large\" alt=\"Dettagli del collagene rec\" srcset=\"https:\/\/fitnfemale.com\/wp-content\/uploads\/collagen-kollagen-details-rec-1400x781.webp 1400w, https:\/\/fitnfemale.com\/wp-content\/uploads\/collagen-kollagen-details-rec-717x400.webp 717w, https:\/\/fitnfemale.com\/wp-content\/uploads\/collagen-kollagen-details-rec-768x429.webp 768w, https:\/\/fitnfemale.com\/wp-content\/uploads\/collagen-kollagen-details-rec-18x10.webp 18w, https:\/\/fitnfemale.com\/wp-content\/uploads\/collagen-kollagen-details-rec-1000x558.webp 1000w, https:\/\/fitnfemale.com\/wp-content\/uploads\/collagen-kollagen-details-rec.webp 1500w\" sizes=\"(max-width: 1020px) 100vw, 1020px\" \/>\t\t\t\t\t\t\n\t\t\t\t\t<\/div>\n\t\t\t\t\t\t\t\t\n<style>\n#image_471001882 {\n  width: 100%;\n}\n<\/style>\n\t<\/div>\n\t\n<ul>\n<li class=\"bullet-star\">Contiene collagene, noto come elemento costitutivo del tessuto connettivo, della pelle, dei capelli, delle articolazioni e delle ossa, proveniente da mucche alimentate al pascolo.<\/li>\n<li class=\"bullet-star\">Con bacche di a\u00e7a\u00ed, tradizionalmente usate per supportare il sistema immunitario e la digestione.<\/li>\n<li class=\"bullet-star\">Con Ashwagandha<\/li>\n<li class=\"bullet-star\">Le camu camu est naturellement riche en vitamines et en provitamines, qui peuvent contribuer \u00e0 la vitalit\u00e9.<\/li>\n<li class=\"bullet-star\">L'MSM \u00e8 noto per il suo ruolo di supporto a importanti funzioni dell'organismo<\/li>\n<li class=\"bullet-star\">La vitamina C contribuisce alla normale funzione del sistema immunitario.<\/li>\n<li class=\"bullet-star\">Contiene il 100% di collagene naturale proveniente da allevamenti rispettosi degli animali.<\/li>\n<li class=\"bullet-star\">Gusta il sapore dolce e naturale dell'a\u00e7a\u00ed.<\/li>\n<\/ul>\n<div class=\"accordion\">\n\t<div id=\"accordion-2458413671\" class=\"accordion-item\">\n\t\t<a id=\"accordion-2458413671-label\" class=\"accordion-title plain\" href=\"#accordion-item-inhaltsstoffe\" aria-expanded=\"false\" aria-controls=\"accordion-2458413671-content\">\n\t\t\t<button class=\"toggle\" aria-label=\"Attiva\/Disattiva\"><i class=\"icon-angle-down\" aria-hidden=\"true\"><\/i><\/button>\n\t\t\t<span>Ingredienti<\/span>\n\t\t<\/a>\n\t\t<div id=\"accordion-2458413671-content\" class=\"accordion-inner\" aria-labelledby=\"accordion-2458413671-label\">\n\t\t\t\n<table class=\"ffnf-clean-table\">\n<thead>\n<tr>\n<th>Ingredienti<\/th>\n<th>100 grammi<\/th>\n<th>Porzione (10 g)<\/th>\n<\/tr>\n<\/thead>\n<tbody>\n<tr>\n<td>Idrolizzato di collagene<\/td>\n<td>70000 mg<\/td>\n<td>7000 mg<\/td>\n<\/tr>\n<tr>\n<td>Metilsulfonilmetano (MSM)<\/td>\n<td>10000 mg<\/td>\n<td>1000 mg<\/td>\n<\/tr>\n<tr>\n<td>Estratto di frutto di a\u00e7a\u00ed<\/td>\n<td>2500 mg<\/td>\n<td>250 mg<\/td>\n<\/tr>\n<tr>\n<td>Estratto di Camu Camu<\/td>\n<td>1000 mg<\/td>\n<td>100 mg<\/td>\n<\/tr>\n<tr>\n<td>Estratto di Ashwagandha<\/td>\n<td>500 mg<\/td>\n<td>50 mg<\/td>\n<\/tr>\n<tr>\n<td>Vitamina C<\/td>\n<td>250 mg<\/td>\n<td>25 mg<\/td>\n<\/tr>\n<\/tbody>\n<\/table>\n\t\t<\/div>\n\t<\/div>\n\t\n\t<div id=\"accordion-4284565303\" class=\"accordion-item\">\n\t\t<a id=\"accordion-4284565303-label\" class=\"accordion-title plain\" href=\"#accordion-item-n\u00e4hrwerte\" aria-expanded=\"false\" aria-controls=\"accordion-4284565303-content\">\n\t\t\t<button class=\"toggle\" aria-label=\"Attiva\/Disattiva\"><i class=\"icon-angle-down\" aria-hidden=\"true\"><\/i><\/button>\n\t\t\t<span>Valori nutrizionali<\/span>\n\t\t<\/a>\n\t\t<div id=\"accordion-4284565303-content\" class=\"accordion-inner\" aria-labelledby=\"accordion-4284565303-label\">\n\t\t\t\n<table class=\"ffnf-clean-table\">\n<thead>\n<tr>\n<th>Valori nutrizionali<\/th>\n<th>100 grammi<\/th>\n<th>Porzione (10 g)<\/th>\n<\/tr>\n<\/thead>\n<tbody>\n<tr>\n<td>Energia<\/td>\n<td>1349 kJ \/ 317 kcal<\/td>\n<td>135 kJ \/ 32 kcal<\/td>\n<\/tr>\n<tr>\n<td>Grasso<br \/>- di cui acidi grassi saturi<\/td>\n<td>0,1 g<br \/>&lt; 0,1 g<\/td>\n<td>&lt; 0,1 g<br \/>&lt; 0,1 g<\/td>\n<\/tr>\n<tr>\n<td class=\"translation-block\">Carboidrati<br>\u2013 di cui zuccheri<\/td>\n<td>8,9 g<br \/>2,5 g<\/td>\n<td>0,9 g<br \/>0,3 g<\/td>\n<\/tr>\n<tr>\n<td>Proteine<\/td>\n<td>69,9 g<\/td>\n<td>7,0 g<\/td>\n<\/tr>\n<tr>\n<td>Sale<\/td>\n<td>0,23 g<\/td>\n<td>0,02 g<\/td>\n<\/tr>\n<\/tbody>\n<\/table>\n\t\t<\/div>\n\t<\/div>\n\t\n\t<div id=\"accordion-2813610083\" class=\"accordion-item\">\n\t\t<a id=\"accordion-2813610083-label\" class=\"accordion-title plain\" href=\"#accordion-item-was-ist-kollagen?\" aria-expanded=\"false\" aria-controls=\"accordion-2813610083-content\">\n\t\t\t<button class=\"toggle\" aria-label=\"Attiva\/Disattiva\"><i class=\"icon-angle-down\" aria-hidden=\"true\"><\/i><\/button>\n\t\t\t<span>Che cos'\u00e8 il collagene?<\/span>\n\t\t<\/a>\n\t\t<div id=\"accordion-2813610083-content\" class=\"accordion-inner\" aria-labelledby=\"accordion-2813610083-label\">\n\t\t\t\n<p>Il collagene \u00e8 la proteina strutturale pi\u00f9 abbondante nel corpo. Conferisce resistenza ed elasticit\u00e0 a pelle, capelli, unghie, ossa, tendini e tessuto connettivo.<\/p>\n<p>Con l&#039;avanzare dell&#039;et\u00e0, la produzione di questi nutrienti diminuisce, per questo motivo molti si affidano consapevolmente a integratori esterni mirati.<\/p>\n\t<div class=\"img has-hover x md-x lg-x y md-y lg-y\" id=\"image_1735153457\">\n\t\t\t\t\t\t\t\t<div class=\"img-inner dark\" >\n\t\t\t<img decoding=\"async\" width=\"877\" height=\"800\" src=\"https:\/\/fitnfemale.com\/wp-content\/uploads\/collagen-vorher-nachher-877x800.jpg\" class=\"attachment-large size-large\" alt=\"Collage prima e dopo\" srcset=\"https:\/\/fitnfemale.com\/wp-content\/uploads\/collagen-vorher-nachher-877x800.jpg 877w, https:\/\/fitnfemale.com\/wp-content\/uploads\/collagen-vorher-nachher-439x400.jpg 439w, https:\/\/fitnfemale.com\/wp-content\/uploads\/collagen-vorher-nachher-768x700.jpg 768w, https:\/\/fitnfemale.com\/wp-content\/uploads\/collagen-vorher-nachher-13x12.jpg 13w, https:\/\/fitnfemale.com\/wp-content\/uploads\/collagen-vorher-nachher-1000x912.jpg 1000w, https:\/\/fitnfemale.com\/wp-content\/uploads\/collagen-vorher-nachher.jpg 1092w\" sizes=\"(max-width: 877px) 100vw, 877px\" \/>\t\t\t\t\t\t\n\t\t\t\t\t<\/div>\n\t\t\t\t\t\t\t\t\n<style>\n#image_1735153457 {\n  width: 100%;\n}\n<\/style>\n\t<\/div>\n\t\n\t\t<\/div>\n\t<\/div>\n\t\n\t<div id=\"accordion-2077719935\" class=\"accordion-item\">\n\t\t<a id=\"accordion-2077719935-label\" class=\"accordion-title plain\" href=\"#accordion-item-was-ist-kollagen-hydrolysat?\" aria-expanded=\"false\" aria-controls=\"accordion-2077719935-content\">\n\t\t\t<button class=\"toggle\" aria-label=\"Attiva\/Disattiva\"><i class=\"icon-angle-down\" aria-hidden=\"true\"><\/i><\/button>\n\t\t\t<span>Che cos'\u00e8 l'idrolizzato di collagene?<\/span>\n\t\t<\/a>\n\t\t<div id=\"accordion-2077719935-content\" class=\"accordion-inner\" aria-labelledby=\"accordion-2077719935-label\">\n\t\t\t\n<p>Il collagene idrolizzato \u00e8 collagene scomposto in peptidi particolarmente finemente granulati, pi\u00f9 facilmente assorbibili dall&#039;organismo. La lavorazione enzimatica garantisce un&#039;elevata biodisponibilit\u00e0 e una buona tollerabilit\u00e0.<\/p>\n\t\t<\/div>\n\t<\/div>\n\t\n\t<div id=\"accordion-3105820615\" class=\"accordion-item\">\n\t\t<a id=\"accordion-3105820615-label\" class=\"accordion-title plain\" href=\"#accordion-item-f\u00fcr-was-ist-es-gut-und-welche-funktionen-hat-es?\" aria-expanded=\"false\" aria-controls=\"accordion-3105820615-content\">\n\t\t\t<button class=\"toggle\" aria-label=\"Attiva\/Disattiva\"><i class=\"icon-angle-down\" aria-hidden=\"true\"><\/i><\/button>\n\t\t\t<span>A cosa serve e quali funzioni ha?<\/span>\n\t\t<\/a>\n\t\t<div id=\"accordion-3105820615-content\" class=\"accordion-inner\" aria-labelledby=\"accordion-3105820615-label\">\n\t\t\t\n<p>La grande quantit\u00e0 di questa proteina strutturale nel corpo dimostra la sua importanza per il nostro organismo. Ecco una breve panoramica delle funzioni pi\u00f9 importanti che il collagene di alta qualit\u00e0 svolge nel corpo:<\/p>\n<ul>\n<li class=\"bullet-star\"><strong>Supporto della struttura della pelle \u00b7<\/strong> La quantit\u00e0 di collagene nella pelle diminuisce con l&#039;et\u00e0.<\/li>\n<li class=\"bullet-star translation-block\"><strong>Sostiene legamenti e tendini \u00b7<\/strong> Il collagene \u00e8 un componente essenziale dei legamenti e dei tendini e pu\u00f2 contribuire a sostenere la loro struttura, soprattutto durante l'attivit\u00e0 fisica.<\/li>\n<li class=\"bullet-star translation-block\"><strong>Sostiene la funzione articolare \u00b7<\/strong> Il collagene \u00e8 un componente importante della cartilagine articolare e pu\u00f2 contribuire a sostenere la funzione articolare.<\/li>\n<li class=\"bullet-star translation-block\"><strong>Sostiene la costruzione muscolare \u00b7<\/strong> Il collagene \u00e8 presente anche nei muscoli e pu\u00f2 svolgere un ruolo nel sostenere la costruzione muscolare.<\/li>\n<\/ul>\n\t\t<\/div>\n\t<\/div>\n\t\n\t<div id=\"accordion-2686185360\" class=\"accordion-item\">\n\t\t<a id=\"accordion-2686185360-label\" class=\"accordion-title plain\" href=\"#accordion-item-wieso-kein-veganes-kollagen?\" aria-expanded=\"false\" aria-controls=\"accordion-2686185360-content\">\n\t\t\t<button class=\"toggle\" aria-label=\"Attiva\/Disattiva\"><i class=\"icon-angle-down\" aria-hidden=\"true\"><\/i><\/button>\n\t\t\t<span>Perch\u00e9 non il collagene vegano?<\/span>\n\t\t<\/a>\n\t\t<div id=\"accordion-2686185360-content\" class=\"accordion-inner\" aria-labelledby=\"accordion-2686185360-label\">\n\t\t\t\n<p>Ci sono attualmente <strong>nessun vero collagene vegano<\/strong>. I veri peptidi di collagene possono essere ottenuti solo da fonti animali: nel nostro caso, collagene bovino di tipo 1 e tipo 3 di alta qualit\u00e0. Molti cosiddetti &quot;prodotti vegani a base di collagene&quot; contengono solo stimolatori del collagene, ma non collagene vero e proprio.<\/p>\n\t\t<\/div>\n\t<\/div>\n\t\n\t<div id=\"accordion-1789052460\" class=\"accordion-item\">\n\t\t<a id=\"accordion-1789052460-label\" class=\"accordion-title plain\" href=\"#accordion-item-wieso-kein-marine-kollagen?\" aria-expanded=\"false\" aria-controls=\"accordion-1789052460-content\">\n\t\t\t<button class=\"toggle\" aria-label=\"Attiva\/Disattiva\"><i class=\"icon-angle-down\" aria-hidden=\"true\"><\/i><\/button>\n\t\t\t<span>Perch\u00e9 non il collagene marino?<\/span>\n\t\t<\/a>\n\t\t<div id=\"accordion-1789052460-content\" class=\"accordion-inner\" aria-labelledby=\"accordion-1789052460-label\">\n\t\t\t\n<p><strong>Un&#039;idea sbagliata diffusa:<\/strong> Meglio il collagene marino, o addirittura vegano.<br \/>Il fatto \u00e8 che il collagene marino si ottiene dalla pelle, dalle squame o dalle lische dei pesci. Pertanto, **non \u00e8 vegano**, ma di origine animale, proprio come il nostro collagene bovino.<\/p>\n<p><strong>Ci\u00f2 che molti non sanno:<\/strong> L&#039;idea che &quot;il pesce \u00e8 meglio&quot; si basa su <strong>Marketing \u2013 non focalizzato sull\u2019impatto<\/strong>. Purezza, forma peptidica e biodisponibilit\u00e0 sono fattori cruciali e noi li forniamo in modo affidabile con il nostro collagene bovino di alta qualit\u00e0.<\/p>\n<p><strong>Un altro vantaggio:<\/strong> Evitiamo deliberatamente fonti marine perch\u00e9 molti stock ittici sono sovrasfruttati. Il nostro collagene proviene da collagene bovino proveniente da fonti responsabili. <strong>sostenibile, potente e senza inquinamento degli oceani<\/strong>.<\/p>\n\t\t<\/div>\n\t<\/div>\n\t\n\t<div id=\"accordion-2777796445\" class=\"accordion-item\">\n\t\t<a id=\"accordion-2777796445-label\" class=\"accordion-title plain\" href=\"#accordion-item-die-kollagen-produktion-nimmt-im-alter-ab.\" aria-expanded=\"false\" aria-controls=\"accordion-2777796445-content\">\n\t\t\t<button class=\"toggle\" aria-label=\"Attiva\/Disattiva\"><i class=\"icon-angle-down\" aria-hidden=\"true\"><\/i><\/button>\n\t\t\t<span>La produzione di collagene diminuisce con l'et\u00e0.<\/span>\n\t\t<\/a>\n\t\t<div id=\"accordion-2777796445-content\" class=\"accordion-inner\" aria-labelledby=\"accordion-2777796445-label\">\n\t\t\t\n\n  <div class=\"banner has-hover\" id=\"banner-136569072\">\n          <div class=\"banner-inner fill\">\n        <div class=\"banner-bg fill\" >\n                                                \n                    <\/div>\n\t\t\n        <div class=\"banner-layers container\">\n            <div class=\"fill banner-link\"><\/div>            \n   <div id=\"text-box-1111505061\" class=\"text-box banner-layer x50 md-x50 lg-x50 y0 md-y0 lg-y0 res-text\">\n                                <div class=\"text-box-content text\">\n              \n              <div class=\"text-inner text-center\">\n                  \n\t<div id=\"text-2594247938\" class=\"text\">\n\t\t\n<p>Con l'avanzare dell'et\u00e0, la produzione naturale di collagene diminuisce. A partire dai 20 anni, la produzione di collagene nella pelle diminuisce di circa l'1% all'anno. Dopo i 30 anni, la diminuzione della produzione di collagene aumenta ulteriormente, con la conseguenza che capelli, pelle e unghie diventano pi\u00f9 sottili e vulnerabili con l'et\u00e0.<a href=\"https:\/\/www.ncbi.nlm.nih.gov\/pmc\/articles\/PMC4082169\/\" target=\"_blank\" rel=\"nofollow noopener\">Gli effetti dell&#039;invecchiamento sul collagene della pelle<\/a>, <a href=\"https:\/\/www.health.harvard.edu\/staying-healthy\/foods-that-boost-collagen\" target=\"_blank\" rel=\"nofollow noopener\">Harvard Health Publishing<\/a>).<br \/>\n\t\t\n<style>\n#text-2594247938 {\n  font-size: 0.9rem;\n  line-height: 1.5;\n  text-align: left;\n}\n<\/style>\n\t<\/div>\n\t\n\t<div class=\"img has-hover x md-x lg-x y md-y lg-y\" id=\"image_177281427\">\n\t\t\t\t\t\t\t\t<div class=\"img-inner dark\" >\n\t\t\t<img decoding=\"async\" width=\"661\" height=\"323\" src=\"https:\/\/fitnfemale.com\/wp-content\/uploads\/kollagen-produktion2-1.png\" class=\"attachment-large size-large\" alt=\"Produzione di collagene2\" srcset=\"https:\/\/fitnfemale.com\/wp-content\/uploads\/kollagen-produktion2-1.png 661w, https:\/\/fitnfemale.com\/wp-content\/uploads\/kollagen-produktion2-1-510x249.png 510w, https:\/\/fitnfemale.com\/wp-content\/uploads\/kollagen-produktion2-1-18x9.png 18w\" sizes=\"(max-width: 661px) 100vw, 661px\" \/>\t\t\t\t\t\t\n\t\t\t\t\t<\/div>\n\t\t\t\t\t\t\t\t\n<style>\n#image_177281427 {\n  width: 100%;\n}\n<\/style>\n\t<\/div>\n\t\n              <\/div>\n           <\/div>\n                            \n<style>\n#text-box-1111505061 {\n  width: 89%;\n}\n#text-box-1111505061 .text-box-content {\n  font-size: 100%;\n}\n<\/style>\n    <\/div>\n \n        <\/div>\n      <\/div>\n\n            \n<style>\n#banner-136569072 {\n  padding-top: 312px;\n  background-color: rgb(252, 237, 238);\n}\n@media (min-width:550px) {\n  #banner-136569072 {\n    padding-top: 425px;\n  }\n}\n<\/style>\n  <\/div>\n\n\n\t\t<\/div>\n\t<\/div>\n\t\n<\/div>","protected":false},"excerpt":{"rendered":"<h2>Il super mix per la bellezza dall'interno<\/h2>\n<h4>Una bevanda di Bellezza-Salute-Fitness con collagene, a\u00e7a\u00ed, ashwagandha, camu camu, MSM e vitamina C, che pu\u00f2 contribuire a sostenere il tuo benessere. Contiene ingredienti tradizionalmente associati al tessuto connettivo, pelle, capelli, articolazioni, ossa, gestione dello stress e salute generale.<\/h4>","protected":false},"featured_media":943815,"comment_status":"open","ping_status":"closed","template":"","meta":{"slim_seo":{"title":"Collagene Supermix - FitNFemale\u00ae","description":"Il super mix per la bellezza dall&#039;interno: una bevanda per la bellezza, la salute e il fitness con collagene, a\u00e7a\u00ed, ashwagandha, camu camu, MSM e vitamina C che pu\u00f2 aiutare a...,"}},"product_brand":[],"product_cat":[6508,6629,401],"product_tag":[6487,6486,6488],"class_list":{"0":"post-528925","1":"product","2":"type-product","3":"status-publish","4":"has-post-thumbnail","6":"product_cat-promo-25","7":"product_cat-basic","8":"product_cat-health","9":"product_tag-beauty","10":"product_tag-collagen","11":"product_tag-health","12":"pa_anwendungsbereiche-bindegewebe","13":"pa_anwendungsbereiche-gelenke-und-knochen","14":"pa_anwendungsbereiche-health","15":"pa_anwendungsbereiche-skin-hair-nails","16":"pa_anwendungsbereiche-immune-system","17":"pa_marke-fitnfemale","18":"pa_misc-aspartamfree","19":"pa_misc-glutenfree","20":"pa_misc-lactosefree","21":"pa_nutritionfactinfo-nofat","22":"pa_nutritionfactinfo-nocarbs","23":"pa_nutritionfactinfo-nosugar","24":"pa_schwangerschaft-nicht-geeignet","25":"pa_stillzeit-nicht-geeignet","26":"pa_vegan-nein","28":"first","29":"outofstock","30":"featured","31":"taxable","32":"shipping-taxable","33":"purchasable","34":"product-type-simple"},"bundled_by":["545696","627268","738344","786592","956371"],"bundle_stock_status":"outofstock","bundle_stock_quantity":1,"bundle_virtual":false,"bundle_layout":"","bundle_add_to_cart_form_location":"","bundle_editable_in_cart":false,"bundle_sold_individually_context":"","bundle_item_grouping":"","bundle_min_size":"","bundle_max_size":"","bundle_price":[],"bundled_items":[],"bundle_sell_ids":[],"gallery_images":[953182,952999,950469,934679,953184,953200,953183,953202],"_links":{"self":[{"href":"https:\/\/fitnfemale.com\/it\/wp-json\/wp\/v2\/product\/528925","targetHints":{"allow":["GET"]}}],"collection":[{"href":"https:\/\/fitnfemale.com\/it\/wp-json\/wp\/v2\/product"}],"about":[{"href":"https:\/\/fitnfemale.com\/it\/wp-json\/wp\/v2\/types\/product"}],"replies":[{"embeddable":true,"href":"https:\/\/fitnfemale.com\/it\/wp-json\/wp\/v2\/comments?post=528925"}],"wp:featuredmedia":[{"embeddable":true,"href":"https:\/\/fitnfemale.com\/it\/wp-json\/wp\/v2\/media\/943815"}],"wp:attachment":[{"href":"https:\/\/fitnfemale.com\/it\/wp-json\/wp\/v2\/media?parent=528925"}],"wp:term":[{"taxonomy":"product_brand","embeddable":true,"href":"https:\/\/fitnfemale.com\/it\/wp-json\/wp\/v2\/product_brand?post=528925"},{"taxonomy":"product_cat","embeddable":true,"href":"https:\/\/fitnfemale.com\/it\/wp-json\/wp\/v2\/product_cat?post=528925"},{"taxonomy":"product_tag","embeddable":true,"href":"https:\/\/fitnfemale.com\/it\/wp-json\/wp\/v2\/product_tag?post=528925"}],"curies":[{"name":"parola chiave","href":"https:\/\/api.w.org\/{rel}","templated":true}]}}