{"id":5079,"date":"2017-10-02T18:10:59","date_gmt":"2017-10-02T17:10:59","guid":{"rendered":"http:\/\/blog.fitnfemale.de\/shop\/pink-rush-muscle-tone\/"},"modified":"2026-04-14T13:14:57","modified_gmt":"2026-04-14T12:14:57","slug":"pink-rush-muscle-tone","status":"publish","type":"product","link":"https:\/\/fitnfemale.com\/it\/prodotto\/pink-rush-muscle-tone\/","title":{"rendered":"Pink Rush (Muscle Tone Booster)"},"content":{"rendered":"<div class=\"img has-hover img-details x md-x lg-x y md-y lg-y\" id=\"image_1106116289\">\n\t\t\t\t\t\t\t\t<div class=\"img-inner dark\" >\n\t\t\t<img decoding=\"async\" width=\"1020\" height=\"569\" src=\"https:\/\/fitnfemale.com\/wp-content\/uploads\/pre-workout-pink-rush-details.webp\" class=\"attachment-large size-large\" alt=\"Dettagli di Pre-workout Pink Rush\" srcset=\"https:\/\/fitnfemale.com\/wp-content\/uploads\/pre-workout-pink-rush-details.webp 1376w, https:\/\/fitnfemale.com\/wp-content\/uploads\/pre-workout-pink-rush-details-717x400.webp 717w, https:\/\/fitnfemale.com\/wp-content\/uploads\/pre-workout-pink-rush-details-768x429.webp 768w, https:\/\/fitnfemale.com\/wp-content\/uploads\/pre-workout-pink-rush-details-18x10.webp 18w, https:\/\/fitnfemale.com\/wp-content\/uploads\/pre-workout-pink-rush-details-1000x558.webp 1000w\" sizes=\"(max-width: 1020px) 100vw, 1020px\" \/>\t\t\t\t\t\t\n\t\t\t\t\t<\/div>\n\t\t\t\t\t\t\t\t\n<style>\n#image_1106116289 {\n  width: 100%;\n}\n<\/style>\n\t<\/div>\n\t\n<p>Vi state chiedendo quale sia il segreto di PINK RUSH? Abbiamo messo insieme la migliore combinazione di ingredienti potenti per voi, tra cui beta-alanina, caffeina, creatina, chetoni di lampone, L-tirosina, estratto di arancia amara e L-arginina.<\/p>\n<p>Prova l&#039;effetto dopo soli 15 minuti dall&#039;assunzione! Il leggero formicolio o prurito che avverti sulla pelle indica che PINK RUSH sta avendo l&#039;effetto desiderato.<\/p>\n<p>PINK RUSH \u00e8 privo di aspartame e potenzia le prestazioni per ottenere il massimo da ogni allenamento. Il risultato: un'irresistibile combinazione di forza e grazia.<\/p>\n<p>Di&#039; s\u00ec a un&#039;esperienza di allenamento potente!<\/p>\n<div class=\"accordion\">\n\t<div id=\"accordion-2442241253\" class=\"accordion-item\">\n\t\t<a id=\"accordion-2442241253-label\" class=\"accordion-title plain\" href=\"#accordion-item-inhaltsstoffe\" aria-expanded=\"false\" aria-controls=\"accordion-2442241253-content\">\n\t\t\t<button class=\"toggle\" aria-label=\"Attiva\/Disattiva\"><i class=\"icon-angle-down\" aria-hidden=\"true\"><\/i><\/button>\n\t\t\t<span>Ingredienti<\/span>\n\t\t<\/a>\n\t\t<div id=\"accordion-2442241253-content\" class=\"accordion-inner\" aria-labelledby=\"accordion-2442241253-label\">\n\t\t\t\n<table class=\"ffnf-clean-table\">\n<thead>\n<tr>\n<th>Ingredienti<\/th>\n<th>Porzione (10 g)<\/th>\n<th>% VNR*<\/th>\n<\/tr>\n<\/thead>\n<tbody>\n<tr>\n<td>Beta-alanina<\/td>\n<td>2,50 g<\/td>\n<td>\u2013<\/td>\n<\/tr>\n<tr>\n<td>Creatina monoidrato<\/td>\n<td>2,0 g<\/td>\n<td>\u2013<\/td>\n<\/tr>\n<tr>\n<td>L-Arginina<\/td>\n<td>2,0 g<\/td>\n<td>\u2013<\/td>\n<\/tr>\n<tr>\n<td>Calcio<\/td>\n<td>120 mg<\/td>\n<td>15 %<\/td>\n<\/tr>\n<tr>\n<td>magnesio<\/td>\n<td>60 mg<\/td>\n<td>16 %<\/td>\n<\/tr>\n<tr>\n<td>L-tirosina<\/td>\n<td>500 mg<\/td>\n<td>\u2013<\/td>\n<\/tr>\n<tr>\n<td>Estratto di arancia amara<\/td>\n<td>300 mg<\/td>\n<td>\u2013<\/td>\n<\/tr>\n<tr>\n<td>caffeina<\/td>\n<td>200 mg<\/td>\n<td>\u2013<\/td>\n<\/tr>\n<tr>\n<td>Estratto di lampone (5 % chetoni di lampone)<\/td>\n<td>200 mg<\/td>\n<td>\u2013<\/td>\n<\/tr>\n<tr>\n<td>Vitamina B1<\/td>\n<td>2,2 mg<\/td>\n<td>200 %<\/td>\n<\/tr>\n<tr>\n<td>Vitamina B2<\/td>\n<td>2,8 mg<\/td>\n<td>200 %<\/td>\n<\/tr>\n<tr>\n<td>niacina<\/td>\n<td>32 mg<\/td>\n<td>200 %<\/td>\n<\/tr>\n<tr>\n<td>Acido pantotenico (B5)<\/td>\n<td>12 mg<\/td>\n<td>200 %<\/td>\n<\/tr>\n<tr>\n<td>Vitamina B6<\/td>\n<td>2,8 mg<\/td>\n<td>200 %<\/td>\n<\/tr>\n<tr>\n<td>Biotina<\/td>\n<td>100 \u00b5g<\/td>\n<td>200 %<\/td>\n<\/tr>\n<tr>\n<td>Acido folico<\/td>\n<td>400 \u00b5g<\/td>\n<td>200 %<\/td>\n<\/tr>\n<tr>\n<td>Vitamina B12<\/td>\n<td>5 \u00b5g<\/td>\n<td>200 %<\/td>\n<\/tr>\n<\/tbody>\n<\/table>\n\t\t<\/div>\n\t<\/div>\n\t\n<\/div>","protected":false},"excerpt":{"rendered":"<h2>Scopri PINK RUSH: il tuo booster pre-allenamento definitivo per la massima potenza!<\/h2>\n<h4>Pronta a portare il tuo allenamento a un livello superiore e a brillare come una vera potenza? Allora PINK RUSH \u00e8 esattamente ci\u00f2 che ti serve! Questa formula unica per il tono muscolare \u00e8 stata sviluppata appositamente per le donne, per ottenere risultati sorprendenti.<\/h4>\n<ul>\n<li class=\"bullet-star\">Trasformate il vostro allenamento con la sensazionale Lean Female Muscle Matrix<\/li>\n<li class=\"bullet-star\">Sentite una carica di energia istantanea grazie a 200 mg di caffeina per porzione<\/li>\n<li class=\"bullet-star\">Godetevi un dosaggio ottimale di creatina, perfettamente adattato alle esigenze delle donne<\/li>\n<li class=\"bullet-star\">Sostenete la vostra salute con le preziose vitamine del gruppo B<\/li>\n<\/ul>","protected":false},"featured_media":916228,"comment_status":"open","ping_status":"closed","template":"","meta":{"slim_seo":{"title":"PINK RUSH Pre-Workout Booster","description":"PINK RUSH di FitnFemale\u00ae \u00e8 un integratore pre-allenamento di nuova generazione con formula Muscle-Tone."}},"product_brand":[],"product_cat":[6629,1047,619],"product_tag":[],"class_list":{"0":"post-5079","1":"product","2":"type-product","3":"status-publish","4":"has-post-thumbnail","6":"product_cat-basic","7":"product_cat-fit-strong","8":"product_cat-fitness-drink","9":"pa_anwendungsbereiche-energy","10":"pa_anwendungsbereiche-focus","11":"pa_anwendungsbereiche-for-your-workout","12":"pa_anwendungsbereiche-power","13":"pa_misc-aspartamfree","14":"pa_misc-glutenfree","15":"pa_misc-lactosefree","16":"pa_nutritionfactinfo-nofat","17":"pa_nutritionfactinfo-nocarbs","18":"pa_nutritionfactinfo-lowcalories","19":"pa_nutritionfactinfo-lowsugar","20":"pa_schwangerschaft-nicht-geeignet","21":"pa_stillzeit-nicht-geeignet","22":"pa_vegan-nein","24":"first","25":"instock","26":"featured","27":"taxable","28":"shipping-taxable","29":"purchasable","30":"product-type-variable","31":"has-default-attributes"},"bundled_by":["7981","7984","606937","627104","786591","738226","5033","957236"],"bundle_stock_status":"instock","bundle_stock_quantity":null,"bundle_virtual":false,"bundle_layout":"","bundle_add_to_cart_form_location":"","bundle_editable_in_cart":false,"bundle_sold_individually_context":"","bundle_item_grouping":"","bundle_min_size":"","bundle_max_size":"","bundle_price":[],"bundled_items":[],"bundle_sell_ids":[],"gallery_images":[954308,954309,952994,952995,942905,952993,908765,952992],"_links":{"self":[{"href":"https:\/\/fitnfemale.com\/it\/wp-json\/wp\/v2\/product\/5079","targetHints":{"allow":["GET"]}}],"collection":[{"href":"https:\/\/fitnfemale.com\/it\/wp-json\/wp\/v2\/product"}],"about":[{"href":"https:\/\/fitnfemale.com\/it\/wp-json\/wp\/v2\/types\/product"}],"replies":[{"embeddable":true,"href":"https:\/\/fitnfemale.com\/it\/wp-json\/wp\/v2\/comments?post=5079"}],"wp:featuredmedia":[{"embeddable":true,"href":"https:\/\/fitnfemale.com\/it\/wp-json\/wp\/v2\/media\/916228"}],"wp:attachment":[{"href":"https:\/\/fitnfemale.com\/it\/wp-json\/wp\/v2\/media?parent=5079"}],"wp:term":[{"taxonomy":"product_brand","embeddable":true,"href":"https:\/\/fitnfemale.com\/it\/wp-json\/wp\/v2\/product_brand?post=5079"},{"taxonomy":"product_cat","embeddable":true,"href":"https:\/\/fitnfemale.com\/it\/wp-json\/wp\/v2\/product_cat?post=5079"},{"taxonomy":"product_tag","embeddable":true,"href":"https:\/\/fitnfemale.com\/it\/wp-json\/wp\/v2\/product_tag?post=5079"}],"curies":[{"name":"parola chiave","href":"https:\/\/api.w.org\/{rel}","templated":true}]}}