{"id":5058,"date":"2017-10-02T19:10:56","date_gmt":"2017-10-02T18:10:56","guid":{"rendered":"http:\/\/blog.fitnfemale.de\/shop\/l-carnitin-greentea\/"},"modified":"2026-04-13T11:01:33","modified_gmt":"2026-04-13T10:01:33","slug":"l-carnitina-greentea","status":"publish","type":"product","link":"https:\/\/fitnfemale.com\/it\/prodotto\/l-carnitina-greentea\/","title":{"rendered":"L-Carnitina + Greentea"},"content":{"rendered":"<div class=\"img has-hover img-details x md-x lg-x y md-y lg-y\" id=\"image_1158459843\">\n\t\t\t\t\t\t\t\t<div class=\"img-inner dark\" >\n\t\t\t<img decoding=\"async\" width=\"1020\" height=\"569\" src=\"https:\/\/fitnfemale.com\/wp-content\/uploads\/lcarnitin-greentea-closeup4.webp\" class=\"attachment-large size-large\" alt=\"T\u00e8 verde L-carnitina primo piano 4\" srcset=\"https:\/\/fitnfemale.com\/wp-content\/uploads\/lcarnitin-greentea-closeup4.webp 1376w, https:\/\/fitnfemale.com\/wp-content\/uploads\/lcarnitin-greentea-closeup4-717x400.webp 717w, https:\/\/fitnfemale.com\/wp-content\/uploads\/lcarnitin-greentea-closeup4-768x429.webp 768w, https:\/\/fitnfemale.com\/wp-content\/uploads\/lcarnitin-greentea-closeup4-18x10.webp 18w, https:\/\/fitnfemale.com\/wp-content\/uploads\/lcarnitin-greentea-closeup4-1000x558.webp 1000w\" sizes=\"(max-width: 1020px) 100vw, 1020px\" \/>\t\t\t\t\t\t\n\t\t\t\t\t<\/div>\n\t\t\t\t\t\t\t\t\n<style>\n#image_1158459843 {\n  width: 100%;\n}\n<\/style>\n\t<\/div>\n\t\n<p>Questo duo \u00e8 la carica perfetta per tutti i giorni, che sia per avere pi\u00f9 energia in palestra, durante le giornate stressanti o quando vuoi semplicemente dare il massimo. Per tutti coloro che vivono in modo consapevole, assumono integratori in modo intelligente e amano l&#039;energia. Naturalmente, con la qualit\u00e0 FitNFemale.<\/p>\n<p><strong>L-carnitina<\/strong> \u00c8 un composto simile alle vitamine che il corpo produce naturalmente, principalmente nel fegato e nei reni. Svolge un ruolo chiave nel metabolismo dei grassi, poich\u00e9 trasporta gli acidi grassi a catena lunga nei mitocondri (le vostre &quot;centrali energetiche&quot;), dove vengono convertiti in energia. \u00c8 particolarmente apprezzato dalle persone attive che desiderano aumentare specificamente i propri livelli di energia, ad esempio prima di un allenamento o durante le fasi di dieta.<\/p>\n<p><strong>Estratto di t\u00e8 verde (GTE)<\/strong> \u00c8 un composto vegetale naturale con un alto contenuto di catechine, in particolare EGCG, e contiene anche caffeina. L&#039;estratto \u00e8 spesso utilizzato per le sue propriet\u00e0 antiossidanti, di supporto alla concentrazione e al metabolismo dei grassi. Ideale per chi conduce uno stile di vita consapevole e attivo.<\/p>\n<table class=\"ffnf-clean-table\">\n<thead>\n<tr>\n<th>Ingredienti<\/th>\n<th>Porzione (2 capsule)<\/th>\n<\/tr>\n<\/thead>\n<tbody>\n<tr>\n<td>L-carnitina<\/td>\n<td>1000 mg<\/td>\n<\/tr>\n<tr>\n<td>Estratto di T\u00e8 Verde<br \/>\u2013 di cui EGCG<\/td>\n<td>400 mg<br \/>180 mg<\/td>\n<\/tr>\n<tr>\n<td>caffeina<\/td>\n<td>64 mg<\/td>\n<\/tr>\n<\/tbody>\n<\/table>","protected":false},"excerpt":{"rendered":"<h2>Pi\u00f9 energia, pi\u00f9 concentrazione, pi\u00f9 te stesso<\/h2>\n<h4>La combinazione intelligente per il tuo stile di vita attivo: L-Carnitina e T\u00e8 Verde \u2013 per chi non si limita a parlare, ma agisce. Perfetto come apporto quotidiano prima dell&#039;allenamento o come supporto nella vita di tutti i giorni!<\/h4>\n<ul>\n<li class=\"bullet-star\">L-Carnitina (1000 mg): supporta il metabolismo energetico e ti fa muovere.<\/li>\n<li class=\"bullet-star\">Estratto di t\u00e8 verde (400 mg): di alta qualit\u00e0 e naturale \u2013 con 180 mg di EGCG<\/li>\n<li class=\"bullet-star\">Caffeina (64 mg): per una rapida spinta alla concentrazione.<\/li>\n<li class=\"bullet-star\">Ideale prima dell&#039;allenamento o come supporto durante le fasi attive<\/li>\n<\/ul>","protected":false},"featured_media":943253,"comment_status":"open","ping_status":"closed","template":"","meta":{"slim_seo":{"title":"L-Carnitina + T\u00e8 Verde - FitNFemale\u00ae","description":"Pi\u00f9 energia, pi\u00f9 concentrazione, pi\u00f9 te stesso. La combinazione intelligente per il tuo stile di vita attivo: L-Carnitina e T\u00e8 Verde, per tutti coloro che non si limitano a parlare, ma agiscono. Perfetto."}},"product_brand":[],"product_cat":[6508,317,6629,1052,401,6671],"product_tag":[],"class_list":{"0":"post-5058","1":"product","2":"type-product","3":"status-publish","4":"has-post-thumbnail","6":"product_cat-promo-25","7":"product_cat-abnehmen","8":"product_cat-basic","9":"product_cat-fatburner","10":"product_cat-health","11":"product_cat-topdeals","12":"pa_anwendungsbereiche-energy","13":"pa_anwendungsbereiche-health","14":"pa_anwendungsbereiche-shaping","15":"pa_anwendungsbereiche-metabolism","16":"pa_marke-fitnfemale","17":"pa_misc-aspartamfree","18":"pa_misc-glutenfree","19":"pa_misc-lactosefree","20":"pa_misc-vegetarian","21":"pa_nutritionfactinfo-nofat","22":"pa_nutritionfactinfo-glutenfree","23":"pa_nutritionfactinfo-nocalories","24":"pa_nutritionfactinfo-nocarbs","25":"pa_nutritionfactinfo-lactosefree","26":"pa_nutritionfactinfo-nosugar","27":"pa_schwangerschaft-nicht-geeignet","28":"pa_stillzeit-nicht-geeignet","29":"pa_vegan-ja","31":"first","32":"instock","33":"taxable","34":"shipping-taxable","35":"purchasable","36":"product-type-simple"},"bundled_by":["7746","5439","627227","663238","637421"],"bundle_stock_status":"instock","bundle_stock_quantity":null,"bundle_virtual":false,"bundle_layout":"","bundle_add_to_cart_form_location":"","bundle_editable_in_cart":false,"bundle_sold_individually_context":"","bundle_item_grouping":"","bundle_min_size":"","bundle_max_size":"","bundle_price":[],"bundled_items":[],"bundle_sell_ids":[],"gallery_images":[953724,953726,953725,953728,954589,954587,954588],"_links":{"self":[{"href":"https:\/\/fitnfemale.com\/it\/wp-json\/wp\/v2\/product\/5058","targetHints":{"allow":["GET"]}}],"collection":[{"href":"https:\/\/fitnfemale.com\/it\/wp-json\/wp\/v2\/product"}],"about":[{"href":"https:\/\/fitnfemale.com\/it\/wp-json\/wp\/v2\/types\/product"}],"replies":[{"embeddable":true,"href":"https:\/\/fitnfemale.com\/it\/wp-json\/wp\/v2\/comments?post=5058"}],"wp:featuredmedia":[{"embeddable":true,"href":"https:\/\/fitnfemale.com\/it\/wp-json\/wp\/v2\/media\/943253"}],"wp:attachment":[{"href":"https:\/\/fitnfemale.com\/it\/wp-json\/wp\/v2\/media?parent=5058"}],"wp:term":[{"taxonomy":"product_brand","embeddable":true,"href":"https:\/\/fitnfemale.com\/it\/wp-json\/wp\/v2\/product_brand?post=5058"},{"taxonomy":"product_cat","embeddable":true,"href":"https:\/\/fitnfemale.com\/it\/wp-json\/wp\/v2\/product_cat?post=5058"},{"taxonomy":"product_tag","embeddable":true,"href":"https:\/\/fitnfemale.com\/it\/wp-json\/wp\/v2\/product_tag?post=5058"}],"curies":[{"name":"parola chiave","href":"https:\/\/api.w.org\/{rel}","templated":true}]}}