{"id":5032,"date":"2017-10-02T17:10:46","date_gmt":"2017-10-02T16:10:46","guid":{"rendered":"http:\/\/blog.fitnfemale.de\/shop\/pink-burn-2-in-1-fatburner-booster\/"},"modified":"2026-04-20T18:15:26","modified_gmt":"2026-04-20T17:15:26","slug":"pink-burn-2-in-1-fatburner-booster","status":"publish","type":"product","link":"https:\/\/fitnfemale.com\/it\/prodotto\/pink-burn-2-in-1-fatburner-booster\/","title":{"rendered":"Pink Burn (2 in 1)"},"content":{"rendered":"<div class=\"img has-hover img-details x md-x lg-x y md-y lg-y\" id=\"image_794208848\">\n\t\t\t\t\t\t\t\t<div class=\"img-inner dark\" >\n\t\t\t<img decoding=\"async\" width=\"1020\" height=\"569\" src=\"https:\/\/fitnfemale.com\/wp-content\/uploads\/pink-burn-details.webp\" class=\"attachment-large size-large\" alt=\"Dettagli di bruciatura rosa\" srcset=\"https:\/\/fitnfemale.com\/wp-content\/uploads\/pink-burn-details.webp 1376w, https:\/\/fitnfemale.com\/wp-content\/uploads\/pink-burn-details-717x400.webp 717w, https:\/\/fitnfemale.com\/wp-content\/uploads\/pink-burn-details-768x429.webp 768w, https:\/\/fitnfemale.com\/wp-content\/uploads\/pink-burn-details-18x10.webp 18w, https:\/\/fitnfemale.com\/wp-content\/uploads\/pink-burn-details-1000x558.webp 1000w\" sizes=\"(max-width: 1020px) 100vw, 1020px\" \/>\t\t\t\t\t\t\n\t\t\t\t\t<\/div>\n\t\t\t\t\t\t\t\t\n<style>\n#image_794208848 {\n  width: 100%;\n}\n<\/style>\n\t<\/div>\n\t\n<ul>\n<li class=\"bullet-star\">Boost 2 in 1: brucia grassi e pre-allenamento in uno<\/li>\n<li class=\"bullet-star\">Effetto 15\u201320 min \u2013 formicolio come segnale di partenza<\/li>\n<li class=\"bullet-star\">200 mg di caffeina \u2013 Concentrazione ed energia*<\/li>\n<li class=\"bullet-star\">Senza zucchero, 2,2 kcal \u2013 intelligente e leggero<\/li>\n<li class=\"bullet-star\">Aminoacidi + vitamine \u2013 sapientemente combinati<\/li>\n<li class=\"bullet-star\">Dosaggio flessibile: 1-2 misurini secondo necessit\u00e0<\/li>\n<li class=\"bullet-star\">Fino a 20-40 porzioni \u2013 240 g per lattina<\/li>\n<\/ul>\n<div class=\"accordion\">\n\t<div id=\"accordion-3624488961\" class=\"accordion-item\">\n\t\t<a id=\"accordion-3624488961-label\" class=\"accordion-title plain active\" href=\"#accordion-item-dein-effekt-nach-15-min\" aria-expanded=\"true\" aria-controls=\"accordion-3624488961-content\">\n\t\t\t<button class=\"toggle\" aria-label=\"Attiva\/Disattiva\"><i class=\"icon-angle-down\" aria-hidden=\"true\"><\/i><\/button>\n\t\t\t<span>Il tuo effetto dopo 15 minuti<\/span>\n\t\t<\/a>\n\t\t<div id=\"accordion-3624488961-content\" class=\"accordion-inner\" style=\"display: block;\" aria-labelledby=\"accordion-3624488961-label\">\n\t\t\t\n<p>L&#039;effetto si manifesta dopo soli 15-20 minuti: la mente diventa pi\u00f9 lucida, la concentrazione aumenta e si avverte il tipico aumento di beta-alanina nel corpo. Questa leggera sensazione di calore e formicolio \u00e8 il segnale di partenza. \u00c8 allora che entra in gioco la spinta in pi\u00f9, portando l&#039;allenamento a un livello superiore.<\/p>\n\t\t<\/div>\n\t<\/div>\n\t\n\t<div id=\"accordion-291731702\" class=\"accordion-item\">\n\t\t<a id=\"accordion-291731702-label\" class=\"accordion-title plain\" href=\"#accordion-item-dein-perfekter-zeitpunkt\" aria-expanded=\"false\" aria-controls=\"accordion-291731702-content\">\n\t\t\t<button class=\"toggle\" aria-label=\"Attiva\/Disattiva\"><i class=\"icon-angle-down\" aria-hidden=\"true\"><\/i><\/button>\n\t\t\t<span>Il tuo momento perfetto<\/span>\n\t\t<\/a>\n\t\t<div id=\"accordion-291731702-content\" class=\"accordion-inner\" aria-labelledby=\"accordion-291731702-label\">\n\t\t\t\n<p>Pink Burn \u00e8 pi\u00f9 efficace se assunto subito prima dell&#039;allenamento, che si tratti di allenamento di forza, cardio o HIIT. Puoi usarlo anche quando ti manca la motivazione o hai bisogno di concentrarti sulla vita quotidiana.<\/p>\n\t\t<\/div>\n\t<\/div>\n\t\n\t<div id=\"accordion-2692037405\" class=\"accordion-item\">\n\t\t<a id=\"accordion-2692037405-label\" class=\"accordion-title plain\" href=\"#accordion-item-fakten,-die-du-kennen-solltest\" aria-expanded=\"false\" aria-controls=\"accordion-2692037405-content\">\n\t\t\t<button class=\"toggle\" aria-label=\"Attiva\/Disattiva\"><i class=\"icon-angle-down\" aria-hidden=\"true\"><\/i><\/button>\n\t\t\t<span>Fatti che dovresti sapere<\/span>\n\t\t<\/a>\n\t\t<div id=\"accordion-2692037405-content\" class=\"accordion-inner\" aria-labelledby=\"accordion-2692037405-label\">\n\t\t\t\n<p>Pink Burn \u00e8 disponibile in sei gusti fruttati e rinfrescanti: T\u00e8 freddo al limone, Mango, Pesca, Lampone, Mela e Frutto della passione. Importante: non combinare con altri prodotti contenenti caffeina per evitare un&#039;assunzione eccessiva di caffeina.<\/p>\n\t\t<\/div>\n\t<\/div>\n\t\n\t<div id=\"accordion-606663462\" class=\"accordion-item\">\n\t\t<a id=\"accordion-606663462-label\" class=\"accordion-title plain\" href=\"#accordion-item-n\u00e4hrwerte\" aria-expanded=\"false\" aria-controls=\"accordion-606663462-content\">\n\t\t\t<button class=\"toggle\" aria-label=\"Attiva\/Disattiva\"><i class=\"icon-angle-down\" aria-hidden=\"true\"><\/i><\/button>\n\t\t\t<span>Valori nutrizionali<\/span>\n\t\t<\/a>\n\t\t<div id=\"accordion-606663462-content\" class=\"accordion-inner\" aria-labelledby=\"accordion-606663462-label\">\n\t\t\t\n<table class=\"ffnf-clean-table\">\n<thead>\n<tr>\n<th>Valori nutrizionali<\/th>\n<th>100 grammi<\/th>\n<th>Porzione (12 g)<\/th>\n<\/tr>\n<\/thead>\n<tbody>\n<tr>\n<td>Energia<\/td>\n<td>91 kJ \/ 22 kcal<\/td>\n<td>10 kJ \/ 2,6 kcal<\/td>\n<\/tr>\n<tr>\n<td>Grasso<br \/>- di cui acidi grassi saturi<\/td>\n<td>0,0 g<br \/>0,0 g<\/td>\n<td>0,0 g<br \/>0,0 g<\/td>\n<\/tr>\n<tr>\n<td class=\"translation-block\">Carboidrati<br>\u2013 di cui zuccheri<\/td>\n<td>0,40 g<br \/>0,40 g<\/td>\n<td>0,05 g<br \/>0,05 g<\/td>\n<\/tr>\n<tr>\n<td>Fibre alimentari<\/td>\n<td>0,0 g<\/td>\n<td>0,0 g<\/td>\n<\/tr>\n<tr>\n<td>Proteine<\/td>\n<td>5,0 g<\/td>\n<td>0,6 g<\/td>\n<\/tr>\n<tr>\n<td>Sale<\/td>\n<td>0,0 g<\/td>\n<td>0,0 g<\/td>\n<\/tr>\n<\/tbody>\n<\/table>\n\t\t<\/div>\n\t<\/div>\n\t\n\t<div id=\"accordion-2411729045\" class=\"accordion-item\">\n\t\t<a id=\"accordion-2411729045-label\" class=\"accordion-title plain\" href=\"#accordion-item-inhaltsstoffe\" aria-expanded=\"false\" aria-controls=\"accordion-2411729045-content\">\n\t\t\t<button class=\"toggle\" aria-label=\"Attiva\/Disattiva\"><i class=\"icon-angle-down\" aria-hidden=\"true\"><\/i><\/button>\n\t\t\t<span>Ingredienti<\/span>\n\t\t<\/a>\n\t\t<div id=\"accordion-2411729045-content\" class=\"accordion-inner\" aria-labelledby=\"accordion-2411729045-label\">\n\t\t\t\n<table class=\"ffnf-clean-table\">\n<thead>\n<tr>\n<th>Ingredienti<\/th>\n<th>Porzione (12 g)<\/th>\n<th>% VNR*<\/th>\n<\/tr>\n<\/thead>\n<tbody>\n<tr>\n<td>Beta-alanina<\/td>\n<td>2,5 g<\/td>\n<td>\u2013<\/td>\n<\/tr>\n<tr>\n<td>L-Arginina<\/td>\n<td>2 grammi<\/td>\n<td>\u2013<\/td>\n<\/tr>\n<tr>\n<td>L-tirosina<\/td>\n<td>500 mg<\/td>\n<td>\u2013<\/td>\n<\/tr>\n<tr>\n<td>Estratto di arancia amara<\/td>\n<td>300 mg<\/td>\n<td>\u2013<\/td>\n<\/tr>\n<tr>\n<td>caffeina<\/td>\n<td>200 mg<\/td>\n<td>\u2013<\/td>\n<\/tr>\n<tr>\n<td>Estratto di lampone (chetoni di lampone 5%)<\/td>\n<td>200 mg<\/td>\n<td>\u2013<\/td>\n<\/tr>\n<tr>\n<td>Vitamina B1<\/td>\n<td>2,2 mg<\/td>\n<td>200 %<\/td>\n<\/tr>\n<tr>\n<td>Vitamina B2<\/td>\n<td>2,8 mg<\/td>\n<td>200 %<\/td>\n<\/tr>\n<tr>\n<td>niacina<\/td>\n<td>48 mg<\/td>\n<td>300 %<\/td>\n<\/tr>\n<tr>\n<td>Acido pantotenico (B5)<\/td>\n<td>12 mg<\/td>\n<td>200 %<\/td>\n<\/tr>\n<tr>\n<td>Vitamina B6<\/td>\n<td>2,8 mg<\/td>\n<td>200 %<\/td>\n<\/tr>\n<tr>\n<td>Biotina<\/td>\n<td>100 \u00b5g<\/td>\n<td>200 %<\/td>\n<\/tr>\n<tr>\n<td>Acido folico<\/td>\n<td>400 \u00b5g<\/td>\n<td>200 %<\/td>\n<\/tr>\n<tr>\n<td>Vitamina B12<\/td>\n<td>5 \u00b5g<\/td>\n<td>200 %<\/td>\n<\/tr>\n<tr>\n<td>Calcio<\/td>\n<td>400 mg<\/td>\n<td>50 %<\/td>\n<\/tr>\n<tr>\n<td>magnesio<\/td>\n<td>187,5 mg<\/td>\n<td>50 %<\/td>\n<\/tr>\n<tr>\n<td>fosforo<\/td>\n<td>210 mg<\/td>\n<td>30 %<\/td>\n<\/tr>\n<tr>\n<td>sodio<\/td>\n<td>300 mg<\/td>\n<td>15 %<\/td>\n<\/tr>\n<tr>\n<td>potassio<\/td>\n<td>300 mg<\/td>\n<td>15 %<\/td>\n<\/tr>\n<tr>\n<td>cloruro<\/td>\n<td>120 mg<\/td>\n<td>15 %<\/td>\n<\/tr>\n<\/tbody>\n<\/table>\n\t\t<\/div>\n\t<\/div>\n\t\n<\/div>\n\t<div class=\"img has-hover x md-x lg-x y md-y lg-y\" id=\"image_1707896853\">\n\t\t\t\t\t\t\t\t<div class=\"img-inner dark\" >\n\t\t\t<img decoding=\"async\" width=\"1020\" height=\"569\" src=\"https:\/\/fitnfemale.com\/wp-content\/uploads\/pinkburn-rasp-closeup4.jpg\" class=\"attachment-large size-large\" alt=\"Raspa Pinkburn in primo piano4\" srcset=\"https:\/\/fitnfemale.com\/wp-content\/uploads\/pinkburn-rasp-closeup4.jpg 1376w, https:\/\/fitnfemale.com\/wp-content\/uploads\/pinkburn-rasp-closeup4-717x400.jpg 717w, https:\/\/fitnfemale.com\/wp-content\/uploads\/pinkburn-rasp-closeup4-768x429.jpg 768w, https:\/\/fitnfemale.com\/wp-content\/uploads\/pinkburn-rasp-closeup4-18x10.jpg 18w, https:\/\/fitnfemale.com\/wp-content\/uploads\/pinkburn-rasp-closeup4-1000x558.jpg 1000w\" sizes=\"(max-width: 1020px) 100vw, 1020px\" \/>\t\t\t\t\t\t\n\t\t\t\t\t<\/div>\n\t\t\t\t\t\t\t\t\n<style>\n#image_1707896853 {\n  width: 100%;\n}\n<\/style>\n\t<\/div>","protected":false},"excerpt":{"rendered":"<h2>Pink Burn: la spinta 2 in 1 che puoi davvero sentire!<\/h2>\n<h4 class=\"uppercase\"><strong>Calorie? Sbarazzatene. Energia? Forza.<\/strong><\/h4>\n<h4>Pink Burn unisce bruciagrassi e integratori pre-allenamento in un&#039;unica bevanda: il tuo rituale prima di ogni sessione. <strong>Matrice delle prestazioni femminili<\/strong> con <strong>200 mg di caffeina<\/strong>, Aminoacidi, vitamine del gruppo B ed elettroliti forniscono concentrazione, motivazione e fluidit\u00e0 nell&#039;allenamento. Solo senza zucchero. <strong>2,2 kcal<\/strong> per porzione. <strong>Notevole dopo 15-20 minuti<\/strong> \u2013 dalla testa ai piedi.<\/h4>","protected":false},"featured_media":971647,"comment_status":"open","ping_status":"closed","template":"","meta":{"slim_seo":{"title":"Pink Burn 2 in 1 Bruciagrassi e Booster | Massima combustione dei grassi | FitNFemale","description":"Pink Burn 2 in 1 Fat Burner &amp; Booster: il prodotto pre-allenamento perfetto per bruciare i grassi al massimo, con effetto immediato, un sano equilibrio elettrolitico e un cocktail di allenamento, tutto in uno. Acquistalo ora!"}},"product_brand":[],"product_cat":[6364,317,1052,6671],"product_tag":[],"class_list":{"0":"post-5032","1":"product","2":"type-product","3":"status-publish","4":"has-post-thumbnail","6":"product_cat-promo-30","7":"product_cat-abnehmen","8":"product_cat-fatburner","9":"product_cat-topdeals","10":"pa_anwendungsbereiche-energy","11":"pa_anwendungsbereiche-leanmuscle","12":"pa_anwendungsbereiche-focus","13":"pa_anwendungsbereiche-weightloss","14":"pa_anwendungsbereiche-shaping","15":"pa_marke-fitnfemale","16":"pa_misc-aspartamfree","17":"pa_misc-glutenfree","18":"pa_misc-konservierungsfrei","19":"pa_misc-lactosefree","20":"pa_misc-vegetarian","21":"pa_nutritionfactinfo-nofat","22":"pa_nutritionfactinfo-nocarbs","23":"pa_nutritionfactinfo-lowcalories","24":"pa_nutritionfactinfo-lowsugar","25":"pa_schwangerschaft-nicht-geeignet","26":"pa_stillzeit-nicht-geeignet","27":"pa_vegan-nein","29":"first","30":"instock","31":"featured","32":"taxable","33":"shipping-taxable","34":"purchasable","35":"product-type-variable","36":"has-default-attributes"},"bundled_by":["58627","470906","626249","627227","637421","663238","738020","779338","779338","779338","43049","5018","948486"],"bundle_stock_status":"instock","bundle_stock_quantity":null,"bundle_virtual":false,"bundle_layout":"","bundle_add_to_cart_form_location":"","bundle_editable_in_cart":false,"bundle_sold_individually_context":"","bundle_item_grouping":"","bundle_min_size":"","bundle_max_size":"","bundle_price":[],"bundled_items":[],"bundle_sell_ids":[],"gallery_images":[953507,934892,953514,953508,953518,942903,953515,909720],"_links":{"self":[{"href":"https:\/\/fitnfemale.com\/it\/wp-json\/wp\/v2\/product\/5032","targetHints":{"allow":["GET"]}}],"collection":[{"href":"https:\/\/fitnfemale.com\/it\/wp-json\/wp\/v2\/product"}],"about":[{"href":"https:\/\/fitnfemale.com\/it\/wp-json\/wp\/v2\/types\/product"}],"replies":[{"embeddable":true,"href":"https:\/\/fitnfemale.com\/it\/wp-json\/wp\/v2\/comments?post=5032"}],"wp:featuredmedia":[{"embeddable":true,"href":"https:\/\/fitnfemale.com\/it\/wp-json\/wp\/v2\/media\/971647"}],"wp:attachment":[{"href":"https:\/\/fitnfemale.com\/it\/wp-json\/wp\/v2\/media?parent=5032"}],"wp:term":[{"taxonomy":"product_brand","embeddable":true,"href":"https:\/\/fitnfemale.com\/it\/wp-json\/wp\/v2\/product_brand?post=5032"},{"taxonomy":"product_cat","embeddable":true,"href":"https:\/\/fitnfemale.com\/it\/wp-json\/wp\/v2\/product_cat?post=5032"},{"taxonomy":"product_tag","embeddable":true,"href":"https:\/\/fitnfemale.com\/it\/wp-json\/wp\/v2\/product_tag?post=5032"}],"curies":[{"name":"parola chiave","href":"https:\/\/api.w.org\/{rel}","templated":true}]}}