{"id":43303,"date":"2018-06-10T15:30:03","date_gmt":"2018-06-10T14:30:03","guid":{"rendered":"https:\/\/fitnfemale.com\/?post_type=product&#038;p=43303"},"modified":"2026-04-05T15:13:52","modified_gmt":"2026-04-05T14:13:52","slug":"all-in-one-shape-shake","status":"publish","type":"product","link":"https:\/\/fitnfemale.com\/it\/prodotto\/all-in-one-shape-shake\/","title":{"rendered":"Shape Me Shake"},"content":{"rendered":"<div class=\"img has-hover img-details x md-x lg-x y md-y lg-y\" id=\"image_236354048\">\n\t\t\t\t\t\t\t\t<div class=\"img-inner dark\" >\n\t\t\t<img decoding=\"async\" width=\"1020\" height=\"569\" src=\"https:\/\/fitnfemale.com\/wp-content\/uploads\/shapemeshake-rec-details1-1.webp\" class=\"attachment-large size-large\" alt=\"Dettagli di Shapemeshake rec1\" srcset=\"https:\/\/fitnfemale.com\/wp-content\/uploads\/shapemeshake-rec-details1-1.webp 1376w, https:\/\/fitnfemale.com\/wp-content\/uploads\/shapemeshake-rec-details1-1-717x400.webp 717w, https:\/\/fitnfemale.com\/wp-content\/uploads\/shapemeshake-rec-details1-1-768x429.webp 768w, https:\/\/fitnfemale.com\/wp-content\/uploads\/shapemeshake-rec-details1-1-18x10.webp 18w, https:\/\/fitnfemale.com\/wp-content\/uploads\/shapemeshake-rec-details1-1-1000x558.webp 1000w\" sizes=\"(max-width: 1020px) 100vw, 1020px\" \/>\t\t\t\t\t\t\n\t\t\t\t\t<\/div>\n\t\t\t\t\t\t\t\t\n<style>\n#image_236354048 {\n  width: 100%;\n}\n<\/style>\n\t<\/div>\n\t\n<p>Goditi il gusto migliore, garantito per sciogliersi perfettamente in acqua, e scopri quanto \u00e8 facile dare il massimo ogni giorno. Con una combinazione accuratamente selezionata di proteine del siero del latte, caseina e uova, insieme ad altri preziosi ingredienti, questo best-seller ti accompagner\u00e0 nel tuo percorso verso il tuo fisico migliore. Il nostro impegno per l&#039;ambiente \u00e8 forte quanto la nostra promessa: utilizziamo imballaggi riciclabili 100% per un mondo pi\u00f9 pulito.<\/p>\n<p class=\"translation-block\">Scelto con cura, il nostro frullato contiene L-carnitina e una traccia di piperina. Inoltre, include zinco e magnesio, che contribuiscono a un metabolismo normale.<\/p>\n<p class=\"translation-block\">Crediamo nel meglio che la natura possa offrire, quindi il nostro latte proviene esclusivamente da mucche allevate al pascolo. Rinunciamo completamente all'aspartame, al glutine e alla soia \u2013 per il tuo benessere.<\/p>\n<p class=\"translation-block\">Il nostro impegno per l'ambiente \u00e8 forte quanto la nostra promessa a te: utilizziamo un imballaggio 100% riciclabile per un mondo pi\u00f9 pulito.<\/p>\n<p class=\"translation-block\">Gusta i sapori irresistibili dei nostri frullati, che si sciolgono perfettamente in acqua o latte \u2013 il compagno perfetto che ti supporta nelle tue sfide quotidiane.<\/p>\n<p>Prova lo Shape Me Shake e senti la differenza!<\/p>\n<div class=\"accordion\">\n\t<div id=\"accordion-3680469578\" class=\"accordion-item\">\n\t\t<a id=\"accordion-3680469578-label\" class=\"accordion-title plain\" href=\"#accordion-item-n\u00e4hrwerte\" aria-expanded=\"false\" aria-controls=\"accordion-3680469578-content\">\n\t\t\t<button class=\"toggle\" aria-label=\"Attiva\/Disattiva\"><i class=\"icon-angle-down\" aria-hidden=\"true\"><\/i><\/button>\n\t\t\t<span>Valori nutrizionali<\/span>\n\t\t<\/a>\n\t\t<div id=\"accordion-3680469578-content\" class=\"accordion-inner\" aria-labelledby=\"accordion-3680469578-label\">\n\t\t\t\n<table class=\"ffnf-clean-table\">\n<thead>\n<tr>\n<th>Valori nutrizionali<\/th>\n<th>100 grammi<\/th>\n<th>Porzione (30 g)<\/th>\n<\/tr>\n<\/thead>\n<tbody>\n<tr>\n<td>Energia<\/td>\n<td>1552 kJ \/ 367 kcal<\/td>\n<td>466 kJ \/ 110 kcal<\/td>\n<\/tr>\n<tr>\n<td>Grasso<br \/>\n- di cui acidi grassi saturi<\/td>\n<td>5,0 g<br \/>\n2,8 g<\/td>\n<td>1,5 g<br \/>\n0,9 g<\/td>\n<\/tr>\n<tr>\n<td>Carboidrati<br \/>\n- di cui zucchero<\/td>\n<td>6,7 g<br \/>\n5,2 g<\/td>\n<td>2,0 g<br \/>\n1,6 g<\/td>\n<\/tr>\n<tr>\n<td>Fibre alimentari<\/td>\n<td>1,0 g<\/td>\n<td>0,3 g<\/td>\n<\/tr>\n<tr>\n<td>Proteine<\/td>\n<td>72,4 g<\/td>\n<td>21,7 g<\/td>\n<\/tr>\n<tr>\n<td>Sale<\/td>\n<td>0,62 g<\/td>\n<td>0,19 g<\/td>\n<\/tr>\n<\/tbody>\n<\/table>\n\t\t<\/div>\n\t<\/div>\n\t\n\t<div id=\"accordion-4065714341\" class=\"accordion-item\">\n\t\t<a id=\"accordion-4065714341-label\" class=\"accordion-title plain\" href=\"#accordion-item-inhaltsstoffe\" aria-expanded=\"false\" aria-controls=\"accordion-4065714341-content\">\n\t\t\t<button class=\"toggle\" aria-label=\"Attiva\/Disattiva\"><i class=\"icon-angle-down\" aria-hidden=\"true\"><\/i><\/button>\n\t\t\t<span>Ingredienti<\/span>\n\t\t<\/a>\n\t\t<div id=\"accordion-4065714341-content\" class=\"accordion-inner\" aria-labelledby=\"accordion-4065714341-label\">\n\t\t\t\n<table class=\"ffnf-clean-table\">\n<thead>\n<tr>\n<th>Ingredienti<\/th>\n<th>100 grammi<\/th>\n<th>Porzione (30 g)<\/th>\n<th>% VNR*<\/th>\n<\/tr>\n<\/thead>\n<tbody>\n<tr>\n<td>L-carnitina<\/td>\n<td>2720 mg<\/td>\n<td>816 mg<\/td>\n<td>\u2013<\/td>\n<\/tr>\n<tr>\n<td>Piperina<\/td>\n<td>23 mg<\/td>\n<td>7 mg<\/td>\n<td>\u2013<\/td>\n<\/tr>\n<tr>\n<td>Vitamina D3 (calciferolo)<\/td>\n<td>163,3 \u00b5g<\/td>\n<td>49,0 \u00b5g<\/td>\n<td>\u2013<\/td>\n<\/tr>\n<tr>\n<td>Vitamina E<\/td>\n<td>12,0 mg<\/td>\n<td>3,6 mg<\/td>\n<td>30 %<\/td>\n<\/tr>\n<tr>\n<td>Vitamina C<\/td>\n<td>80,0 mg<\/td>\n<td>24,0 mg<\/td>\n<td>30 %<\/td>\n<\/tr>\n<tr>\n<td>Vitamina B1<\/td>\n<td>1,1 mg<\/td>\n<td>0,33 mg<\/td>\n<td>30 %<\/td>\n<\/tr>\n<tr>\n<td>Vitamina B2<\/td>\n<td>1,4 mg<\/td>\n<td>0,42 mg<\/td>\n<td>30 %<\/td>\n<\/tr>\n<tr>\n<td>niacina<\/td>\n<td>16,0 mg<\/td>\n<td>4,8 mg<\/td>\n<td>30 %<\/td>\n<\/tr>\n<tr>\n<td>Vitamina B6<\/td>\n<td>1,4 mg<\/td>\n<td>0,42 mg<\/td>\n<td>30 %<\/td>\n<\/tr>\n<tr>\n<td>Acido folico<\/td>\n<td>200 \u00b5g<\/td>\n<td>60 \u00b5g<\/td>\n<td>30 %<\/td>\n<\/tr>\n<tr>\n<td>Vitamina B12<\/td>\n<td>2,5 \u00b5g<\/td>\n<td>0,75 \u00b5g<\/td>\n<td>30 %<\/td>\n<\/tr>\n<tr>\n<td>Biotina<\/td>\n<td>50 \u00b5g<\/td>\n<td>15 \u00b5g<\/td>\n<td>30 %<\/td>\n<\/tr>\n<tr>\n<td>Acido pantotenico (B5)<\/td>\n<td>6,0 mg<\/td>\n<td>1,8 mg<\/td>\n<td>30 %<\/td>\n<\/tr>\n<tr>\n<td>magnesio<\/td>\n<td>666 mg<\/td>\n<td>200 mg<\/td>\n<td>53 %<\/td>\n<\/tr>\n<tr>\n<td>zinco<\/td>\n<td>17,6 mg<\/td>\n<td>5,3 mg<\/td>\n<td>100 %<\/td>\n<\/tr>\n<\/tbody>\n<\/table>\n\t\t<\/div>\n\t<\/div>\n\t\n<\/div>\n\t<div class=\"img has-hover x md-x lg-x y md-y lg-y\" id=\"image_828044644\">\n\t\t\t\t\t\t\t\t<div class=\"img-inner dark\" >\n\t\t\t<img decoding=\"async\" width=\"1020\" height=\"569\" src=\"https:\/\/fitnfemale.com\/wp-content\/uploads\/shapemeshake-closeup-123.webp\" class=\"attachment-large size-large\" alt=\"Primo piano di Shapemeshake\" srcset=\"https:\/\/fitnfemale.com\/wp-content\/uploads\/shapemeshake-closeup-123.webp 1376w, https:\/\/fitnfemale.com\/wp-content\/uploads\/shapemeshake-closeup-123-717x400.webp 717w, https:\/\/fitnfemale.com\/wp-content\/uploads\/shapemeshake-closeup-123-768x429.webp 768w, https:\/\/fitnfemale.com\/wp-content\/uploads\/shapemeshake-closeup-123-18x10.webp 18w, https:\/\/fitnfemale.com\/wp-content\/uploads\/shapemeshake-closeup-123-1000x558.webp 1000w\" sizes=\"(max-width: 1020px) 100vw, 1020px\" \/>\t\t\t\t\t\t\n\t\t\t\t\t<\/div>\n\t\t\t\t\t\t\t\t\n<style>\n#image_828044644 {\n  width: 100%;\n}\n<\/style>\n\t<\/div>","protected":false},"excerpt":{"rendered":"<h2>Il tuo compagno ideale \u2013 Shape Me Shake: Perfetto per il tuo obiettivo di fitness.<\/h2>\n<h4>Inizia la giornata in modo dinamico o ritrova il tuo equilibrio dopo l'allenamento con Shape Me Shake, il tuo delizioso shake di fitness. Sviluppato appositamente per le donne, questo shake offre un supporto ottimale grazie alla sua composizione unica e all'elevata biodisponibilit\u00e0.<\/h4>","protected":false},"featured_media":957504,"comment_status":"open","ping_status":"closed","template":"","meta":{"slim_seo":{"title":"Shape Me Shake - FitNFemale\u00ae","description":"Il tuo compagno ideale: Shape Me Shake: perfetto per i tuoi obiettivi di fitness. Inizia la giornata in modo dinamico o ritrova il tuo equilibrio dopo l&#039;allenamento con Shape Me."}},"product_brand":[],"product_cat":[6365,317,394],"product_tag":[],"class_list":{"0":"post-43303","1":"product","2":"type-product","3":"status-publish","4":"has-post-thumbnail","6":"product_cat-promo-20","7":"product_cat-abnehmen","8":"product_cat-fitness-shake","9":"pa_anwendungsbereiche-weightloss","10":"pa_anwendungsbereiche-recovery","11":"pa_anwendungsbereiche-shaping","12":"pa_marke-fitnfemale","13":"pa_misc-aspartamfree","14":"pa_misc-glutenfree","15":"pa_misc-vegetarian","16":"pa_nutritionfactinfo-highprotein","17":"pa_nutritionfactinfo-lowcarb","18":"pa_nutritionfactinfo-lowfat","19":"pa_nutritionfactinfo-lowsugar","20":"pa_schwangerschaft-geeignet","21":"pa_stillzeit-geeignet","22":"pa_vegan-nein","24":"first","25":"instock","26":"featured","27":"taxable","28":"shipping-taxable","29":"purchasable","30":"product-type-variable","31":"has-default-attributes"},"bundled_by":["89922","5439","626249","58627","738321","43049","5033","738226","5018"],"bundle_stock_status":"instock","bundle_stock_quantity":null,"bundle_virtual":false,"bundle_layout":"","bundle_add_to_cart_form_location":"","bundle_editable_in_cart":false,"bundle_sold_individually_context":"","bundle_item_grouping":"","bundle_min_size":"","bundle_max_size":"","bundle_price":[],"bundled_items":[],"bundle_sell_ids":[],"gallery_images":[953313,953310,955136,953311,952232,953315,934851,953312],"_links":{"self":[{"href":"https:\/\/fitnfemale.com\/it\/wp-json\/wp\/v2\/product\/43303","targetHints":{"allow":["GET"]}}],"collection":[{"href":"https:\/\/fitnfemale.com\/it\/wp-json\/wp\/v2\/product"}],"about":[{"href":"https:\/\/fitnfemale.com\/it\/wp-json\/wp\/v2\/types\/product"}],"replies":[{"embeddable":true,"href":"https:\/\/fitnfemale.com\/it\/wp-json\/wp\/v2\/comments?post=43303"}],"wp:featuredmedia":[{"embeddable":true,"href":"https:\/\/fitnfemale.com\/it\/wp-json\/wp\/v2\/media\/957504"}],"wp:attachment":[{"href":"https:\/\/fitnfemale.com\/it\/wp-json\/wp\/v2\/media?parent=43303"}],"wp:term":[{"taxonomy":"product_brand","embeddable":true,"href":"https:\/\/fitnfemale.com\/it\/wp-json\/wp\/v2\/product_brand?post=43303"},{"taxonomy":"product_cat","embeddable":true,"href":"https:\/\/fitnfemale.com\/it\/wp-json\/wp\/v2\/product_cat?post=43303"},{"taxonomy":"product_tag","embeddable":true,"href":"https:\/\/fitnfemale.com\/it\/wp-json\/wp\/v2\/product_tag?post=43303"}],"curies":[{"name":"parola chiave","href":"https:\/\/api.w.org\/{rel}","templated":true}]}}