{"id":43049,"date":"2018-06-08T19:15:03","date_gmt":"2018-06-08T18:15:03","guid":{"rendered":"https:\/\/fitnfemale.com\/?post_type=product&#038;p=43049"},"modified":"2026-02-07T16:18:54","modified_gmt":"2026-02-07T15:18:54","slug":"bikini-express-bundle","status":"publish","type":"product","link":"https:\/\/fitnfemale.com\/it\/prodotto\/bikini-express-bundle\/","title":{"rendered":"Bikini Express Bundle"},"content":{"rendered":"<div class=\"img has-hover img-details x md-x lg-x y md-y lg-y\" id=\"image_2055962377\">\n\t\t\t\t\t\t\t\t<div class=\"img-inner dark\" >\n\t\t\t<img decoding=\"async\" width=\"1020\" height=\"569\" src=\"https:\/\/fitnfemale.com\/wp-content\/uploads\/bikiniexpress-closeup-8.jpg\" class=\"attachment-large size-large\" alt=\"Primo piano di Bikini Express\" srcset=\"https:\/\/fitnfemale.com\/wp-content\/uploads\/bikiniexpress-closeup-8.jpg 1376w, https:\/\/fitnfemale.com\/wp-content\/uploads\/bikiniexpress-closeup-8-717x400.jpg 717w, https:\/\/fitnfemale.com\/wp-content\/uploads\/bikiniexpress-closeup-8-768x429.jpg 768w, https:\/\/fitnfemale.com\/wp-content\/uploads\/bikiniexpress-closeup-8-18x10.jpg 18w, https:\/\/fitnfemale.com\/wp-content\/uploads\/bikiniexpress-closeup-8-1000x558.jpg 1000w\" sizes=\"(max-width: 1020px) 100vw, 1020px\" \/>\t\t\t\t\t\t\n\t\t\t\t\t<\/div>\n\t\t\t\t\t\t\t\t\n<style>\n#image_2055962377 {\n  width: 100%;\n}\n<\/style>\n\t<\/div>\n\t\n<p>Il bundle Bikini Express \u00e8 il compagno ideale per un'estate di successo. Approfitta dell'occasione e inizia subito!<\/p>\n<ul>\n<li class=\"bullet-star\">Prodotti coordinati abbinati a linee guida nutrizionali individuali<\/li>\n<li class=\"bullet-star\">Piano calorico, appositamente studiato per voi<\/li>\n<li class=\"bullet-star\">Piano di reddito comprensivo di linee guida per l'alimentazione<\/li>\n<li class=\"bullet-star\">Consigli per un allenamento efficace (minimo sforzo, massimo risultato) con particolare attenzione alla combustione dei grassi, ai glutei e all'addome.<\/li>\n<\/ul>\n<div class=\"message-box relative dark\" style=\"padding-top:15px;padding-bottom:15px;\"><div class=\"message-box-bg-image bg-fill fill\" ><\/div><div class=\"message-box-bg-overlay bg-fill fill\" style=\"background-color:rgb(194, 156, 160);\"><\/div><div class=\"container relative\"><div class=\"inner last-reset\">\n<div class=\"row align-middle align-center\"  id=\"row-1356936397\">\n\n\t<div id=\"col-1016890364\" class=\"col small-12 large-12\"  >\n\t\t\t\t<div class=\"col-inner\"  >\n\t\t\t\n\t\t\t\n<p>Non appena avrete completato l'acquisto, riceverete automaticamente un questionario via e-mail. Al fine di creare un piano personalizzato per voi, vi chiediamo di completarlo il prima possibile e di rispedircelo.<\/p>\n\t\t<\/div>\n\t\t\t\t\t<\/div>\n\n\t\n<\/div>\n<\/div><\/div><\/div>\n\t<div id=\"gap-833362185\" class=\"gap-element clearfix\" style=\"display:block; height:auto;\">\n\t\t\n<style>\n#gap-833362185 {\n  padding-top: 11px;\n}\n<\/style>\n\t<\/div>\n\t\n<div class=\"accordion\">\n\t<div id=\"accordion-1399583536\" class=\"accordion-item\">\n\t\t<a id=\"accordion-1399583536-label\" class=\"accordion-title plain\" href=\"#accordion-item-zus\u00e4tzliche-informationen\" aria-expanded=\"false\" aria-controls=\"accordion-1399583536-content\">\n\t\t\t<button class=\"toggle\" aria-label=\"Attiva\/Disattiva\"><i class=\"icon-angle-down\" aria-hidden=\"true\"><\/i><\/button>\n\t\t\t<span>Informazioni aggiuntive<\/span>\n\t\t<\/a>\n\t\t<div id=\"accordion-1399583536-content\" class=\"accordion-inner\" aria-labelledby=\"accordion-1399583536-label\">\n\t\t\t\n<ul>\n<li>Dopo averci inviato i vostri dati, il piano vi sar\u00e0 inviato per via elettronica. Si prega di notare che i piani e gli eBook sono esclusi dal diritto di cancellazione.<\/li>\n<li>Il piano \u00e8 attualmente disponibile solo in tedesco.<\/li>\n<li>Se decidete di annullare l'acquisto del Bikini Bundle, vi verranno addebitati 40,00 euro\/franchi svizzeri per il piano, che non \u00e8 rimborsabile.<\/li>\n<li>Subito dopo l'acquisto, riceverete un'e-mail con domande sulla vostra linea di base, necessarie per determinare il vostro fabbisogno energetico. Il pacchetto include un metodo per ottenere i risultati pi\u00f9 rapidi possibili.<\/li>\n<li>Il pacchetto comprende un metodo (soluzione) per ottenere i risultati pi\u00f9 rapidi possibili. Per un piano nutrizionale e\/o un piano di allenamento olistico, consigliamo i prodotti \"<a href=\"\/it\/shop\/your-nutrizione-piano\/\">Il vostro piano nutrizionale<\/a>\" o \"<a href=\"\/it\/shop\/get-lean-training-nutrizione-piano\/\">Piano Lean<\/a>\u201e.<\/li>\n<\/ul>\n\t\t<\/div>\n\t<\/div>\n\t\n\t<div id=\"accordion-2029094224\" class=\"accordion-item\">\n\t\t<a id=\"accordion-2029094224-label\" class=\"accordion-title plain\" href=\"#accordion-item-ziele\" aria-expanded=\"false\" aria-controls=\"accordion-2029094224-content\">\n\t\t\t<button class=\"toggle\" aria-label=\"Attiva\/Disattiva\"><i class=\"icon-angle-down\" aria-hidden=\"true\"><\/i><\/button>\n\t\t\t<span>Obiettivi<\/span>\n\t\t<\/a>\n\t\t<div id=\"accordion-2029094224-content\" class=\"accordion-inner\" aria-labelledby=\"accordion-2029094224-label\">\n\t\t\t\n<p>Il pacchetto Bikini Express mira a farvi sentire bene nel vostro corpo. Sebbene la durata di 3-4 settimane sia breve, a seconda del punto di partenza, \u00e8 garantito un aumento della forma fisica. Il programma \u00e8 concepito in modo da poter essere svolto parallelamente a un'attivit\u00e0 lavorativa. Non \u00e8 richiesto un rigido conteggio delle calorie, ma \u00e8 importante rispettare gli orari suggeriti per mangiare e allenarsi. Non bisogna fare la fame, ma mangiare in modo consapevole e sano, con l'eccezione di un \"cheat day\" alla settimana.<\/p>\n\t\t<\/div>\n\t<\/div>\n\t\n\t<div id=\"accordion-1260486664\" class=\"accordion-item\">\n\t\t<a id=\"accordion-1260486664-label\" class=\"accordion-title plain\" href=\"#accordion-item-individueller-plan-in-pdf-form\" aria-expanded=\"false\" aria-controls=\"accordion-1260486664-content\">\n\t\t\t<button class=\"toggle\" aria-label=\"Attiva\/Disattiva\"><i class=\"icon-angle-down\" aria-hidden=\"true\"><\/i><\/button>\n\t\t\t<span>Piano personalizzato in formato PDF<\/span>\n\t\t<\/a>\n\t\t<div id=\"accordion-1260486664-content\" class=\"accordion-inner\" aria-labelledby=\"accordion-1260486664-label\">\n\t\t\t\n<p>Riceverete i documenti via e-mail (PDF), cio\u00e8 in formato elettronico. Poich\u00e9 il piano contiene singole parti, riceverete il piano entro 12 ore dalla ricezione dei prodotti.<\/p>\n\t\t<\/div>\n\t<\/div>\n\t\n<\/div>","protected":false},"excerpt":{"rendered":"<h2>Bikini Express Bundle: il modo pi\u00f9 rapido per ottenere un corpo perfetto per l&#039;estate.<\/h2>\n<h4>Il pacchetto combina prodotti coordinati in modo intelligente con un piano nutrizionale e di allenamento personalizzato: perfetto per le donne che vogliono iniziare subito e ottenere risultati visibili.<\/h4>\n<ul>\n<li class=\"bullet-arrow\"><strong><i class=\"fas fa-sync-alt\" style=\"margin-right: 6px;\"><\/i>Combinazione perfettamente coordinata:<\/strong> Prodotti e piano alimentare sono perfettamente coordinati, per ottenere il massimo effetto senza intoppi.<\/li>\n<li class=\"bullet-arrow\"><strong><i class=\"fas fa-utensils\" style=\"margin-right: 6px;\"><\/i>Piano calorico individuale:<\/strong> Personalizzato in base ai tuoi obiettivi, al tuo livello di attivit\u00e0 e alle tue preferenze: niente supposizioni, niente fame.<\/li>\n<li class=\"bullet-arrow\"><strong><i class=\"fas fa-clipboard-list\" style=\"margin-right: 6px;\"><\/i>Piano di reddito e linee guida:<\/strong> Strutturato, pratico per l&#039;uso quotidiano e facile da implementare: la tua guida chiara per una routine pi\u00f9 efficace e risultati migliori.<\/li>\n<li class=\"bullet-arrow\"><strong><i class=\"fas fa-fire-alt\" style=\"margin-right: 6px;\"><\/i>Suggerimenti per un allenamento efficace:<\/strong> Concentrandosi sulla combustione dei grassi, pancia e glutei: minimo sforzo, massimo effetto.<\/li>\n<\/ul>","protected":false},"featured_media":954127,"comment_status":"open","ping_status":"closed","template":"","meta":{"slim_seo":{"title":"Pacchetto Bikini Express - FitNFemale\u00ae","description":"Pacchetto Bikini Express: la tua scorciatoia per un corpo perfetto per l&#039;estate. Il pacchetto combina prodotti sapientemente coordinati con un piano nutrizionale e di fitness personalizzato."}},"product_brand":[],"product_cat":[317,311,6671],"product_tag":[],"class_list":{"0":"post-43049","1":"product","2":"type-product","3":"status-publish","4":"has-post-thumbnail","6":"product_cat-abnehmen","7":"product_cat-bundle","8":"product_cat-topdeals","9":"pa_anwendungsbereiche-weightloss","10":"pa_anwendungsbereiche-meal-replacement","11":"pa_anwendungsbereiche-shaping","12":"pa_anwendungsbereiche-metabolism","13":"pa_schwangerschaft-nicht-geeignet","14":"pa_stillzeit-nicht-geeignet","15":"pa_vegan-nein","17":"first","18":"instock","19":"sale","20":"featured","21":"downloadable","22":"taxable","23":"shipping-taxable","24":"purchasable","25":"product-type-bundle"},"bundled_by":[],"bundle_stock_status":"instock","bundle_stock_quantity":31,"bundle_virtual":false,"bundle_layout":"default","bundle_add_to_cart_form_location":"default","bundle_editable_in_cart":false,"bundle_sold_individually_context":"product","bundle_item_grouping":"parent","bundle_min_size":"","bundle_max_size":"","bundle_price":{"price":{"min":{"incl_tax":"131.4","excl_tax":"128.070175"},"max":{"incl_tax":"131.4","excl_tax":"128.070175"}},"regular_price":{"min":{"incl_tax":"131.4","excl_tax":"128.070175"},"max":{"incl_tax":"131.4","excl_tax":"128.070175"}}},"bundled_items":[{"bundled_item_id":593,"product_id":43303,"menu_order":0,"quantity_min":1,"quantity_max":1,"quantity_default":1,"priced_individually":false,"shipped_individually":false,"override_title":true,"title":"Shape Me Shake","override_description":true,"description":"Frullato proteico per la tua routine di bellezza","optional":false,"hide_thumbnail":false,"discount":"","override_variations":false,"allowed_variations":[],"override_default_variation_attributes":false,"default_variation_attributes":[],"single_product_visibility":"visible","cart_visibility":"hidden","order_visibility":"visible","single_product_price_visibility":"visible","cart_price_visibility":"visible","order_price_visibility":"visible","stock_status":"in_stock"},{"bundled_item_id":596,"product_id":678396,"menu_order":1,"quantity_min":1,"quantity_max":1,"quantity_default":1,"priced_individually":false,"shipped_individually":false,"override_title":true,"title":"All you need Shake","override_description":true,"description":"Un frullato veloce da preparare quando hai bisogno di qualcosa di semplice.","optional":false,"hide_thumbnail":false,"discount":"","override_variations":false,"allowed_variations":[],"override_default_variation_attributes":false,"default_variation_attributes":[],"single_product_visibility":"visible","cart_visibility":"hidden","order_visibility":"visible","single_product_price_visibility":"visible","cart_price_visibility":"visible","order_price_visibility":"visible","stock_status":"in_stock"},{"bundled_item_id":619,"product_id":5032,"menu_order":2,"quantity_min":1,"quantity_max":1,"quantity_default":1,"priced_individually":false,"shipped_individually":false,"override_title":true,"title":"Pink Burn - Fusione morbida","override_description":true,"description":"Il tuo integratore pre-allenamento per aumentare concentrazione e motivazione.","optional":false,"hide_thumbnail":false,"discount":"","override_variations":false,"allowed_variations":[],"override_default_variation_attributes":false,"default_variation_attributes":[],"single_product_visibility":"visible","cart_visibility":"hidden","order_visibility":"visible","single_product_price_visibility":"visible","cart_price_visibility":"visible","order_price_visibility":"visible","stock_status":"in_stock"},{"bundled_item_id":676,"product_id":337831,"menu_order":3,"quantity_min":1,"quantity_max":1,"quantity_default":1,"priced_individually":false,"shipped_individually":false,"override_title":true,"title":"Fuoco rosa","override_description":true,"description":"","optional":false,"hide_thumbnail":false,"discount":"","override_variations":false,"allowed_variations":[],"override_default_variation_attributes":false,"default_variation_attributes":[],"single_product_visibility":"visible","cart_visibility":"hidden","order_visibility":"visible","single_product_price_visibility":"visible","cart_price_visibility":"visible","order_price_visibility":"visible","stock_status":"in_stock"},{"bundled_item_id":677,"product_id":4994,"menu_order":4,"quantity_min":1,"quantity_max":1,"quantity_default":1,"priced_individually":false,"shipped_individually":false,"override_title":true,"title":"Omega 3","override_description":true,"description":"","optional":false,"hide_thumbnail":false,"discount":"","override_variations":false,"allowed_variations":[],"override_default_variation_attributes":false,"default_variation_attributes":[],"single_product_visibility":"visible","cart_visibility":"hidden","order_visibility":"visible","single_product_price_visibility":"visible","cart_price_visibility":"visible","order_price_visibility":"visible","stock_status":"in_stock"},{"bundled_item_id":628,"product_id":5004,"menu_order":5,"quantity_min":1,"quantity_max":1,"quantity_default":1,"priced_individually":false,"shipped_individually":false,"override_title":true,"title":"Shaker Black Beauty","override_description":true,"description":"Gratis: mescola, bevi e vai avanti.","optional":false,"hide_thumbnail":false,"discount":"","override_variations":false,"allowed_variations":[],"override_default_variation_attributes":false,"default_variation_attributes":[],"single_product_visibility":"visible","cart_visibility":"hidden","order_visibility":"visible","single_product_price_visibility":"visible","cart_price_visibility":"visible","order_price_visibility":"visible","stock_status":"in_stock"},{"bundled_item_id":88,"product_id":52311,"menu_order":6,"quantity_min":1,"quantity_max":1,"quantity_default":1,"priced_individually":false,"shipped_individually":true,"override_title":true,"title":"Piano personalizzato Bikini Express","override_description":true,"description":"Il tuo piano da seguire: chiaro, semplice, fattibile.","optional":false,"hide_thumbnail":false,"discount":"","override_variations":false,"allowed_variations":[],"override_default_variation_attributes":false,"default_variation_attributes":[],"single_product_visibility":"visible","cart_visibility":"hidden","order_visibility":"visible","single_product_price_visibility":"hidden","cart_price_visibility":"hidden","order_price_visibility":"hidden","stock_status":"in_stock"}],"bundle_sell_ids":[],"gallery_images":[953944,953941,953507,953495,953943,953313,953724,953178,953921,938480],"_links":{"self":[{"href":"https:\/\/fitnfemale.com\/it\/wp-json\/wp\/v2\/product\/43049","targetHints":{"allow":["GET"]}}],"collection":[{"href":"https:\/\/fitnfemale.com\/it\/wp-json\/wp\/v2\/product"}],"about":[{"href":"https:\/\/fitnfemale.com\/it\/wp-json\/wp\/v2\/types\/product"}],"replies":[{"embeddable":true,"href":"https:\/\/fitnfemale.com\/it\/wp-json\/wp\/v2\/comments?post=43049"}],"wp:featuredmedia":[{"embeddable":true,"href":"https:\/\/fitnfemale.com\/it\/wp-json\/wp\/v2\/media\/954127"}],"wp:attachment":[{"href":"https:\/\/fitnfemale.com\/it\/wp-json\/wp\/v2\/media?parent=43049"}],"wp:term":[{"taxonomy":"product_brand","embeddable":true,"href":"https:\/\/fitnfemale.com\/it\/wp-json\/wp\/v2\/product_brand?post=43049"},{"taxonomy":"product_cat","embeddable":true,"href":"https:\/\/fitnfemale.com\/it\/wp-json\/wp\/v2\/product_cat?post=43049"},{"taxonomy":"product_tag","embeddable":true,"href":"https:\/\/fitnfemale.com\/it\/wp-json\/wp\/v2\/product_tag?post=43049"}],"curies":[{"name":"parola chiave","href":"https:\/\/api.w.org\/{rel}","templated":true}]}}