{"id":348815,"date":"2019-10-08T09:47:37","date_gmt":"2019-10-08T08:47:37","guid":{"rendered":"https:\/\/fitnfemale.com\/?post_type=product&#038;p=348815"},"modified":"2023-02-23T09:53:14","modified_gmt":"2023-02-23T08:53:14","slug":"reset-your-body-bundle","status":"publish","type":"product","link":"https:\/\/fitnfemale.com\/it\/prodotto\/reset-your-body-bundle\/","title":{"rendered":"Resettare il corpo"},"content":{"rendered":"<ul>\n<li class=\"bullet-star\">Piano dei ricavi<\/li>\n<li class=\"bullet-star\">Lista della spesa - alimenti che supportano positivamente e quindi influenzano il \"reset\".<\/li>\n<\/ul>\n<p>L'obiettivo del<strong> Resettare il corpo<\/strong> \u00e8 quello di dare al corpo un nuovo inizio in termini di flora intestinale, digestione e metabolismo. Il mantenimento del peso corporeo o l'aumento di peso si decidono anche nell'intestino: qui vivono microrganismi che influenzano in modo determinante il numero di calorie che assumiamo dagli alimenti e\/o che vengono trasformate in depositi di grasso. Il fatto di essere grassi o magri non \u00e8 deciso solo da ci\u00f2 che mangiamo e in quale quantit\u00e0. Quasi altrettanto decisivo \u00e8 ci\u00f2 che accade successivamente all'interno del nostro corpo con il cibo e le bevande che consumiamo. Trilioni di microbi presenti nell'intestino contribuiscono in larga misura alla digestione degli alimenti.<\/p>\n<p>Riceverete i documenti via e-mail (PDF), cio\u00e8 in formato elettronico.<\/p>\n<div class=\"accordion\">\n\t<div id=\"accordion-3136235384\" class=\"accordion-item\">\n\t\t<a id=\"accordion-3136235384-label\" class=\"accordion-title plain\" href=\"#accordion-item-zus\u00e4tzliche-informationen\" aria-expanded=\"false\" aria-controls=\"accordion-3136235384-content\">\n\t\t\t<button class=\"toggle\" aria-label=\"Attiva\/Disattiva\"><i class=\"icon-angle-down\" aria-hidden=\"true\"><\/i><\/button>\n\t\t\t<span>Informazioni aggiuntive<\/span>\n\t\t<\/a>\n\t\t<div id=\"accordion-3136235384-content\" class=\"accordion-inner\" aria-labelledby=\"accordion-3136235384-label\">\n\t\t\t\n<ul>\n<li>Il piano vi sar\u00e0 inviato per via elettronica dopo l'invio dei vostri dati. I piani e gli eBook sono esclusi dal diritto di recesso.<\/li>\n<li>Il piano \u00e8 attualmente disponibile solo in tedesco.<\/li>\n<li>Se desiderate recedere dall'acquisto dei prodotti Reset your Body dopo averli ricevuti, vi verranno comunque addebitati 40,00 euro\/franchi svizzeri per il piano, che non \u00e8 rimborsabile.<\/li>\n<\/ul>\n\t\t<\/div>\n\t<\/div>\n\t\n<\/div>","protected":false},"excerpt":{"rendered":"<h2>Siete pronti per un reset?<\/h2>\n<h4>Reset your Body \u00e8 composto da 6 prodotti di alta qualit\u00e0, un piano di assunzione, una lista della spesa e importanti informazioni sul tema \"dimagrire con l'intestino\".<\/h4>\n<p>I prodotti coordinati in modo ottimale, in combinazione con le linee guida nutrizionali individuali, rendono il pacchetto un prodotto di punta.<\/p>","protected":false},"featured_media":698176,"comment_status":"open","ping_status":"closed","template":"","meta":{"slim_seo":{"title":"Ripristina il tuo corpo - FitNFemale\u00ae","description":"Pronti per un reset? Reset your Body \u00e8 composto da 6 prodotti di alta qualit\u00e0, uno schema posologico, una lista della spesa e informazioni importanti su..."}},"product_brand":[],"product_cat":[317,311],"product_tag":[],"class_list":{"0":"post-348815","1":"product","2":"type-product","3":"status-publish","4":"has-post-thumbnail","6":"product_cat-abnehmen","7":"product_cat-bundle","8":"pa_anwendungsbereiche-better-digestion","9":"pa_anwendungsbereiche-energy","10":"pa_anwendungsbereiche-health","11":"pa_anwendungsbereiche-weightloss","12":"pa_anwendungsbereiche-immune-system","13":"pa_anwendungsbereiche-metabolism","14":"pa_marke-fitnfemale","15":"pa_misc-glutenfree","16":"pa_misc-lactosefree","17":"pa_nutritionfactinfo-nofat","18":"pa_nutritionfactinfo-glutenfree","19":"pa_nutritionfactinfo-lactosefree","20":"pa_nutritionfactinfo-probiotika","21":"pa_schwangerschaft-geeignet","22":"pa_stillzeit-geeignet","23":"pa_vegan-nein","25":"first","26":"instock","27":"sale","28":"featured","29":"downloadable","30":"taxable","31":"shipping-taxable","32":"product-type-bundle"},"bundled_by":[],"bundle_stock_status":"insufficientstock","bundle_stock_quantity":0,"bundle_virtual":false,"bundle_layout":"default","bundle_add_to_cart_form_location":"default","bundle_editable_in_cart":false,"bundle_sold_individually_context":"product","bundle_item_grouping":"parent","bundle_min_size":"","bundle_max_size":"","bundle_price":{"price":{"min":{"incl_tax":"74.55","excl_tax":"72.660819"},"max":{"incl_tax":"74.55","excl_tax":"72.660819"}},"regular_price":{"min":{"incl_tax":"93.2","excl_tax":"90.838207"},"max":{"incl_tax":"93.2","excl_tax":"90.838207"}}},"bundled_items":[{"bundled_item_id":186,"product_id":336558,"menu_order":0,"quantity_min":1,"quantity_max":1,"quantity_default":1,"priced_individually":false,"shipped_individually":false,"override_title":false,"title":"Women's Biotics","override_description":true,"description":"","optional":false,"hide_thumbnail":false,"discount":"","override_variations":false,"allowed_variations":[514772],"override_default_variation_attributes":false,"default_variation_attributes":[],"single_product_visibility":"visible","cart_visibility":"visible","order_visibility":"visible","single_product_price_visibility":"visible","cart_price_visibility":"visible","order_price_visibility":"visible","stock_status":"in_stock"},{"bundled_item_id":486,"product_id":540344,"menu_order":1,"quantity_min":1,"quantity_max":1,"quantity_default":1,"priced_individually":false,"shipped_individually":false,"override_title":false,"title":"Biotics Supermix","override_description":false,"description":"","optional":false,"hide_thumbnail":false,"discount":"","override_variations":false,"allowed_variations":[],"override_default_variation_attributes":false,"default_variation_attributes":[],"single_product_visibility":"visible","cart_visibility":"visible","order_visibility":"visible","single_product_price_visibility":"visible","cart_price_visibility":"visible","order_price_visibility":"visible","stock_status":"in_stock"},{"bundled_item_id":187,"product_id":231225,"menu_order":2,"quantity_min":1,"quantity_max":1,"quantity_default":1,"priced_individually":false,"shipped_individually":false,"override_title":false,"title":"Citrato di magnesio - dose elevata","override_description":true,"description":"","optional":false,"hide_thumbnail":false,"discount":"","override_variations":false,"allowed_variations":[],"override_default_variation_attributes":false,"default_variation_attributes":[],"single_product_visibility":"visible","cart_visibility":"visible","order_visibility":"visible","single_product_price_visibility":"visible","cart_price_visibility":"visible","order_price_visibility":"visible","stock_status":"in_stock"},{"bundled_item_id":253,"product_id":4994,"menu_order":3,"quantity_min":1,"quantity_max":1,"quantity_default":1,"priced_individually":false,"shipped_individually":false,"override_title":false,"title":"Omega 3","override_description":true,"description":"","optional":false,"hide_thumbnail":false,"discount":"","override_variations":false,"allowed_variations":[],"override_default_variation_attributes":false,"default_variation_attributes":[],"single_product_visibility":"visible","cart_visibility":"visible","order_visibility":"visible","single_product_price_visibility":"visible","cart_price_visibility":"visible","order_price_visibility":"visible","stock_status":"in_stock"},{"bundled_item_id":296,"product_id":415538,"menu_order":4,"quantity_min":1,"quantity_max":1,"quantity_default":1,"priced_individually":false,"shipped_individually":false,"override_title":false,"title":"Vitamin D3 Drops - hochdosiert","override_description":true,"description":"","optional":false,"hide_thumbnail":false,"discount":"","override_variations":false,"allowed_variations":[],"override_default_variation_attributes":false,"default_variation_attributes":[],"single_product_visibility":"visible","cart_visibility":"visible","order_visibility":"visible","single_product_price_visibility":"visible","cart_price_visibility":"visible","order_price_visibility":"visible","stock_status":"out_of_stock"},{"bundled_item_id":444,"product_id":149453,"menu_order":5,"quantity_min":1,"quantity_max":1,"quantity_default":1,"priced_individually":false,"shipped_individually":false,"override_title":false,"title":"Bottiglia rosa 750ml","override_description":true,"description":"","optional":false,"hide_thumbnail":false,"discount":"","override_variations":false,"allowed_variations":[],"override_default_variation_attributes":false,"default_variation_attributes":[],"single_product_visibility":"visible","cart_visibility":"visible","order_visibility":"visible","single_product_price_visibility":"visible","cart_price_visibility":"visible","order_price_visibility":"visible","stock_status":"in_stock"}],"bundle_sell_ids":[],"gallery_images":[],"_links":{"self":[{"href":"https:\/\/fitnfemale.com\/it\/wp-json\/wp\/v2\/product\/348815","targetHints":{"allow":["GET"]}}],"collection":[{"href":"https:\/\/fitnfemale.com\/it\/wp-json\/wp\/v2\/product"}],"about":[{"href":"https:\/\/fitnfemale.com\/it\/wp-json\/wp\/v2\/types\/product"}],"replies":[{"embeddable":true,"href":"https:\/\/fitnfemale.com\/it\/wp-json\/wp\/v2\/comments?post=348815"}],"wp:featuredmedia":[{"embeddable":true,"href":"https:\/\/fitnfemale.com\/it\/wp-json\/wp\/v2\/media\/698176"}],"wp:attachment":[{"href":"https:\/\/fitnfemale.com\/it\/wp-json\/wp\/v2\/media?parent=348815"}],"wp:term":[{"taxonomy":"product_brand","embeddable":true,"href":"https:\/\/fitnfemale.com\/it\/wp-json\/wp\/v2\/product_brand?post=348815"},{"taxonomy":"product_cat","embeddable":true,"href":"https:\/\/fitnfemale.com\/it\/wp-json\/wp\/v2\/product_cat?post=348815"},{"taxonomy":"product_tag","embeddable":true,"href":"https:\/\/fitnfemale.com\/it\/wp-json\/wp\/v2\/product_tag?post=348815"}],"curies":[{"name":"parola chiave","href":"https:\/\/api.w.org\/{rel}","templated":true}]}}