{"id":336566,"date":"2019-09-24T20:26:20","date_gmt":"2019-09-24T19:26:20","guid":{"rendered":"https:\/\/fitnfemale.com\/?post_type=product&#038;p=336566"},"modified":"2026-04-13T18:12:11","modified_gmt":"2026-04-13T17:12:11","slug":"stay-in-balance-basenpulver","status":"publish","type":"product","link":"https:\/\/fitnfemale.com\/it\/prodotto\/stay-in-balance-basenpulver\/","title":{"rendered":"Rimanere in equilibrio"},"content":{"rendered":"<h3>VANTAGGI DELLA POLVERE ALCALINA<\/h3>\n<ul>\n<li class=\"bullet-checkmark\">Eliminando e neutralizzando gli acidi presenti nell'organismo, \u00e8 possibile sostenere il naturale equilibrio acido-base.<\/li>\n<li class=\"bullet-checkmark\">Il citrato di magnesio e il gluconato di zinco in esso contenuti possono contribuire a eliminare le tossine dalle cellule.<\/li>\n<li class=\"bullet-checkmark\">Pu\u00f2 contribuire alla riduzione del peso. L'assunzione di prodotti alcalinizzanti pu\u00f2 aiutare l'organismo a prevenire o ridurre l'obesit\u00e0.<\/li>\n<\/ul>\n<div class=\"accordion\">\n\t<div id=\"accordion-2699278316\" class=\"accordion-item\">\n\t\t<a id=\"accordion-2699278316-label\" class=\"accordion-title plain\" href=\"#accordion-item-die-perfekte-einnahme-von-basenpulver\" aria-expanded=\"false\" aria-controls=\"accordion-2699278316-content\">\n\t\t\t<button class=\"toggle\" aria-label=\"Attiva\/Disattiva\"><i class=\"icon-angle-down\" aria-hidden=\"true\"><\/i><\/button>\n\t\t\t<span>L'apporto perfetto di polvere alcalina<\/span>\n\t\t<\/a>\n\t\t<div id=\"accordion-2699278316-content\" class=\"accordion-inner\" aria-labelledby=\"accordion-2699278316-label\">\n\t\t\t\n<ul>\n<li class=\"bullet-arrow\">La polvere alcalinizzante Stay in Balance deve essere sempre assunta separatamente dagli alimenti.<\/li>\n<li class=\"bullet-arrow\">Deve essere sempre assunta almeno 30 minuti prima di un pasto e <strong>3 <\/strong>ore dopo un pasto.<\/li>\n<li class=\"bullet-arrow\">Mescolare una porzione (= 1 misurino) con 200 ml di acqua. In alternativa, versare direttamente in bocca e sciacquare con acqua.<\/li>\n<\/ul>\n<p><small><i class=\"fa fa-info-circle\" style=\"color: #7fd0d8;\"><\/i> A causa dell'elevato contenuto di minerali, \u00e8 normale che la polvere non si dissolva completamente.<\/small><\/p>\n\t\t<\/div>\n\t<\/div>\n\t\n\t<div id=\"accordion-1249399443\" class=\"accordion-item\">\n\t\t<a id=\"accordion-1249399443-label\" class=\"accordion-title plain\" href=\"#accordion-item-weitere-produktbilder\" aria-expanded=\"false\" aria-controls=\"accordion-1249399443-content\">\n\t\t\t<button class=\"toggle\" aria-label=\"Attiva\/Disattiva\"><i class=\"icon-angle-down\" aria-hidden=\"true\"><\/i><\/button>\n\t\t\t<span>Altre immagini del prodotto<\/span>\n\t\t<\/a>\n\t\t<div id=\"accordion-1249399443-content\" class=\"accordion-inner\" aria-labelledby=\"accordion-1249399443-label\">\n\t\t\t\n<div class=\"row\"  id=\"row-1647569241\">\n\n\t<div id=\"col-815381138\" class=\"col small-12 large-12\"  >\n\t\t\t\t<div class=\"col-inner\"  >\n\t\t\t\n\t\t\t\n\n  \n    <div class=\"row large-columns-4 medium-columns-3 small-columns-2\" >\n  <div class=\"gallery-col col\" >\n          <div class=\"col-inner\">\n            <a class=\"image-lightbox lightbox-gallery\" href=\"https:\/\/fitnfemale.com\/wp-content\/uploads\/stay-in-balance-back-1-800x800.jpg\" title=\"\">            <div class=\"box has-hover gallery-box box-normal\">\n              <div class=\"box-image\" >\n                <img decoding=\"async\" width=\"400\" height=\"400\" src=\"https:\/\/fitnfemale.com\/wp-content\/uploads\/stay-in-balance-back-1-400x400.jpg\" class=\"attachment-medium size-medium\" alt=\"Rimani in equilibrio\" ids=\"336818,336816,336815,336814\" style=\"normal\" lightbox_image_size=\"large\" text_padding=\"0px 0px 0px 0px\" srcset=\"https:\/\/fitnfemale.com\/wp-content\/uploads\/stay-in-balance-back-1-400x400.jpg 400w, https:\/\/fitnfemale.com\/wp-content\/uploads\/stay-in-balance-back-1-510x510.jpg 510w, https:\/\/fitnfemale.com\/wp-content\/uploads\/stay-in-balance-back-1-200x200.jpg 200w, https:\/\/fitnfemale.com\/wp-content\/uploads\/stay-in-balance-back-1-280x280.jpg 280w, https:\/\/fitnfemale.com\/wp-content\/uploads\/stay-in-balance-back-1-768x768.jpg 768w, https:\/\/fitnfemale.com\/wp-content\/uploads\/stay-in-balance-back-1-800x800.jpg 800w, https:\/\/fitnfemale.com\/wp-content\/uploads\/stay-in-balance-back-1-130x130.jpg 130w, https:\/\/fitnfemale.com\/wp-content\/uploads\/stay-in-balance-back-1-150x150.jpg 150w, https:\/\/fitnfemale.com\/wp-content\/uploads\/stay-in-balance-back-1.jpg 1000w\" sizes=\"(max-width: 400px) 100vw, 400px\" \/>                                                              <\/div>\n              <div class=\"box-text text-left\" style=\"padding:0px 0px 0px 0px;\">\n                 <p><\/p>\n              <\/div>\n            <\/div>\n            <\/a>          <\/div>\n         <\/div><div class=\"gallery-col col\" >\n          <div class=\"col-inner\">\n            <a class=\"image-lightbox lightbox-gallery\" href=\"https:\/\/fitnfemale.com\/wp-content\/uploads\/stay-in-balance-back3-1-800x800.jpg\" title=\"\">            <div class=\"box has-hover gallery-box box-normal\">\n              <div class=\"box-image\" >\n                <img decoding=\"async\" width=\"400\" height=\"400\" src=\"https:\/\/fitnfemale.com\/wp-content\/uploads\/stay-in-balance-back3-1-400x400.jpg\" class=\"attachment-medium size-medium\" alt=\"Mantieni l&#039;equilibrio indietro3\" ids=\"336818,336816,336815,336814\" style=\"normal\" lightbox_image_size=\"large\" text_padding=\"0px 0px 0px 0px\" srcset=\"https:\/\/fitnfemale.com\/wp-content\/uploads\/stay-in-balance-back3-1-400x400.jpg 400w, https:\/\/fitnfemale.com\/wp-content\/uploads\/stay-in-balance-back3-1-510x510.jpg 510w, https:\/\/fitnfemale.com\/wp-content\/uploads\/stay-in-balance-back3-1-200x200.jpg 200w, https:\/\/fitnfemale.com\/wp-content\/uploads\/stay-in-balance-back3-1-280x280.jpg 280w, https:\/\/fitnfemale.com\/wp-content\/uploads\/stay-in-balance-back3-1-768x768.jpg 768w, https:\/\/fitnfemale.com\/wp-content\/uploads\/stay-in-balance-back3-1-800x800.jpg 800w, https:\/\/fitnfemale.com\/wp-content\/uploads\/stay-in-balance-back3-1-130x130.jpg 130w, https:\/\/fitnfemale.com\/wp-content\/uploads\/stay-in-balance-back3-1-150x150.jpg 150w, https:\/\/fitnfemale.com\/wp-content\/uploads\/stay-in-balance-back3-1.jpg 1000w\" sizes=\"(max-width: 400px) 100vw, 400px\" \/>                                                              <\/div>\n              <div class=\"box-text text-left\" style=\"padding:0px 0px 0px 0px;\">\n                 <p><\/p>\n              <\/div>\n            <\/div>\n            <\/a>          <\/div>\n         <\/div><div class=\"gallery-col col\" >\n          <div class=\"col-inner\">\n            <a class=\"image-lightbox lightbox-gallery\" href=\"https:\/\/fitnfemale.com\/wp-content\/uploads\/stay-in-balance-back4-1-800x800.jpg\" title=\"\">            <div class=\"box has-hover gallery-box box-normal\">\n              <div class=\"box-image\" >\n                <img decoding=\"async\" width=\"400\" height=\"400\" src=\"https:\/\/fitnfemale.com\/wp-content\/uploads\/stay-in-balance-back4-1-400x400.jpg\" class=\"attachment-medium size-medium\" alt=\"Mantieni l&#039;equilibrio indietro4\" ids=\"336818,336816,336815,336814\" style=\"normal\" lightbox_image_size=\"large\" text_padding=\"0px 0px 0px 0px\" srcset=\"https:\/\/fitnfemale.com\/wp-content\/uploads\/stay-in-balance-back4-1-400x400.jpg 400w, https:\/\/fitnfemale.com\/wp-content\/uploads\/stay-in-balance-back4-1-510x510.jpg 510w, https:\/\/fitnfemale.com\/wp-content\/uploads\/stay-in-balance-back4-1-200x200.jpg 200w, https:\/\/fitnfemale.com\/wp-content\/uploads\/stay-in-balance-back4-1-280x280.jpg 280w, https:\/\/fitnfemale.com\/wp-content\/uploads\/stay-in-balance-back4-1-768x768.jpg 768w, https:\/\/fitnfemale.com\/wp-content\/uploads\/stay-in-balance-back4-1-800x800.jpg 800w, https:\/\/fitnfemale.com\/wp-content\/uploads\/stay-in-balance-back4-1-130x130.jpg 130w, https:\/\/fitnfemale.com\/wp-content\/uploads\/stay-in-balance-back4-1-150x150.jpg 150w, https:\/\/fitnfemale.com\/wp-content\/uploads\/stay-in-balance-back4-1.jpg 1000w\" sizes=\"(max-width: 400px) 100vw, 400px\" \/>                                                              <\/div>\n              <div class=\"box-text text-left\" style=\"padding:0px 0px 0px 0px;\">\n                 <p><\/p>\n              <\/div>\n            <\/div>\n            <\/a>          <\/div>\n         <\/div><div class=\"gallery-col col\" >\n          <div class=\"col-inner\">\n            <a class=\"image-lightbox lightbox-gallery\" href=\"https:\/\/fitnfemale.com\/wp-content\/uploads\/stay-in-balance-back5-1-800x800.jpg\" title=\"\">            <div class=\"box has-hover gallery-box box-normal\">\n              <div class=\"box-image\" >\n                <img decoding=\"async\" width=\"400\" height=\"400\" src=\"https:\/\/fitnfemale.com\/wp-content\/uploads\/stay-in-balance-back5-1-400x400.jpg\" class=\"attachment-medium size-medium\" alt=\"Mantieni l&#039;equilibrio indietro5\" ids=\"336818,336816,336815,336814\" style=\"normal\" lightbox_image_size=\"large\" text_padding=\"0px 0px 0px 0px\" srcset=\"https:\/\/fitnfemale.com\/wp-content\/uploads\/stay-in-balance-back5-1-400x400.jpg 400w, https:\/\/fitnfemale.com\/wp-content\/uploads\/stay-in-balance-back5-1-510x510.jpg 510w, https:\/\/fitnfemale.com\/wp-content\/uploads\/stay-in-balance-back5-1-200x200.jpg 200w, https:\/\/fitnfemale.com\/wp-content\/uploads\/stay-in-balance-back5-1-280x280.jpg 280w, https:\/\/fitnfemale.com\/wp-content\/uploads\/stay-in-balance-back5-1-768x768.jpg 768w, https:\/\/fitnfemale.com\/wp-content\/uploads\/stay-in-balance-back5-1-800x800.jpg 800w, https:\/\/fitnfemale.com\/wp-content\/uploads\/stay-in-balance-back5-1-130x130.jpg 130w, https:\/\/fitnfemale.com\/wp-content\/uploads\/stay-in-balance-back5-1-150x150.jpg 150w, https:\/\/fitnfemale.com\/wp-content\/uploads\/stay-in-balance-back5-1.jpg 1000w\" sizes=\"(max-width: 400px) 100vw, 400px\" \/>                                                              <\/div>\n              <div class=\"box-text text-left\" style=\"padding:0px 0px 0px 0px;\">\n                 <p><\/p>\n              <\/div>\n            <\/div>\n            <\/a>          <\/div>\n         <\/div><\/div>\n\t\t<\/div>\n\t\t\t\t\t<\/div>\n\n\t\n\n<style>\n#row-1647569241 > .col > .col-inner {\n  padding: 0px 10px 0px 10px;\n}\n<\/style>\n<\/div>\n\t\t<\/div>\n\t<\/div>\n\t\n\t<div id=\"accordion-2449344514\" class=\"accordion-item\">\n\t\t<a id=\"accordion-2449344514-label\" class=\"accordion-title plain\" href=\"#accordion-item-passe-wenn-n\u00f6tig-deine-dosierung-an\" aria-expanded=\"false\" aria-controls=\"accordion-2449344514-content\">\n\t\t\t<button class=\"toggle\" aria-label=\"Attiva\/Disattiva\"><i class=\"icon-angle-down\" aria-hidden=\"true\"><\/i><\/button>\n\t\t\t<span>Se necessario, regolare il dosaggio<\/span>\n\t\t<\/a>\n\t\t<div id=\"accordion-2449344514-content\" class=\"accordion-inner\" aria-labelledby=\"accordion-2449344514-label\">\n\t\t\t\n<p>Se si assume una polvere alcalinizzante per la prima volta, il corpo potrebbe avere difficolt\u00e0 ad assorbire l'intera porzione in una sola volta. Ascoltate il vostro corpo. Riducete la quantit\u00e0 giornaliera e aumentatela lentamente fino a tollerare una porzione intera.<\/p>\n\t\t<\/div>\n\t<\/div>\n\t\n\t<div id=\"accordion-1841866601\" class=\"accordion-item\">\n\t\t<a id=\"accordion-1841866601-label\" class=\"accordion-title plain\" href=\"#accordion-item-stay-in-balance-kombiniert-mit-anderen-produkten\" aria-expanded=\"false\" aria-controls=\"accordion-1841866601-content\">\n\t\t\t<button class=\"toggle\" aria-label=\"Attiva\/Disattiva\"><i class=\"icon-angle-down\" aria-hidden=\"true\"><\/i><\/button>\n\t\t\t<span>Stay in Balance abbinato ad altri prodotti<\/span>\n\t\t<\/a>\n\t\t<div id=\"accordion-1841866601-content\" class=\"accordion-inner\" aria-labelledby=\"accordion-1841866601-label\">\n\t\t\t\n<p>Stay in Balance pu\u00f2 essere combinato o assunto con i prodotti FitnFemale. Tuttavia, durante l'assunzione \u00e8 bene evitare altri prodotti ad alto contenuto di magnesio, che possono avere un effetto lassativo.<\/p>\n<p><strong>Una buona scelta per un'assunzione supplementare:<br \/>\n<\/strong><\/p>\n\t\n  \n    <div class=\"row large-columns-4 medium-columns-3 small-columns-2 row-small slider row-slider slider-nav-reveal slider-nav-push\"  data-flickity-options='{&quot;imagesLoaded&quot;: true, &quot;groupCells&quot;: &quot;100%&quot;, &quot;dragThreshold&quot; : 5, &quot;cellAlign&quot;: &quot;left&quot;,&quot;wrapAround&quot;: true,&quot;prevNextButtons&quot;: true,&quot;percentPosition&quot;: true,&quot;pageDots&quot;: false, &quot;rightToLeft&quot;: false, &quot;autoPlay&quot; : false}' >\n\n  \n\t     <div class=\"col\" >\n\t\t\t\t\t\t<div class=\"col-inner\">\n\t\t\t\t\t\t\n<div class=\"badge-container absolute left top z-1\">\n\n<\/div>\n\t\t\t\t\t\t<div class=\"product-small box has-hover box-normal box-text-bottom\">\n\t\t\t\t\t\t\t<div class=\"box-image\" >\n\t\t\t\t\t\t\t\t<div class=\"\" >\n\t\t\t\t\t\t\t\t\t<a href=\"https:\/\/fitnfemale.com\/it\/prodotto\/womens-biotics-probiotika\/\" aria-label=\"Women&#039;s Biotics\">\n\t\t\t\t\t\t\t\t\t\t<img decoding=\"async\" width=\"247\" height=\"296\" src=\"https:\/\/fitnfemale.com\/wp-content\/uploads\/womensbiotics-closeup2-247x296.webp\" class=\"show-on-hover absolute fill hide-for-small back-image\" alt=\"Womensbiotics primo piano2\" aria-hidden=\"true\" \/><img decoding=\"async\" width=\"247\" height=\"296\" src=\"https:\/\/fitnfemale.com\/wp-content\/uploads\/womensbiotics-247x296.webp\" class=\"attachment-woocommerce_thumbnail size-woocommerce_thumbnail\" alt=\"Biotica femminile\" \/>\t\t\t\t\t\t\t\t\t<\/a>\n\t\t\t\t\t\t\t\t\t\t\t\t\t\t\t\t\t\t \t\t\t\t\t\t\t\t<\/div>\n\t\t\t\t\t\t\t\t<div class=\"image-tools top right show-on-hover\">\n\t\t\t\t\t\t\t\t\t\t\t\t\t\t\t\t\t<\/div>\n\t\t\t\t\t\t\t\t\t\t\t\t\t\t\t\t\t<div class=\"image-tools grid-tools text-center hide-for-small bottom hover-slide-in show-on-hover\">\n\t\t\t\t\t\t\t\t\t\t\t\t\t\t\t\t\t\t\t<\/div>\n\t\t\t\t\t\t\t\t\t\t\t\t\t\t\t\t\t\t\t\t\t\t\t<\/div>\n\n\t\t\t\t\t\t\t<div class=\"box-text text-center\" >\n\t\t\t\t\t\t\t\t<div class=\"title-wrapper\"><p class=\"name product-title woocommerce-loop-product__title\"><a href=\"https:\/\/fitnfemale.com\/it\/prodotto\/womens-biotics-probiotika\/\" class=\"woocommerce-LoopProduct-link woocommerce-loop-product__link\">Women\u2019s Biotics<\/a><\/p><\/div><div class=\"price-wrapper\">\n\t<span class=\"price\"><span class=\"wcpbc-price wcpbc-price-336558\" data-product-id=\"336558\"><span class=\"woocommerce-Price-amount amount\"><bdi><span class=\"woocommerce-Price-currencySymbol\">\u20ac<\/span>\u00a027.90<\/bdi><\/span> <small class=\"woocommerce-price-suffix\">IVA inclusa<\/small><\/span><\/span>\n<\/div>\t\t\t\t\t\t\t<\/div>\n\t\t\t\t\t\t<\/div>\n\t\t\t\t\t\t<\/div>\n\t\t\t\t\t<\/div><div class=\"col\" >\n\t\t\t\t\t\t<div class=\"col-inner\">\n\t\t\t\t\t\t\n<div class=\"badge-container absolute left top z-1\">\n\n<\/div>\n\t\t\t\t\t\t<div class=\"product-small box has-hover box-normal box-text-bottom\">\n\t\t\t\t\t\t\t<div class=\"box-image\" >\n\t\t\t\t\t\t\t\t<div class=\"\" >\n\t\t\t\t\t\t\t\t\t<a href=\"https:\/\/fitnfemale.com\/it\/prodotto\/l-carnitina-greentea\/\" aria-label=\"L-Carnitina + Greentea\">\n\t\t\t\t\t\t\t\t\t\t<img decoding=\"async\" width=\"247\" height=\"296\" src=\"https:\/\/fitnfemale.com\/wp-content\/uploads\/lcarnitin-greentea-closeup6-247x296.webp\" class=\"show-on-hover absolute fill hide-for-small back-image\" alt=\"T\u00e8 verde L-carnitina primo piano 6\" aria-hidden=\"true\" \/><img decoding=\"async\" width=\"247\" height=\"296\" src=\"https:\/\/fitnfemale.com\/wp-content\/uploads\/l-carnitin-greentea2-1-247x296.webp\" class=\"attachment-woocommerce_thumbnail size-woocommerce_thumbnail\" alt=\"L carnitina t\u00e8 verde2 (1)\" \/>\t\t\t\t\t\t\t\t\t<\/a>\n\t\t\t\t\t\t\t\t\t\t\t\t\t\t\t\t\t\t \t\t\t\t\t\t\t\t<\/div>\n\t\t\t\t\t\t\t\t<div class=\"image-tools top right show-on-hover\">\n\t\t\t\t\t\t\t\t\t\t\t\t\t\t\t\t\t<\/div>\n\t\t\t\t\t\t\t\t\t\t\t\t\t\t\t\t\t<div class=\"image-tools grid-tools text-center hide-for-small bottom hover-slide-in show-on-hover\">\n\t\t\t\t\t\t\t\t\t\t\t\t\t\t\t\t\t\t\t<\/div>\n\t\t\t\t\t\t\t\t\t\t\t\t\t\t\t\t\t\t\t\t\t\t\t<\/div>\n\n\t\t\t\t\t\t\t<div class=\"box-text text-center\" >\n\t\t\t\t\t\t\t\t<div class=\"title-wrapper\"><p class=\"name product-title woocommerce-loop-product__title\"><a href=\"https:\/\/fitnfemale.com\/it\/prodotto\/l-carnitina-greentea\/\" class=\"woocommerce-LoopProduct-link woocommerce-loop-product__link\">L-Carnitina + Greentea<\/a><\/p><\/div><div class=\"price-wrapper\">\n\t<span class=\"price\"><span class=\"woocommerce-Price-amount amount\"><bdi><span class=\"woocommerce-Price-currencySymbol\">\u20ac<\/span>\u00a019.90<\/bdi><\/span> <small class=\"woocommerce-price-suffix\">IVA inclusa<\/small><\/span>\n<\/div>\t\t\t\t\t\t\t<\/div>\n\t\t\t\t\t\t<\/div>\n\t\t\t\t\t\t<\/div>\n\t\t\t\t\t<\/div><div class=\"col\" >\n\t\t\t\t\t\t<div class=\"col-inner\">\n\t\t\t\t\t\t\n<div class=\"badge-container absolute left top z-1\">\n\n<\/div>\n\t\t\t\t\t\t<div class=\"product-small box has-hover box-normal box-text-bottom\">\n\t\t\t\t\t\t\t<div class=\"box-image\" >\n\t\t\t\t\t\t\t\t<div class=\"\" >\n\t\t\t\t\t\t\t\t\t<a href=\"https:\/\/fitnfemale.com\/it\/prodotto\/omega-3\/\" aria-label=\"Omega 3\">\n\t\t\t\t\t\t\t\t\t\t<img decoding=\"async\" width=\"247\" height=\"296\" src=\"https:\/\/fitnfemale.com\/wp-content\/uploads\/omega3softoilcaps-247x296.webp\" class=\"show-on-hover absolute fill hide-for-small back-image\" alt=\"Capsule di olio morbido Omega3\" aria-hidden=\"true\" \/><img decoding=\"async\" width=\"247\" height=\"296\" src=\"https:\/\/fitnfemale.com\/wp-content\/uploads\/omega3shop25-1-247x296.webp\" class=\"attachment-woocommerce_thumbnail size-woocommerce_thumbnail\" alt=\"Omega3shop25 (1)\" \/>\t\t\t\t\t\t\t\t\t<\/a>\n\t\t\t\t\t\t\t\t\t\t\t\t\t\t\t\t\t\t \t\t\t\t\t\t\t\t<\/div>\n\t\t\t\t\t\t\t\t<div class=\"image-tools top right show-on-hover\">\n\t\t\t\t\t\t\t\t\t\t\t\t\t\t\t\t\t<\/div>\n\t\t\t\t\t\t\t\t\t\t\t\t\t\t\t\t\t<div class=\"image-tools grid-tools text-center hide-for-small bottom hover-slide-in show-on-hover\">\n\t\t\t\t\t\t\t\t\t\t\t\t\t\t\t\t\t\t\t<\/div>\n\t\t\t\t\t\t\t\t\t\t\t\t\t\t\t\t\t\t\t\t\t\t\t<\/div>\n\n\t\t\t\t\t\t\t<div class=\"box-text text-center\" >\n\t\t\t\t\t\t\t\t<div class=\"title-wrapper\"><p class=\"name product-title woocommerce-loop-product__title\"><a href=\"https:\/\/fitnfemale.com\/it\/prodotto\/omega-3\/\" class=\"woocommerce-LoopProduct-link woocommerce-loop-product__link\">Omega 3<\/a><\/p><\/div><div class=\"price-wrapper\">\n\t<span class=\"price\"><span class=\"woocommerce-Price-amount amount\"><bdi><span class=\"woocommerce-Price-currencySymbol\">\u20ac<\/span>\u00a018.90<\/bdi><\/span> <small class=\"woocommerce-price-suffix\">IVA inclusa<\/small><\/span>\n<\/div>\t\t\t\t\t\t\t<\/div>\n\t\t\t\t\t\t<\/div>\n\t\t\t\t\t\t<\/div>\n\t\t\t\t\t<\/div><div class=\"col\" >\n\t\t\t\t\t\t<div class=\"col-inner\">\n\t\t\t\t\t\t\n<div class=\"badge-container absolute left top z-1\">\n\n<\/div>\n\t\t\t\t\t\t<div class=\"product-small box has-hover box-normal box-text-bottom\">\n\t\t\t\t\t\t\t<div class=\"box-image\" >\n\t\t\t\t\t\t\t\t<div class=\"\" >\n\t\t\t\t\t\t\t\t\t<a href=\"https:\/\/fitnfemale.com\/it\/prodotto\/fatburner-pink-fire\/\" aria-label=\"Fuoco rosa - Bruciatore di grassi\">\n\t\t\t\t\t\t\t\t\t\t<img decoding=\"async\" width=\"247\" height=\"296\" src=\"https:\/\/fitnfemale.com\/wp-content\/uploads\/pink-fire-11-1-247x296.webp\" class=\"show-on-hover absolute fill hide-for-small back-image\" alt=\"Fuoco rosa 11\" aria-hidden=\"true\" \/><img decoding=\"async\" width=\"247\" height=\"296\" src=\"https:\/\/fitnfemale.com\/wp-content\/uploads\/pinkfire-shop-1-247x296.webp\" class=\"attachment-woocommerce_thumbnail size-woocommerce_thumbnail\" alt=\"Negozio Pinkfire (1)\" \/>\t\t\t\t\t\t\t\t\t<\/a>\n\t\t\t\t\t\t\t\t\t\t\t\t\t\t\t\t\t\t \t\t\t\t\t\t\t\t<\/div>\n\t\t\t\t\t\t\t\t<div class=\"image-tools top right show-on-hover\">\n\t\t\t\t\t\t\t\t\t\t\t\t\t\t\t\t\t<\/div>\n\t\t\t\t\t\t\t\t\t\t\t\t\t\t\t\t\t<div class=\"image-tools grid-tools text-center hide-for-small bottom hover-slide-in show-on-hover\">\n\t\t\t\t\t\t\t\t\t\t\t\t\t\t\t\t\t\t\t<\/div>\n\t\t\t\t\t\t\t\t\t\t\t\t\t\t\t\t\t\t\t\t\t\t\t<\/div>\n\n\t\t\t\t\t\t\t<div class=\"box-text text-center\" >\n\t\t\t\t\t\t\t\t<div class=\"title-wrapper\"><p class=\"name product-title woocommerce-loop-product__title\"><a href=\"https:\/\/fitnfemale.com\/it\/prodotto\/fatburner-pink-fire\/\" class=\"woocommerce-LoopProduct-link woocommerce-loop-product__link\">Pink Fire \u2013 Fatburner<\/a><\/p><\/div><div class=\"price-wrapper\">\n\t<span class=\"price\"><span class=\"woocommerce-Price-amount amount\"><bdi><span class=\"woocommerce-Price-currencySymbol\">\u20ac<\/span>\u00a026.90<\/bdi><\/span> <small class=\"woocommerce-price-suffix\">IVA inclusa<\/small><\/span>\n<\/div>\t\t\t\t\t\t\t<\/div>\n\t\t\t\t\t\t<\/div>\n\t\t\t\t\t\t<\/div>\n\t\t\t\t\t<\/div><div class=\"col\" >\n\t\t\t\t\t\t<div class=\"col-inner\">\n\t\t\t\t\t\t\n<div class=\"badge-container absolute left top z-1\">\n\n<\/div>\n\t\t\t\t\t\t<div class=\"product-small box has-hover box-normal box-text-bottom\">\n\t\t\t\t\t\t\t<div class=\"box-image\" >\n\t\t\t\t\t\t\t\t<div class=\"\" >\n\t\t\t\t\t\t\t\t\t<a href=\"https:\/\/fitnfemale.com\/it\/prodotto\/whey-isolate\/\" aria-label=\"Isolato di siero di latte per donne\">\n\t\t\t\t\t\t\t\t\t\t<img decoding=\"async\" width=\"247\" height=\"296\" src=\"https:\/\/fitnfemale.com\/wp-content\/uploads\/wheyisolate-closeup-5-247x296.webp\" class=\"show-on-hover absolute fill hide-for-small back-image\" alt=\"Primo piano dell&#039;isolato del siero di latte\" aria-hidden=\"true\" \/><img decoding=\"async\" width=\"247\" height=\"296\" src=\"https:\/\/fitnfemale.com\/wp-content\/uploads\/womens-whey-isolate25-247x296.jpg\" class=\"attachment-woocommerce_thumbnail size-woocommerce_thumbnail\" alt=\"Isolato di siero di latte femminile 25\" \/>\t\t\t\t\t\t\t\t\t<\/a>\n\t\t\t\t\t\t\t\t\t\t\t\t\t\t\t\t\t\t \t\t\t\t\t\t\t\t<\/div>\n\t\t\t\t\t\t\t\t<div class=\"image-tools top right show-on-hover\">\n\t\t\t\t\t\t\t\t\t\t\t\t\t\t\t\t\t<\/div>\n\t\t\t\t\t\t\t\t\t\t\t\t\t\t\t\t\t<div class=\"image-tools grid-tools text-center hide-for-small bottom hover-slide-in show-on-hover\">\n\t\t\t\t\t\t\t\t\t\t\t\t\t\t\t\t\t\t\t<\/div>\n\t\t\t\t\t\t\t\t\t\t\t\t\t\t\t\t\t\t\t\t\t\t\t<\/div>\n\n\t\t\t\t\t\t\t<div class=\"box-text text-center\" >\n\t\t\t\t\t\t\t\t<div class=\"title-wrapper\"><p class=\"name product-title woocommerce-loop-product__title\"><a href=\"https:\/\/fitnfemale.com\/it\/prodotto\/whey-isolate\/\" class=\"woocommerce-LoopProduct-link woocommerce-loop-product__link\">Women's Whey Isolate<\/a><\/p><\/div><div class=\"price-wrapper\">\n\t<span class=\"price\"><span class=\"wcpbc-price wcpbc-price-33575\" data-product-id=\"33575\"><span class=\"woocommerce-Price-amount amount\"><bdi><span class=\"woocommerce-Price-currencySymbol\">\u20ac<\/span>\u00a027.90<\/bdi><\/span> <small class=\"woocommerce-price-suffix\">IVA inclusa<\/small><\/span><\/span>\n<\/div>\t\t\t\t\t\t\t<\/div>\n\t\t\t\t\t\t<\/div>\n\t\t\t\t\t\t<\/div>\n\t\t\t\t\t<\/div><\/div>\n\t\t<\/div>\n\t<\/div>\n\t\n<\/div>","protected":false},"excerpt":{"rendered":"<h2>Sovra-acidificazione o squilibrio? Nessun problema, con Stay in Balance tornerete in equilibrio in pochissimo tempo.<\/h2>\n<h4>Un moderno prodotto alcalinizzante con una combinazione di oligoelementi alcalini e sali minerali che possono contribuire a sostenere l'equilibrio acido-base. <\/h4>\n<p>Il magnesio e il calcio svolgono funzioni importanti per le ossa e i denti e favoriscono la normale funzione muscolare.<\/p>\n<ul>\n<li class=\"bullet-star\">Oligoelementi e sali minerali di alta qualit\u00e0<\/li>\n<li class=\"bullet-star\">Senza glutine, senza lattosio e vegano!<\/li>\n<li class=\"bullet-star\">Prodotto in Germania<\/li>\n<li class=\"bullet-star\">Gusto delizioso, rinfrescante e leggero di anguria<\/li>\n<li class=\"bullet-star\">Per miscelare una bevanda<\/li>\n<li class=\"bullet-star\">Senza glutine, senza lattosio e vegano!<\/li>\n<\/ul>","protected":false},"featured_media":698364,"comment_status":"open","ping_status":"closed","template":"","meta":{"slim_seo":{"title":"Women's Whey Isolate - FitNFemale\u00ae","description":"Fatto: ti attieni alle cose buone, e questo frullato \u00e8 una di queste. Massimizza i tuoi risultati in termini di fitness con Women&#039;s Whey Isolate. Con la sua formula di proteine isolate 97%."}},"product_brand":[],"product_cat":[6361,317,619,401],"product_tag":[],"class_list":{"0":"post-336566","1":"product","2":"type-product","3":"status-publish","4":"has-post-thumbnail","6":"product_cat-promo-60","7":"product_cat-abnehmen","8":"product_cat-fitness-drink","9":"product_cat-health","10":"pa_anwendungsbereiche-better-digestion","11":"pa_anwendungsbereiche-health","12":"pa_marke-fitnfemale","13":"pa_misc-glutenfree","14":"pa_misc-lactosefree","15":"pa_misc-vegetarian","16":"pa_nutritionfactinfo-glutenfree","17":"pa_nutritionfactinfo-nocarbs","18":"pa_nutritionfactinfo-lowcalories","19":"pa_schwangerschaft-geeignet","20":"pa_stillzeit-geeignet","21":"pa_vegan-ja","23":"first","24":"outofstock","25":"featured","26":"taxable","27":"shipping-taxable","28":"purchasable","29":"product-type-variable","30":"has-default-attributes"},"bundled_by":["627259"],"bundle_stock_status":"outofstock","bundle_stock_quantity":null,"bundle_virtual":false,"bundle_layout":"","bundle_add_to_cart_form_location":"","bundle_editable_in_cart":false,"bundle_sold_individually_context":"","bundle_item_grouping":"","bundle_min_size":"","bundle_max_size":"","bundle_price":[],"bundled_items":[],"bundle_sell_ids":[],"gallery_images":[589122,673691,407254,571466],"_links":{"self":[{"href":"https:\/\/fitnfemale.com\/it\/wp-json\/wp\/v2\/product\/336566","targetHints":{"allow":["GET"]}}],"collection":[{"href":"https:\/\/fitnfemale.com\/it\/wp-json\/wp\/v2\/product"}],"about":[{"href":"https:\/\/fitnfemale.com\/it\/wp-json\/wp\/v2\/types\/product"}],"replies":[{"embeddable":true,"href":"https:\/\/fitnfemale.com\/it\/wp-json\/wp\/v2\/comments?post=336566"}],"wp:featuredmedia":[{"embeddable":true,"href":"https:\/\/fitnfemale.com\/it\/wp-json\/wp\/v2\/media\/698364"}],"wp:attachment":[{"href":"https:\/\/fitnfemale.com\/it\/wp-json\/wp\/v2\/media?parent=336566"}],"wp:term":[{"taxonomy":"product_brand","embeddable":true,"href":"https:\/\/fitnfemale.com\/it\/wp-json\/wp\/v2\/product_brand?post=336566"},{"taxonomy":"product_cat","embeddable":true,"href":"https:\/\/fitnfemale.com\/it\/wp-json\/wp\/v2\/product_cat?post=336566"},{"taxonomy":"product_tag","embeddable":true,"href":"https:\/\/fitnfemale.com\/it\/wp-json\/wp\/v2\/product_tag?post=336566"}],"curies":[{"name":"parola chiave","href":"https:\/\/api.w.org\/{rel}","templated":true}]}}