{"id":336558,"date":"2019-09-24T20:02:30","date_gmt":"2019-09-24T19:02:30","guid":{"rendered":"https:\/\/fitnfemale.com\/?post_type=product&#038;p=336558"},"modified":"2026-04-11T17:11:23","modified_gmt":"2026-04-11T16:11:23","slug":"womens-biotics-probiotika","status":"publish","type":"product","link":"https:\/\/fitnfemale.com\/it\/prodotto\/womens-biotics-probiotika\/","title":{"rendered":"Women\u2019s Biotics"},"content":{"rendered":"<div class=\"img has-hover img-details x md-x lg-x y md-y lg-y\" id=\"image_931700450\">\n\t\t\t\t\t\t\t\t<div class=\"img-inner dark\" >\n\t\t\t<img decoding=\"async\" width=\"1020\" height=\"569\" src=\"https:\/\/fitnfemale.com\/wp-content\/uploads\/womensbiotics-closeup6.webp\" class=\"attachment-large size-large\" alt=\"Womensbiotics closeup6\" srcset=\"https:\/\/fitnfemale.com\/wp-content\/uploads\/womensbiotics-closeup6.webp 1376w, https:\/\/fitnfemale.com\/wp-content\/uploads\/womensbiotics-closeup6-717x400.webp 717w, https:\/\/fitnfemale.com\/wp-content\/uploads\/womensbiotics-closeup6-768x429.webp 768w, https:\/\/fitnfemale.com\/wp-content\/uploads\/womensbiotics-closeup6-18x10.webp 18w, https:\/\/fitnfemale.com\/wp-content\/uploads\/womensbiotics-closeup6-1000x558.webp 1000w\" sizes=\"(max-width: 1020px) 100vw, 1020px\" \/>\t\t\t\t\t\t\n\t\t\t\t\t<\/div>\n\t\t\t\t\t\t\t\t\n<style>\n#image_931700450 {\n  width: 100%;\n}\n<\/style>\n\t<\/div>\n\t\n<ul>\n<li class=\"bullet-star\">Formulato appositamente per le donne: Ottimizzato per soddisfare le esigenze nutrizionali specifiche delle donne.<\/li>\n<li class=\"bullet-star\">Composizione unica: Una combinazione accuratamente selezionata di ingredienti per un'efficacia ottimale.<\/li>\n<li class=\"bullet-star\">Best-seller: Provato e amato da molti clienti soddisfatti.<\/li>\n<li class=\"bullet-star\">Migliore solubilit\u00e0 in acqua: Facile da mescolare e dal sapore gradevole.<\/li>\n<li class=\"bullet-star\">La soluzione senza stress e deliziosa: Un modo delizioso per sostenere il tuo benessere.<\/li>\n<\/ul>\n\t<div id=\"gap-323270677\" class=\"gap-element clearfix show-for-medium\" style=\"display:block; height:auto;\">\n\t\t\n<style>\n#gap-323270677 {\n  padding-top: 30px;\n}\n<\/style>\n\t<\/div>\n\t\n<p>I probiotici contribuiscono al mantenimento di una flora intestinale sana. Una flora intestinale sana supporta il benessere generale e pu\u00f2 aiutare a mantenere una digestione normale.<\/p>\n\n\t<section class=\"section\" id=\"section_270376388\">\n\t\t<div class=\"section-bg fill\" >\n\t\t\t\t\t\t\t\t\t\n\t\t\t\n\n\t\t<\/div>\n\n\t\t\n\n\t\t<div class=\"section-content relative\">\n\t\t\t\n<div class=\"row\"  id=\"row-1867653787\">\n\n\t<div id=\"col-323317702\" class=\"col medium-5 small-12 large-5\"  >\n\t\t\t\t<div class=\"col-inner\"  >\n\t\t\t\n\t\t\t\n<h3 class=\"uppercase\">Vantaggi di una flora intestinale sana<\/h3>\n<ul>\n<li class=\"bullet-arrow\">Favorisce la digestione<\/li>\n<li class=\"bullet-arrow\">Meno gonfiore<\/li>\n<li class=\"bullet-arrow\">Supporto per il controllo del peso<\/li>\n<li class=\"bullet-arrow\">Benessere generale<\/li>\n<li class=\"bullet-arrow\">Riduzione degli attacchi di fame calda<\/li>\n<li class=\"bullet-arrow\">Supporto per la salute della pelle<\/li>\n<\/ul>\n\t\t<\/div>\n\t\t\t\t\n<style>\n#col-323317702 > .col-inner {\n  padding: 0 0px 0px 0px;\n  margin: 0 0px 0px 0px;\n}\n<\/style>\n\t<\/div>\n\n\t\n\n\t<div id=\"col-1034461201\" class=\"col medium-7 small-12 large-7\"  >\n\t\t\t\t<div class=\"col-inner\"  >\n\t\t\t\n\t\t\t\n\n  <div class=\"banner has-hover has-video\" id=\"banner-1741959059\">\n          <div class=\"banner-inner fill\">\n        <div class=\"banner-bg fill\" >\n                        \t<div class=\"video-overlay no-click fill visible\"><\/div>\n\t<video class=\"video-bg fill visible\" preload playsinline autoplay muted loop>\n\t\t<source src=\"https:\/\/fitnfemale.com\/wp-content\/uploads\/BioticGif.mp4\" type=\"video\/mp4\">\t<\/video>\n                        \n                    <\/div>\n\t\t\n        <div class=\"banner-layers container\">\n            <div class=\"fill banner-link\"><\/div>            \n        <\/div>\n      <\/div>\n\n            \n<style>\n#banner-1741959059 {\n  padding-top: 99.99%;\n}\n@media (min-width:550px) {\n  #banner-1741959059 {\n    padding-top: 500px;\n  }\n}\n<\/style>\n  <\/div>\n\n\n\t<div id=\"gap-1236247527\" class=\"gap-element clearfix\" style=\"display:block; height:auto;\">\n\t\t\n<style>\n#gap-1236247527 {\n  padding-top: 30px;\n}\n<\/style>\n\t<\/div>\n\t\n\t\t<\/div>\n\t\t\t\t\n<style>\n#col-1034461201 > .col-inner {\n  padding: 0 0px 0px 0px;\n  margin: 0 0px 0px 0px;\n  border-radius: 10px;\n}\n<\/style>\n\t<\/div>\n\n\t\n\n<style>\n#row-1867653787 > .col > .col-inner {\n  padding: 50px 0px 0px 0px;\n}\n<\/style>\n<\/div>\n\t\t<\/div>\n\n\t\t\n<style>\n#section_270376388 {\n  padding-top: 10px;\n  padding-bottom: 10px;\n  background-color: rgb(252, 237, 238);\n}\n<\/style>\n\t<\/section>\n\t\n<div class=\"accordion\">\n\t<div id=\"accordion-134010061\" class=\"accordion-item\">\n\t\t<a id=\"accordion-134010061-label\" class=\"accordion-title plain\" href=\"#accordion-item-inhaltsstoffe\" aria-expanded=\"false\" aria-controls=\"accordion-134010061-content\">\n\t\t\t<button class=\"toggle\" aria-label=\"Attiva\/Disattiva\"><i class=\"icon-angle-down\" aria-hidden=\"true\"><\/i><\/button>\n\t\t\t<span>Ingredienti<\/span>\n\t\t<\/a>\n\t\t<div id=\"accordion-134010061-content\" class=\"accordion-inner\" aria-labelledby=\"accordion-134010061-label\">\n\t\t\t\n<table class=\"ffnf-clean-table\">\n<thead>\n<tr>\n<th>Ingredienti<\/th>\n<th>Porzione (10 g)<\/th>\n<\/tr>\n<\/thead>\n<tbody>\n<tr>\n<td>Colture probiotiche<\/td>\n<td>10 miliardi di CFU<\/td>\n<\/tr>\n<tr>\n<td>Inulina<\/td>\n<td>7,4 grammi<\/td>\n<\/tr>\n<tr>\n<td>L-glutammina<\/td>\n<td>1,0 g<\/td>\n<\/tr>\n<tr>\n<td>molibdeno<\/td>\n<td>50,2 \u00b5g<\/td>\n<\/tr>\n<tr>\n<td>lecitina di girasole<\/td>\n<td>1,0 g<\/td>\n<\/tr>\n<tr>\n<td>Lattasi (7.500 FCC-U)<\/td>\n<td>0,3 g<\/td>\n<\/tr>\n<\/tbody>\n<\/table>\n\t\t<\/div>\n\t<\/div>\n\t\n\t<div id=\"accordion-4209114458\" class=\"accordion-item\">\n\t\t<a id=\"accordion-4209114458-label\" class=\"accordion-title plain\" href=\"#accordion-item-n\u00e4hrwerte\" aria-expanded=\"false\" aria-controls=\"accordion-4209114458-content\">\n\t\t\t<button class=\"toggle\" aria-label=\"Attiva\/Disattiva\"><i class=\"icon-angle-down\" aria-hidden=\"true\"><\/i><\/button>\n\t\t\t<span>Valori nutrizionali<\/span>\n\t\t<\/a>\n\t\t<div id=\"accordion-4209114458-content\" class=\"accordion-inner\" aria-labelledby=\"accordion-4209114458-label\">\n\t\t\t\n<table class=\"ffnf-clean-table\">\n<thead>\n<tr>\n<th>Valori nutrizionali<\/th>\n<th>Porzione (10 g)<\/th>\n<\/tr>\n<\/thead>\n<tbody>\n<tr>\n<td>Energia<\/td>\n<td>124 kJ \/ 30 kcal<\/td>\n<\/tr>\n<tr>\n<td>Grasso<br \/>- di cui acidi grassi saturi<\/td>\n<td>0,9 g<br \/>&lt; 0,1 g<\/td>\n<\/tr>\n<tr>\n<td class=\"translation-block\">Carboidrati<br>\u2013 di cui zuccheri<\/td>\n<td>1,0 g<br \/>0,7 g<\/td>\n<\/tr>\n<tr>\n<td>Fibre alimentari<\/td>\n<td>6,5 g<\/td>\n<\/tr>\n<tr>\n<td>Proteine<\/td>\n<td>1,2 g<\/td>\n<\/tr>\n<tr>\n<td>Sale<\/td>\n<td>&lt; 0,1 g<\/td>\n<\/tr>\n<\/tbody>\n<\/table>\n\t\t<\/div>\n\t<\/div>\n\t\n\t<div id=\"accordion-3232637787\" class=\"accordion-item\">\n\t\t<a id=\"accordion-3232637787-label\" class=\"accordion-title plain\" href=\"#accordion-item-probiotika-kulturen\" aria-expanded=\"false\" aria-controls=\"accordion-3232637787-content\">\n\t\t\t<button class=\"toggle\" aria-label=\"Attiva\/Disattiva\"><i class=\"icon-angle-down\" aria-hidden=\"true\"><\/i><\/button>\n\t\t\t<span>Colture probiotiche<\/span>\n\t\t<\/a>\n\t\t<div id=\"accordion-3232637787-content\" class=\"accordion-inner\" aria-labelledby=\"accordion-3232637787-label\">\n\t\t\t\n<table class=\"ffnf-clean-table\">\n<thead>\n<tr>\n<th>Colture probiotiche<\/th>\n<th>Porzione (10 g)<\/th>\n<\/tr>\n<\/thead>\n<tbody>\n<tr>\n<td>Lactobacillus acidophilus<\/td>\n<td>2,3 miliardi di CFU<\/td>\n<\/tr>\n<tr>\n<td>Bifidobacterium longum<\/td>\n<td>2,3 miliardi di CFU<\/td>\n<\/tr>\n<tr>\n<td>Lactobacillus casei<\/td>\n<td>2,3 miliardi di CFU<\/td>\n<\/tr>\n<tr>\n<td>Bifidobacterium lactis<\/td>\n<td>0,8 miliardi di CFU<\/td>\n<\/tr>\n<tr>\n<td>Bifidobacterium breve<\/td>\n<td>0,8 miliardi di CFU<\/td>\n<\/tr>\n<tr>\n<td>Lactococcus lactis susp. lactis<\/td>\n<td>0,8 miliardi di CFU<\/td>\n<\/tr>\n<tr>\n<td>Bifidobacterium bifidum<\/td>\n<td>0,8 miliardi di CFU<\/td>\n<\/tr>\n<\/tbody>\n<\/table>\n\t\t<\/div>\n\t<\/div>\n\t\n\t<div id=\"accordion-3696827320\" class=\"accordion-item\">\n\t\t<a id=\"accordion-3696827320-label\" class=\"accordion-title plain\" href=\"#accordion-item-was-ist-laktase?\" aria-expanded=\"false\" aria-controls=\"accordion-3696827320-content\">\n\t\t\t<button class=\"toggle\" aria-label=\"Attiva\/Disattiva\"><i class=\"icon-angle-down\" aria-hidden=\"true\"><\/i><\/button>\n\t\t\t<span>Che cos'\u00e8 la lattasi?<\/span>\n\t\t<\/a>\n\t\t<div id=\"accordion-3696827320-content\" class=\"accordion-inner\" aria-labelledby=\"accordion-3696827320-label\">\n\t\t\t\n<p>La lattasi \u00e8 un enzima responsabile, tra l'altro, della scissione dello zucchero del latte (lattosio). Ci\u00f2 significa che la lattasi favorisce la digestione dei latticini.<\/p>\n\t\t<\/div>\n\t<\/div>\n\t\n\t<div id=\"accordion-176559492\" class=\"accordion-item\">\n\t\t<a id=\"accordion-176559492-label\" class=\"accordion-title plain\" href=\"#accordion-item-was-bedeutet-aktivierungszeit?\" aria-expanded=\"false\" aria-controls=\"accordion-176559492-content\">\n\t\t\t<button class=\"toggle\" aria-label=\"Attiva\/Disattiva\"><i class=\"icon-angle-down\" aria-hidden=\"true\"><\/i><\/button>\n\t\t\t<span>Cosa significa tempo di attivazione?<\/span>\n\t\t<\/a>\n\t\t<div id=\"accordion-176559492-content\" class=\"accordion-inner\" aria-labelledby=\"accordion-176559492-label\">\n\t\t\t\n<p>\u00c8 opportuno lasciare riposare la bevanda mista per 10 minuti prima di assumerla. Questo permette ai batteri intestinali di svilupparsi in modo ottimale.<\/p>\n\t\t<\/div>\n\t<\/div>\n\t\n\t<div id=\"accordion-1756942628\" class=\"accordion-item\">\n\t\t<a id=\"accordion-1756942628-label\" class=\"accordion-title plain\" href=\"#accordion-item-allgemeines-zu-darmbakterien\" aria-expanded=\"false\" aria-controls=\"accordion-1756942628-content\">\n\t\t\t<button class=\"toggle\" aria-label=\"Attiva\/Disattiva\"><i class=\"icon-angle-down\" aria-hidden=\"true\"><\/i><\/button>\n\t\t\t<span>Informazioni generali sui batteri intestinali<\/span>\n\t\t<\/a>\n\t\t<div id=\"accordion-1756942628-content\" class=\"accordion-inner\" aria-labelledby=\"accordion-1756942628-label\">\n\t\t\t\n<p>Molte persone associano ancora i batteri a qualcosa di negativo e credono che tutti i batteri siano dannosi. Se queste stesse persone sapessero che una persona media \u00e8 composta da circa 1,5 chilogrammi di batteri, probabilmente ne sarebbero disgustate. Questi batteri, che contano in totale 400-500 specie diverse, sono tutt'altro che dannosi per noi.<\/p>\n<p>Gran parte di questi batteri vive nel nostro intestino e svolge un ruolo fondamentale per il nostro benessere. Conosciuti anche come flora intestinale, svolgono numerose funzioni importanti, come la scomposizione dei componenti del cibo. Senza la nostra flora intestinale, potremmo assorbire solo una frazione dei nutrienti di cui abbiamo bisogno. Inoltre, questi batteri &quot;buoni&quot; impediscono ai batteri potenzialmente dannosi di moltiplicarsi in modo incontrollato nell&#039;intestino.<\/p>\n<p>\u00c8 importante mantenere una flora intestinale equilibrata. Supportare la flora intestinale \u00e8 particolarmente importante dopo un ciclo di antibiotici, poich\u00e9 questi ultimi non riescono a distinguere tra batteri benefici e dannosi. Prima di spiegarti cosa puoi fare per supportare la tua flora intestinale, dovresti riconoscere i sintomi di una flora intestinale sbilanciata.<\/p>\n<p>Per ulteriori informazioni su questo argomento, consultare l'articolo <a href=\"https:\/\/fitnfemale.com\/it\/darmgesundheit-die-besten-strategien-fuer-einen-gesunden-darm\/\" target=\"_blank\" rel=\"noopener noreferrer\">Salute dell'intestino - Le migliori strategie per un intestino sano<\/a><\/p>\n\t\t<\/div>\n\t<\/div>\n\t\n\t<div id=\"accordion-127311661\" class=\"accordion-item\">\n\t\t<a id=\"accordion-127311661-label\" class=\"accordion-title plain\" href=\"#accordion-item-die-perfekte-einnahme-von-women&#039;s-biotics\" aria-expanded=\"false\" aria-controls=\"accordion-127311661-content\">\n\t\t\t<button class=\"toggle\" aria-label=\"Attiva\/Disattiva\"><i class=\"icon-angle-down\" aria-hidden=\"true\"><\/i><\/button>\n\t\t\t<span>Il modo perfetto di assumere Women's Biotics<\/span>\n\t\t<\/a>\n\t\t<div id=\"accordion-127311661-content\" class=\"accordion-inner\" aria-labelledby=\"accordion-127311661-label\">\n\t\t\t\n\t<div class=\"img has-hover x md-x lg-x y md-y lg-y\" id=\"image_1622720524\">\n\t\t\t\t\t\t\t\t<div class=\"img-inner dark\" >\n\t\t\t<img decoding=\"async\" width=\"1020\" height=\"569\" src=\"https:\/\/fitnfemale.com\/wp-content\/uploads\/womensbiotics-closeup5.webp\" class=\"attachment-large size-large\" alt=\"Womensbiotics closeup5\" srcset=\"https:\/\/fitnfemale.com\/wp-content\/uploads\/womensbiotics-closeup5.webp 1376w, https:\/\/fitnfemale.com\/wp-content\/uploads\/womensbiotics-closeup5-717x400.webp 717w, https:\/\/fitnfemale.com\/wp-content\/uploads\/womensbiotics-closeup5-768x429.webp 768w, https:\/\/fitnfemale.com\/wp-content\/uploads\/womensbiotics-closeup5-18x10.webp 18w, https:\/\/fitnfemale.com\/wp-content\/uploads\/womensbiotics-closeup5-1000x558.webp 1000w\" sizes=\"(max-width: 1020px) 100vw, 1020px\" \/>\t\t\t\t\t\t\n\t\t\t\t\t<\/div>\n\t\t\t\t\t\t\t\t\n<style>\n#image_1622720524 {\n  width: 100%;\n}\n<\/style>\n\t<\/div>\n\t\n<ul>\n<li class=\"bullet-star\">Women's Biotics deve essere sempre assunto separatamente dal cibo, preferibilmente al mattino, dopo essersi alzati, a stomaco vuoto.<\/li>\n<li class=\"bullet-star\">Dopo l'assunzione, \u00e8 necessario attendere almeno 30 minuti prima del pasto successivo.<\/li>\n<li class=\"bullet-star\">Una finestra di assunzione alternativa al mattino \u00e8 quella di assumerlo prima di andare a letto. Si ricorda che l'ultimo pasto deve essere stato consumato da 2-3 ore.<\/li>\n<li class=\"bullet-star\">Rispettare il tempo di attivazione di 10 minuti (vedere sopra per i dettagli).<\/li>\n<\/ul>\n\t\t<\/div>\n\t<\/div>\n\t\n<\/div>\n\t<div id=\"gap-1053210443\" class=\"gap-element clearfix hide-for-small\" style=\"display:block; height:auto;\">\n\t\t\n<style>\n#gap-1053210443 {\n  padding-top: 0px;\n}\n@media (min-width:550px) {\n  #gap-1053210443 {\n    padding-top: 30px;\n  }\n}\n<\/style>\n\t<\/div>\n\t\n<div class=\"row align-equal align-center\"  id=\"row-512613288\">\n\n\t<div id=\"col-688306809\" class=\"col medium-8 small-12 large-8\"  >\n\t\t\t\t<div class=\"col-inner text-center\"  >\n\t\t\t\n\t\t\t\n\t<div id=\"text-3496837037\" class=\"text\">\n\t\t\n<h4 class=\"uppercase\">Perch\u00e9 i probiotici, perch\u00e9 Women's Biotics?<\/h4>\n\t\t\n<style>\n#text-3496837037 {\n  font-size: 1.1rem;\n  line-height: 1.5;\n  text-align: center;\n}\n@media (min-width:550px) {\n  #text-3496837037 {\n    text-align: center;\n  }\n}\n<\/style>\n\t<\/div>\n\t\n<div style=\"position: relative; padding-top: 125%;\"><iframe style=\"border: none; position: absolute; top: 0; left: 0; height: 100%; width: 100%;\" src=\"https:\/\/customer-8lijnwgk5zjwtm39.cloudflarestream.com\/f2b260e01ad34a7700e2d8941193fd22\/iframe?poster=https%3A%2F%2Fcustomer-8lijnwgk5zjwtm39.cloudflarestream.com%2Ff2b260e01ad34a7700e2d8941193fd22%2Fthumbnails%2Fthumbnail.jpg%3Ftime%3D%26height%3D600\" allowfullscreen=\"allowfullscreen\"><\/iframe><\/div>\n\t\t<\/div>\n\t\t\t\t\n<style>\n#col-688306809 > .col-inner {\n  padding: 20px 0px 20px 0px;\n}\n@media (min-width:550px) {\n  #col-688306809 > .col-inner {\n    padding: 20px 50px 20px 50px;\n  }\n}\n<\/style>\n\t<\/div>\n\n\t\n\n<style>\n#row-512613288 > .col > .col-inner {\n  padding: 20px 20px 20px 20px;\n  background-color: rgb(252, 237, 238);\n}\n<\/style>\n<\/div>","protected":false},"excerpt":{"rendered":"<h2>Le decisioni migliori si prendono con un buon istinto.<\/h2>\n<h4>Il nostro intestino svolge un ruolo cruciale nel corpo e contribuisce al nostro benessere generale.<\/h4>\n<ul>\n<li class=\"bullet-star\">Favorisce la digestione: La nostra miscela contiene 10 miliardi di colture probiotiche per porzione.<\/li>\n<li class=\"bullet-star\">Enzima lattasi per una migliore tolleranza dei prodotti lattiero-caseari.<\/li>\n<li class=\"bullet-star\">Supporta la salute intestinale: Ogni porzione contiene il 64% di fibre che possono contribuire a una dieta equilibrata.<\/li>\n<li class=\"bullet-star\">Scelta salutare: Vegetale, senza glutine e senza lattosio, una scelta eccellente per una dieta equilibrata.<\/li>\n<li class=\"bullet-star\">Eco-consapevole: Imballaggio 100% riciclabile per un futuro pi\u00f9 sostenibile.<\/li>\n<\/ul>","protected":false},"featured_media":955288,"comment_status":"open","ping_status":"closed","template":"","meta":{"slim_seo":{"title":"Biotici per donne - FitNFemale\u00ae","description":"Le decisioni migliori si prendono con un buon istinto. Il nostro intestino svolge un ruolo importante nel corpo e contribuisce al nostro benessere generale."}},"product_brand":[],"product_cat":[6364,317,6629,619,401],"product_tag":[],"class_list":{"0":"post-336558","1":"product","2":"type-product","3":"status-publish","4":"has-post-thumbnail","6":"product_cat-promo-30","7":"product_cat-abnehmen","8":"product_cat-basic","9":"product_cat-fitness-drink","10":"product_cat-health","11":"pa_anwendungsbereiche-better-digestion","12":"pa_anwendungsbereiche-weightloss","13":"pa_anwendungsbereiche-skin-hair-nails","14":"pa_anwendungsbereiche-immune-system","15":"pa_anwendungsbereiche-metabolism","16":"pa_marke-fitnfemale","17":"pa_misc-glutenfree","18":"pa_misc-lactosefree","19":"pa_misc-vegetarian","20":"pa_schwangerschaft-geeignet","21":"pa_stillzeit-geeignet","22":"pa_vegan-ja","24":"first","25":"instock","26":"featured","27":"taxable","28":"shipping-taxable","29":"purchasable","30":"product-type-variable","31":"has-default-attributes"},"bundled_by":["348815","545696","627259"],"bundle_stock_status":"instock","bundle_stock_quantity":null,"bundle_virtual":false,"bundle_layout":"","bundle_add_to_cart_form_location":"","bundle_editable_in_cart":false,"bundle_sold_individually_context":"","bundle_item_grouping":"","bundle_min_size":"","bundle_max_size":"","bundle_price":[],"bundled_items":[],"bundle_sell_ids":[],"gallery_images":[955292,955293,908759,955297,955298,906980,955294,955296],"_links":{"self":[{"href":"https:\/\/fitnfemale.com\/it\/wp-json\/wp\/v2\/product\/336558","targetHints":{"allow":["GET"]}}],"collection":[{"href":"https:\/\/fitnfemale.com\/it\/wp-json\/wp\/v2\/product"}],"about":[{"href":"https:\/\/fitnfemale.com\/it\/wp-json\/wp\/v2\/types\/product"}],"replies":[{"embeddable":true,"href":"https:\/\/fitnfemale.com\/it\/wp-json\/wp\/v2\/comments?post=336558"}],"wp:featuredmedia":[{"embeddable":true,"href":"https:\/\/fitnfemale.com\/it\/wp-json\/wp\/v2\/media\/955288"}],"wp:attachment":[{"href":"https:\/\/fitnfemale.com\/it\/wp-json\/wp\/v2\/media?parent=336558"}],"wp:term":[{"taxonomy":"product_brand","embeddable":true,"href":"https:\/\/fitnfemale.com\/it\/wp-json\/wp\/v2\/product_brand?post=336558"},{"taxonomy":"product_cat","embeddable":true,"href":"https:\/\/fitnfemale.com\/it\/wp-json\/wp\/v2\/product_cat?post=336558"},{"taxonomy":"product_tag","embeddable":true,"href":"https:\/\/fitnfemale.com\/it\/wp-json\/wp\/v2\/product_tag?post=336558"}],"curies":[{"name":"parola chiave","href":"https:\/\/api.w.org\/{rel}","templated":true}]}}