{"id":33575,"date":"2018-04-24T13:03:38","date_gmt":"2018-04-24T12:03:38","guid":{"rendered":"https:\/\/fitnfemale.com\/?post_type=product&#038;p=33575"},"modified":"2026-04-12T16:14:32","modified_gmt":"2026-04-12T15:14:32","slug":"whey-isolate","status":"publish","type":"product","link":"https:\/\/fitnfemale.com\/it\/prodotto\/whey-isolate\/","title":{"rendered":"Women's Whey Isolate"},"content":{"rendered":"<div class=\"box has-hover   has-hover box-overlay dark box-text-bottom\" >\n\n\t\t<div class=\"box-image\" >\n\t\t\t<a href=\"http:\/\/img-details\" >\t\t\t<div class=\"\" >\n\t\t\t\t<img decoding=\"async\" width=\"1376\" height=\"768\" src=\"https:\/\/fitnfemale.com\/wp-content\/uploads\/wheyisolate-closeup-15.jpg\" class=\"attachment- size-\" alt=\"Primo piano dell&#039;isolato del siero di latte\" srcset=\"https:\/\/fitnfemale.com\/wp-content\/uploads\/wheyisolate-closeup-15.jpg 1376w, https:\/\/fitnfemale.com\/wp-content\/uploads\/wheyisolate-closeup-15-717x400.jpg 717w, https:\/\/fitnfemale.com\/wp-content\/uploads\/wheyisolate-closeup-15-768x429.jpg 768w, https:\/\/fitnfemale.com\/wp-content\/uploads\/wheyisolate-closeup-15-18x10.jpg 18w, https:\/\/fitnfemale.com\/wp-content\/uploads\/wheyisolate-closeup-15-1000x558.jpg 1000w\" sizes=\"(max-width: 1376px) 100vw, 1376px\" \/>\t\t\t\t<div class=\"overlay\" style=\"background-color:1\"><\/div>\t\t\t\t\t\t\t<\/div>\n\t\t\t<\/a>\t\t<\/div>\n\n\t\t<div class=\"box-text text-center\" >\n\t\t\t<div class=\"box-text-inner\">\n\t\t\t\t\n<h2 class=\"uppercase\">Perch\u00e9 l'Isolato di siero di latte puro nativo \u00e8 migliore<\/h2>\n\t\t\t<\/div>\n\t\t<\/div>\n\t<\/div>\n\t\n<p class=\"translation-block\">Hai mai sentito parlare delle proteine del siero di latte? Derivano dal siero di latte, un sottoprodotto della produzione del formaggio. Ma non tutte le proteine del siero di latte sono uguali. <strong>Il Pure Native Whey Isolate \u00e8 prodotto con siero di latte puro, senza l'aggiunta di enzimi, colture starter o acidi.<\/strong> Ci\u00f2 significa che \u00e8 privo di sostanze inutili e ha un livello di acido lattico pi\u00f9 basso.<\/p>\n<p class=\"translation-block\">Ma non \u00e8 tutto. <strong>Ci assicuriamo che il latte utilizzato per il Pure Native Whey Isolate provenga da mucche sane e venga accuratamente testato per rilevare ormoni sintetici e antibiotici.<\/strong> Grazie alla microfiltrazione e all'ultrafiltrazione, la struttura delle proteine del latte rimane intatta.<\/p>\n<p class=\"translation-block\">Il risultato \u00e8 una <strong>polvere proteica di alta qualit\u00e0 che ti aiuta a soddisfare il tuo fabbisogno proteico quotidiano.<\/strong> Con un contenuto minimo di grassi e lattosio, senza OGM, antibiotici e altre sostanze inutili. E con un ottimo gusto e una facile miscelazione, rende la tua vita pi\u00f9 semplice mentre ti prendi cura della tua salute.<\/p>\n<div class=\"accordion\">\n\t<div id=\"accordion-2445102299\" class=\"accordion-item\">\n\t\t<a id=\"accordion-2445102299-label\" class=\"accordion-title plain\" href=\"#accordion-item-n\u00e4hrwerte\" aria-expanded=\"false\" aria-controls=\"accordion-2445102299-content\">\n\t\t\t<button class=\"toggle\" aria-label=\"Attiva\/Disattiva\"><i class=\"icon-angle-down\" aria-hidden=\"true\"><\/i><\/button>\n\t\t\t<span>Valori nutrizionali<\/span>\n\t\t<\/a>\n\t\t<div id=\"accordion-2445102299-content\" class=\"accordion-inner\" aria-labelledby=\"accordion-2445102299-label\">\n\t\t\t\n\t<div class=\"img has-hover x md-x lg-x y md-y lg-y\" id=\"image_1348005214\">\n\t\t\t\t\t\t\t\t<div class=\"img-inner dark\" >\n\t\t\t<img decoding=\"async\" width=\"1433\" height=\"642\" src=\"https:\/\/fitnfemale.com\/wp-content\/uploads\/isolate-facts1.jpg\" class=\"attachment-original size-original\" alt=\"Fatti isolati1\" srcset=\"https:\/\/fitnfemale.com\/wp-content\/uploads\/isolate-facts1.jpg 1433w, https:\/\/fitnfemale.com\/wp-content\/uploads\/isolate-facts1-1000x448.jpg 1000w, https:\/\/fitnfemale.com\/wp-content\/uploads\/isolate-facts1-800x358.jpg 800w, https:\/\/fitnfemale.com\/wp-content\/uploads\/isolate-facts1-1400x627.jpg 1400w, https:\/\/fitnfemale.com\/wp-content\/uploads\/isolate-facts1-768x344.jpg 768w, https:\/\/fitnfemale.com\/wp-content\/uploads\/isolate-facts1-18x8.jpg 18w\" sizes=\"(max-width: 1433px) 100vw, 1433px\" \/>\t\t\t\t\t\t\n\t\t\t\t\t<\/div>\n\t\t\t\t\t\t\t\t\n<style>\n#image_1348005214 {\n  width: 100%;\n}\n@media (min-width:550px) {\n  #image_1348005214 {\n    width: 100%;\n  }\n}\n<\/style>\n\t<\/div>\n\t\n\t\t<\/div>\n\t<\/div>\n\t\n<\/div>","protected":false},"excerpt":{"rendered":"<h2>Il fatto: siete fedeli alle cose belle, e questo frullato \u00e8 una di queste.<\/h2>\n<h4>Massimizza i tuoi successi nel fitness con il Women's Whey Isolate. Con la sua formula al 97% di proteine isolate, offre un'elevata fornitura di proteine, ideale per i tuoi obiettivi di fitness.<\/h4>\n<ul>\n<li class=\"bullet-star\"><strong>Massima concentrazione di proteine:<\/strong> 97% isolare le proteine per la massima efficienza<\/li>\n<li class=\"bullet-star\"><strong>Basso contenuto di grassi e carboidrati:<\/strong> Ideale per una dieta equilibrata<\/li>\n<li class=\"bullet-star translation-block\"><strong>Profilo aminoacidico ottimale:<\/strong> Per una dieta equilibrata e supporto al fitness<\/li>\n<li class=\"bullet-star translation-block\"><strong>Adatto a tutti:<\/strong> Senza glutine e povero di lattosio per chi ha esigenze alimentari speciali<\/li>\n<li class=\"bullet-star translation-block\"><strong>Sapore delizioso:<\/strong> Disponibile in 3 gusti deliziosi da gustare con acqua o latte<\/li>\n<li class=\"bullet-star translation-block\"><strong>Facile solubilit\u00e0:<\/strong> Con poca schiuma e un'eccellente solubilit\u00e0<\/li>\n<li class=\"bullet-star translation-block\"><strong>Qualit\u00e0 eccellente:<\/strong> Realizzato con materie prime selezionate dai migliori fornitori<\/li>\n<\/ul>","protected":false},"featured_media":955143,"comment_status":"open","ping_status":"closed","template":"","meta":{"slim_seo":{"title":"Women's Whey Isolate - FitNFemale\u00ae","description":"Fatto: ti attieni alle cose buone, e questo frullato \u00e8 una di queste. Massimizza i tuoi risultati in termini di fitness con Women&#039;s Whey Isolate. Con la sua formula di proteine isolate 97%."}},"product_brand":[],"product_cat":[6366,317,1047,394],"product_tag":[],"class_list":{"0":"post-33575","1":"product","2":"type-product","3":"status-publish","4":"has-post-thumbnail","6":"product_cat-promo-10","7":"product_cat-abnehmen","8":"product_cat-fit-strong","9":"product_cat-fitness-shake","10":"pa_anwendungsbereiche-for-your-workout","11":"pa_anwendungsbereiche-muskelversorgung","12":"pa_anwendungsbereiche-shaping","13":"pa_marke-fitnfemale","14":"pa_misc-aspartamfree","15":"pa_misc-glutenfree","16":"pa_misc-vegetarian","17":"pa_nutritionfactinfo-highprotein","18":"pa_nutritionfactinfo-lowcarb","19":"pa_nutritionfactinfo-lowfat","20":"pa_nutritionfactinfo-low-lactose","21":"pa_nutritionfactinfo-lowsugar","22":"pa_schwangerschaft-geeignet","23":"pa_stillzeit-geeignet","24":"pa_vegan-nein","26":"first","27":"instock","28":"featured","29":"taxable","30":"shipping-taxable","31":"purchasable","32":"product-type-variable","33":"has-default-attributes"},"bundled_by":["470906","606937","627104","663238","738321","786591"],"bundle_stock_status":"instock","bundle_stock_quantity":null,"bundle_virtual":false,"bundle_layout":"","bundle_add_to_cart_form_location":"","bundle_editable_in_cart":false,"bundle_sold_individually_context":"","bundle_item_grouping":"","bundle_min_size":"","bundle_max_size":"","bundle_price":[],"bundled_items":[],"bundle_sell_ids":[],"gallery_images":[955146,955147,955150,955149,906744,955148,955172,955144,955145],"_links":{"self":[{"href":"https:\/\/fitnfemale.com\/it\/wp-json\/wp\/v2\/product\/33575","targetHints":{"allow":["GET"]}}],"collection":[{"href":"https:\/\/fitnfemale.com\/it\/wp-json\/wp\/v2\/product"}],"about":[{"href":"https:\/\/fitnfemale.com\/it\/wp-json\/wp\/v2\/types\/product"}],"replies":[{"embeddable":true,"href":"https:\/\/fitnfemale.com\/it\/wp-json\/wp\/v2\/comments?post=33575"}],"wp:featuredmedia":[{"embeddable":true,"href":"https:\/\/fitnfemale.com\/it\/wp-json\/wp\/v2\/media\/955143"}],"wp:attachment":[{"href":"https:\/\/fitnfemale.com\/it\/wp-json\/wp\/v2\/media?parent=33575"}],"wp:term":[{"taxonomy":"product_brand","embeddable":true,"href":"https:\/\/fitnfemale.com\/it\/wp-json\/wp\/v2\/product_brand?post=33575"},{"taxonomy":"product_cat","embeddable":true,"href":"https:\/\/fitnfemale.com\/it\/wp-json\/wp\/v2\/product_cat?post=33575"},{"taxonomy":"product_tag","embeddable":true,"href":"https:\/\/fitnfemale.com\/it\/wp-json\/wp\/v2\/product_tag?post=33575"}],"curies":[{"name":"parola chiave","href":"https:\/\/api.w.org\/{rel}","templated":true}]}}