{"id":150323,"date":"2019-03-26T20:49:32","date_gmt":"2019-03-26T19:49:32","guid":{"rendered":"https:\/\/fitnfemale.com\/?post_type=product&#038;p=150323"},"modified":"2026-04-09T19:54:04","modified_gmt":"2026-04-09T18:54:04","slug":"womens-magic-mix","status":"publish","type":"product","link":"https:\/\/fitnfemale.com\/it\/prodotto\/womens-magic-mix\/","title":{"rendered":"Women's Magic Mix"},"content":{"rendered":"<div class=\"img has-hover img-details x md-x lg-x y md-y lg-y\" id=\"image_135038042\">\n\t\t\t\t\t\t\t\t<div class=\"img-inner dark\" >\n\t\t\t<img decoding=\"async\" width=\"1020\" height=\"569\" src=\"https:\/\/fitnfemale.com\/wp-content\/uploads\/magicmix-closeup7.jpg\" class=\"attachment-large size-large\" alt=\"Magicmix primo piano 7\" srcset=\"https:\/\/fitnfemale.com\/wp-content\/uploads\/magicmix-closeup7.jpg 1376w, https:\/\/fitnfemale.com\/wp-content\/uploads\/magicmix-closeup7-717x400.jpg 717w, https:\/\/fitnfemale.com\/wp-content\/uploads\/magicmix-closeup7-768x429.jpg 768w, https:\/\/fitnfemale.com\/wp-content\/uploads\/magicmix-closeup7-18x10.jpg 18w, https:\/\/fitnfemale.com\/wp-content\/uploads\/magicmix-closeup7-1000x558.jpg 1000w\" sizes=\"(max-width: 1020px) 100vw, 1020px\" \/>\t\t\t\t\t\t\n\t\t\t\t\t<\/div>\n\t\t\t\t\t\t\t\t\n<style>\n#image_135038042 {\n  width: 100%;\n}\n<\/style>\n\t<\/div>\n\t\n<p>Perch\u00e9 il Magic Mix Women's dovrebbe essere il tuo nuovo compagno quotidiano:<\/p>\n<ul>\n<li class=\"bullet-star translation-block\"><strong>Specificamente per le donne:<\/strong> Perfettamente in linea con le tue esigenze nutrizionali e gli obiettivi di gestione del peso.<\/li>\n<li class=\"bullet-star translation-block\"><strong>Glucomannano:<\/strong> Supporta la sensazione di saziet\u00e0 come parte della tua dieta controllata in calorie.<\/li>\n<li class=\"bullet-star translation-block\"><strong>Grande confezione, fino a 50 dosi giornaliere:<\/strong> Duraturo ed economico.<\/li>\n<li class=\"bullet-star translation-block\"><strong>Composizione unica:<\/strong> Solo i migliori ingredienti per il tuo benessere. Contiene minerali importanti e vitamine che possono aiutare a mantenere una pelle bella, capelli sani e unghie forti.<\/li>\n<li class=\"bullet-star translation-block\"><strong>Bestseller::<\/strong>  Amato dalle donne ovunque!<\/li>\n<li class=\"bullet-star translation-block\"><strong>Ottima solubilit\u00e0 in acqua:<\/strong> Facile da preparare, senza stress e gustoso.<\/li>\n<li class=\"bullet-star translation-block\"><strong>Scopri il segreto della bellezza radiosa:<\/strong> La bellezza viene dall'interno e noi ti aiutiamo a raggiungerla.<\/li>\n<li class=\"bullet-star translation-block\"><strong>Miglior sapore garantito:<\/strong> Vieni a scoprire il nostro sapore irresistibile.<\/li>\n<li class=\"bullet-star translation-block\"><strong>A basso contenuto di grassi, senza glutine, vegano, senza lattosio:<\/strong>  Si adatta perfettamente a qualsiasi stile di vita.<\/li>\n<li class=\"bullet-star translation-block\"><strong>Ricco di ingredienti preziosi:<\/strong> Solo il meglio per il tuo corpo.<\/li>\n<\/ul>\n\t<div class=\"img has-hover x md-x lg-x y md-y lg-y\" id=\"image_984363702\">\n\t\t\t\t\t\t\t\t<div class=\"img-inner dark\" >\n\t\t\t<img decoding=\"async\" width=\"1020\" height=\"569\" src=\"https:\/\/fitnfemale.com\/wp-content\/uploads\/magicmix-closeup14.jpg\" class=\"attachment-large size-large\" alt=\"Magicmix primo piano 14\" srcset=\"https:\/\/fitnfemale.com\/wp-content\/uploads\/magicmix-closeup14.jpg 1376w, https:\/\/fitnfemale.com\/wp-content\/uploads\/magicmix-closeup14-717x400.jpg 717w, https:\/\/fitnfemale.com\/wp-content\/uploads\/magicmix-closeup14-768x429.jpg 768w, https:\/\/fitnfemale.com\/wp-content\/uploads\/magicmix-closeup14-18x10.jpg 18w, https:\/\/fitnfemale.com\/wp-content\/uploads\/magicmix-closeup14-1000x558.jpg 1000w\" sizes=\"(max-width: 1020px) 100vw, 1020px\" \/>\t\t\t\t\t\t\n\t\t\t\t\t<\/div>\n\t\t\t\t\t\t\t\t\n<style>\n#image_984363702 {\n  width: 100%;\n}\n<\/style>\n\t<\/div>\n\t\n<div class=\"accordion\">\n\t<div id=\"accordion-237965157\" class=\"accordion-item\">\n\t\t<a id=\"accordion-237965157-label\" class=\"accordion-title plain\" href=\"#accordion-item-inhaltsstoffe\" aria-expanded=\"false\" aria-controls=\"accordion-237965157-content\">\n\t\t\t<button class=\"toggle\" aria-label=\"Attiva\/Disattiva\"><i class=\"icon-angle-down\" aria-hidden=\"true\"><\/i><\/button>\n\t\t\t<span>Ingredienti<\/span>\n\t\t<\/a>\n\t\t<div id=\"accordion-237965157-content\" class=\"accordion-inner\" aria-labelledby=\"accordion-237965157-label\">\n\t\t\t\n<table class=\"ffnf-clean-table\">\n<thead>\n<tr>\n<th>Ingredienti<\/th>\n<th>Porzione (6 g)<\/th>\n<\/tr>\n<\/thead>\n<tbody>\n<tr>\n<td>Inulina<\/td>\n<td>700 mg<\/td>\n<\/tr>\n<tr>\n<td>L-carnitina<\/td>\n<td>518 mg<\/td>\n<\/tr>\n<tr>\n<td>Glucomannano<\/td>\n<td>300 mg<\/td>\n<\/tr>\n<tr>\n<td>Estratto di guaran\u00e0<br \/>\u2013 di cui caffeina<\/td>\n<td>273 mg<br \/>60 mg<\/td>\n<\/tr>\n<tr>\n<td>Estratto di Garcinia Cambogia<br \/>\u2013 di cui HCA<\/td>\n<td>50 mg<br \/>30 mg<\/td>\n<\/tr>\n<tr>\n<td>Estratto di T\u00e8 Verde<br \/>\u2013 di cui EGCG<\/td>\n<td>50 mg<br \/>22,5 mg<\/td>\n<\/tr>\n<tr>\n<td>Acido alfa-lipoico<\/td>\n<td>25 mg<\/td>\n<\/tr>\n<tr>\n<td>Vitamina D<\/td>\n<td>20 \u00b5g<\/td>\n<\/tr>\n<tr>\n<td>Vitamina K<\/td>\n<td>60 \u00b5g<\/td>\n<\/tr>\n<tr>\n<td>Biotina (B7)<\/td>\n<td>2500 \u00b5g<\/td>\n<\/tr>\n<tr>\n<td>Acido pantotenico (B5)<\/td>\n<td>6 mg<\/td>\n<\/tr>\n<tr>\n<td>Acido folico<\/td>\n<td>300 \u00b5g<\/td>\n<\/tr>\n<tr>\n<td>calcio<\/td>\n<td>400 mg<\/td>\n<\/tr>\n<tr>\n<td>magnesio<\/td>\n<td>200 mg<\/td>\n<\/tr>\n<tr>\n<td>Ferro<\/td>\n<td>4,2 mg<\/td>\n<\/tr>\n<tr>\n<td>zinco<\/td>\n<td>3 mg<\/td>\n<\/tr>\n<tr>\n<td>rame<\/td>\n<td>0,3 mg<\/td>\n<\/tr>\n<tr>\n<td>manganese<\/td>\n<td>0,6 mg<\/td>\n<\/tr>\n<tr>\n<td>selenio<\/td>\n<td>16,5 \u00b5g<\/td>\n<\/tr>\n<tr>\n<td>cromo<\/td>\n<td>12 \u00b5g<\/td>\n<\/tr>\n<tr>\n<td>molibdeno<\/td>\n<td>15 \u00b5g<\/td>\n<\/tr>\n<tr>\n<td>iodio<\/td>\n<td>70 \u00b5g<\/td>\n<\/tr>\n<\/tbody>\n<\/table>\n\t\t<\/div>\n\t<\/div>\n\t\n\t<div id=\"accordion-339168080\" class=\"accordion-item\">\n\t\t<a id=\"accordion-339168080-label\" class=\"accordion-title plain\" href=\"#accordion-item-was-ist-glucomannan?\" aria-expanded=\"false\" aria-controls=\"accordion-339168080-content\">\n\t\t\t<button class=\"toggle\" aria-label=\"Attiva\/Disattiva\"><i class=\"icon-angle-down\" aria-hidden=\"true\"><\/i><\/button>\n\t\t\t<span>Che cos'\u00e8 il glucomannano?<\/span>\n\t\t<\/a>\n\t\t<div id=\"accordion-339168080-content\" class=\"accordion-inner\" aria-labelledby=\"accordion-339168080-label\">\n\t\t\t\n\t<div class=\"img has-hover x md-x lg-x y md-y lg-y\" id=\"image_577301415\">\n\t\t\t\t\t\t\t\t<div class=\"img-inner dark\" >\n\t\t\t<img decoding=\"async\" width=\"1020\" height=\"583\" src=\"https:\/\/fitnfemale.com\/wp-content\/uploads\/gluccomanan-sattmacher-konjak-pflanze.jpg\" class=\"attachment-large size-large\" alt=\"La pianta di konjac produce il glucomannano, un agente saziante.\" srcset=\"https:\/\/fitnfemale.com\/wp-content\/uploads\/gluccomanan-sattmacher-konjak-pflanze.jpg 1344w, https:\/\/fitnfemale.com\/wp-content\/uploads\/gluccomanan-sattmacher-konjak-pflanze-700x400.jpg 700w, https:\/\/fitnfemale.com\/wp-content\/uploads\/gluccomanan-sattmacher-konjak-pflanze-768x439.jpg 768w, https:\/\/fitnfemale.com\/wp-content\/uploads\/gluccomanan-sattmacher-konjak-pflanze-18x10.jpg 18w, https:\/\/fitnfemale.com\/wp-content\/uploads\/gluccomanan-sattmacher-konjak-pflanze-1000x571.jpg 1000w\" sizes=\"(max-width: 1020px) 100vw, 1020px\" \/>\t\t\t\t\t\t\n\t\t\t\t\t<\/div>\n\t\t\t\t\t\t\t\t\n<style>\n#image_577301415 {\n  width: 100%;\n}\n<\/style>\n\t<\/div>\n\t\n<p>Il glucomannano \u00e8 una sostanza derivata dalla radice di konjac, nota anche come lingua del diavolo. Chimicamente, il glucomannano \u00e8 una sostanza simile all'amido, composta da catene complesse di carboidrati. Nel contesto di una dieta ipocalorica, l'assunzione di glucomannano pu\u00f2 contribuire alla riduzione del peso. L'effetto positivo si verifica con un apporto quotidiano di 3 g di glucomannano in tre porzioni da 1 g ciascuna, accompagnate da 1-2 bicchieri d'acqua prima dei pasti. \u00c8 importante non superare la quantit\u00e0 indicata. L'assunzione di glucomannano senza un adeguato apporto di liquidi pu\u00f2 causare pericolo di soffocamento, soprattutto in persone con difficolt\u00e0 di deglutizione o con un insufficiente consumo di liquidi.<\/p>\n\t\t<\/div>\n\t<\/div>\n\t\n\t<div id=\"accordion-414763504\" class=\"accordion-item\">\n\t\t<a id=\"accordion-414763504-label\" class=\"accordion-title plain\" href=\"#accordion-item-glucomannan-als-idealer-sattmacher\" aria-expanded=\"false\" aria-controls=\"accordion-414763504-content\">\n\t\t\t<button class=\"toggle\" aria-label=\"Attiva\/Disattiva\"><i class=\"icon-angle-down\" aria-hidden=\"true\"><\/i><\/button>\n\t\t\t<span>Il glucomannano come saziet\u00e0 ideale<\/span>\n\t\t<\/a>\n\t\t<div id=\"accordion-414763504-content\" class=\"accordion-inner\" aria-labelledby=\"accordion-414763504-label\">\n\t\t\t\n<p>L'enorme capacit\u00e0 di legare l'acqua della fibra alimentare fa s\u00ec che il glucomannano si gonfi nel tratto gastrointestinale dopo l'ingestione. Nel processo, la sostanza assorbe l'acqua e diventa una massa gelatinosa che pu\u00f2 facilmente assumere un volume dieci volte superiore al suo. Grazie all'aumento di volume e alla consistenza della massa, il senso di saziet\u00e0 si manifesta molto pi\u00f9 rapidamente, per cui si mangia molto meno. La sensazione di saziet\u00e0 dura anche pi\u00f9 a lungo.<\/p>\n\t\t<\/div>\n\t<\/div>\n\t\n<\/div>","protected":false},"excerpt":{"rendered":"<h2>Bella dall'interno \u2013 Il tuo mix giornaliero per un aspetto splendente e benessere!<\/h2>\n<h4>Sviluppato appositamente per le donne, il nostro Magic Mix combina ingredienti di alta qualit\u00e0 con la fibra naturale glucomannano, nota per poter contribuire alla riduzione del peso nell'ambito di una dieta ipocalorica, aiutando a prolungare la sensazione di saziet\u00e0.<\/h4>","protected":false},"featured_media":943434,"comment_status":"open","ping_status":"closed","template":"","meta":{"slim_seo":{"title":"Mix magico per donne - FitNFemale\u00ae","description":"Bella dentro: il tuo mix quotidiano per un aspetto radioso e un benessere duraturo! Sviluppato appositamente per le donne, il nostro Magic Mix combina ingredienti di alta qualit\u00e0."}},"product_brand":[],"product_cat":[6363,317,6629,619,401],"product_tag":[],"class_list":{"0":"post-150323","1":"product","2":"type-product","3":"status-publish","4":"has-post-thumbnail","6":"product_cat-promo-40","7":"product_cat-abnehmen","8":"product_cat-basic","9":"product_cat-fitness-drink","10":"product_cat-health","11":"pa_anwendungsbereiche-energy","12":"pa_anwendungsbereiche-skin-hair-nails","13":"pa_anwendungsbereiche-immune-system","14":"pa_anwendungsbereiche-sattmacher","15":"pa_anwendungsbereiche-metabolism","16":"pa_marke-fitnfemale","17":"pa_misc-glutenfree","18":"pa_misc-lactosefree","19":"pa_misc-vegetarian","20":"pa_nutritionfactinfo-nofat","21":"pa_nutritionfactinfo-nocarbs","22":"pa_nutritionfactinfo-lactosefree","23":"pa_nutritionfactinfo-lowcalories","24":"pa_nutritionfactinfo-lowfat","25":"pa_nutritionfactinfo-lowsugar","26":"pa_schwangerschaft-nicht-geeignet","27":"pa_stillzeit-nicht-geeignet","28":"pa_vegan-ja","30":"first","31":"instock","32":"featured","33":"taxable","34":"shipping-taxable","35":"purchasable","36":"product-type-variable","37":"has-default-attributes"},"bundled_by":["470906","627268"],"bundle_stock_status":"instock","bundle_stock_quantity":null,"bundle_virtual":false,"bundle_layout":"","bundle_add_to_cart_form_location":"","bundle_editable_in_cart":false,"bundle_sold_individually_context":"","bundle_item_grouping":"","bundle_min_size":"","bundle_max_size":"","bundle_price":[],"bundled_items":[],"bundle_sell_ids":[],"gallery_images":[954134,907546,954138,954137,943785,954135],"_links":{"self":[{"href":"https:\/\/fitnfemale.com\/it\/wp-json\/wp\/v2\/product\/150323","targetHints":{"allow":["GET"]}}],"collection":[{"href":"https:\/\/fitnfemale.com\/it\/wp-json\/wp\/v2\/product"}],"about":[{"href":"https:\/\/fitnfemale.com\/it\/wp-json\/wp\/v2\/types\/product"}],"replies":[{"embeddable":true,"href":"https:\/\/fitnfemale.com\/it\/wp-json\/wp\/v2\/comments?post=150323"}],"wp:featuredmedia":[{"embeddable":true,"href":"https:\/\/fitnfemale.com\/it\/wp-json\/wp\/v2\/media\/943434"}],"wp:attachment":[{"href":"https:\/\/fitnfemale.com\/it\/wp-json\/wp\/v2\/media?parent=150323"}],"wp:term":[{"taxonomy":"product_brand","embeddable":true,"href":"https:\/\/fitnfemale.com\/it\/wp-json\/wp\/v2\/product_brand?post=150323"},{"taxonomy":"product_cat","embeddable":true,"href":"https:\/\/fitnfemale.com\/it\/wp-json\/wp\/v2\/product_cat?post=150323"},{"taxonomy":"product_tag","embeddable":true,"href":"https:\/\/fitnfemale.com\/it\/wp-json\/wp\/v2\/product_tag?post=150323"}],"curies":[{"name":"parola chiave","href":"https:\/\/api.w.org\/{rel}","templated":true}]}}