{"id":149453,"date":"2019-03-23T17:10:06","date_gmt":"2019-03-23T16:10:06","guid":{"rendered":"https:\/\/fitnfemale.com\/?post_type=product&#038;p=149453"},"modified":"2026-04-20T18:01:49","modified_gmt":"2026-04-20T17:01:49","slug":"trinkflasche-pink-750ml","status":"publish","type":"product","link":"https:\/\/fitnfemale.com\/it\/prodotto\/trinkflasche-pink-750ml\/","title":{"rendered":"Bottiglia rosa 750ml"},"content":{"rendered":"<div class=\"img has-hover img-details x md-x lg-x y md-y lg-y\" id=\"image_1784074365\">\n\t\t\t\t\t\t\t\t<div class=\"img-inner dark\" >\n\t\t\t<img decoding=\"async\" width=\"1020\" height=\"569\" src=\"https:\/\/fitnfemale.com\/wp-content\/uploads\/trinkflasche-fitnfemale-closeup-10.webp\" class=\"attachment-large size-large\" alt=\"Primo piano di una bottiglia d&#039;acqua fitnfemale\" srcset=\"https:\/\/fitnfemale.com\/wp-content\/uploads\/trinkflasche-fitnfemale-closeup-10.webp 1376w, https:\/\/fitnfemale.com\/wp-content\/uploads\/trinkflasche-fitnfemale-closeup-10-717x400.webp 717w, https:\/\/fitnfemale.com\/wp-content\/uploads\/trinkflasche-fitnfemale-closeup-10-768x429.webp 768w, https:\/\/fitnfemale.com\/wp-content\/uploads\/trinkflasche-fitnfemale-closeup-10-18x10.webp 18w, https:\/\/fitnfemale.com\/wp-content\/uploads\/trinkflasche-fitnfemale-closeup-10-1000x558.webp 1000w\" sizes=\"(max-width: 1020px) 100vw, 1020px\" \/>\t\t\t\t\t\t\n\t\t\t\t\t<\/div>\n\t\t\t\t\t\t\t\t\n<style>\n#image_1784074365 {\n  width: 100%;\n}\n<\/style>\n\t<\/div>","protected":false},"excerpt":{"rendered":"<h2>La tua dichiarazione di potenza rosa per quando sei in movimento<\/h2>\n<h4>Che si tratti di palestra, universit\u00e0 o vita cittadina, questa bottiglia ti accompagner\u00e0 ovunque. \ud83d\udc96 Leggera, robusta e con una capacit\u00e0 di 750 ml, \u00e8 perfetta quando hai grandi progetti.<\/h4>\n<ul>\n<li class=\"bullet-star\">Capacit\u00e0 750 ml: resta idratata, ragazza!<\/li>\n<li class=\"bullet-star\">Ultraleggero e maneggevole: perfetto per lo sport e la vita di tutti i giorni.<\/li>\n<li class=\"bullet-star\">100 % Senza BPA e sicuro per gli alimenti: perch\u00e9 ne vale la pena.<\/li>\n<li class=\"bullet-star\">Prodotto in Europa: durevole, di alta qualit\u00e0 e con finiture di alta qualit\u00e0.<\/li>\n<li class=\"bullet-star\">Tappo sportivo a prova di perdite: bevi con un clic.<\/li>\n<\/ul>\n<p>La Pink Edition \u00e8 pi\u00f9 di una semplice borraccia: \u00e8 un accessorio essenziale per FitnFemale. Si adatta a qualsiasi borsa, abbigliamento da palestra e stile di vita. \ud83d\udc85 Ora disponibile a un prezzo speciale, solo fino a esaurimento scorte!<\/p>","protected":false},"featured_media":953929,"comment_status":"closed","ping_status":"closed","template":"","meta":{"slim_seo":{"title":"Trinkflasche Pink 750ml - FitNFemale\u00ae","description":"La tua dichiarazione di energia rosa sempre con te. Che tu sia in palestra, all&#039;universit\u00e0 o in citt\u00e0, questa bottiglia ti accompagna ovunque. \ud83d\udc96 Leggera, robusta e con una capacit\u00e0 di 750 ml, perfetta.,"}},"product_brand":[],"product_cat":[6362,6629,283,6217],"product_tag":[],"class_list":{"0":"post-149453","1":"product","2":"type-product","3":"status-publish","4":"has-post-thumbnail","6":"product_cat-promo-50","7":"product_cat-basic","8":"product_cat-equipment","9":"product_cat-trinkflaschen","10":"pa_anwendungsbereiche-for-your-workout","11":"pa_anwendungsbereiche-workout-bottle","12":"pa_marke-fitnfemale","13":"pa_misc-bpafree","15":"first","16":"instock","17":"taxable","18":"shipping-taxable","19":"purchasable","20":"product-type-simple"},"bundled_by":["627104","348815"],"bundle_stock_status":"instock","bundle_stock_quantity":20,"bundle_virtual":false,"bundle_layout":"","bundle_add_to_cart_form_location":"","bundle_editable_in_cart":false,"bundle_sold_individually_context":"","bundle_item_grouping":"","bundle_min_size":"","bundle_max_size":"","bundle_price":[],"bundled_items":[],"bundle_sell_ids":[],"gallery_images":[953928,953923,953925,953927,953924,953922],"_links":{"self":[{"href":"https:\/\/fitnfemale.com\/it\/wp-json\/wp\/v2\/product\/149453","targetHints":{"allow":["GET"]}}],"collection":[{"href":"https:\/\/fitnfemale.com\/it\/wp-json\/wp\/v2\/product"}],"about":[{"href":"https:\/\/fitnfemale.com\/it\/wp-json\/wp\/v2\/types\/product"}],"replies":[{"embeddable":true,"href":"https:\/\/fitnfemale.com\/it\/wp-json\/wp\/v2\/comments?post=149453"}],"wp:featuredmedia":[{"embeddable":true,"href":"https:\/\/fitnfemale.com\/it\/wp-json\/wp\/v2\/media\/953929"}],"wp:attachment":[{"href":"https:\/\/fitnfemale.com\/it\/wp-json\/wp\/v2\/media?parent=149453"}],"wp:term":[{"taxonomy":"product_brand","embeddable":true,"href":"https:\/\/fitnfemale.com\/it\/wp-json\/wp\/v2\/product_brand?post=149453"},{"taxonomy":"product_cat","embeddable":true,"href":"https:\/\/fitnfemale.com\/it\/wp-json\/wp\/v2\/product_cat?post=149453"},{"taxonomy":"product_tag","embeddable":true,"href":"https:\/\/fitnfemale.com\/it\/wp-json\/wp\/v2\/product_tag?post=149453"}],"curies":[{"name":"parola chiave","href":"https:\/\/api.w.org\/{rel}","templated":true}]}}