{"id":726189,"date":"2017-10-13T08:47:58","date_gmt":"2017-10-13T07:47:58","guid":{"rendered":"https:\/\/fitnfemale.com\/?page_id=726189"},"modified":"2023-03-17T09:41:01","modified_gmt":"2023-03-17T08:41:01","slug":"impressum-2","status":"publish","type":"page","link":"https:\/\/fitnfemale.com\/it\/impressum-2\/","title":{"rendered":"politica di cancellazione"},"content":{"rendered":"<section class=\"section\" id=\"section_2129531817\">\n\t\t<div class=\"section-bg fill\" >\n\t\t\t\t\t\t\t\t\t\n\t\t\t\n\t<div class=\"is-border\"\n\t\tstyle=\"border-color:rgb(235, 235, 235);border-width:1px 0px 0px 0px;\">\n\t<\/div>\n\n\t\t<\/div>\n\n\t\t\n\n\t\t<div class=\"section-content relative\">\n\t\t\t\n<div class=\"row\"  id=\"row-644930309\">\n\n\t<div id=\"col-524943063\" class=\"col small-12 large-12\"  >\n\t\t\t\t<div class=\"col-inner\"  >\n\t\t\t\n\t\t\t\n\n\t\t<div class=\"icon-box featured-box icon-box-top text-left\"  style=\"margin:px px px px;\">\n\t\t\t\t<div class=\"icon-box-text last-reset\">\n\t\t\t\t\t\t\t\t\t\n<h1>Politica di cancellazione e modulo di cancellazione<\/h1>\n<p>I consumatori hanno diritto di recesso in base alle seguenti disposizioni, secondo le quali per consumatore si intende qualsiasi persona fisica che conclude un negozio giuridico per scopi che non possono essere prevalentemente attribuiti n\u00e9 alla sua attivit\u00e0 commerciale n\u00e9 alla sua attivit\u00e0 professionale indipendente:<\/p>\n<h1><strong>A) Politica di cancellazione<\/strong><\/h1>\n<h2><strong>- Diritto di revoca<\/strong><\/h2>\n<p>Il cliente ha il diritto di annullare il presente contratto entro 14 giorni senza fornire alcuna motivazione.<\/p>\n<p>Il periodo di recesso \u00e8 di 14 giorni dal giorno in cui il cliente o un terzo da lui nominato, che non sia il vettore, ha preso o ha preso possesso dell'ultima merce.<\/p>\n<p>Per esercitare il diritto di recesso, \u00e8 necessario inviare a noi (Fitnessmagnet GmbH<br \/>Zeughausgasse 15 , CH-6300 Zug, Tel: +41 44 500 85 67, E-Mail: support@fitnfemale.com) mediante una chiara dichiarazione (ad esempio una lettera o un'e-mail inviata per posta) della vostra decisione di revocare il presente contratto. A tal fine \u00e8 possibile utilizzare il modello di modulo di recesso allegato, che tuttavia non \u00e8 obbligatorio.<\/p>\n<p>Per rispettare il termine di cancellazione, \u00e8 sufficiente inviare la notifica dell'esercizio del diritto di cancellazione prima della fine del periodo di cancellazione.<\/p>\n<h2><strong>- Conseguenze della revoca<\/strong><\/h2>\n<p>Se Lei recede dal presente contratto, dobbiamo rimborsarLe tutti i pagamenti che abbiamo ricevuto da Lei, compresi i costi di consegna (ad eccezione dei costi aggiuntivi derivanti dal fatto che Lei ha scelto un tipo di consegna diverso dalla consegna standard pi\u00f9 economica da noi offerta), senza indugio e al pi\u00f9 tardi entro quattordici giorni dal giorno in cui abbiamo ricevuto la notifica del Suo recesso dal presente contratto. Per il rimborso, utilizzeremo lo stesso mezzo di pagamento utilizzato per la transazione originaria, a meno che non sia stato espressamente concordato diversamente con voi; in nessun caso vi sar\u00e0 addebitato un costo per il rimborso. Potremo rifiutare il rimborso finch\u00e9 non avremo ricevuto la merce o finch\u00e9 il cliente non avr\u00e0 fornito la prova di averla restituita, a seconda di quale situazione si verifichi per prima.<\/p>\n<p>Dovete restituire o consegnare la merce a FitnFemale, CH-9489 Schaan LOG senza indugio e in ogni caso non oltre quattordici giorni dal giorno in cui ci avete comunicato la risoluzione del presente contratto. Se lo desiderate, possiamo anche fornirvi un indirizzo di ritorno in Austria. Il termine \u00e8 rispettato se spedite la merce prima della scadenza del periodo di quattordici giorni.<\/p>\n<p>I costi diretti della restituzione della merce sono a carico del cliente. Il Cliente \u00e8 tenuto a pagare l'eventuale perdita di valore della merce solo se tale perdita di valore \u00e8 dovuta a una manipolazione della merce non necessaria per verificarne lo stato, le propriet\u00e0 e il funzionamento.<\/p>\n<h2><strong>- Esclusione o scadenza anticipata del diritto di recesso<\/strong><\/h2>\n<p>Il diritto di recesso non si applica ai contratti per la consegna di beni che possono deteriorarsi rapidamente o la cui data di scadenza verrebbe rapidamente superata.<\/p>\n<p>Il diritto di recesso decade anticipatamente per i contratti di consegna di beni sigillati che non si prestano a essere restituiti per motivi di tutela della salute o di igiene se il sigillo \u00e8 stato rimosso dopo la consegna.<\/p>\n\t\t<\/div>\n\t<\/div>\n\t\n\t\n\t<div id=\"gap-1713831642\" class=\"gap-element clearfix\" style=\"display:block; height:auto;\">\n\t\t\n<style>\n#gap-1713831642 {\n  padding-top: 30px;\n}\n<\/style>\n\t<\/div>\n\t\n<div class=\"row\"  id=\"row-318922456\">\n\n\t<div id=\"col-22235568\" class=\"col small-12 large-12\"  >\n\t\t\t\t<div class=\"col-inner\"  >\n\t\t\t\n\t\t\t\n<h1>B) Modello di cancellazione<\/h1>\n<p>Se si desidera annullare il contratto, si prega di compilare e restituire il presente modulo.<\/p>\n<p>A<\/p>\n<p>FitNFemale \/ Fitnessmagnet GmbH<br \/>Zeughausgasse 15 CH-6300 Zug (Svizzera)<br \/>E-mail: info@fitnfemale.com<\/p>\n<p>Io\/noi (*) revochiamo il contratto da me\/noi (*) stipulato per l'acquisto dei seguenti beni (*)\/la fornitura del seguente servizio (*)<\/p>\n<p>\u00a0<\/p>\n<p>Ordinato il (*)\u00a0<\/p>\n<p>ricevuto il (*)<\/p>\n<p>\u00a0<\/p>\n<p>Nome del\/i consumatore\/i: <\/p>\n<p>Indirizzo del\/i consumatore\/i: <\/p>\n<p>Firma del\/i consumatore\/i (solo in caso di notifica su carta)<\/p>\n<p>Data:<\/p>\n<p>(*) Cancellare la dicitura non pertinente<\/p>\n\t\t<\/div>\n\t\t\t\t\t<\/div>\n\n\t\n\n<style>\n#row-318922456 > .col > .col-inner {\n  padding: 10px 10px 10px 10px;\n  background-color: rgb(239, 239, 239);\n  border-radius: 6px;\n}\n<\/style>\n<\/div>\n<h1 id=\"rueckgaberecht\">C) Politica di restituzione di 30 giorni<\/h1>\n<p>Indipendentemente dal diritto di recesso previsto dalla legge, in qualit\u00e0 di consumatori vi concediamo volontariamente la seguente promessa di ritiro:<\/p>\n<p>Tutti gli articoli del nostro negozio possono essere restituiti entro 30 giorni dal ricevimento della merce, a condizione che la merce sia completa e in condizioni non utilizzate e non danneggiate. Se la merce \u00e8 stata consegnata in una confezione di vendita, deve essere ancora nella confezione originale. La spedizione tempestiva della merce \u00e8 sufficiente per rispettare il termine.<\/p>\n<p>La merce deve essere restituita a:<\/p>\n<p><strong>FitnFemale<br \/><\/strong><strong>CH-9489 Schaan LOG<\/strong><\/p>\n<p><em><small>*Non \u00e8 necessario specificare la via. Il pacco arriva direttamente nel nostro magazzino.<\/small><\/em><\/p>\n<p>Su richiesta, possiamo anche inviarvi un indirizzo di restituzione in Austria. Nel caso in cui vi avvaliate di questa promessa di restituzione, vi rimborseremo il prezzo d'acquisto gi\u00e0 pagato e le spese di spedizione dell'articolo. Le spese di spedizione per la restituzione non sono a nostro carico.<\/p>\n<p>Questa promessa di restituzione non limita i diritti legali dell'utente e pertanto non limita il suo diritto di recesso.<\/p>\n<div class=\"row\"  id=\"row-789155018\">\n\n\t<div id=\"col-1168482061\" class=\"col small-12 large-12\"  >\n\t\t\t\t<div class=\"col-inner\"  >\n\t\t\t\n\t\t\t\n<p><strong>Note generali<\/strong><br \/>Si noti che il rispetto delle seguenti condizioni non \u00e8 un prerequisito per l'esercizio effettivo del diritto di recesso.<br \/>- Si prega di evitare di danneggiare e contaminare la merce.<br \/>- Si prega di restituire la merce nell'imballaggio originale e non aperto con tutti gli accessori e, se possibile, non in porto assegnato.<\/p>\n\t\t<\/div>\n\t\t\t\t\t<\/div>\n\n\t\n\n<style>\n#row-789155018 > .col > .col-inner {\n  padding: 10px 10px 10px 10px;\n  background-color: rgb(239, 239, 239);\n  border-radius: 6px;\n}\n<\/style>\n<\/div>\n\t\t<\/div>\n\t\t\t\t\t<\/div>\n\n\t\n<\/div>\n\t\t<\/div>\n\n\t\t\n<style>\n#section_2129531817 {\n  padding-top: 47px;\n  padding-bottom: 47px;\n  background-color: rgb(255,255,255);\n}\n<\/style>\n\t<\/section>","protected":false},"excerpt":{"rendered":"","protected":false},"author":1,"featured_media":0,"parent":0,"menu_order":0,"comment_status":"closed","ping_status":"closed","template":"page-blank.php","meta":{"slim_seo":{"title":"Politica di cancellazione - FitNFemale\u00ae","description":"Diritto di recesso e modulo di recesso I consumatori hanno diritto di recesso in conformit\u00e0 alle seguenti disposizioni, secondo cui il consumatore \u00e8 qualsiasi persona fisica che"},"footnotes":""},"class_list":["post-726189","page","type-page","status-publish","hentry"],"_links":{"self":[{"href":"https:\/\/fitnfemale.com\/it\/wp-json\/wp\/v2\/pages\/726189","targetHints":{"allow":["GET"]}}],"collection":[{"href":"https:\/\/fitnfemale.com\/it\/wp-json\/wp\/v2\/pages"}],"about":[{"href":"https:\/\/fitnfemale.com\/it\/wp-json\/wp\/v2\/types\/page"}],"author":[{"embeddable":true,"href":"https:\/\/fitnfemale.com\/it\/wp-json\/wp\/v2\/users\/1"}],"replies":[{"embeddable":true,"href":"https:\/\/fitnfemale.com\/it\/wp-json\/wp\/v2\/comments?post=726189"}],"version-history":[{"count":0,"href":"https:\/\/fitnfemale.com\/it\/wp-json\/wp\/v2\/pages\/726189\/revisions"}],"wp:attachment":[{"href":"https:\/\/fitnfemale.com\/it\/wp-json\/wp\/v2\/media?parent=726189"}],"curies":[{"name":"parola chiave","href":"https:\/\/api.w.org\/{rel}","templated":true}]}}