{"id":970087,"date":"2026-03-26T13:26:17","date_gmt":"2026-03-26T12:26:17","guid":{"rendered":"https:\/\/fitnfemale.com\/"},"modified":"2026-04-18T13:01:23","modified_gmt":"2026-04-18T12:01:23","slug":"eat-sleep-squat-shaker","status":"publish","type":"product","link":"https:\/\/fitnfemale.com\/fr\/produit\/eat-sleep-squat-shaker\/","title":{"rendered":"Manger. Dormir. S&#039;accroupir. Shaker"},"content":{"rendered":"","protected":false},"excerpt":{"rendered":"<h2>Le shaker qui fait bien plus que simplement m\u00e9langer<\/h2>\n<h4>Manger. Dormir. Squatter. \ud83d\udc96 Ce shaker est bien plus qu&#039;un simple accessoire pratique\u00a0: il affirme votre style de vie sportif. \u00c9l\u00e9gant, fonctionnel et id\u00e9al pour votre sac de sport\u00a0!<\/h4>\n<ul>\n<li class=\"bullet-star\">\u00c9tanche et s\u00fbre \u2013 pas une goutte ne se r\u00e9pandra, m\u00eame lors des entra\u00eenements les plus intenses.<\/li>\n<li class=\"bullet-star\">Fabriqu\u00e9 en Europe \u2013 robuste, durable et \u00e9l\u00e9gant.<\/li>\n<li class=\"bullet-star\">100 % Sans BPA et apte au contact alimentaire \u2013 pour votre sant\u00e9.<\/li>\n<li class=\"bullet-star\">Compatible lave-vaisselle \u2013 pour un nettoyage facile et sans effort.<\/li>\n<\/ul>\n<p>Ce shaker est fabriqu\u00e9 dans un mat\u00e9riau durable de haute qualit\u00e9 et poss\u00e8de un bouchon \u00e0 vis s\u00e9curis\u00e9. Id\u00e9al avant ou apr\u00e8s l&#039;entra\u00eenement, ou tout simplement comme accessoire rose d\u00e9coratif au quotidien.<\/p>","protected":false},"featured_media":970284,"comment_status":"open","ping_status":"closed","template":"","meta":{"slim_seo":{"title":"Eat. Sleep. Squat. Shaker - FitNFemale\u00ae","description":"Le shaker qui fait bien plus que m\u00e9langer. Manger. Dormir. Faire des squats. \ud83d\udc96 Ce shaker est plus qu&#039;un simple accessoire pratique\u00a0: il affirme votre style de vie sportif. \u00c9l\u00e9gant"}},"product_brand":[],"product_cat":[6362,6629,283,6215],"product_tag":[],"class_list":{"0":"post-970087","1":"product","2":"type-product","3":"status-publish","4":"has-post-thumbnail","6":"product_cat-promo-50","7":"product_cat-basic","8":"product_cat-equipment","9":"product_cat-shaker-equipment","10":"pa_anwendungsbereiche-for-your-workout","11":"pa_anwendungsbereiche-workout-bottle","12":"pa_marke-fitnfemale","13":"pa_misc-bpafree","15":"first","16":"instock","17":"taxable","18":"shipping-taxable","19":"purchasable","20":"product-type-simple"},"bundled_by":[],"bundle_stock_status":"instock","bundle_stock_quantity":564,"bundle_virtual":false,"bundle_layout":"","bundle_add_to_cart_form_location":"","bundle_editable_in_cart":false,"bundle_sold_individually_context":"","bundle_item_grouping":"","bundle_min_size":"","bundle_max_size":"","bundle_price":[],"bundled_items":[],"bundle_sell_ids":[],"gallery_images":[],"_links":{"self":[{"href":"https:\/\/fitnfemale.com\/fr\/wp-json\/wp\/v2\/product\/970087","targetHints":{"allow":["GET"]}}],"collection":[{"href":"https:\/\/fitnfemale.com\/fr\/wp-json\/wp\/v2\/product"}],"about":[{"href":"https:\/\/fitnfemale.com\/fr\/wp-json\/wp\/v2\/types\/product"}],"replies":[{"embeddable":true,"href":"https:\/\/fitnfemale.com\/fr\/wp-json\/wp\/v2\/comments?post=970087"}],"wp:featuredmedia":[{"embeddable":true,"href":"https:\/\/fitnfemale.com\/fr\/wp-json\/wp\/v2\/media\/970284"}],"wp:attachment":[{"href":"https:\/\/fitnfemale.com\/fr\/wp-json\/wp\/v2\/media?parent=970087"}],"wp:term":[{"taxonomy":"product_brand","embeddable":true,"href":"https:\/\/fitnfemale.com\/fr\/wp-json\/wp\/v2\/product_brand?post=970087"},{"taxonomy":"product_cat","embeddable":true,"href":"https:\/\/fitnfemale.com\/fr\/wp-json\/wp\/v2\/product_cat?post=970087"},{"taxonomy":"product_tag","embeddable":true,"href":"https:\/\/fitnfemale.com\/fr\/wp-json\/wp\/v2\/product_tag?post=970087"}],"curies":[{"name":"wp","href":"https:\/\/api.w.org\/{rel}","templated":true}]}}