{"id":961216,"date":"2026-01-29T10:23:20","date_gmt":"2026-01-29T09:23:20","guid":{"rendered":"https:\/\/fitnfemale.com\/?post_type=product&#038;p=961216"},"modified":"2026-04-20T18:13:21","modified_gmt":"2026-04-20T17:13:21","slug":"aura-supermix-matcha","status":"publish","type":"product","link":"https:\/\/fitnfemale.com\/fr\/produit\/aura-supermix-matcha\/","title":{"rendered":"Aura Supermix"},"content":{"rendered":"<div class=\"img has-hover img-details x md-x lg-x y md-y lg-y\" id=\"image_1088120949\">\n\t\t\t\t\t\t\t\t<div class=\"img-inner dark\" >\n\t\t\t<img decoding=\"async\" width=\"1020\" height=\"569\" src=\"https:\/\/fitnfemale.com\/wp-content\/uploads\/aura-closeup-26.webp\" class=\"attachment-large size-large\" alt=\"Gros plan de l&#039;aura\" srcset=\"https:\/\/fitnfemale.com\/wp-content\/uploads\/aura-closeup-26.webp 1376w, https:\/\/fitnfemale.com\/wp-content\/uploads\/aura-closeup-26-717x400.webp 717w, https:\/\/fitnfemale.com\/wp-content\/uploads\/aura-closeup-26-768x429.webp 768w, https:\/\/fitnfemale.com\/wp-content\/uploads\/aura-closeup-26-18x10.webp 18w, https:\/\/fitnfemale.com\/wp-content\/uploads\/aura-closeup-26-1000x558.webp 1000w\" sizes=\"(max-width: 1020px) 100vw, 1020px\" \/>\t\t\t\t\t\t\n\t\t\t\t\t<\/div>\n\t\t\t\t\t\t\t\t\n<style>\n#image_1088120949 {\n  width: 100%;\n}\n<\/style>\n\t<\/div>\n\t\n<p><strong>Le pouvoir du matcha \u2013 une interpr\u00e9tation moderne<\/strong><\/p>\n<ul>\n<li class=\"bullet-star\">Id\u00e9al le matin \u2013 pour un esprit clair et un nouveau d\u00e9part pour la journ\u00e9e.<\/li>\n<li class=\"bullet-star\">Matcha et L-th\u00e9anine \u2013 traditionnellement appr\u00e9ci\u00e9s pour leurs bienfaits sur la concentration et la paix int\u00e9rieure.<\/li>\n<li class=\"bullet-star\">Acide hyaluronique (50 mg) et collag\u00e8ne de type I (500 mg) \u2013 pr\u00e9cieux \u00e9l\u00e9ments constitutifs de la structure<\/li>\n<li class=\"bullet-star\">La saveur fra\u00eeche du gingembre et du citron s&#039;allie \u00e0 un matcha de haute qualit\u00e9, \u00e0 la vitamine C et au zinc.<\/li>\n<li class=\"bullet-star\">Sans sucre ajout\u00e9 \u2013 se dissout facilement, go\u00fbt agr\u00e9able<\/li>\n<li class=\"bullet-star\">La vitamine C contribue \u00e0 la formation normale du collag\u00e8ne.<\/li>\n<li class=\"bullet-star\">Zinc \u2013 contribue \u00e0 la sant\u00e9 de la peau, des cheveux, des ongles et du syst\u00e8me immunitaire<\/li>\n<\/ul>\n<div class=\"accordion\">\n<p class=\"translation-block\"><strong>Riche en ingr\u00e9dients pr\u00e9cieux:<\/strong> Seulement le meilleur pour votre corps.<\/p>\n\t<div id=\"accordion-3719517500\" class=\"accordion-item\">\n\t\t<a id=\"accordion-3719517500-label\" class=\"accordion-title plain\" href=\"#accordion-item-inhaltsstoffe\" aria-expanded=\"false\" aria-controls=\"accordion-3719517500-content\">\n\t\t\t<button class=\"toggle\" aria-label=\"Basculer\"><i class=\"icon-angle-down\" aria-hidden=\"true\"><\/i><\/button>\n\t\t\t<span>Ingr\u00e9dients<\/span>\n\t\t<\/a>\n\t\t<div id=\"accordion-3719517500-content\" class=\"accordion-inner\" aria-labelledby=\"accordion-3719517500-label\">\n\t\t\t\n<table class=\"ffnf-clean-table\">\n<thead>\n<tr>\n<th>Ingr\u00e9dients<\/th>\n<th>Portion (10 g)<\/th>\n<th>% NRV*<\/th>\n<\/tr>\n<\/thead>\n<tbody>\n<tr>\n<td>Collag\u00e8ne (type I)<\/td>\n<td>500 mg<\/td>\n<td>**<\/td>\n<\/tr>\n<tr>\n<td>Poudre de matcha<\/td>\n<td>100 mg<\/td>\n<td>**<\/td>\n<\/tr>\n<tr>\n<td>L-th\u00e9anine<\/td>\n<td>100 mg<\/td>\n<td>**<\/td>\n<\/tr>\n<tr>\n<td>Vitamine C<\/td>\n<td>80 mg<\/td>\n<td>100 %<\/td>\n<\/tr>\n<tr>\n<td>acide hyaluronique<\/td>\n<td>50 mg<\/td>\n<td>**<\/td>\n<\/tr>\n<tr>\n<td>zinc<\/td>\n<td>5 mg<\/td>\n<td>100 %<\/td>\n<\/tr>\n<\/tbody>\n<\/table>\n\t\t<\/div>\n\t<\/div>\n\t\n\t<div id=\"accordion-1498327283\" class=\"accordion-item\">\n\t\t<a id=\"accordion-1498327283-label\" class=\"accordion-title plain\" href=\"#accordion-item-n\u00e4hrwerte\" aria-expanded=\"false\" aria-controls=\"accordion-1498327283-content\">\n\t\t\t<button class=\"toggle\" aria-label=\"Basculer\"><i class=\"icon-angle-down\" aria-hidden=\"true\"><\/i><\/button>\n\t\t\t<span>Valeurs nutritives<\/span>\n\t\t<\/a>\n\t\t<div id=\"accordion-1498327283-content\" class=\"accordion-inner\" aria-labelledby=\"accordion-1498327283-label\">\n\t\t\t\n<table class=\"ffnf-clean-table\">\n<thead>\n<tr>\n<th>Valeurs nutritives<\/th>\n<th>100 g<\/th>\n<th>Portion (10 g)<\/th>\n<\/tr>\n<\/thead>\n<tbody>\n<tr>\n<td>\u00c9nergie<\/td>\n<td>1482 kJ \/ 354 kcal<\/td>\n<td>148 kJ \/ 35 kcal<\/td>\n<\/tr>\n<tr>\n<td>Graisse<br \/>\n- dont acides gras satur\u00e9s<\/td>\n<td>&lt; 1 g<br \/>\n&lt; 0,3 g<\/td>\n<td>&lt; 0,1 g<br \/>\n&lt; 0,03 g<\/td>\n<\/tr>\n<tr>\n<td>Glucides<br \/>\n- dont sucre<\/td>\n<td>30 g<br \/>\n&lt; 1,0 g<\/td>\n<td>3,0 g<br \/>\n&lt; 0,1 g<\/td>\n<\/tr>\n<tr>\n<td>Fibres alimentaires<\/td>\n<td>&lt; 2,0 g<\/td>\n<td>&lt; 0,2 g<\/td>\n<\/tr>\n<tr>\n<td>Prot\u00e9ines<\/td>\n<td>50 g<\/td>\n<td>5,0 g<\/td>\n<\/tr>\n<tr>\n<td>Sel<\/td>\n<td>0,5 g<\/td>\n<td>0,05 g<\/td>\n<\/tr>\n<\/tbody>\n<\/table>\n\t\t<\/div>\n\t<\/div>\n\t\n\t<div id=\"accordion-2400064794\" class=\"accordion-item\">\n\t\t<a id=\"accordion-2400064794-label\" class=\"accordion-title plain\" href=\"#accordion-item-tradition-trifft-innovation\" aria-expanded=\"false\" aria-controls=\"accordion-2400064794-content\">\n\t\t\t<button class=\"toggle\" aria-label=\"Basculer\"><i class=\"icon-angle-down\" aria-hidden=\"true\"><\/i><\/button>\n\t\t\t<span>La tradition rencontre l&#039;innovation<\/span>\n\t\t<\/a>\n\t\t<div id=\"accordion-2400064794-content\" class=\"accordion-inner\" aria-labelledby=\"accordion-2400064794-label\">\n\t\t\t\n<p>Le matcha est un th\u00e9 vert finement moulu, pris\u00e9 au Japon depuis des si\u00e8cles pour sa combinaison de caf\u00e9ine douce et de L-th\u00e9anine. Cette composition unique est traditionnellement associ\u00e9e \u00e0 la clart\u00e9 d&#039;esprit et \u00e0 la paix int\u00e9rieure. AURA SUPERMIX associe un matcha de haute qualit\u00e9 \u00e0 des nutriments fonctionnels\u00a0: collag\u00e8ne, acide hyaluronique, vitamine C, zinc et L-th\u00e9anine se compl\u00e8tent pour cr\u00e9er un m\u00e9lange moderne et complet, id\u00e9al pour votre bien-\u00eatre quotidien.<\/p>\n\t\t<\/div>\n\t<\/div>\n\t\n<\/div>","protected":false},"excerpt":{"rendered":"<h2>Le matcha peut faire beaucoup. AURA peut faire encore plus.<\/h2>\n<h4>Un supermix de matcha \u00e0 m\u00e9langer \u2013 avec <strong>Hyaluron<\/strong>, <strong>collag\u00e8ne<\/strong>, <strong>Vitamine C<\/strong>, <strong>zinc<\/strong> &amp; <strong>L-th\u00e9anine<\/strong> Un m\u00e9lange subtilement \u00e9quilibr\u00e9. Citron et gingembre, frais et agr\u00e9able \u2013 une boisson qu&#039;on ne se contente pas de boire, mais qu&#039;on savoure.<\/h4>","protected":false},"featured_media":961226,"comment_status":"open","ping_status":"closed","template":"","meta":{"slim_seo":{"title":"Aura Supermix - FitNFemale\u00ae","description":"Le matcha a de nombreux bienfaits. AURA en a encore plus. Un super-m\u00e9lange de matcha \u00e0 pr\u00e9parer soi-m\u00eame \u2013 enrichi en acide hyaluronique, collag\u00e8ne, vitamine C, zinc et L-th\u00e9anine dans un m\u00e9lange parfaitement \u00e9quilibr\u00e9."}},"product_brand":[],"product_cat":[401],"product_tag":[],"class_list":{"0":"post-961216","1":"product","2":"type-product","3":"status-publish","4":"has-post-thumbnail","6":"product_cat-health","7":"pa_marke-fitnfemale","8":"pa_misc-glutenfree","9":"pa_misc-lactosefree","10":"pa_misc-vegetarian","11":"pa_nutritionfactinfo-nofat","12":"pa_nutritionfactinfo-nocarbs","13":"pa_nutritionfactinfo-lactosefree","14":"pa_nutritionfactinfo-lowcalories","15":"pa_nutritionfactinfo-lowfat","16":"pa_nutritionfactinfo-lowsugar","17":"pa_schwangerschaft-geeignet","18":"pa_stillzeit-geeignet","19":"pa_vegan-ja","21":"first","22":"instock","23":"featured","24":"taxable","25":"shipping-taxable","26":"purchasable","27":"product-type-variable","28":"has-default-attributes"},"bundled_by":[],"bundle_stock_status":"instock","bundle_stock_quantity":null,"bundle_virtual":false,"bundle_layout":"","bundle_add_to_cart_form_location":"","bundle_editable_in_cart":false,"bundle_sold_individually_context":"","bundle_item_grouping":"","bundle_min_size":"","bundle_max_size":"","bundle_price":[],"bundled_items":[],"bundle_sell_ids":[],"gallery_images":[961229,962327,961227,961232,961228,961230],"_links":{"self":[{"href":"https:\/\/fitnfemale.com\/fr\/wp-json\/wp\/v2\/product\/961216","targetHints":{"allow":["GET"]}}],"collection":[{"href":"https:\/\/fitnfemale.com\/fr\/wp-json\/wp\/v2\/product"}],"about":[{"href":"https:\/\/fitnfemale.com\/fr\/wp-json\/wp\/v2\/types\/product"}],"replies":[{"embeddable":true,"href":"https:\/\/fitnfemale.com\/fr\/wp-json\/wp\/v2\/comments?post=961216"}],"wp:featuredmedia":[{"embeddable":true,"href":"https:\/\/fitnfemale.com\/fr\/wp-json\/wp\/v2\/media\/961226"}],"wp:attachment":[{"href":"https:\/\/fitnfemale.com\/fr\/wp-json\/wp\/v2\/media?parent=961216"}],"wp:term":[{"taxonomy":"product_brand","embeddable":true,"href":"https:\/\/fitnfemale.com\/fr\/wp-json\/wp\/v2\/product_brand?post=961216"},{"taxonomy":"product_cat","embeddable":true,"href":"https:\/\/fitnfemale.com\/fr\/wp-json\/wp\/v2\/product_cat?post=961216"},{"taxonomy":"product_tag","embeddable":true,"href":"https:\/\/fitnfemale.com\/fr\/wp-json\/wp\/v2\/product_tag?post=961216"}],"curies":[{"name":"wp","href":"https:\/\/api.w.org\/{rel}","templated":true}]}}