{"id":957225,"date":"2026-01-09T07:21:09","date_gmt":"2026-01-09T06:21:09","guid":{"rendered":"https:\/\/fitnfemale.com\/?post_type=product&#038;p=957225"},"modified":"2026-01-09T07:42:32","modified_gmt":"2026-01-09T06:42:32","slug":"evening-burn-balance-set","status":"publish","type":"product","link":"https:\/\/fitnfemale.com\/fr\/produit\/evening-burn-balance-set\/","title":{"rendered":"Evening Burn &amp; Balance Set"},"content":{"rendered":"<div class=\"img has-hover img-details x md-x lg-x y md-y lg-y\" id=\"image_152745335\">\n\t\t\t\t\t\t\t\t<div class=\"img-inner dark\" >\n\t\t\t<img decoding=\"async\" width=\"1020\" height=\"569\" src=\"https:\/\/fitnfemale.com\/wp-content\/uploads\/EveningBurnBalanceSet-04.webp\" class=\"attachment-large size-large\" alt=\"Ensemble d&#039;\u00e9quilibre de combustion du soir\" srcset=\"https:\/\/fitnfemale.com\/wp-content\/uploads\/EveningBurnBalanceSet-04.webp 1376w, https:\/\/fitnfemale.com\/wp-content\/uploads\/EveningBurnBalanceSet-04-717x400.webp 717w, https:\/\/fitnfemale.com\/wp-content\/uploads\/EveningBurnBalanceSet-04-768x429.webp 768w, https:\/\/fitnfemale.com\/wp-content\/uploads\/EveningBurnBalanceSet-04-18x10.webp 18w, https:\/\/fitnfemale.com\/wp-content\/uploads\/EveningBurnBalanceSet-04-1000x558.webp 1000w\" sizes=\"(max-width: 1020px) 100vw, 1020px\" \/>\t\t\t\t\t\t\n\t\t\t\t\t<\/div>\n\t\t\t\t\t\t\t\t\n<style>\n#image_152745335 {\n  width: 100%;\n}\n<\/style>\n\t<\/div>\n\t\n<ul>\n<li class=\"bullet-arrow\"><strong><i class=\"fas fa-moon\" style=\"margin-right: 6px;\"><\/i>Pink Burn Night Edition (3 en 1) \u2013 Br\u00fbleur de graisse sans caf\u00e9ine\u00a0:<\/strong> Id\u00e9al pour les s\u00e9ances d&#039;entra\u00eenement en soir\u00e9e ou si vous souhaitez rester alerte le soir\u00a0: br\u00fbleur de graisse + stimulant d&#039;entra\u00eenement + coupe-faim, tout en un.<\/li>\n<li class=\"bullet-arrow\"><strong><i class=\"fas fa-bolt\" style=\"margin-right: 6px;\"><\/i>Magn\u00e9sium \u2013 relaxation des nerfs et des muscles\u00a0:<\/strong> Favorise le fonctionnement normal des muscles et du syst\u00e8me nerveux \u2013 id\u00e9al pour se d\u00e9tendre en soir\u00e9e et comme soutien pendant les p\u00e9riodes de stress.<\/li>\n<li class=\"bullet-arrow\"><strong><i class=\"fas fa-heart\" style=\"margin-right: 6px;\"><\/i>Om\u00e9ga 3 \u2013 Une base de bien-\u00eatre int\u00e9rieure :<\/strong> Un compl\u00e9ment premium id\u00e9al \u00e0 int\u00e9grer \u00e0 votre routine quotidienne. Un pilier essentiel que beaucoup de femmes sous-estiment, surtout si vous recherchez stabilit\u00e9 et \u00e9quilibre.<\/li>\n<\/ul>\n\t<div class=\"img has-hover x md-x lg-x y md-y lg-y\" id=\"image_1808788651\">\n\t\t\t\t\t\t\t\t<div class=\"img-inner dark\" >\n\t\t\t<img decoding=\"async\" width=\"1020\" height=\"569\" src=\"https:\/\/fitnfemale.com\/wp-content\/uploads\/EveningBurnBalanceSet-17.webp\" class=\"attachment-large size-large\" alt=\"Ensemble d&#039;\u00e9quilibre de combustion du soir\" srcset=\"https:\/\/fitnfemale.com\/wp-content\/uploads\/EveningBurnBalanceSet-17.webp 1376w, https:\/\/fitnfemale.com\/wp-content\/uploads\/EveningBurnBalanceSet-17-717x400.webp 717w, https:\/\/fitnfemale.com\/wp-content\/uploads\/EveningBurnBalanceSet-17-768x429.webp 768w, https:\/\/fitnfemale.com\/wp-content\/uploads\/EveningBurnBalanceSet-17-18x10.webp 18w, https:\/\/fitnfemale.com\/wp-content\/uploads\/EveningBurnBalanceSet-17-1000x558.webp 1000w\" sizes=\"(max-width: 1020px) 100vw, 1020px\" \/>\t\t\t\t\t\t\n\t\t\t\t\t<\/div>\n\t\t\t\t\t\t\t\t\n<style>\n#image_1808788651 {\n  width: 100%;\n}\n<\/style>\n\t<\/div>\n\t\n\n\t<section class=\"section dark\" id=\"section_1822546465\">\n\t\t<div class=\"section-bg fill\" >\n\t\t\t\t\t\t\t\t\t\n\t\t\t\n\n\t\t<\/div>\n\n\t\t\n\n\t\t<div class=\"section-content relative\">\n\t\t\t\n<p><i class=\"fas fa-info-circle\" style=\"color: #fff;\"><\/i> <strong>Comment utiliser le kit<\/strong><br \/>\nPink Burn Night Edition en soir\u00e9e (id\u00e9al avant les repas ou les s\u00e9ances d&#039;entra\u00eenement tardives, sans caf\u00e9ine\u00a0: br\u00fbleur de graisse + stimulant d&#039;entra\u00eenement + coupe-faim) \u2022 Om\u00e9ga 3 quotidiennement avec un repas \u2022 Magn\u00e9sium le soir pour se d\u00e9tendre \u2013 toujours avec beaucoup d&#039;eau.<\/p>\n\t\t<\/div>\n\n\t\t\n<style>\n#section_1822546465 {\n  padding-top: 30px;\n  padding-bottom: 30px;\n  background-color: rgb(40, 40, 40);\n}\n<\/style>\n\t<\/section>","protected":false},"excerpt":{"rendered":"<h2>Coffret D\u00e9tente et \u00c9quilibre du Soir \u2013 Restez plus l\u00e9ger le soir. Dormez plus paisiblement.<\/h2>\n<h4>Trois essentiels parfaitement combin\u00e9s pour votre routine du soir\u00a0: Pink Burn Night Edition (sans caf\u00e9ine) pour un contr\u00f4le optimal en soir\u00e9e ou lors d\u2019entra\u00eenements tardifs, du magn\u00e9sium pour se d\u00e9tendre et des om\u00e9ga 3 comme base quotidienne de bien-\u00eatre int\u00e9rieur.<\/h4>","protected":false},"featured_media":957226,"comment_status":"closed","ping_status":"closed","template":"","meta":{"slim_seo":{"title":"Coffret Soir\u00e9e Br\u00fblures &amp; \u00c9quilibre - FitNFemale\u00ae","description":"Coffret D\u00e9tente et \u00c9quilibre du Soir \u2013 Restez l\u00e9ger(\u00e8re) le soir. Dormez plus paisiblement. Trois essentiels parfaitement combin\u00e9s pour votre routine du soir\u00a0: Pink Burn Night Edition (sans"}},"product_brand":[],"product_cat":[317,401,6290],"product_tag":[],"class_list":{"0":"post-957225","1":"product","2":"type-product","3":"status-publish","4":"has-post-thumbnail","6":"product_cat-abnehmen","7":"product_cat-health","8":"product_cat-set","10":"first","11":"instock","12":"sale","13":"virtual","14":"taxable","15":"purchasable","16":"product-type-bundle"},"bundled_by":[],"bundle_stock_status":"instock","bundle_stock_quantity":91,"bundle_virtual":false,"bundle_layout":"default","bundle_add_to_cart_form_location":"after_summary","bundle_editable_in_cart":false,"bundle_sold_individually_context":"product","bundle_item_grouping":"parent","bundle_min_size":"","bundle_max_size":"","bundle_price":{"price":{"min":{"incl_tax":"59.95","excl_tax":"58.430799"},"max":{"incl_tax":"59.95","excl_tax":"58.430799"}},"regular_price":{"min":{"incl_tax":"71.7","excl_tax":"69.883041"},"max":{"incl_tax":"71.7","excl_tax":"69.883041"}}},"bundled_items":[{"bundled_item_id":667,"product_id":729065,"menu_order":0,"quantity_min":1,"quantity_max":1,"quantity_default":1,"priced_individually":false,"shipped_individually":false,"override_title":false,"title":"Pink Burn (3 en 1) Night Edition","override_description":true,"description":"Br\u00fbler le soir, sans caf\u00e9ine.","optional":false,"hide_thumbnail":false,"discount":"","override_variations":false,"allowed_variations":[],"override_default_variation_attributes":false,"default_variation_attributes":[],"single_product_visibility":"visible","cart_visibility":"visible","order_visibility":"visible","single_product_price_visibility":"visible","cart_price_visibility":"visible","order_price_visibility":"visible","stock_status":"in_stock"},{"bundled_item_id":665,"product_id":231225,"menu_order":1,"quantity_min":1,"quantity_max":1,"quantity_default":1,"priced_individually":false,"shipped_individually":false,"override_title":false,"title":"Citrate de magn\u00e9sium","override_description":true,"description":"D\u00e9tente des muscles et des nerfs \u2013 id\u00e9al en soir\u00e9e.","optional":false,"hide_thumbnail":false,"discount":"","override_variations":false,"allowed_variations":[],"override_default_variation_attributes":false,"default_variation_attributes":[],"single_product_visibility":"visible","cart_visibility":"visible","order_visibility":"visible","single_product_price_visibility":"visible","cart_price_visibility":"visible","order_price_visibility":"visible","stock_status":"in_stock"},{"bundled_item_id":668,"product_id":4994,"menu_order":2,"quantity_min":1,"quantity_max":1,"quantity_default":1,"priced_individually":false,"shipped_individually":false,"override_title":false,"title":"Om\u00e9ga 3","override_description":true,"description":"Un bien-\u00eatre int\u00e9rieur fondamental, jour apr\u00e8s jour.","optional":false,"hide_thumbnail":false,"discount":"","override_variations":false,"allowed_variations":[],"override_default_variation_attributes":false,"default_variation_attributes":[],"single_product_visibility":"visible","cart_visibility":"visible","order_visibility":"visible","single_product_price_visibility":"visible","cart_price_visibility":"visible","order_price_visibility":"visible","stock_status":"in_stock"}],"bundle_sell_ids":[],"gallery_images":[957228,957229,957230,957231,957232,957233],"_links":{"self":[{"href":"https:\/\/fitnfemale.com\/fr\/wp-json\/wp\/v2\/product\/957225","targetHints":{"allow":["GET"]}}],"collection":[{"href":"https:\/\/fitnfemale.com\/fr\/wp-json\/wp\/v2\/product"}],"about":[{"href":"https:\/\/fitnfemale.com\/fr\/wp-json\/wp\/v2\/types\/product"}],"replies":[{"embeddable":true,"href":"https:\/\/fitnfemale.com\/fr\/wp-json\/wp\/v2\/comments?post=957225"}],"wp:featuredmedia":[{"embeddable":true,"href":"https:\/\/fitnfemale.com\/fr\/wp-json\/wp\/v2\/media\/957226"}],"wp:attachment":[{"href":"https:\/\/fitnfemale.com\/fr\/wp-json\/wp\/v2\/media?parent=957225"}],"wp:term":[{"taxonomy":"product_brand","embeddable":true,"href":"https:\/\/fitnfemale.com\/fr\/wp-json\/wp\/v2\/product_brand?post=957225"},{"taxonomy":"product_cat","embeddable":true,"href":"https:\/\/fitnfemale.com\/fr\/wp-json\/wp\/v2\/product_cat?post=957225"},{"taxonomy":"product_tag","embeddable":true,"href":"https:\/\/fitnfemale.com\/fr\/wp-json\/wp\/v2\/product_tag?post=957225"}],"curies":[{"name":"wp","href":"https:\/\/api.w.org\/{rel}","templated":true}]}}