{"id":956646,"date":"2026-01-06T07:55:13","date_gmt":"2026-01-06T06:55:13","guid":{"rendered":"https:\/\/fitnfemale.com\/?post_type=product&#038;p=956646"},"modified":"2026-01-06T10:55:23","modified_gmt":"2026-01-06T09:55:23","slug":"gut-reset-balance-set","status":"publish","type":"product","link":"https:\/\/fitnfemale.com\/fr\/produit\/gut-reset-balance-set\/","title":{"rendered":"Gut Reset &amp; Balance Set"},"content":{"rendered":"<div class=\"img has-hover img-details x md-x lg-x y md-y lg-y\" id=\"image_1485637019\">\n\t\t\t\t\t\t\t\t<div class=\"img-inner dark\" >\n\t\t\t<img decoding=\"async\" width=\"1020\" height=\"569\" src=\"https:\/\/fitnfemale.com\/wp-content\/uploads\/gut-reset-balance-set-closeup12.webp\" class=\"attachment-large size-large\" alt=\"Gros plan de l&#039;\u00e9quilibre r\u00e9initialis\u00e9 12\" srcset=\"https:\/\/fitnfemale.com\/wp-content\/uploads\/gut-reset-balance-set-closeup12.webp 1376w, https:\/\/fitnfemale.com\/wp-content\/uploads\/gut-reset-balance-set-closeup12-717x400.webp 717w, https:\/\/fitnfemale.com\/wp-content\/uploads\/gut-reset-balance-set-closeup12-768x429.webp 768w, https:\/\/fitnfemale.com\/wp-content\/uploads\/gut-reset-balance-set-closeup12-18x10.webp 18w, https:\/\/fitnfemale.com\/wp-content\/uploads\/gut-reset-balance-set-closeup12-1000x558.webp 1000w\" sizes=\"(max-width: 1020px) 100vw, 1020px\" \/>\t\t\t\t\t\t\n\t\t\t\t\t<\/div>\n\t\t\t\t\t\t\t\t\n<style>\n#image_1485637019 {\n  width: 100%;\n}\n<\/style>\n\t<\/div>\n\t\n<ul>\n<li class=\"bullet-arrow\"><strong><i class=\"fas fa-star\" style=\"margin-right: 6px;\"><\/i>Biotics Supermix \u2013 Quotidien pour l&#039;estomac :<\/strong> L&#039;\u00e9l\u00e9ment central de cet ensemble\u00a0: une s\u00e9lection de cultures et de nutriments pour votre routine quotidienne \u2013 pour une sensation de l\u00e9g\u00e8ret\u00e9 dans l&#039;estomac et un bien-\u00eatre int\u00e9rieur accru.<\/li>\n<li class=\"bullet-arrow\"><strong><i class=\"fas fa-bolt\" style=\"margin-right: 6px;\"><\/i>Magn\u00e9sium \u2013 relaxation des nerfs et des muscles\u00a0:<\/strong> Favorise le fonctionnement normal des muscles et du syst\u00e8me nerveux \u2013 id\u00e9al pour se d\u00e9tendre en soir\u00e9e et comme soutien pendant les p\u00e9riodes de stress.<\/li>\n<li class=\"bullet-arrow\"><strong><i class=\"fas fa-bolt\" style=\"margin-right: 6px;\"><\/i>24 vitamines et min\u00e9raux \u2013 Votre base pour chaque jour\u00a0:<\/strong> Il comble les carences habituelles et compl\u00e8te votre routine de mani\u00e8re significative \u2013 surtout lorsque la vie quotidienne et la nutrition ne sont pas toujours id\u00e9ales.<\/li>\n<\/ul>\n\n\t<section class=\"section dark\" id=\"section_347986895\">\n\t\t<div class=\"section-bg fill\" >\n\t\t\t\t\t\t\t\t\t\n\t\t\t\n\n\t\t<\/div>\n\n\t\t\n\n\t\t<div class=\"section-content relative\">\n\t\t\t\n<p><i class=\"fas fa-info-circle\" style=\"color: #fff;\"><\/i> <strong>Comment utiliser le kit<\/strong><br \/>\nBiotics Supermix le matin \u2022 24 vitamines et min\u00e9raux avec un repas \u2022 Magn\u00e9sium le soir pour se d\u00e9tendre (avec de l&#039;eau).<\/p>\n\t\t<\/div>\n\n\t\t\n<style>\n#section_347986895 {\n  padding-top: 30px;\n  padding-bottom: 30px;\n  background-color: rgb(40, 40, 40);\n}\n<\/style>\n\t<\/section>","protected":false},"excerpt":{"rendered":"<h2>Kit R\u00e9\u00e9quilibrage Intestinal \u2013 Sensation de l\u00e9g\u00e8ret\u00e9 \u00e0 l&#039;estomac. Moins de ballonnements. \u00c9quilibre int\u00e9rieur.<\/h2>\n<h4>Trois essentiels parfaitement combin\u00e9s pour votre bien-\u00eatre quotidien\u00a0: Biotics Supermix + Magn\u00e9sium + 24 vitamines et min\u00e9raux \u2013 pour une sensation de l\u00e9g\u00e8ret\u00e9 dans l\u2019estomac, un meilleur \u00e9quilibre int\u00e9rieur et un apport qui fonctionne m\u00eame les jours stressants.<\/h4>","protected":false},"featured_media":956764,"comment_status":"closed","ping_status":"closed","template":"","meta":{"slim_seo":{"title":"Kit de r\u00e9initialisation et d&#039;\u00e9quilibre intestinal - FitNFemale\u00ae","description":"Coffret R\u00e9\u00e9quilibrage Intestinal \u2013 Sensation de l\u00e9g\u00e8ret\u00e9. Moins de ballonnements. \u00c9quilibre int\u00e9rieur. Trois essentiels parfaitement combin\u00e9s pour votre bien-\u00eatre quotidien."}},"product_brand":[],"product_cat":[6629,401,2627,6290],"product_tag":[],"class_list":{"0":"post-956646","1":"product","2":"type-product","3":"status-publish","4":"has-post-thumbnail","6":"product_cat-basic","7":"product_cat-health","8":"product_cat-sale","9":"product_cat-set","11":"first","12":"instock","13":"sale","14":"virtual","15":"taxable","16":"purchasable","17":"product-type-bundle"},"bundled_by":[],"bundle_stock_status":"instock","bundle_stock_quantity":15,"bundle_virtual":false,"bundle_layout":"default","bundle_add_to_cart_form_location":"after_summary","bundle_editable_in_cart":false,"bundle_sold_individually_context":"product","bundle_item_grouping":"parent","bundle_min_size":"","bundle_max_size":"","bundle_price":{"price":{"min":{"incl_tax":"58.95","excl_tax":"57.45614"},"max":{"incl_tax":"58.95","excl_tax":"57.45614"}},"regular_price":{"min":{"incl_tax":"78.8","excl_tax":"76.803119"},"max":{"incl_tax":"78.8","excl_tax":"76.803119"}}},"bundled_items":[{"bundled_item_id":662,"product_id":540344,"menu_order":0,"quantity_min":1,"quantity_max":1,"quantity_default":1,"priced_individually":false,"shipped_individually":false,"override_title":true,"title":"","override_description":true,"description":"Votre routine quotidienne pour une sensation de l\u00e9g\u00e8ret\u00e9 au niveau de l&#039;estomac et un \u00e9quilibre int\u00e9rieur.","optional":false,"hide_thumbnail":false,"discount":"","override_variations":false,"allowed_variations":[],"override_default_variation_attributes":false,"default_variation_attributes":[],"single_product_visibility":"visible","cart_visibility":"visible","order_visibility":"visible","single_product_price_visibility":"visible","cart_price_visibility":"visible","order_price_visibility":"visible","stock_status":"in_stock"},{"bundled_item_id":661,"product_id":231225,"menu_order":1,"quantity_min":1,"quantity_max":1,"quantity_default":1,"priced_individually":false,"shipped_individually":false,"override_title":false,"title":"Citrate de magn\u00e9sium","override_description":true,"description":"D\u00e9tente du corps et de l&#039;esprit \u2013 id\u00e9al en soir\u00e9e.","optional":false,"hide_thumbnail":false,"discount":"","override_variations":false,"allowed_variations":[],"override_default_variation_attributes":false,"default_variation_attributes":[],"single_product_visibility":"visible","cart_visibility":"visible","order_visibility":"visible","single_product_price_visibility":"visible","cart_price_visibility":"visible","order_price_visibility":"visible","stock_status":"in_stock"},{"bundled_item_id":663,"product_id":5008,"menu_order":2,"quantity_min":1,"quantity_max":1,"quantity_default":1,"priced_individually":false,"shipped_individually":false,"override_title":false,"title":"24 Vitamines et min\u00e9raux","override_description":true,"description":"Votre base compl\u00e8te lorsque la nutrition n&#039;est pas parfaite.","optional":false,"hide_thumbnail":false,"discount":"","override_variations":false,"allowed_variations":[],"override_default_variation_attributes":false,"default_variation_attributes":[],"single_product_visibility":"visible","cart_visibility":"visible","order_visibility":"visible","single_product_price_visibility":"visible","cart_price_visibility":"visible","order_price_visibility":"visible","stock_status":"in_stock"}],"bundle_sell_ids":[],"gallery_images":[956653,956648,956650,956652,956649,956651],"_links":{"self":[{"href":"https:\/\/fitnfemale.com\/fr\/wp-json\/wp\/v2\/product\/956646","targetHints":{"allow":["GET"]}}],"collection":[{"href":"https:\/\/fitnfemale.com\/fr\/wp-json\/wp\/v2\/product"}],"about":[{"href":"https:\/\/fitnfemale.com\/fr\/wp-json\/wp\/v2\/types\/product"}],"replies":[{"embeddable":true,"href":"https:\/\/fitnfemale.com\/fr\/wp-json\/wp\/v2\/comments?post=956646"}],"wp:featuredmedia":[{"embeddable":true,"href":"https:\/\/fitnfemale.com\/fr\/wp-json\/wp\/v2\/media\/956764"}],"wp:attachment":[{"href":"https:\/\/fitnfemale.com\/fr\/wp-json\/wp\/v2\/media?parent=956646"}],"wp:term":[{"taxonomy":"product_brand","embeddable":true,"href":"https:\/\/fitnfemale.com\/fr\/wp-json\/wp\/v2\/product_brand?post=956646"},{"taxonomy":"product_cat","embeddable":true,"href":"https:\/\/fitnfemale.com\/fr\/wp-json\/wp\/v2\/product_cat?post=956646"},{"taxonomy":"product_tag","embeddable":true,"href":"https:\/\/fitnfemale.com\/fr\/wp-json\/wp\/v2\/product_tag?post=956646"}],"curies":[{"name":"wp","href":"https:\/\/api.w.org\/{rel}","templated":true}]}}