{"id":956599,"date":"2026-01-05T17:09:31","date_gmt":"2026-01-05T16:09:31","guid":{"rendered":"https:\/\/fitnfemale.com\/?post_type=product&#038;p=956599"},"modified":"2026-01-06T10:56:25","modified_gmt":"2026-01-06T09:56:25","slug":"cycle-calm-set","status":"publish","type":"product","link":"https:\/\/fitnfemale.com\/fr\/produit\/cycle-calm-set\/","title":{"rendered":"Cycle Calm Set"},"content":{"rendered":"<div class=\"img has-hover img-details x md-x lg-x y md-y lg-y\" id=\"image_720763720\">\n\t\t\t\t\t\t\t\t<div class=\"img-inner dark\" >\n\t\t\t<img decoding=\"async\" width=\"1020\" height=\"569\" src=\"https:\/\/fitnfemale.com\/wp-content\/uploads\/Cycle-Calm-Set-Real-12.webp\" class=\"attachment-large size-large\" alt=\"Cycle Calm Set Real\" srcset=\"https:\/\/fitnfemale.com\/wp-content\/uploads\/Cycle-Calm-Set-Real-12.webp 1376w, https:\/\/fitnfemale.com\/wp-content\/uploads\/Cycle-Calm-Set-Real-12-717x400.webp 717w, https:\/\/fitnfemale.com\/wp-content\/uploads\/Cycle-Calm-Set-Real-12-768x429.webp 768w, https:\/\/fitnfemale.com\/wp-content\/uploads\/Cycle-Calm-Set-Real-12-18x10.webp 18w, https:\/\/fitnfemale.com\/wp-content\/uploads\/Cycle-Calm-Set-Real-12-1000x558.webp 1000w\" sizes=\"(max-width: 1020px) 100vw, 1020px\" \/>\t\t\t\t\t\t\n\t\t\t\t\t<\/div>\n\t\t\t\t\t\t\t\t\n<style>\n#image_720763720 {\n  width: 100%;\n}\n<\/style>\n\t<\/div>\n\t\n<ul>\n<li class=\"bullet-arrow\"><strong><i class=\"fas fa-heart\" style=\"margin-right: 6px;\"><\/i>PMS Balance \u2013 Un accompagnement du cycle menstruel avec un plan\u00a0:<\/strong> Votre alli\u00e9 id\u00e9al dans les jours pr\u00e9c\u00e9dant vos r\u00e8gles. Des micronutriments et des extraits de plantes soigneusement s\u00e9lectionn\u00e9s pour un meilleur \u00e9quilibre au quotidien.<\/li>\n<li class=\"bullet-arrow\"><strong><i class=\"fas fa-star\" style=\"margin-right: 6px;\"><\/i>Magn\u00e9sium \u2013 relaxation des nerfs et des muscles\u00a0:<\/strong> Favorise le fonctionnement normal des muscles et du syst\u00e8me nerveux \u2013 id\u00e9al pour se d\u00e9tendre en fin de journ\u00e9e.<\/li>\n<li class=\"bullet-arrow\"><strong><i class=\"fas fa-bolt\" style=\"margin-right: 6px;\"><\/i>Om\u00e9ga 3 \u2013 Une base de bien-\u00eatre int\u00e9rieure :<\/strong> Un compl\u00e9ment premium id\u00e9al \u00e0 int\u00e9grer \u00e0 votre routine quotidienne. Un pilier essentiel que beaucoup de femmes sous-estiment, surtout si vous recherchez stabilit\u00e9 et \u00e9quilibre.<\/li>\n<\/ul>\n\t<div class=\"img has-hover x md-x lg-x y md-y lg-y\" id=\"image_882589276\">\n\t\t\t\t\t\t\t\t<div class=\"img-inner dark\" >\n\t\t\t<img decoding=\"async\" width=\"1020\" height=\"569\" src=\"https:\/\/fitnfemale.com\/wp-content\/uploads\/Cycle-Calm-Set-Real-11.webp\" class=\"attachment-large size-large\" alt=\"Cycle Calm Set Real\" srcset=\"https:\/\/fitnfemale.com\/wp-content\/uploads\/Cycle-Calm-Set-Real-11.webp 1376w, https:\/\/fitnfemale.com\/wp-content\/uploads\/Cycle-Calm-Set-Real-11-717x400.webp 717w, https:\/\/fitnfemale.com\/wp-content\/uploads\/Cycle-Calm-Set-Real-11-768x429.webp 768w, https:\/\/fitnfemale.com\/wp-content\/uploads\/Cycle-Calm-Set-Real-11-18x10.webp 18w, https:\/\/fitnfemale.com\/wp-content\/uploads\/Cycle-Calm-Set-Real-11-1000x558.webp 1000w\" sizes=\"(max-width: 1020px) 100vw, 1020px\" \/>\t\t\t\t\t\t\n\t\t\t\t\t<\/div>\n\t\t\t\t\t\t\t\t\n<style>\n#image_882589276 {\n  width: 100%;\n}\n<\/style>\n\t<\/div>\n\t\n\n\t<section class=\"section dark\" id=\"section_616752904\">\n\t\t<div class=\"section-bg fill\" >\n\t\t\t\t\t\t\t\t\t\n\t\t\t\n\n\t\t<\/div>\n\n\t\t\n\n\t\t<div class=\"section-content relative\">\n\t\t\t\n<p><i class=\"fas fa-info-circle\" style=\"color: #fff;\"><\/i> <strong>Comment utiliser le kit<\/strong><br \/>\nOm\u00e9ga 3 quotidiennement avec un repas \u2022 \u00c9quilibre du syndrome pr\u00e9menstruel dans les jours pr\u00e9c\u00e9dant les r\u00e8gles \u2022 Magn\u00e9sium le soir pour se d\u00e9tendre (avec de l&#039;eau).<\/p>\n\t\t<\/div>\n\n\t\t\n<style>\n#section_616752904 {\n  padding-top: 30px;\n  padding-bottom: 30px;\n  background-color: rgb(40, 40, 40);\n}\n<\/style>\n\t<\/section>","protected":false},"excerpt":{"rendered":"<h2>Cycle Calm Set \u2013 Calme. \u00c9quilibre. Bien-\u00eatre.<\/h2>\n<h4>Trois essentiels parfaitement combin\u00e9s pour votre routine menstruelle\u00a0: pour plus de s\u00e9r\u00e9nit\u00e9, moins de jours de \u201e\u00a0d\u00e9s\u00e9quilibre\u00a0\u201c et un sentiment de bien-\u00eatre g\u00e9n\u00e9ral plus stable \u2013 adapt\u00e9s aux femmes actives et exigeantes.<\/h4>","protected":false},"featured_media":956606,"comment_status":"closed","ping_status":"closed","template":"","meta":{"slim_seo":{"title":"Cycle Calm Set - FitNFemale\u00ae","description":"Coffret Cycle Calm \u2013 Calme. \u00c9quilibre. Bien-\u00eatre. Trois essentiels parfaitement combin\u00e9s pour votre routine de cycle\u00a0: pour plus de s\u00e9r\u00e9nit\u00e9 et moins de jours de d\u00e9s\u00e9quilibre."}},"product_brand":[],"product_cat":[6629,401,2627,6290],"product_tag":[],"class_list":{"0":"post-956599","1":"product","2":"type-product","3":"status-publish","4":"has-post-thumbnail","6":"product_cat-basic","7":"product_cat-health","8":"product_cat-sale","9":"product_cat-set","11":"first","12":"instock","13":"sale","14":"virtual","15":"taxable","16":"purchasable","17":"product-type-bundle"},"bundled_by":[],"bundle_stock_status":"instock","bundle_stock_quantity":81,"bundle_virtual":false,"bundle_layout":"default","bundle_add_to_cart_form_location":"after_summary","bundle_editable_in_cart":false,"bundle_sold_individually_context":"product","bundle_item_grouping":"parent","bundle_min_size":"","bundle_max_size":"","bundle_price":{"price":{"min":{"incl_tax":"58.95","excl_tax":"57.45614"},"max":{"incl_tax":"58.95","excl_tax":"57.45614"}},"regular_price":{"min":{"incl_tax":"69.4","excl_tax":"67.641326"},"max":{"incl_tax":"69.4","excl_tax":"67.641326"}}},"bundled_items":[{"bundled_item_id":656,"product_id":616770,"menu_order":0,"quantity_min":1,"quantity_max":1,"quantity_default":1,"priced_individually":false,"shipped_individually":false,"override_title":false,"title":"PMS Balance","override_description":true,"description":"Un soutien cyclique pour plus de paix int\u00e9rieure avant les r\u00e8gles.","optional":false,"hide_thumbnail":false,"discount":"","override_variations":false,"allowed_variations":[],"override_default_variation_attributes":false,"default_variation_attributes":[],"single_product_visibility":"visible","cart_visibility":"visible","order_visibility":"visible","single_product_price_visibility":"visible","cart_price_visibility":"visible","order_price_visibility":"visible","stock_status":"in_stock"},{"bundled_item_id":657,"product_id":4994,"menu_order":1,"quantity_min":1,"quantity_max":1,"quantity_default":1,"priced_individually":false,"shipped_individually":false,"override_title":false,"title":"Om\u00e9ga 3","override_description":true,"description":"Un solide sentiment de bien-\u00eatre int\u00e9rieur, chaque jour.","optional":false,"hide_thumbnail":false,"discount":"","override_variations":false,"allowed_variations":[],"override_default_variation_attributes":false,"default_variation_attributes":[],"single_product_visibility":"visible","cart_visibility":"visible","order_visibility":"visible","single_product_price_visibility":"visible","cart_price_visibility":"visible","order_price_visibility":"visible","stock_status":"in_stock"},{"bundled_item_id":658,"product_id":231225,"menu_order":2,"quantity_min":1,"quantity_max":1,"quantity_default":1,"priced_individually":false,"shipped_individually":false,"override_title":false,"title":"Citrate de magn\u00e9sium","override_description":true,"description":"D\u00e9tente des muscles et des nerfs \u2013 id\u00e9al en soir\u00e9e.","optional":false,"hide_thumbnail":false,"discount":"","override_variations":false,"allowed_variations":[],"override_default_variation_attributes":false,"default_variation_attributes":[],"single_product_visibility":"visible","cart_visibility":"visible","order_visibility":"visible","single_product_price_visibility":"visible","cart_price_visibility":"visible","order_price_visibility":"visible","stock_status":"in_stock"}],"bundle_sell_ids":[],"gallery_images":[956607,956613,956608,956609,956612],"_links":{"self":[{"href":"https:\/\/fitnfemale.com\/fr\/wp-json\/wp\/v2\/product\/956599","targetHints":{"allow":["GET"]}}],"collection":[{"href":"https:\/\/fitnfemale.com\/fr\/wp-json\/wp\/v2\/product"}],"about":[{"href":"https:\/\/fitnfemale.com\/fr\/wp-json\/wp\/v2\/types\/product"}],"replies":[{"embeddable":true,"href":"https:\/\/fitnfemale.com\/fr\/wp-json\/wp\/v2\/comments?post=956599"}],"wp:featuredmedia":[{"embeddable":true,"href":"https:\/\/fitnfemale.com\/fr\/wp-json\/wp\/v2\/media\/956606"}],"wp:attachment":[{"href":"https:\/\/fitnfemale.com\/fr\/wp-json\/wp\/v2\/media?parent=956599"}],"wp:term":[{"taxonomy":"product_brand","embeddable":true,"href":"https:\/\/fitnfemale.com\/fr\/wp-json\/wp\/v2\/product_brand?post=956599"},{"taxonomy":"product_cat","embeddable":true,"href":"https:\/\/fitnfemale.com\/fr\/wp-json\/wp\/v2\/product_cat?post=956599"},{"taxonomy":"product_tag","embeddable":true,"href":"https:\/\/fitnfemale.com\/fr\/wp-json\/wp\/v2\/product_tag?post=956599"}],"curies":[{"name":"wp","href":"https:\/\/api.w.org\/{rel}","templated":true}]}}