{"id":8958,"date":"2017-11-02T21:53:13","date_gmt":"2017-11-02T20:53:13","guid":{"rendered":"https:\/\/fitnfemale.com\/?post_type=product&#038;p=8958"},"modified":"2026-04-26T15:12:19","modified_gmt":"2026-04-26T14:12:19","slug":"protein-chips","status":"publish","type":"product","link":"https:\/\/fitnfemale.com\/fr\/produit\/protein-chips\/","title":{"rendered":"Chips de prot\u00e9ines"},"content":{"rendered":"<h3>HIGHLIGHTS<\/h3>\n<ul>\n<li class=\"bullet-star\">Valeurs nutritionnelles de pointe<\/li>\n<li class=\"bullet-star\">72% moins de glucides<\/li>\n<li class=\"bullet-star\">68% moins de graisse<\/li>\n<li class=\"bullet-star\">seulement 90 - 100 calories (selon le go\u00fbt) par sachet<\/li>\n<li class=\"bullet-star\">haute teneur en prot\u00e9ines et riche en fibres<\/li>\n<li class=\"bullet-star\">croustillant &amp; d\u00e9licieux - le parfait snack prot\u00e9in\u00e9<\/li>\n<\/ul>\n<p>&nbsp;<\/p>\n<div class=\"accordion\">\n\t<div id=\"accordion-2189803894\" class=\"accordion-item\">\n\t\t<a id=\"accordion-2189803894-label\" class=\"accordion-title plain active\" href=\"#accordion-item-n\u00e4hrwerte\" aria-expanded=\"true\" aria-controls=\"accordion-2189803894-content\">\n\t\t\t<button class=\"toggle\" aria-label=\"Basculer\"><i class=\"icon-angle-down\" aria-hidden=\"true\"><\/i><\/button>\n\t\t\t<span>Valeurs nutritives<\/span>\n\t\t<\/a>\n\t\t<div id=\"accordion-2189803894-content\" class=\"accordion-inner\" style=\"display: block;\" aria-labelledby=\"accordion-2189803894-label\">\n\t\t\t\n<div class=\"row\"  id=\"row-1215510215\">\n\n\t<div id=\"col-280129926\" class=\"col small-12 large-12\"  >\n\t\t\t\t<div class=\"col-inner text-center\"  >\n\t\t\t\n\t\t\t\n\t<div class=\"img has-hover x md-x lg-x y md-y lg-y\" id=\"image_1900897408\">\n\t\t\t\t\t\t\t\t<div class=\"img-inner dark\" >\n\t\t\t<img decoding=\"async\" width=\"800\" height=\"800\" src=\"https:\/\/fitnfemale.com\/wp-content\/uploads\/protein-chips-shop-ingredients-800x800.jpg\" class=\"attachment-large size-large\" alt=\"ingr\u00e9dients de la boutique de chips prot\u00e9in\u00e9es\" srcset=\"https:\/\/fitnfemale.com\/wp-content\/uploads\/protein-chips-shop-ingredients-800x800.jpg 800w, https:\/\/fitnfemale.com\/wp-content\/uploads\/protein-chips-shop-ingredients-510x510.jpg 510w, https:\/\/fitnfemale.com\/wp-content\/uploads\/protein-chips-shop-ingredients-200x200.jpg 200w, https:\/\/fitnfemale.com\/wp-content\/uploads\/protein-chips-shop-ingredients-280x280.jpg 280w, https:\/\/fitnfemale.com\/wp-content\/uploads\/protein-chips-shop-ingredients-400x400.jpg 400w, https:\/\/fitnfemale.com\/wp-content\/uploads\/protein-chips-shop-ingredients-768x768.jpg 768w, https:\/\/fitnfemale.com\/wp-content\/uploads\/protein-chips-shop-ingredients-130x130.jpg 130w, https:\/\/fitnfemale.com\/wp-content\/uploads\/protein-chips-shop-ingredients-150x150.jpg 150w, https:\/\/fitnfemale.com\/wp-content\/uploads\/protein-chips-shop-ingredients.jpg 1000w\" sizes=\"(max-width: 800px) 100vw, 800px\" \/>\t\t\t\t\t\t\n\t\t\t\t\t<\/div>\n\t\t\t\t\t\t\t\t\n<style>\n#image_1900897408 {\n  width: 100%;\n}\n@media (min-width:550px) {\n  #image_1900897408 {\n    width: 64%;\n  }\n}\n<\/style>\n\t<\/div>\n\t\n\t\t<\/div>\n\t\t\t\t\t<\/div>\n\n\t\n\n<style>\n#row-1215510215 > .col > .col-inner {\n  background-color: rgb(241, 161, 193);\n}\n<\/style>\n<\/div>\n\t\t<\/div>\n\t<\/div>\n\t\n\t<div id=\"accordion-2261294013\" class=\"accordion-item\">\n\t\t<a id=\"accordion-2261294013-label\" class=\"accordion-title plain\" href=\"#accordion-item-mehr-informationen\" aria-expanded=\"false\" aria-controls=\"accordion-2261294013-content\">\n\t\t\t<button class=\"toggle\" aria-label=\"Basculer\"><i class=\"icon-angle-down\" aria-hidden=\"true\"><\/i><\/button>\n\t\t\t<span>Plus d'informations<\/span>\n\t\t<\/a>\n\t\t<div id=\"accordion-2261294013-content\" class=\"accordion-inner\" aria-labelledby=\"accordion-2261294013-label\">\n\t\t\t\n\t<div class=\"img has-hover x md-x lg-x y md-y lg-y\" id=\"image_1090525534\">\n\t\t\t\t\t\t\t\t<div class=\"img-inner dark\" >\n\t\t\t<img decoding=\"async\" width=\"800\" height=\"800\" src=\"https:\/\/fitnfemale.com\/wp-content\/uploads\/protein-chips-shop-back-800x800.jpg\" class=\"attachment-large size-large\" alt=\"retour \u00e0 la boutique de chips prot\u00e9in\u00e9es\" srcset=\"https:\/\/fitnfemale.com\/wp-content\/uploads\/protein-chips-shop-back-800x800.jpg 800w, https:\/\/fitnfemale.com\/wp-content\/uploads\/protein-chips-shop-back-510x510.jpg 510w, https:\/\/fitnfemale.com\/wp-content\/uploads\/protein-chips-shop-back-200x200.jpg 200w, https:\/\/fitnfemale.com\/wp-content\/uploads\/protein-chips-shop-back-280x280.jpg 280w, https:\/\/fitnfemale.com\/wp-content\/uploads\/protein-chips-shop-back-400x400.jpg 400w, https:\/\/fitnfemale.com\/wp-content\/uploads\/protein-chips-shop-back-768x768.jpg 768w, https:\/\/fitnfemale.com\/wp-content\/uploads\/protein-chips-shop-back-130x130.jpg 130w, https:\/\/fitnfemale.com\/wp-content\/uploads\/protein-chips-shop-back-150x150.jpg 150w, https:\/\/fitnfemale.com\/wp-content\/uploads\/protein-chips-shop-back.jpg 1000w\" sizes=\"(max-width: 800px) 100vw, 800px\" \/>\t\t\t\t\t\t\n\t\t\t\t\t<\/div>\n\t\t\t\t\t\t\t\t\n<style>\n#image_1090525534 {\n  width: 100%;\n}\n<\/style>\n\t<\/div>\n\t\n\t\t<\/div>\n\t<\/div>\n\t\n<\/div>","protected":false},"excerpt":{"rendered":"<h2>Des chips prot\u00e9in\u00e9s avec les meilleurs nutriments ! Convient m\u00eame pour une silhouette bikini.<\/h2>\n<h4>Le site <strong>CHIPS DE PROT\u00c9INE<\/strong> sont des chips prot\u00e9in\u00e9es d\u00e9licieuses et croustillantes avec des valeurs de pointe et un risque de d\u00e9pendance. Tu ne trouveras de telles valeurs dans presque aucun autre produit comparable. Les sachets de 25 g sont parfaits pour les d\u00e9placements, les petits en-cas ou les marathons en s\u00e9rie.<\/h4>","protected":false},"featured_media":633914,"comment_status":"open","ping_status":"closed","template":"","meta":{"slim_seo":{"title":"Protein Chips - FitNFemale\u00ae","description":"Des chips prot\u00e9in\u00e9es aux valeurs nutritionnelles optimales ! Id\u00e9ales pour garder la ligne. Ces d\u00e9licieuses chips croustillantes offrent un go\u00fbt irr\u00e9sistible et une valeur nutritionnelle exceptionnelle."}},"product_brand":[],"product_cat":[6363,292,303,1054],"product_tag":[],"class_list":{"0":"post-8958","1":"product","2":"type-product","3":"status-publish","4":"has-post-thumbnail","6":"product_cat-promo-40","7":"product_cat-food","8":"product_cat-snack","9":"product_cat-snacks","10":"pa_anwendungsbereiche-gesunder-snack","11":"pa_marke-fitnfemale","12":"pa_nutritionfactinfo-highprotein","13":"pa_nutritionfactinfo-lowcalories","14":"pa_nutritionfactinfo-lowcarb","15":"pa_nutritionfactinfo-lowfat","16":"pa_nutritionfactinfo-lowsugar","17":"pa_schwangerschaft-geeignet","18":"pa_stillzeit-geeignet","19":"pa_vegan-nein","21":"first","22":"outofstock","23":"sale","24":"taxable","25":"shipping-taxable","26":"purchasable","27":"product-type-variable","28":"has-default-attributes"},"bundled_by":["11542","23613","8965"],"bundle_stock_status":"outofstock","bundle_stock_quantity":null,"bundle_virtual":false,"bundle_layout":"","bundle_add_to_cart_form_location":"","bundle_editable_in_cart":false,"bundle_sold_individually_context":"","bundle_item_grouping":"","bundle_min_size":"","bundle_max_size":"","bundle_price":[],"bundled_items":[],"bundle_sell_ids":[],"gallery_images":[616576,616583,406989],"_links":{"self":[{"href":"https:\/\/fitnfemale.com\/fr\/wp-json\/wp\/v2\/product\/8958","targetHints":{"allow":["GET"]}}],"collection":[{"href":"https:\/\/fitnfemale.com\/fr\/wp-json\/wp\/v2\/product"}],"about":[{"href":"https:\/\/fitnfemale.com\/fr\/wp-json\/wp\/v2\/types\/product"}],"replies":[{"embeddable":true,"href":"https:\/\/fitnfemale.com\/fr\/wp-json\/wp\/v2\/comments?post=8958"}],"wp:featuredmedia":[{"embeddable":true,"href":"https:\/\/fitnfemale.com\/fr\/wp-json\/wp\/v2\/media\/633914"}],"wp:attachment":[{"href":"https:\/\/fitnfemale.com\/fr\/wp-json\/wp\/v2\/media?parent=8958"}],"wp:term":[{"taxonomy":"product_brand","embeddable":true,"href":"https:\/\/fitnfemale.com\/fr\/wp-json\/wp\/v2\/product_brand?post=8958"},{"taxonomy":"product_cat","embeddable":true,"href":"https:\/\/fitnfemale.com\/fr\/wp-json\/wp\/v2\/product_cat?post=8958"},{"taxonomy":"product_tag","embeddable":true,"href":"https:\/\/fitnfemale.com\/fr\/wp-json\/wp\/v2\/product_tag?post=8958"}],"curies":[{"name":"wp","href":"https:\/\/api.w.org\/{rel}","templated":true}]}}