{"id":886466,"date":"2025-01-08T20:52:26","date_gmt":"2025-01-08T19:52:26","guid":{"rendered":"https:\/\/fitnfemale.com\/?post_type=product&#038;p=886466"},"modified":"2026-04-18T18:01:20","modified_gmt":"2026-04-18T17:01:20","slug":"hydroburn","status":"publish","type":"product","link":"https:\/\/fitnfemale.com\/fr\/produit\/hydroburn\/","title":{"rendered":"Hydro Burn pour femmes"},"content":{"rendered":"<div class=\"img has-hover img-details x md-x lg-x y md-y lg-y\" id=\"image_1789986810\">\n\t\t\t\t\t\t\t\t<div class=\"img-inner dark\" >\n\t\t\t<img decoding=\"async\" width=\"1020\" height=\"569\" src=\"https:\/\/fitnfemale.com\/wp-content\/uploads\/hydroburn-closeup-10.webp\" class=\"attachment-large size-large\" alt=\"Gros plan sur Hydroburn\" srcset=\"https:\/\/fitnfemale.com\/wp-content\/uploads\/hydroburn-closeup-10.webp 1376w, https:\/\/fitnfemale.com\/wp-content\/uploads\/hydroburn-closeup-10-717x400.webp 717w, https:\/\/fitnfemale.com\/wp-content\/uploads\/hydroburn-closeup-10-768x429.webp 768w, https:\/\/fitnfemale.com\/wp-content\/uploads\/hydroburn-closeup-10-18x10.webp 18w, https:\/\/fitnfemale.com\/wp-content\/uploads\/hydroburn-closeup-10-1000x558.webp 1000w\" sizes=\"(max-width: 1020px) 100vw, 1020px\" \/>\t\t\t\t\t\t\n\t\t\t\t\t<\/div>\n\t\t\t\t\t\t\t\t\n<style>\n#image_1789986810 {\n  width: 100%;\n}\n<\/style>\n\t<\/div>\n\t\n<ul>\n<li class=\"bullet-star translation-block\"><strong>Drainage doux<br><\/strong>\nLes extraits de racine de pissenlit et de pr\u00eale des champs sont connus pour favoriser naturellement l\u2019\u00e9limination de l\u2019exc\u00e8s d\u2019eau, contribuant ainsi \u00e0 votre bien-\u00eatre.<\/li>\n<li class=\"bullet-star translation-block\"><strong>Gestion du poids optimis\u00e9e<br><\/strong>\nL\u2019extrait de th\u00e9 vert, avec l\u2019EGCG (\u00e9pigallocat\u00e9chine gallate), aide \u00e0 maintenir ou atteindre un poids corporel \u00e9quilibr\u00e9.<\/li>\n<li class=\"bullet-star translation-block\"><strong>\u00c9nergie pour la journ\u00e9e<br><\/strong>\nLa caf\u00e9ine am\u00e9liore l\u2019endurance physique et la concentration \u2013 id\u00e9al pour vos entra\u00eenements ou une journ\u00e9e active.<\/li>\n<li class=\"bullet-star translation-block\"><strong>Acide alpha-lipo\u00efque<\/strong><br>\nUn ingr\u00e9dient naturel impliqu\u00e9 dans les processus cellulaires.<\/li>\n<li class=\"bullet-star translation-block\"><strong>100 % vegan<br><\/strong>\nSans ingr\u00e9dients d\u2019origine animale \u2013 pour un mode de vie durable.<\/li>\n<\/ul>\n<div class=\"row\"  id=\"row-1207203540\">\n\n\t<div id=\"col-1771510046\" class=\"col small-12 large-12\"  >\n\t\t\t\t<div class=\"col-inner\" style=\"background-color:#f1e5e6;\" >\n\t\t\t\n\t\t\t\n<h3>Pourquoi choisir Hydro Burn ?<\/h3>\n<ul>\n<li class=\"bullet-checkmark translation-block\"><strong>\u00a0Racine de pissenlit \u2013 <\/strong> Appr\u00e9ci\u00e9e pour son effet drainant naturel.<\/li>\n<li class=\"bullet-checkmark translation-block\"><strong>Pr\u00eale des champs \u2013 <\/strong>Riche en silice, elle favorise la d\u00e9toxification naturelle de l\u2019organisme.<\/li>\n<li class=\"bullet-checkmark translation-block\">Th\u00e9 vert (90 mg d\u2019EGCG) \u2013 Contribue \u00e0 l\u2019\u00e9quilibre et \u00e0 l\u2019\u00e9nergie.<\/li>\n<\/ul>\n\t\t<\/div>\n\t\t\t\t\n<style>\n#col-1771510046 > .col-inner {\n  padding: 10px 10px 10px 0px;\n}\n<\/style>\n\t<\/div>\n\n\t\n\n<style>\n#row-1207203540 > .col > .col-inner {\n  padding: 10px 0px 0px 10px;\n}\n@media (min-width:550px) {\n  #row-1207203540 > .col > .col-inner {\n    padding: 10px 10px 10px 10px;\n  }\n}\n<\/style>\n<\/div>\n<table class=\"ffnf-clean-table\">\n<thead>\n<tr>\n<th>Ingr\u00e9dients<\/th>\n<th>Portion (3 capsules)<\/th>\n<\/tr>\n<\/thead>\n<tbody>\n<tr>\n<td>Extrait d&#039;orange am\u00e8re<br \/>\u2013 dont la syn\u00e9phrine<\/td>\n<td>300 mg<br \/>18 mg<\/td>\n<\/tr>\n<tr>\n<td>Extrait de Th\u00e9 Vert<br \/>\u2013 dont l\u2019EGCG<\/td>\n<td>200 mg<br \/>90 mg<\/td>\n<\/tr>\n<tr>\n<td>caf\u00e9ine<\/td>\n<td>200 mg<\/td>\n<\/tr>\n<tr>\n<td>Extrait de framboise (5 c\u00e9tones %)<br \/>\u2013 dont les c\u00e9tones<\/td>\n<td>200 mg<br \/>30 mg<\/td>\n<\/tr>\n<tr>\n<td>extrait de racine de pissenlit<\/td>\n<td>200 mg<\/td>\n<\/tr>\n<tr>\n<td>extrait de pr\u00eale<\/td>\n<td>200 mg<\/td>\n<\/tr>\n<\/tbody>\n<\/table>","protected":false},"excerpt":{"rendered":"<h2>Drainage naturelle et \u00e9nergie au quotidien<\/h2>\n<h4>Hydro Burn est une puissante combinaison d\u2019extraits de plantes naturels qui soutient en douceur l\u2019\u00e9limination de l\u2019exc\u00e8s d\u2019eau dans le corps tout en favorisant un mode de vie actif de mani\u00e8re optimale. Gr\u00e2ce \u00e0 des ingr\u00e9dients \u00e9prouv\u00e9s tels que la racine de pissenlit, la pr\u00eale des champs et l\u2019extrait de th\u00e9 vert, ce produit offre un soutien naturel \u00e0 l\u2019\u00e9quilibre interne de votre corps.<\/h4>","protected":false},"featured_media":943257,"comment_status":"open","ping_status":"closed","template":"","meta":{"slim_seo":{"title":"Hydro Burn pour femmes - FitNFemale\u00ae","description":"D\u00e9toxifiez-vous naturellement et retrouvez votre vitalit\u00e9. Hydro Burn est une puissante combinaison d&#039;extraits de plantes naturelles qui vous aide \u00e0 \u00e9liminer l&#039;exc\u00e8s de liquides."}},"product_brand":[],"product_cat":[6364,317,1052],"product_tag":[],"class_list":{"0":"post-886466","1":"product","2":"type-product","3":"status-publish","4":"has-post-thumbnail","6":"product_cat-promo-30","7":"product_cat-abnehmen","8":"product_cat-fatburner","9":"pa_anwendungsbereiche-energy","10":"pa_anwendungsbereiche-weightloss","11":"pa_anwendungsbereiche-shaping","12":"pa_anwendungsbereiche-metabolism","13":"pa_marke-fitnfemale","14":"pa_misc-aspartamfree","15":"pa_misc-glutenfree","16":"pa_misc-lactosefree","17":"pa_schwangerschaft-nicht-geeignet","18":"pa_stillzeit-nicht-geeignet","19":"pa_vegan-ja","21":"first","22":"instock","23":"taxable","24":"shipping-taxable","25":"purchasable","26":"product-type-simple"},"bundled_by":[],"bundle_stock_status":"instock","bundle_stock_quantity":null,"bundle_virtual":false,"bundle_layout":"","bundle_add_to_cart_form_location":"","bundle_editable_in_cart":false,"bundle_sold_individually_context":"","bundle_item_grouping":"","bundle_min_size":"","bundle_max_size":"","bundle_price":[],"bundled_items":[],"bundle_sell_ids":[],"gallery_images":[953718,953722,953720,897132,953719,897133,887737],"_links":{"self":[{"href":"https:\/\/fitnfemale.com\/fr\/wp-json\/wp\/v2\/product\/886466","targetHints":{"allow":["GET"]}}],"collection":[{"href":"https:\/\/fitnfemale.com\/fr\/wp-json\/wp\/v2\/product"}],"about":[{"href":"https:\/\/fitnfemale.com\/fr\/wp-json\/wp\/v2\/types\/product"}],"replies":[{"embeddable":true,"href":"https:\/\/fitnfemale.com\/fr\/wp-json\/wp\/v2\/comments?post=886466"}],"wp:featuredmedia":[{"embeddable":true,"href":"https:\/\/fitnfemale.com\/fr\/wp-json\/wp\/v2\/media\/943257"}],"wp:attachment":[{"href":"https:\/\/fitnfemale.com\/fr\/wp-json\/wp\/v2\/media?parent=886466"}],"wp:term":[{"taxonomy":"product_brand","embeddable":true,"href":"https:\/\/fitnfemale.com\/fr\/wp-json\/wp\/v2\/product_brand?post=886466"},{"taxonomy":"product_cat","embeddable":true,"href":"https:\/\/fitnfemale.com\/fr\/wp-json\/wp\/v2\/product_cat?post=886466"},{"taxonomy":"product_tag","embeddable":true,"href":"https:\/\/fitnfemale.com\/fr\/wp-json\/wp\/v2\/product_tag?post=886466"}],"curies":[{"name":"wp","href":"https:\/\/api.w.org\/{rel}","templated":true}]}}