{"id":8097,"date":"2017-10-27T20:09:28","date_gmt":"2017-10-27T18:09:28","guid":{"rendered":"https:\/\/fitnfemale.com\/?post_type=product&#038;p=8097"},"modified":"2026-04-08T18:13:55","modified_gmt":"2026-04-08T17:13:55","slug":"flavourit","status":"publish","type":"product","link":"https:\/\/fitnfemale.com\/fr\/produit\/flavourit\/","title":{"rendered":"Saveur"},"content":{"rendered":"<div class=\"img has-hover img-details x md-x lg-x y md-y lg-y\" id=\"image_1873292817\">\n\t\t\t\t\t\t\t\t<div class=\"img-inner dark\" >\n\t\t\t<img decoding=\"async\" width=\"1020\" height=\"569\" src=\"https:\/\/fitnfemale.com\/wp-content\/uploads\/flavourite-closeup-11.jpg\" class=\"attachment-large size-large\" alt=\"Gros plan sur la saveur\" srcset=\"https:\/\/fitnfemale.com\/wp-content\/uploads\/flavourite-closeup-11.jpg 1376w, https:\/\/fitnfemale.com\/wp-content\/uploads\/flavourite-closeup-11-717x400.jpg 717w, https:\/\/fitnfemale.com\/wp-content\/uploads\/flavourite-closeup-11-768x429.jpg 768w, https:\/\/fitnfemale.com\/wp-content\/uploads\/flavourite-closeup-11-18x10.jpg 18w, https:\/\/fitnfemale.com\/wp-content\/uploads\/flavourite-closeup-11-1000x558.jpg 1000w\" sizes=\"(max-width: 1020px) 100vw, 1020px\" \/>\t\t\t\t\t\t\n\t\t\t\t\t<\/div>\n\t\t\t\t\t\t\t\t\n<style>\n#image_1873292817 {\n  width: 100%;\n}\n<\/style>\n\t<\/div>\n\t\n<p><strong>Se r\u00e9galer sans mauvaise conscience !<\/strong> Flavourit offre des exp\u00e9riences gustatives uniques avec pratiquement aucune calorie. Rehaussez vos plats les plus simples d&#039;une explosion de saveurs avec une simple pinc\u00e9e de Flavourit. Chaque portion contient au maximum 12 kilocalories. Personnalisez-la et savourez le go\u00fbt 100% sans sucre, sans mati\u00e8res grasses et sans colorants artificiels. Un indispensable dans toutes les cuisines soucieuses de leur forme !<\/p>\n<p><strong>Flavourite aide \u00e0 \u00e9viter le sucre<\/strong> - Si tu es souvent submerg\u00e9 par des envies de friandises sucr\u00e9es comme le chocolat ou le pudding, Flavourite a la solution pour toi. Avec Flavourite, tu peux transformer de simples aliments comme le yaourt et le fromage blanc en de d\u00e9licieuses gourmandises en une seule portion, sans devoir recourir \u00e0 des bombes caloriques charg\u00e9es de sucre. Essaye-le maintenant !<\/p>\n<p><strong>Tenir compte des pr\u00e9f\u00e9rences gustatives individuelles<\/strong> - Flavourite ne fait aucun compromis sur le go\u00fbt. La poudre de go\u00fbt v\u00e9g\u00e9talienne est un v\u00e9ritable game changer pour ton r\u00e9gime et donne \u00e0 des plats simples comme le fromage blanc, le porridge et le caf\u00e9 une am\u00e9lioration de go\u00fbt incomparable. Que tu pr\u00e9f\u00e8res le fruit\u00e9-frais, le chocolat-sucr\u00e9 ou les noix-am\u00e8res, Flavourite a une variante pour chaque go\u00fbt. D\u00e9couvre ton pr\u00e9f\u00e9r\u00e9 et fais preuve de cr\u00e9ativit\u00e9 !<\/p>\n<div class=\"accordion\">\n\t<div id=\"accordion-585801515\" class=\"accordion-item\">\n\t\t<a id=\"accordion-585801515-label\" class=\"accordion-title plain active\" href=\"#accordion-item-n\u00e4hrwerte\" aria-expanded=\"true\" aria-controls=\"accordion-585801515-content\">\n\t\t\t<button class=\"toggle\" aria-label=\"Basculer\"><i class=\"icon-angle-down\" aria-hidden=\"true\"><\/i><\/button>\n\t\t\t<span>Valeurs nutritives<\/span>\n\t\t<\/a>\n\t\t<div id=\"accordion-585801515-content\" class=\"accordion-inner\" style=\"display: block;\" aria-labelledby=\"accordion-585801515-label\">\n\t\t\t\n<table class=\"ffnf-clean-table\">\n<thead>\n<tr>\n<th>Valeurs nutritives<\/th>\n<th>100 g<\/th>\n<th>Portion (4 g)<\/th>\n<\/tr>\n<\/thead>\n<tbody>\n<tr>\n<td>\u00c9nergie<\/td>\n<td>731 kJ \/ 182 kcal<\/td>\n<td>29 kJ \/ 7 kcal<\/td>\n<\/tr>\n<tr>\n<td>Graisse<br \/>- dont acides gras satur\u00e9s<\/td>\n<td>0 g<br \/>0 g<\/td>\n<td>0 g<br \/>0 g<\/td>\n<\/tr>\n<tr>\n<td class=\"translation-block\">Glucides<br>\u2013 dont sucres<\/td>\n<td>3 g<br \/>0 g<\/td>\n<td>0,12 g<br \/>0 g<\/td>\n<\/tr>\n<tr>\n<td>Fibres alimentaires<\/td>\n<td>85 g<\/td>\n<td>3,4 g<\/td>\n<\/tr>\n<tr>\n<td>Prot\u00e9ines<\/td>\n<td>0 g<\/td>\n<td>0 g<\/td>\n<\/tr>\n<tr>\n<td>Sel<\/td>\n<td>0,03 g<\/td>\n<td>0,00 g<\/td>\n<\/tr>\n<tr>\n<td>sucralose<\/td>\n<td>\u2013<\/td>\n<td>0,01 g<\/td>\n<\/tr>\n<\/tbody>\n<\/table>\n\t\t<\/div>\n\t<\/div>\n\t\n<\/div>\n\t<div class=\"img has-hover x md-x lg-x y md-y lg-y\" id=\"image_586837129\">\n\t\t\t\t\t\t\t\t<div class=\"img-inner dark\" >\n\t\t\t<img decoding=\"async\" width=\"1020\" height=\"569\" src=\"https:\/\/fitnfemale.com\/wp-content\/uploads\/flavourite-closeup-7.jpg\" class=\"attachment-large size-large\" alt=\"Gros plan sur la saveur\" srcset=\"https:\/\/fitnfemale.com\/wp-content\/uploads\/flavourite-closeup-7.jpg 1376w, https:\/\/fitnfemale.com\/wp-content\/uploads\/flavourite-closeup-7-717x400.jpg 717w, https:\/\/fitnfemale.com\/wp-content\/uploads\/flavourite-closeup-7-768x429.jpg 768w, https:\/\/fitnfemale.com\/wp-content\/uploads\/flavourite-closeup-7-18x10.jpg 18w, https:\/\/fitnfemale.com\/wp-content\/uploads\/flavourite-closeup-7-1000x558.jpg 1000w\" sizes=\"(max-width: 1020px) 100vw, 1020px\" \/>\t\t\t\t\t\t\n\t\t\t\t\t<\/div>\n\t\t\t\t\t\t\t\t\n<style>\n#image_586837129 {\n  width: 100%;\n}\n<\/style>\n\t<\/div>","protected":false},"excerpt":{"rendered":"<h2>On ne peut pas acheter la saveur normalement \u2013 mais avec Flavourit, c&#039;est diff\u00e9rent.<\/h2>\n<h4>Donnez \u00e0 vos aliments et boissons une saveur incomparable avec Flavourit !<\/h4>\n<ul>\n<li class=\"bullet-star\">Une poudre aromatique pauvre en calories qui rehausse tes plats et tes boissons<\/li>\n<li class=\"bullet-star\">Parfait pour le fromage blanc, le caf\u00e9, les flocons d'avoine, les milk-shakes, les cr\u00e9ations p\u00e2tissi\u00e8res et bien plus encore<\/li>\n<li class=\"bullet-star\">85% Fibres alimentaires pures et sans colorants artificiels<\/li>\n<li class=\"bullet-star\">Seulement 7 calories, 0,12 g de glucides et aucune graisse par portion<\/li>\n<li class=\"bullet-star\">sans lactose, sans gluten, sans graisse, low calorie, sans aspartame, low carb, sans sucre<\/li>\n<li class=\"bullet-star\">Fais-le tien : trouve ton pr\u00e9f\u00e9r\u00e9 et sois cr\u00e9atif !<\/li>\n<\/ul>","protected":false},"featured_media":944056,"comment_status":"open","ping_status":"closed","template":"","meta":{"slim_seo":{"title":"Flavorite - Poudre aromatisante pr\u00e9f\u00e9r\u00e9e","description":"La poudre aromatisante pr\u00e9f\u00e9r\u00e9e de FitnFemale\u00ae est une poudre aromatisante faible en calories. Elle est id\u00e9ale pour rehausser et sucrer divers plats."}},"product_brand":[],"product_cat":[6363,6629,292,303],"product_tag":[],"class_list":{"0":"post-8097","1":"product","2":"type-product","3":"status-publish","4":"has-post-thumbnail","6":"product_cat-promo-40","7":"product_cat-basic","8":"product_cat-food","9":"product_cat-snack","10":"pa_anwendungsbereiche-gesundes-kochen-backen","11":"pa_marke-fitnfemale","12":"pa_misc-aspartamfree","13":"pa_misc-glutenfree","14":"pa_misc-lactosefree","15":"pa_misc-vegetarian","16":"pa_nutritionfactinfo-nofat","17":"pa_nutritionfactinfo-lowcalories","18":"pa_nutritionfactinfo-lowcarb","19":"pa_nutritionfactinfo-lowsugar","20":"pa_schwangerschaft-geeignet","21":"pa_stillzeit-geeignet","22":"pa_vegan-ja","24":"first","25":"instock","26":"taxable","27":"shipping-taxable","28":"purchasable","29":"product-type-variable","30":"has-default-attributes"},"bundled_by":[],"bundle_stock_status":"instock","bundle_stock_quantity":null,"bundle_virtual":false,"bundle_layout":"","bundle_add_to_cart_form_location":"","bundle_editable_in_cart":false,"bundle_sold_individually_context":"","bundle_item_grouping":"","bundle_min_size":"","bundle_max_size":"","bundle_price":[],"bundled_items":[],"bundle_sell_ids":[],"gallery_images":[954276,954275,954274,954273,954272,954279],"_links":{"self":[{"href":"https:\/\/fitnfemale.com\/fr\/wp-json\/wp\/v2\/product\/8097","targetHints":{"allow":["GET"]}}],"collection":[{"href":"https:\/\/fitnfemale.com\/fr\/wp-json\/wp\/v2\/product"}],"about":[{"href":"https:\/\/fitnfemale.com\/fr\/wp-json\/wp\/v2\/types\/product"}],"replies":[{"embeddable":true,"href":"https:\/\/fitnfemale.com\/fr\/wp-json\/wp\/v2\/comments?post=8097"}],"wp:featuredmedia":[{"embeddable":true,"href":"https:\/\/fitnfemale.com\/fr\/wp-json\/wp\/v2\/media\/944056"}],"wp:attachment":[{"href":"https:\/\/fitnfemale.com\/fr\/wp-json\/wp\/v2\/media?parent=8097"}],"wp:term":[{"taxonomy":"product_brand","embeddable":true,"href":"https:\/\/fitnfemale.com\/fr\/wp-json\/wp\/v2\/product_brand?post=8097"},{"taxonomy":"product_cat","embeddable":true,"href":"https:\/\/fitnfemale.com\/fr\/wp-json\/wp\/v2\/product_cat?post=8097"},{"taxonomy":"product_tag","embeddable":true,"href":"https:\/\/fitnfemale.com\/fr\/wp-json\/wp\/v2\/product_tag?post=8097"}],"curies":[{"name":"wp","href":"https:\/\/api.w.org\/{rel}","templated":true}]}}