{"id":793178,"date":"2023-11-23T20:46:01","date_gmt":"2023-11-23T19:46:01","guid":{"rendered":"https:\/\/fitnfemale.com\/?post_type=product&#038;p=793178"},"modified":"2026-04-11T18:15:17","modified_gmt":"2026-04-11T17:15:17","slug":"energy-cake-12er-display","status":"publish","type":"product","link":"https:\/\/fitnfemale.com\/fr\/produit\/energy-cake-12er-display\/","title":{"rendered":"G\u00e2teau \u00e9nerg\u00e9tique \u2013 pr\u00e9sentoir de 12 unit\u00e9s"},"content":{"rendered":"<div class=\"img has-hover img-details x md-x lg-x y md-y lg-y\" id=\"image_1492196520\">\n\t\t\t\t<div data-parallax-fade=\"true\" data-parallax=\"1\">\t\t\t\t<div class=\"img-inner dark\" >\n\t\t\t<img decoding=\"async\" width=\"1020\" height=\"569\" src=\"https:\/\/fitnfemale.com\/wp-content\/uploads\/energy-cake-closeup4.webp\" class=\"attachment-large size-large\" alt=\"Gros plan sur un g\u00e2teau \u00e9nerg\u00e9tique 4\" srcset=\"https:\/\/fitnfemale.com\/wp-content\/uploads\/energy-cake-closeup4.webp 1376w, https:\/\/fitnfemale.com\/wp-content\/uploads\/energy-cake-closeup4-717x400.webp 717w, https:\/\/fitnfemale.com\/wp-content\/uploads\/energy-cake-closeup4-768x429.webp 768w, https:\/\/fitnfemale.com\/wp-content\/uploads\/energy-cake-closeup4-18x10.webp 18w, https:\/\/fitnfemale.com\/wp-content\/uploads\/energy-cake-closeup4-1000x558.webp 1000w\" sizes=\"(max-width: 1020px) 100vw, 1020px\" \/>\t\t\t\t\t\t\n\t\t\t\t\t<\/div>\n\t\t\t\t<\/div>\t\t\t\t\n<style>\n#image_1492196520 {\n  width: 100%;\n}\n<\/style>\n\t<\/div>\n\t\n<p class=\"translation-block\">Energy Cake : ton plaisir sain pour les petites faims\nSatisfais tes envies et nourris ton corps avec notre Energy Cake, disponible en pr\u00e9sentoir pratique de 12 barres. Chaque barre est une source d'avoine saine et offre une quantit\u00e9 \u00e9quilibr\u00e9e de calories.<\/p>\n<ul>\n<li class=\"bullet-star translation-block\">Riche en flocons d'avoine : une base solide d'avoine pour une \u00e9nergie durable.<\/li>\n<li class=\"bullet-star translation-block\">Nutriments \u00e9quilibr\u00e9s : chaque barre contient 499 kcal et offre un \u00e9quilibre parfait entre graisses, glucides et prot\u00e9ines.<\/li>\n<li class=\"bullet-star translation-block\">Saveurs irr\u00e9sistibles : savoure le go\u00fbt intense du chocolat, la douceur du yaourt ou l'ar\u00f4me classique de la vanille.<\/li>\n<li class=\"bullet-star translation-block\">Riche en fibres : avec 10,3g de fibres par 100g, ce snack te rassasie et te satisfait.<\/li>\n<li class=\"bullet-star translation-block\">Pratique \u00e0 emporter : parfaitement portionn\u00e9e, emporte une barre Energy Cake pour un coup de boost avant l'entra\u00eenement ou comme collation de l'apr\u00e8s-midi.<\/li>\n<\/ul>\n<p>Id\u00e9al pour ceux qui souhaitent maintenir leur \u00e9nergie pendant des entra\u00eenements intensifs ou qui recherchent un moyen savoureux d'augmenter leur apport calorique de mani\u00e8re saine. Avec Energy Cake, tu choisis le chemin le plus gourmand pour rester \u00e9nergique et atteindre tes objectifs bien-\u00eatre !<\/p>\n<table class=\"ffnf-clean-table\">\n<thead>\n<tr>\n<th>Valeurs nutritives<\/th>\n<th>100 g<\/th>\n<th>Barre (120 g)<\/th>\n<\/tr>\n<\/thead>\n<tbody>\n<tr>\n<td>\u00c9nergie<\/td>\n<td>1849 kJ \/ 441 kcal<\/td>\n<td>2218 kJ \/ 529 kcal<\/td>\n<\/tr>\n<tr>\n<td>Graisse<br \/>- dont acides gras satur\u00e9s<\/td>\n<td>19,7 g<br \/>10,5 g<\/td>\n<td>23,7 g<br \/>12,6 g<\/td>\n<\/tr>\n<tr>\n<td class=\"translation-block\">Glucides<br>\u2013 dont sucres<\/td>\n<td>57,2 g<br \/>31,0 g<\/td>\n<td>68,6 g<br \/>37,2 g<\/td>\n<\/tr>\n<tr>\n<td>Fibres alimentaires<\/td>\n<td>4,9 g<\/td>\n<td>5,9 g<\/td>\n<\/tr>\n<tr>\n<td>Prot\u00e9ines<\/td>\n<td>6,3 g<\/td>\n<td>7,6 g<\/td>\n<\/tr>\n<tr>\n<td>Sel<\/td>\n<td>0,35 g<\/td>\n<td>0,42 g<\/td>\n<\/tr>\n<\/tbody>\n<\/table>\n\t<div class=\"img has-hover x md-x lg-x y md-y lg-y\" id=\"image_1182893433\">\n\t\t\t\t<div data-parallax-fade=\"true\" data-parallax=\"2\">\t\t\t\t<div class=\"img-inner dark\" >\n\t\t\t<img decoding=\"async\" width=\"1020\" height=\"569\" src=\"https:\/\/fitnfemale.com\/wp-content\/uploads\/energy-cake-closeup3.webp\" class=\"attachment-large size-large\" alt=\"Gros plan sur un g\u00e2teau \u00e9nerg\u00e9tique 3\" srcset=\"https:\/\/fitnfemale.com\/wp-content\/uploads\/energy-cake-closeup3.webp 1376w, https:\/\/fitnfemale.com\/wp-content\/uploads\/energy-cake-closeup3-717x400.webp 717w, https:\/\/fitnfemale.com\/wp-content\/uploads\/energy-cake-closeup3-768x429.webp 768w, https:\/\/fitnfemale.com\/wp-content\/uploads\/energy-cake-closeup3-18x10.webp 18w, https:\/\/fitnfemale.com\/wp-content\/uploads\/energy-cake-closeup3-1000x558.webp 1000w\" sizes=\"(max-width: 1020px) 100vw, 1020px\" \/>\t\t\t\t\t\t\n\t\t\t\t\t<\/div>\n\t\t\t\t<\/div>\t\t\t\t\n<style>\n#image_1182893433 {\n  width: 100%;\n}\n<\/style>\n\t<\/div>","protected":false},"excerpt":{"rendered":"<h2>De l'\u00e9nergie dans une barre d\u00e9licieuse \u2013 Energy Cake !<\/h2>\n<h4>Procure-toi ton boost \u00e9nerg\u00e9tique avec notre pack de 12, rempli d'avoine nourrissante et de calories \u00e9quilibr\u00e9es. Choisis parmi trois saveurs d\u00e9licieuses : chocolat, yaourt et vanille. Parfait pour soutenir ton mode de vie actif avec une \u00e9nergie durable.<\/h4>","protected":false},"featured_media":938227,"comment_status":"open","ping_status":"closed","template":"","meta":{"slim_seo":{"title":"G\u00e2teau \u00e9nerg\u00e9tique - Pr\u00e9sentoir de 12 unit\u00e9s - FitNFemale\u00ae","description":"De l&#039;\u00e9nergie dans une d\u00e9licieuse barre \u2013 Energy Cake ! Faites le plein d&#039;\u00e9nergie avec notre paquet de 12 barres, remplies de flocons d&#039;avoine nutritifs et de glucides \u00e9quilibr\u00e9s."}},"product_brand":[],"product_cat":[6366,6629,292,303,1054],"product_tag":[],"class_list":{"0":"post-793178","1":"product","2":"type-product","3":"status-publish","4":"has-post-thumbnail","6":"product_cat-promo-10","7":"product_cat-basic","8":"product_cat-food","9":"product_cat-snack","10":"product_cat-snacks","11":"pa_anwendungsbereiche-energy","12":"pa_anwendungsbereiche-gesunder-snack","13":"pa_anwendungsbereiche-zunehmen","14":"pa_marke-fitnfemale","15":"pa_schwangerschaft-geeignet","16":"pa_stillzeit-geeignet","17":"pa_vegan-nein","19":"first","20":"instock","21":"taxable","22":"shipping-taxable","23":"purchasable","24":"product-type-variable","25":"has-default-attributes"},"bundled_by":[],"bundle_stock_status":"instock","bundle_stock_quantity":null,"bundle_virtual":false,"bundle_layout":"","bundle_add_to_cart_form_location":"","bundle_editable_in_cart":false,"bundle_sold_individually_context":"","bundle_item_grouping":"","bundle_min_size":"","bundle_max_size":"","bundle_price":[],"bundled_items":[],"bundle_sell_ids":[],"gallery_images":[954972,954977,954973,954979,954976,954974,954978,954975],"_links":{"self":[{"href":"https:\/\/fitnfemale.com\/fr\/wp-json\/wp\/v2\/product\/793178","targetHints":{"allow":["GET"]}}],"collection":[{"href":"https:\/\/fitnfemale.com\/fr\/wp-json\/wp\/v2\/product"}],"about":[{"href":"https:\/\/fitnfemale.com\/fr\/wp-json\/wp\/v2\/types\/product"}],"replies":[{"embeddable":true,"href":"https:\/\/fitnfemale.com\/fr\/wp-json\/wp\/v2\/comments?post=793178"}],"wp:featuredmedia":[{"embeddable":true,"href":"https:\/\/fitnfemale.com\/fr\/wp-json\/wp\/v2\/media\/938227"}],"wp:attachment":[{"href":"https:\/\/fitnfemale.com\/fr\/wp-json\/wp\/v2\/media?parent=793178"}],"wp:term":[{"taxonomy":"product_brand","embeddable":true,"href":"https:\/\/fitnfemale.com\/fr\/wp-json\/wp\/v2\/product_brand?post=793178"},{"taxonomy":"product_cat","embeddable":true,"href":"https:\/\/fitnfemale.com\/fr\/wp-json\/wp\/v2\/product_cat?post=793178"},{"taxonomy":"product_tag","embeddable":true,"href":"https:\/\/fitnfemale.com\/fr\/wp-json\/wp\/v2\/product_tag?post=793178"}],"curies":[{"name":"wp","href":"https:\/\/api.w.org\/{rel}","templated":true}]}}