{"id":790641,"date":"2023-11-18T13:59:52","date_gmt":"2023-11-18T12:59:52","guid":{"rendered":"https:\/\/fitnfemale.com\/?post_type=product&#038;p=790641"},"modified":"2026-04-07T18:01:19","modified_gmt":"2026-04-07T17:01:19","slug":"gym-world-shaker","status":"publish","type":"product","link":"https:\/\/fitnfemale.com\/fr\/produit\/gym-world-shaker\/","title":{"rendered":"Shaker du monde des squats"},"content":{"rendered":"","protected":false},"excerpt":{"rendered":"<h2>Shaken avec style - c'est encore possible avec un shaker !<\/h2>\n<h4>Un shaker ne doit pas toujours \u00eatre \"un shaker\". M\u00eame pour les shakers, FitnFemale attache de l'importance au design.<\/h4>\n<ul>\n<li class=\"bullet-star\">Couvercle avec fermeture \u00e0 vis s\u00e9curis\u00e9e<\/li>\n<li class=\"bullet-star\">Mat\u00e9riau de tr\u00e8s haute qualit\u00e9<\/li>\n<li class=\"bullet-star\">Qualit\u00e9 allemande - Made in Germany<\/li>\n<li class=\"bullet-star\">100 % convient pour les aliments et 100 % ne contient pas de plastifiants dangereux<\/li>\n<li class=\"bullet-star\">Plus jamais de fuite de liquide<\/li>\n<\/ul>","protected":false},"featured_media":794602,"comment_status":"open","ping_status":"closed","template":"","meta":{"slim_seo":{"title":"Squat World Shaker - FitNFemale\u00ae","description":"Secouez avec style \u2013 c&#039;est possible aussi avec un shaker ! Un shaker n&#039;est pas forc\u00e9ment \u00ab juste un shaker \u00bb. FitnFemale accorde \u00e9galement une grande importance au design de ses shakers."}},"product_brand":[],"product_cat":[6362,6629,283,6215],"product_tag":[],"class_list":{"0":"post-790641","1":"product","2":"type-product","3":"status-publish","4":"has-post-thumbnail","6":"product_cat-promo-50","7":"product_cat-basic","8":"product_cat-equipment","9":"product_cat-shaker-equipment","10":"pa_marke-fitnfemale","11":"pa_misc-bpafree","13":"first","14":"outofstock","15":"taxable","16":"shipping-taxable","17":"purchasable","18":"product-type-simple"},"bundled_by":["606608"],"bundle_stock_status":"outofstock","bundle_stock_quantity":0,"bundle_virtual":false,"bundle_layout":"","bundle_add_to_cart_form_location":"","bundle_editable_in_cart":false,"bundle_sold_individually_context":"","bundle_item_grouping":"","bundle_min_size":"","bundle_max_size":"","bundle_price":[],"bundled_items":[],"bundle_sell_ids":[],"gallery_images":[812400,848126,799265,798546,799267],"_links":{"self":[{"href":"https:\/\/fitnfemale.com\/fr\/wp-json\/wp\/v2\/product\/790641","targetHints":{"allow":["GET"]}}],"collection":[{"href":"https:\/\/fitnfemale.com\/fr\/wp-json\/wp\/v2\/product"}],"about":[{"href":"https:\/\/fitnfemale.com\/fr\/wp-json\/wp\/v2\/types\/product"}],"replies":[{"embeddable":true,"href":"https:\/\/fitnfemale.com\/fr\/wp-json\/wp\/v2\/comments?post=790641"}],"wp:featuredmedia":[{"embeddable":true,"href":"https:\/\/fitnfemale.com\/fr\/wp-json\/wp\/v2\/media\/794602"}],"wp:attachment":[{"href":"https:\/\/fitnfemale.com\/fr\/wp-json\/wp\/v2\/media?parent=790641"}],"wp:term":[{"taxonomy":"product_brand","embeddable":true,"href":"https:\/\/fitnfemale.com\/fr\/wp-json\/wp\/v2\/product_brand?post=790641"},{"taxonomy":"product_cat","embeddable":true,"href":"https:\/\/fitnfemale.com\/fr\/wp-json\/wp\/v2\/product_cat?post=790641"},{"taxonomy":"product_tag","embeddable":true,"href":"https:\/\/fitnfemale.com\/fr\/wp-json\/wp\/v2\/product_tag?post=790641"}],"curies":[{"name":"wp","href":"https:\/\/api.w.org\/{rel}","templated":true}]}}