{"id":763746,"date":"2023-07-25T13:03:26","date_gmt":"2023-07-25T12:03:26","guid":{"rendered":"https:\/\/fitnfemale.com\/?post_type=product&#038;p=763746"},"modified":"2026-04-12T18:12:29","modified_gmt":"2026-04-12T17:12:29","slug":"gainer-goddess","status":"publish","type":"product","link":"https:\/\/fitnfemale.com\/fr\/produit\/gainer-goddess\/","title":{"rendered":"Gainer Goddess"},"content":{"rendered":"<div class=\"img has-hover img-details x md-x lg-x y md-y lg-y\" id=\"image_2058798650\">\n\t\t\t\t\t\t\t\t<div class=\"img-inner dark\" >\n\t\t\t<img decoding=\"async\" width=\"1020\" height=\"569\" src=\"https:\/\/fitnfemale.com\/wp-content\/uploads\/gainer-goddess-closeup12.webp\" class=\"attachment-large size-large\" alt=\"Gros plan de la d\u00e9esse Gainer12\" srcset=\"https:\/\/fitnfemale.com\/wp-content\/uploads\/gainer-goddess-closeup12.webp 1376w, https:\/\/fitnfemale.com\/wp-content\/uploads\/gainer-goddess-closeup12-717x400.webp 717w, https:\/\/fitnfemale.com\/wp-content\/uploads\/gainer-goddess-closeup12-768x429.webp 768w, https:\/\/fitnfemale.com\/wp-content\/uploads\/gainer-goddess-closeup12-18x10.webp 18w, https:\/\/fitnfemale.com\/wp-content\/uploads\/gainer-goddess-closeup12-1000x558.webp 1000w\" sizes=\"(max-width: 1020px) 100vw, 1020px\" \/>\t\t\t\t\t\t\n\t\t\t\t\t<\/div>\n\t\t\t\t\t\t\t\t\n<style>\n#image_2058798650 {\n  width: 100%;\n}\n<\/style>\n\t<\/div>\n\t\n<ul>\n<li class=\"bullet-star\"><strong>Les glucides pour l'\u00e9nergie<\/strong>: \u00c0 base de maltodextrine, de farine d&#039;avoine, de farine de quinoa, de poudre de patate douce et de poudre de graisse de noix de coco pour une source d&#039;\u00e9nergie durable.<\/li>\n<li class=\"bullet-star translation-block\"><strong>Vitamines et min\u00e9raux<\/strong> : Un m\u00e9lange soigneusement s\u00e9lectionn\u00e9 pour soutenir le bien-\u00eatre g\u00e9n\u00e9ral.<\/li>\n<li class=\"bullet-star translation-block\"><strong>Ingr\u00e9dients naturels<\/strong> : Contient de la farine de lin et de la l\u00e9cithine de tournesol pour des nutriments suppl\u00e9mentaires.<\/li>\n<li class=\"bullet-star translation-block\"><strong>Sans sucre<\/strong> : Saveur agr\u00e9ablement sucr\u00e9e gr\u00e2ce \u00e0 la st\u00e9via, sans ajout de sucre.<\/li>\n<li class=\"bullet-star translation-block\"><strong>Con\u00e7u pour les d\u00e9esses<\/strong> : Cr\u00e9\u00e9 pour renforcer et promouvoir l'image de soi de chaque femme.<\/li>\n<\/ul>\n<p>Enrichi d'ingr\u00e9dients naturels comme la farine d'avoine, la farine de quiona et la poudre de patate douce, Gainer Goddess offre une source d'\u00e9nergie \u00e9quilibr\u00e9e et durable. Les vitamines et les min\u00e9raux ajout\u00e9s fournissent \u00e0 ton corps tous les micronutriments n\u00e9cessaires.<\/p>\n<p>Avec Gainer Goddess, nous avons d\u00e9velopp\u00e9 un compl\u00e9ment alimentaire pour toutes les femmes qui cherchent \u00e0 atteindre une prise de poids \u00e9quilibr\u00e9e.<\/p>\n<p>Gainer Goddess n'est pas une formule de prise de poids ordinaire. Elle combine des glucides et des prot\u00e9ines de haute qualit\u00e9 pour fournir \u00e0 votre corps de l'\u00e9nergie et des nutriments. Notre formule unique contient du concentr\u00e9 de prot\u00e9ines de lactos\u00e9rum et des prot\u00e9ines de pois, ainsi que de la maltodextrine, de la farine d'avoine, de la farine de quinoa, de la poudre de patate douce et de la poudre de graisse de coco.<\/p>\n<p>Nous avons ajout\u00e9 de l'inuline, une fibre qui contribue au soutien d'une digestion normale.<\/p>\n<p>Mais ce n'est pas tout. Enrichie en hydrolysat de collag\u00e8ne, notre formule contient des ingr\u00e9dients traditionnellement associ\u00e9s au soutien de la peau, des cheveux et des ongles.<\/p>\n<p>Notre m\u00e9lange de vitamines et de min\u00e9raux soigneusement s\u00e9lectionn\u00e9s garantit que ton corps re\u00e7oit tous les micronutriments dont il a besoin pour une performance et une sant\u00e9 optimales. Tout cela est compl\u00e9t\u00e9 par de la st\u00e9via pour un go\u00fbt agr\u00e9ablement sucr\u00e9, sans aucun sucre suppl\u00e9mentaire.<\/p>\n<p>Et bien s\u00fbr, nous avons aussi pens\u00e9 aux plus petits d\u00e9tails. Avec de la l\u00e9cithine de tournesol pour favoriser l'absorption des nutriments, Gainer Goddess est tellement plus qu'un simple weight gainer.<\/p>\n<p>Alors, que tu veuilles augmenter ta masse musculaire, prendre du poids sainement ou simplement am\u00e9liorer ton bien-\u00eatre, Gainer Goddess est le compl\u00e9ment alimentaire dont tu as besoin. Car tu es une d\u00e9esse - et il est temps que tu te sentes comme telle.<\/p>\n<div class=\"accordion\">\n\t<div id=\"accordion-1466597781\" class=\"accordion-item\">\n\t\t<a id=\"accordion-1466597781-label\" class=\"accordion-title plain\" href=\"#accordion-item-n\u00e4hrwerte\" aria-expanded=\"false\" aria-controls=\"accordion-1466597781-content\">\n\t\t\t<button class=\"toggle\" aria-label=\"Basculer\"><i class=\"icon-angle-down\" aria-hidden=\"true\"><\/i><\/button>\n\t\t\t<span>Valeurs nutritives<\/span>\n\t\t<\/a>\n\t\t<div id=\"accordion-1466597781-content\" class=\"accordion-inner\" aria-labelledby=\"accordion-1466597781-label\">\n\t\t\t\n<table class=\"ffnf-clean-table\">\n<thead>\n<tr>\n<th>Valeurs nutritives<\/th>\n<th>100 g<\/th>\n<th>Portion (50 g)<\/th>\n<\/tr>\n<\/thead>\n<tbody>\n<tr>\n<td>\u00c9nergie<\/td>\n<td>1674 kJ \/ 396 kcal<\/td>\n<td>837 kJ \/ 198 kcal<\/td>\n<\/tr>\n<tr>\n<td>Graisse<br \/>- dont acides gras satur\u00e9s<\/td>\n<td>7,7 g<br \/>3,9 g<\/td>\n<td>3,8 g<br \/>2,0 g<\/td>\n<\/tr>\n<tr>\n<td class=\"translation-block\">Glucides<br>\u2013 dont sucres<\/td>\n<td>50,9 g<br \/>3,2 g<\/td>\n<td>25,4 g<br \/>1,6 g<\/td>\n<\/tr>\n<tr>\n<td>Fibres alimentaires<\/td>\n<td>3,0 g<\/td>\n<td>1,5 g<\/td>\n<\/tr>\n<tr>\n<td>Prot\u00e9ines<\/td>\n<td>29,4 g<\/td>\n<td>14,7 g<\/td>\n<\/tr>\n<tr>\n<td>Sel<\/td>\n<td>0,47 g<\/td>\n<td>0,24 g<\/td>\n<\/tr>\n<\/tbody>\n<\/table>\n\t\t<\/div>\n\t<\/div>\n\t\n\t<div id=\"accordion-653352415\" class=\"accordion-item\">\n\t\t<a id=\"accordion-653352415-label\" class=\"accordion-title plain\" href=\"#accordion-item-inhaltsstoffe\" aria-expanded=\"false\" aria-controls=\"accordion-653352415-content\">\n\t\t\t<button class=\"toggle\" aria-label=\"Basculer\"><i class=\"icon-angle-down\" aria-hidden=\"true\"><\/i><\/button>\n\t\t\t<span>Ingr\u00e9dients<\/span>\n\t\t<\/a>\n\t\t<div id=\"accordion-653352415-content\" class=\"accordion-inner\" aria-labelledby=\"accordion-653352415-label\">\n\t\t\t\n<table class=\"ffnf-clean-table\">\n<thead>\n<tr>\n<th>Ingr\u00e9dients<\/th>\n<th>100 g<\/th>\n<th>Portion (50 g)<\/th>\n<th>% NRV*<\/th>\n<\/tr>\n<\/thead>\n<tbody>\n<tr>\n<td>Vitamine A (R\u00e9tinol)<\/td>\n<td>737,9 \u00b5g<\/td>\n<td>369,0 \u00b5g<\/td>\n<td>46 %<\/td>\n<\/tr>\n<tr>\n<td>Vitamine D (calcif\u00e9rol)<\/td>\n<td>10,0 \u00b5g<\/td>\n<td>5,0 \u00b5g<\/td>\n<td>100 %<\/td>\n<\/tr>\n<tr>\n<td>Vitamine E (alpha-tocoph\u00e9rol)<\/td>\n<td>11,2 mg<\/td>\n<td>5,6 mg<\/td>\n<td>47 %<\/td>\n<\/tr>\n<tr>\n<td>Vitamine K (phylloquinone)<\/td>\n<td>51,3 \u00b5g<\/td>\n<td>25,6 \u00b5g<\/td>\n<td>34 %<\/td>\n<\/tr>\n<tr>\n<td>Vitamine B1 (Thiamine)<\/td>\n<td>1,2 mg<\/td>\n<td>0,6 mg<\/td>\n<td>54 %<\/td>\n<\/tr>\n<tr>\n<td>Vitamine B2 (Riboflavine)<\/td>\n<td>1,4 mg<\/td>\n<td>0,7 mg<\/td>\n<td>49 %<\/td>\n<\/tr>\n<tr>\n<td>Vitamine B3 (Niacine)<\/td>\n<td>14,8 mg<\/td>\n<td>7,4 mg<\/td>\n<td>46 %<\/td>\n<\/tr>\n<tr>\n<td>Vitamine B5 (acide pantoth\u00e9nique)<\/td>\n<td>5,8 mg<\/td>\n<td>2,9 mg<\/td>\n<td>48 %<\/td>\n<\/tr>\n<tr>\n<td>Vitamine B6 (pyridoxine)<\/td>\n<td>1,3 mg<\/td>\n<td>0,7 mg<\/td>\n<td>48 %<\/td>\n<\/tr>\n<tr>\n<td>Vitamine B7 (Biotine)<\/td>\n<td>51,9 \u00b5g<\/td>\n<td>26,0 \u00b5g<\/td>\n<td>52 %<\/td>\n<\/tr>\n<tr>\n<td>Vitamine B9 (acide folique)<\/td>\n<td>213,2 \u00b5g<\/td>\n<td>106,6 \u00b5g<\/td>\n<td>53 %<\/td>\n<\/tr>\n<tr>\n<td>Vitamine B12 (Cobalamine)<\/td>\n<td>4,2 \u00b5g<\/td>\n<td>2,1 \u00b5g<\/td>\n<td>84 %<\/td>\n<\/tr>\n<tr>\n<td>Vitamine C (acide ascorbique)<\/td>\n<td>80,0 mg<\/td>\n<td>40,0 mg<\/td>\n<td>50 %<\/td>\n<\/tr>\n<tr>\n<td>Calcium<\/td>\n<td>310,0 mg<\/td>\n<td>155,0 mg<\/td>\n<td>19 %<\/td>\n<\/tr>\n<tr>\n<td>magn\u00e9sium<\/td>\n<td>148,7 mg<\/td>\n<td>74,3 mg<\/td>\n<td>20 %<\/td>\n<\/tr>\n<tr>\n<td>phosphore<\/td>\n<td>370,9 mg<\/td>\n<td>185,5 mg<\/td>\n<td>26 %<\/td>\n<\/tr>\n<tr>\n<td>Fer<\/td>\n<td>13,4 mg<\/td>\n<td>6,7 mg<\/td>\n<td>48 %<\/td>\n<\/tr>\n<tr>\n<td>zinc<\/td>\n<td>8,9 mg<\/td>\n<td>4,4 mg<\/td>\n<td>44 %<\/td>\n<\/tr>\n<tr>\n<td>cuivre<\/td>\n<td>1,2 mg<\/td>\n<td>0,6 mg<\/td>\n<td>62 %<\/td>\n<\/tr>\n<tr>\n<td>mangan\u00e8se<\/td>\n<td>2,0 mg<\/td>\n<td>1,0 mg<\/td>\n<td>49 %<\/td>\n<\/tr>\n<tr>\n<td>iode<\/td>\n<td>105,4 \u00b5g<\/td>\n<td>52,7 \u00b5g<\/td>\n<td>35 %<\/td>\n<\/tr>\n<tr>\n<td>chrome<\/td>\n<td>38,6 \u00b5g<\/td>\n<td>19,3 \u00b5g<\/td>\n<td>48 %<\/td>\n<\/tr>\n<tr>\n<td>s\u00e9l\u00e9nium<\/td>\n<td>49,7 \u00b5g<\/td>\n<td>24,8 \u00b5g<\/td>\n<td>45 %<\/td>\n<\/tr>\n<tr>\n<td>Molyd\u00e8ne<\/td>\n<td>41,5 \u00b5g<\/td>\n<td>20,7 \u00b5g<\/td>\n<td>41 %<\/td>\n<\/tr>\n<tr>\n<td>concentr\u00e9 de prot\u00e9ines de lactos\u00e9rum<\/td>\n<td>10,0 g<\/td>\n<td>5,0 g<\/td>\n<td>\u2013<\/td>\n<\/tr>\n<tr>\n<td>prot\u00e9ines de pois<\/td>\n<td>10,0 g<\/td>\n<td>5,0 g<\/td>\n<td>\u2013<\/td>\n<\/tr>\n<tr>\n<td>Hydrolysat de collag\u00e8ne (bovin)<\/td>\n<td>10,0 g<\/td>\n<td>5,0 g<\/td>\n<td>\u2013<\/td>\n<\/tr>\n<\/tbody>\n<\/table>\n\t\t<\/div>\n\t<\/div>\n\t\n<\/div>","protected":false},"excerpt":{"rendered":"<h2><strong>D\u00e9couvre la d\u00e9esse qui est en toi avec Gainer Goddess.<\/strong><\/h2>\n<h4 class=\"translation-block\"><strong>Gainer Goddess<\/strong> est ta solution ultime pour une prise de poids saine et une beaut\u00e9 int\u00e9rieure. Compos\u00e9e de prot\u00e9ines, de glucides et d'hydrolysat de collag\u00e8ne de haute qualit\u00e9, cette formule sp\u00e9cialement con\u00e7ue favorise \u00e0 la fois le d\u00e9veloppement de la masse musculaire et la croissance de la peau, des cheveux et des ongles.<\/h4>\n<ul>\n<li class=\"bullet-star translation-block\"><strong>Prise de poids saine<\/strong> : Sp\u00e9cialement con\u00e7u pour soutenir les femmes qui cherchent \u00e0 atteindre une prise de poids \u00e9quilibr\u00e9e.<\/li>\n<li class=\"bullet-star translation-block\"><strong>Prot\u00e9ines de haute qualit\u00e9<\/strong> : Contient du concentr\u00e9 de prot\u00e9ines de lactos\u00e9rum et des prot\u00e9ines de pois, contribuant \u00e0 une alimentation riche en prot\u00e9ines.<\/li>\n<li class=\"bullet-star translation-block\"><strong>Boost beaut\u00e9<\/strong> : Enrichi en hydrolysat de collag\u00e8ne, traditionnellement associ\u00e9 au soutien de la peau, des cheveux et des ongles.<\/li>\n<\/ul>","protected":false},"featured_media":952468,"comment_status":"open","ping_status":"closed","template":"","meta":{"slim_seo":{"title":"Gainer Goddess - FitNFemale\u00ae","description":"R\u00e9v\u00e9lez la d\u00e9esse qui sommeille en vous avec Gainer Goddess. Gainer Goddess est le compl\u00e9ment alimentaire id\u00e9al pour une prise de poids \u00e9quilibr\u00e9e et une beaut\u00e9 int\u00e9rieure rayonnante."}},"product_brand":[],"product_cat":[6629,1047,401,6671],"product_tag":[6487,6486,6489],"class_list":{"0":"post-763746","1":"product","2":"type-product","3":"status-publish","4":"has-post-thumbnail","6":"product_cat-basic","7":"product_cat-fit-strong","8":"product_cat-health","9":"product_cat-topdeals","10":"product_tag-beauty","11":"product_tag-collagen","12":"product_tag-skin","13":"pa_anwendungsbereiche-gewichtszunahme","14":"pa_anwendungsbereiche-muskelversorgung","15":"pa_anwendungsbereiche-recovery","16":"pa_marke-fitnfemale","17":"pa_misc-aspartamfree","18":"pa_schwangerschaft-geeignet","19":"pa_stillzeit-geeignet","20":"pa_vegan-nein","22":"first","23":"instock","24":"taxable","25":"shipping-taxable","26":"purchasable","27":"product-type-variable","28":"has-default-attributes"},"bundled_by":["957236"],"bundle_stock_status":"instock","bundle_stock_quantity":null,"bundle_virtual":false,"bundle_layout":"","bundle_add_to_cart_form_location":"","bundle_editable_in_cart":false,"bundle_sold_individually_context":"","bundle_item_grouping":"","bundle_min_size":"","bundle_max_size":"","bundle_price":[],"bundled_items":[],"bundle_sell_ids":[],"gallery_images":[953685,953686,953688,953682,952469,953684,953687,953683,961247],"_links":{"self":[{"href":"https:\/\/fitnfemale.com\/fr\/wp-json\/wp\/v2\/product\/763746","targetHints":{"allow":["GET"]}}],"collection":[{"href":"https:\/\/fitnfemale.com\/fr\/wp-json\/wp\/v2\/product"}],"about":[{"href":"https:\/\/fitnfemale.com\/fr\/wp-json\/wp\/v2\/types\/product"}],"replies":[{"embeddable":true,"href":"https:\/\/fitnfemale.com\/fr\/wp-json\/wp\/v2\/comments?post=763746"}],"wp:featuredmedia":[{"embeddable":true,"href":"https:\/\/fitnfemale.com\/fr\/wp-json\/wp\/v2\/media\/952468"}],"wp:attachment":[{"href":"https:\/\/fitnfemale.com\/fr\/wp-json\/wp\/v2\/media?parent=763746"}],"wp:term":[{"taxonomy":"product_brand","embeddable":true,"href":"https:\/\/fitnfemale.com\/fr\/wp-json\/wp\/v2\/product_brand?post=763746"},{"taxonomy":"product_cat","embeddable":true,"href":"https:\/\/fitnfemale.com\/fr\/wp-json\/wp\/v2\/product_cat?post=763746"},{"taxonomy":"product_tag","embeddable":true,"href":"https:\/\/fitnfemale.com\/fr\/wp-json\/wp\/v2\/product_tag?post=763746"}],"curies":[{"name":"wp","href":"https:\/\/api.w.org\/{rel}","templated":true}]}}