{"id":746579,"date":"2023-05-25T13:11:44","date_gmt":"2023-05-25T12:11:44","guid":{"rendered":"https:\/\/fitnfemale.com\/?post_type=product&#038;p=746579"},"modified":"2026-04-18T18:11:27","modified_gmt":"2026-04-18T17:11:27","slug":"pink-burn-2-in-1-smooth-fusion","status":"publish","type":"product","link":"https:\/\/fitnfemale.com\/fr\/produit\/pink-burn-2-in-1-smooth-fusion\/","title":{"rendered":"Pink Burn (2 en 1) - Smooth Fusion"},"content":{"rendered":"<div class=\"img has-hover img-details x md-x lg-x y md-y lg-y\" id=\"image_23726201\">\n\t\t\t\t\t\t\t\t<div class=\"img-inner dark\" >\n\t\t\t<img decoding=\"async\" width=\"1020\" height=\"569\" src=\"https:\/\/fitnfemale.com\/wp-content\/uploads\/pinkburn-smoothfusion-5.jpg\" class=\"attachment-large size-large\" alt=\"Fusion lisse Pinkburn\" srcset=\"https:\/\/fitnfemale.com\/wp-content\/uploads\/pinkburn-smoothfusion-5.jpg 1376w, https:\/\/fitnfemale.com\/wp-content\/uploads\/pinkburn-smoothfusion-5-717x400.jpg 717w, https:\/\/fitnfemale.com\/wp-content\/uploads\/pinkburn-smoothfusion-5-768x429.jpg 768w, https:\/\/fitnfemale.com\/wp-content\/uploads\/pinkburn-smoothfusion-5-18x10.jpg 18w, https:\/\/fitnfemale.com\/wp-content\/uploads\/pinkburn-smoothfusion-5-1000x558.jpg 1000w\" sizes=\"(max-width: 1020px) 100vw, 1020px\" \/>\t\t\t\t\t\t\n\t\t\t\t\t<\/div>\n\t\t\t\t\t\t\t\t\n<style>\n#image_23726201 {\n  width: 100%;\n}\n<\/style>\n\t<\/div>\n\t\n<ul>\n<li class=\"bullet-star translation-block\"><strong>Soutien efficace: <\/strong>Notre formule am\u00e9liore les performances pendant l'entra\u00eenement. L-Citrulline et Taurine sont connues pour leur effet b\u00e9n\u00e9fique sur la performance physique et l'endurance.<\/li>\n<li class=\"bullet-star translation-block\"><strong>Effet doux: <\/strong>\nSans picotements ! Ressenti juste 15 minutes apr\u00e8s la prise.<\/li>\n<li class=\"bullet-star translation-block\"><strong>Consommation \u00e9lev\u00e9e de caf\u00e9ine :<\/strong> Avec 200 mg de caf\u00e9ine par portion, Pink Burn fournit une dose robuste d'\u00e9nergie qui am\u00e9liore votre concentration et votre endurance pendant l'entra\u00eenement.<\/li>\n<li class=\"bullet-star translation-block\"><strong>\u00c9quilibre \u00e9lectrolytique sain :<\/strong> Favorise un \u00e9quilibre \u00e9lectrolytique \u00e9quilibr\u00e9, essentiel pour votre performance pendant l'entra\u00eenement et votre r\u00e9cup\u00e9ration<\/li>\n<li class=\"bullet-star translation-block\"><strong>Go\u00fbt rafra\u00eechissant :<\/strong> Profitez du go\u00fbt l\u00e9ger et rafra\u00eechissant de la mangue, qui rend chaque entra\u00eenement agr\u00e9able.<\/li>\n<li class=\"bullet-star translation-block\"><strong>Cocktail d'entra\u00eenement optimal :<\/strong> La combinaison de L-Citrulline, taurine, b\u00e9ta\u00efne et extrait de Schisandra Chinensis fait de Pink Burn Smooth Fusion votre compagnon d'entra\u00eenement id\u00e9al.<\/li>\n<li class=\"bullet-star translation-block\"><strong>Conscience calorique :<\/strong> Avec seulement 20 calories par portion et sans mati\u00e8res grasses, sucre ni glucides, ce produit s'adapte parfaitement \u00e0 un mode de vie soucieux de la sant\u00e9.<\/li>\n<\/ul>\n<p>D\u00e9couvrez la force subtile du 'Pink Burn Smooth Fusion' et vivez votre entra\u00eenement \u00e0 un nouveau niveau !<\/p>\n<div class=\"accordion\">\n\t<div id=\"accordion-2048607157\" class=\"accordion-item\">\n\t\t<a id=\"accordion-2048607157-label\" class=\"accordion-title plain\" href=\"#accordion-item-zus\u00e4tzliche-inhaltsstoffe\" aria-expanded=\"false\" aria-controls=\"accordion-2048607157-content\">\n\t\t\t<button class=\"toggle\" aria-label=\"Basculer\"><i class=\"icon-angle-down\" aria-hidden=\"true\"><\/i><\/button>\n\t\t\t<span>Ingr\u00e9dients suppl\u00e9mentaires<\/span>\n\t\t<\/a>\n\t\t<div id=\"accordion-2048607157-content\" class=\"accordion-inner\" aria-labelledby=\"accordion-2048607157-label\">\n\t\t\t\n<p>Dans cette version, en plus de tous les autres ingr\u00e9dients, il y a les suivants : L-Citrulline, Taurine, B\u00e9ta\u00efne, Extrait de Schisandra Chinensis<\/p>\n\t\t<\/div>\n\t<\/div>\n\t\n\t<div id=\"accordion-2053055678\" class=\"accordion-item\">\n\t\t<a id=\"accordion-2053055678-label\" class=\"accordion-title plain\" href=\"#accordion-item-warum-eine-variante-ohne-beta-alanin?\" aria-expanded=\"false\" aria-controls=\"accordion-2053055678-content\">\n\t\t\t<button class=\"toggle\" aria-label=\"Basculer\"><i class=\"icon-angle-down\" aria-hidden=\"true\"><\/i><\/button>\n\t\t\t<span>Pourquoi une variante sans b\u00eata-alanine ?<\/span>\n\t\t<\/a>\n\t\t<div id=\"accordion-2053055678-content\" class=\"accordion-inner\" aria-labelledby=\"accordion-2053055678-label\">\n\t\t\t\n<p>Bien que beaucoup consid\u00e8rent l'effet de fourmillement de l'acide amin\u00e9 b\u00eata-alanine comme positif et am\u00e9liorant les performances, certaines personnes trouvent cet effet trop extr\u00eame et provoquant des d\u00e9mangeaisons d\u00e9sagr\u00e9ables.<\/p>\n<p>Dans certains pays, comme la Suisse, la b\u00eata-alanine n'est autoris\u00e9e que sous forme de capsules.<\/p>\n\t\t<\/div>\n\t<\/div>\n\t\n\t<div id=\"accordion-194782920\" class=\"accordion-item\">\n\t\t<a id=\"accordion-194782920-label\" class=\"accordion-title plain\" href=\"#accordion-item-n\u00e4hrwerte\" aria-expanded=\"false\" aria-controls=\"accordion-194782920-content\">\n\t\t\t<button class=\"toggle\" aria-label=\"Basculer\"><i class=\"icon-angle-down\" aria-hidden=\"true\"><\/i><\/button>\n\t\t\t<span>Valeurs nutritives<\/span>\n\t\t<\/a>\n\t\t<div id=\"accordion-194782920-content\" class=\"accordion-inner\" aria-labelledby=\"accordion-194782920-label\">\n\t\t\t\n<table class=\"ffnf-clean-table\">\n<thead>\n<tr>\n<th>Valeurs nutritives<\/th>\n<th>100 g<\/th>\n<th>Portion (12 g)<\/th>\n<\/tr>\n<\/thead>\n<tbody>\n<tr>\n<td>\u00c9nergie<\/td>\n<td>810 kJ \/ 193,3 kcal<\/td>\n<td>97,2 kJ \/ 23,2 kcal<\/td>\n<\/tr>\n<tr>\n<td>Graisse<br \/>- dont acides gras satur\u00e9s<\/td>\n<td>0 g<br \/>0 g<\/td>\n<td>0 g<br \/>0 g<\/td>\n<\/tr>\n<tr>\n<td class=\"translation-block\">Glucides<br>\u2013 dont sucres<\/td>\n<td>6,67 g<br \/>0,4 g<\/td>\n<td>0,8 g<br \/>0,05 g<\/td>\n<\/tr>\n<tr>\n<td>Fibres alimentaires<\/td>\n<td>0 g<\/td>\n<td>0 g<\/td>\n<\/tr>\n<tr>\n<td>Prot\u00e9ines<\/td>\n<td>41,67 g<\/td>\n<td>5,0 g<\/td>\n<\/tr>\n<tr>\n<td>Sel<\/td>\n<td>0 g<\/td>\n<td>0 g<\/td>\n<\/tr>\n<\/tbody>\n<\/table>\n\t\t<\/div>\n\t<\/div>\n\t\n\t<div id=\"accordion-1855963292\" class=\"accordion-item\">\n\t\t<a id=\"accordion-1855963292-label\" class=\"accordion-title plain\" href=\"#accordion-item-inhaltsstoffe\" aria-expanded=\"false\" aria-controls=\"accordion-1855963292-content\">\n\t\t\t<button class=\"toggle\" aria-label=\"Basculer\"><i class=\"icon-angle-down\" aria-hidden=\"true\"><\/i><\/button>\n\t\t\t<span>Ingr\u00e9dients<\/span>\n\t\t<\/a>\n\t\t<div id=\"accordion-1855963292-content\" class=\"accordion-inner\" aria-labelledby=\"accordion-1855963292-label\">\n\t\t\t\n<table class=\"ffnf-clean-table\">\n<thead>\n<tr>\n<th>Ingr\u00e9dients<\/th>\n<th>Portion (12 g)<\/th>\n<th>% NRV*<\/th>\n<\/tr>\n<\/thead>\n<tbody>\n<tr>\n<td>L-Arginine<\/td>\n<td>2000 mg<\/td>\n<td>\u2013<\/td>\n<\/tr>\n<tr>\n<td>L-citrulline<\/td>\n<td>1000 mg<\/td>\n<td>\u2013<\/td>\n<\/tr>\n<tr>\n<td>Taurine<\/td>\n<td>1000 mg<\/td>\n<td>\u2013<\/td>\n<\/tr>\n<tr>\n<td>L-tyrosine<\/td>\n<td>500 mg<\/td>\n<td>\u2013<\/td>\n<\/tr>\n<tr>\n<td>Extrait d&#039;orange am\u00e8re<\/td>\n<td>300 mg<\/td>\n<td>\u2013<\/td>\n<\/tr>\n<tr>\n<td>B\u00e9ta\u00efne<\/td>\n<td>250 mg<\/td>\n<td>\u2013<\/td>\n<\/tr>\n<tr>\n<td>extrait de schisandra<\/td>\n<td>250 mg<\/td>\n<td>\u2013<\/td>\n<\/tr>\n<tr>\n<td>Extrait de framboise (5 c\u00e9tones %)<\/td>\n<td>200 mg<\/td>\n<td>\u2013<\/td>\n<\/tr>\n<tr>\n<td>caf\u00e9ine<\/td>\n<td>200 mg<\/td>\n<td>\u2013<\/td>\n<\/tr>\n<tr>\n<td>Vitamine B1<\/td>\n<td>2,2 mg<\/td>\n<td>200 %<\/td>\n<\/tr>\n<tr>\n<td>Vitamine B2<\/td>\n<td>2,8 mg<\/td>\n<td>200 %<\/td>\n<\/tr>\n<tr>\n<td>niacine<\/td>\n<td>48 mg<\/td>\n<td>300 %<\/td>\n<\/tr>\n<tr>\n<td>Acide pantoth\u00e9nique (B5)<\/td>\n<td>12 mg<\/td>\n<td>200 %<\/td>\n<\/tr>\n<tr>\n<td>Vitamine B6<\/td>\n<td>2,8 mg<\/td>\n<td>200 %<\/td>\n<\/tr>\n<tr>\n<td>Biotine<\/td>\n<td>100 \u00b5g<\/td>\n<td>200 %<\/td>\n<\/tr>\n<tr>\n<td>acide folique<\/td>\n<td>400 \u00b5g<\/td>\n<td>200 %<\/td>\n<\/tr>\n<tr>\n<td>Vitamine B12<\/td>\n<td>5 \u00b5g<\/td>\n<td>200 %<\/td>\n<\/tr>\n<tr>\n<td>Calcium<\/td>\n<td>400 mg<\/td>\n<td>50 %<\/td>\n<\/tr>\n<tr>\n<td>magn\u00e9sium<\/td>\n<td>187,5 mg<\/td>\n<td>50 %<\/td>\n<\/tr>\n<tr>\n<td>phosphore<\/td>\n<td>210 mg<\/td>\n<td>30 %<\/td>\n<\/tr>\n<tr>\n<td>sodium<\/td>\n<td>300 mg<\/td>\n<td>\u2013<\/td>\n<\/tr>\n<tr>\n<td>potassium<\/td>\n<td>300 mg<\/td>\n<td>15 %<\/td>\n<\/tr>\n<tr>\n<td>chlorure<\/td>\n<td>120 mg<\/td>\n<td>15 %<\/td>\n<\/tr>\n<\/tbody>\n<\/table>\n\t\t<\/div>\n\t<\/div>\n\t\n<\/div>","protected":false},"excerpt":{"rendered":"<h2>L'\u00e9lan que tu adores, d\u00e9sormais en version plus douce: d\u00e9couvre une version am\u00e9lior\u00e9e avec notre boost 2 en 1 - le 'Pink Burn Smooth Fusion' !<\/h2>\n<h4>Notre Fatburner &amp; Workout Booster vous offre ce dont vous avez besoin pour un entra\u00eenement efficace, maintenant sans l'effet de picotement gr\u00e2ce \u00e0 l'absence de b\u00eata-alanine. Enrichi en L-citrulline, taurine, b\u00e9ta\u00efne et extrait de Schisandra Chinensis, vous obtiendrez rapidement des r\u00e9sultats visibles et perceptibles. #FormulePuissanceLisse<\/h4>","protected":false},"featured_media":971649,"comment_status":"open","ping_status":"closed","template":"","meta":{"slim_seo":{"title":"Pink Burn 2-en-1 Br\u00fbleur de graisses et booster | Br\u00fblage de graisses maximal | FitNFemale","description":"Pink Burn 2-en-1 Br\u00fbleur de graisses et booster : Le produit id\u00e9al avant l&#039;entra\u00eenement pour une combustion maximale des graisses, un effet imm\u00e9diat, un \u00e9quilibre \u00e9lectrolytique optimal et un cocktail d&#039;entra\u00eenement complet. Achetez-le maintenant !"}},"product_brand":[],"product_cat":[6366,6364,317,1052,6671],"product_tag":[],"class_list":{"0":"post-746579","1":"product","2":"type-product","3":"status-publish","4":"has-post-thumbnail","6":"product_cat-promo-10","7":"product_cat-promo-30","8":"product_cat-abnehmen","9":"product_cat-fatburner","10":"product_cat-topdeals","11":"pa_anwendungsbereiche-energy","12":"pa_anwendungsbereiche-focus","13":"pa_anwendungsbereiche-weightloss","14":"pa_anwendungsbereiche-shaping","15":"pa_marke-fitnfemale","16":"pa_misc-aspartamfree","17":"pa_misc-glutenfree","18":"pa_misc-konservierungsfrei","19":"pa_misc-lactosefree","20":"pa_misc-vegetarian","21":"pa_nutritionfactinfo-nofat","22":"pa_nutritionfactinfo-nocarbs","23":"pa_nutritionfactinfo-lowcalories","24":"pa_nutritionfactinfo-lowsugar","25":"pa_schwangerschaft-nicht-geeignet","26":"pa_stillzeit-nicht-geeignet","27":"pa_vegan-ja","29":"first","30":"instock","31":"featured","32":"taxable","33":"shipping-taxable","34":"purchasable","35":"product-type-variable","36":"has-default-attributes"},"bundled_by":["786594","685988"],"bundle_stock_status":"instock","bundle_stock_quantity":null,"bundle_virtual":false,"bundle_layout":"","bundle_add_to_cart_form_location":"","bundle_editable_in_cart":false,"bundle_sold_individually_context":"","bundle_item_grouping":"","bundle_min_size":"","bundle_max_size":"","bundle_price":[],"bundled_items":[],"bundle_sell_ids":[],"gallery_images":[953715,935055,897137,953711,935056,953708,953710,909720,953713],"_links":{"self":[{"href":"https:\/\/fitnfemale.com\/fr\/wp-json\/wp\/v2\/product\/746579","targetHints":{"allow":["GET"]}}],"collection":[{"href":"https:\/\/fitnfemale.com\/fr\/wp-json\/wp\/v2\/product"}],"about":[{"href":"https:\/\/fitnfemale.com\/fr\/wp-json\/wp\/v2\/types\/product"}],"replies":[{"embeddable":true,"href":"https:\/\/fitnfemale.com\/fr\/wp-json\/wp\/v2\/comments?post=746579"}],"wp:featuredmedia":[{"embeddable":true,"href":"https:\/\/fitnfemale.com\/fr\/wp-json\/wp\/v2\/media\/971649"}],"wp:attachment":[{"href":"https:\/\/fitnfemale.com\/fr\/wp-json\/wp\/v2\/media?parent=746579"}],"wp:term":[{"taxonomy":"product_brand","embeddable":true,"href":"https:\/\/fitnfemale.com\/fr\/wp-json\/wp\/v2\/product_brand?post=746579"},{"taxonomy":"product_cat","embeddable":true,"href":"https:\/\/fitnfemale.com\/fr\/wp-json\/wp\/v2\/product_cat?post=746579"},{"taxonomy":"product_tag","embeddable":true,"href":"https:\/\/fitnfemale.com\/fr\/wp-json\/wp\/v2\/product_tag?post=746579"}],"curies":[{"name":"wp","href":"https:\/\/api.w.org\/{rel}","templated":true}]}}