{"id":738344,"date":"2023-04-28T13:39:52","date_gmt":"2023-04-28T12:39:52","guid":{"rendered":"https:\/\/fitnfemale.com\/?post_type=product&#038;p=738344"},"modified":"2026-01-06T09:58:45","modified_gmt":"2026-01-06T08:58:45","slug":"beauty-set-special-5","status":"publish","type":"product","link":"https:\/\/fitnfemale.com\/fr\/produit\/beauty-set-special-5\/","title":{"rendered":"Collagen Harmony Pack"},"content":{"rendered":"<ul>\n<li class=\"bullet-arrow\">\n    <strong><i class=\"fas fa-star\" style=\"margin-right: 6px;\"><\/i>Teint \u00e9clatant et base solide :<\/strong> Le Supermix de Collag\u00e8ne vous apporte quotidiennement du collag\u00e8ne, de la vitamine C, de l&#039;a\u00e7a\u00ef, du camu camu et de l&#039;ashwagandha \u2013 pour les tissus conjonctifs, la peau, les cheveux, les articulations et une plus grande paix int\u00e9rieure.\n  <\/li>\n<li class=\"bullet-arrow\">\n    <strong><i class=\"fas fa-bolt\" style=\"margin-right: 6px;\"><\/i>Un regain d&#039;\u00e9nergie sans coup de fatigue :<\/strong> Collagen Energy vous apporte concentration et \u00e9nergie lors des journ\u00e9es actives \u2013 gr\u00e2ce \u00e0 sa formule beaut\u00e9 sans caf\u00e9ine, enrichie en zinc, biotine et Q10.\n  <\/li>\n<li class=\"bullet-arrow\">\n    <strong><i class=\"fas fa-dumbbell\" style=\"margin-right: 6px;\"><\/i>Shake intelligent prot\u00e9in\u00e9 + collag\u00e8ne :<\/strong> Associe le collag\u00e8ne au lactos\u00e9rum, au DigeZyme\u00ae et aux probiotiques \u2013 id\u00e9al pour la forme physique, la digestion et la r\u00e9cup\u00e9ration apr\u00e8s le sport.\n  <\/li>\n<li class=\"bullet-arrow\">\n    <strong><i class=\"fas fa-heart\" style=\"margin-right: 6px;\"><\/i>Harmonie et vari\u00e9t\u00e9 :<\/strong> Un coup de pouce beaut\u00e9 le matin, de l&#039;\u00e9nergie \u00e0 midi, un shake intelligent le soir \u2013 profitez d&#039;une combinaison adapt\u00e9e \u00e0 votre quotidien.\n  <\/li>\n<\/ul>\n\n\t<section class=\"section dark\" id=\"section_1359630621\">\n\t\t<div class=\"section-bg fill\" >\n\t\t\t\t\t\t\t\t\t\n\t\t\t\n\n\t\t<\/div>\n\n\t\t\n\n\t\t<div class=\"section-content relative\">\n\t\t\t\n<p><i class=\"fas fa-info-circle\" style=\"color: #fff;\"><\/i> <strong>Comment utiliser le kit<\/strong><br \/>\nSupermix de collag\u00e8ne quotidiennement \u2022 \u00c9nergie collag\u00e8ne lorsque vous avez besoin d&#039;\u00e9nergie \u2022 Shake intelligent apr\u00e8s l&#039;entra\u00eenement ou comme repas rapide.<\/p>\n\t\t<\/div>\n\n\t\t\n<style>\n#section_1359630621 {\n  padding-top: 30px;\n  padding-bottom: 30px;\n  background-color: rgb(40, 40, 40);\n}\n<\/style>\n\t<\/section>","protected":false},"excerpt":{"rendered":"<h2>Pack Harmonie Collag\u00e8ne \u2013 Beaut\u00e9. \u00c9nergie. \u00c9quilibre.<\/h2>\n<h4>Trois boissons au collag\u00e8ne parfaitement combin\u00e9es pour votre peau, votre m\u00e9tabolisme et votre bien-\u00eatre \u2013 con\u00e7ues sur mesure pour les femmes actives et exigeantes.<\/h4>","protected":false},"featured_media":954116,"comment_status":"closed","ping_status":"closed","template":"","meta":{"slim_seo":{"title":"Pack Harmonie Collag\u00e8ne - FitNFemale\u00ae","description":"Pack Harmonie Collag\u00e8ne \u2013 Beaut\u00e9. \u00c9nergie. \u00c9quilibre. Trois boissons au collag\u00e8ne parfaitement combin\u00e9es pour votre peau, votre m\u00e9tabolisme et votre bien-\u00eatre \u2013 parmi une gamme d&#039;options."}},"product_brand":[],"product_cat":[6629,401,2627,6290],"product_tag":[],"class_list":{"0":"post-738344","1":"product","2":"type-product","3":"status-publish","4":"has-post-thumbnail","6":"product_cat-basic","7":"product_cat-health","8":"product_cat-sale","9":"product_cat-set","11":"first","12":"instock","13":"sale","14":"virtual","15":"taxable","16":"purchasable","17":"product-type-bundle"},"bundled_by":[],"bundle_stock_status":"instock","bundle_stock_quantity":62,"bundle_virtual":false,"bundle_layout":"default","bundle_add_to_cart_form_location":"after_summary","bundle_editable_in_cart":false,"bundle_sold_individually_context":"product","bundle_item_grouping":"parent","bundle_min_size":"","bundle_max_size":"","bundle_price":{"price":{"min":{"incl_tax":"86.7","excl_tax":"84.502924"},"max":{"incl_tax":"86.7","excl_tax":"84.502924"}},"regular_price":{"min":{"incl_tax":"86.7","excl_tax":"84.502924"},"max":{"incl_tax":"86.7","excl_tax":"84.502924"}}},"bundled_items":[{"bundled_item_id":512,"product_id":528925,"menu_order":0,"quantity_min":1,"quantity_max":1,"quantity_default":1,"priced_individually":false,"shipped_individually":false,"override_title":false,"title":"Collagen Supermix","override_description":true,"description":"Votre dose quotidienne d&#039;\u00e9clat pour la peau et le bien-\u00eatre.","optional":false,"hide_thumbnail":false,"discount":"","override_variations":true,"allowed_variations":[528926],"override_default_variation_attributes":false,"default_variation_attributes":[],"single_product_visibility":"visible","cart_visibility":"hidden","order_visibility":"visible","single_product_price_visibility":"visible","cart_price_visibility":"visible","order_price_visibility":"visible","stock_status":"in_stock"},{"bundled_item_id":514,"product_id":660258,"menu_order":1,"quantity_min":1,"quantity_max":1,"quantity_default":1,"priced_individually":false,"shipped_individually":false,"override_title":false,"title":"Collagen Energy","override_description":true,"description":"Concentration et \u00e9nergie pour des journ\u00e9es actives \u2013 sans coup de fatigue.","optional":false,"hide_thumbnail":false,"discount":"","override_variations":false,"allowed_variations":[660259],"override_default_variation_attributes":false,"default_variation_attributes":[],"single_product_visibility":"visible","cart_visibility":"hidden","order_visibility":"visible","single_product_price_visibility":"visible","cart_price_visibility":"visible","order_price_visibility":"visible","stock_status":"in_stock"},{"bundled_item_id":516,"product_id":699958,"menu_order":2,"quantity_min":1,"quantity_max":1,"quantity_default":1,"priced_individually":false,"shipped_individually":false,"override_title":false,"title":"Whey Collagen Smart Shake","override_description":true,"description":"Prot\u00e9ines et collag\u00e8ne pour la forme, la sati\u00e9t\u00e9 et la r\u00e9g\u00e9n\u00e9ration.","optional":false,"hide_thumbnail":false,"discount":"","override_variations":false,"allowed_variations":[],"override_default_variation_attributes":false,"default_variation_attributes":[],"single_product_visibility":"visible","cart_visibility":"hidden","order_visibility":"visible","single_product_price_visibility":"visible","cart_price_visibility":"visible","order_price_visibility":"visible","stock_status":"in_stock"}],"bundle_sell_ids":[],"gallery_images":[954108,953318,953182,953137],"_links":{"self":[{"href":"https:\/\/fitnfemale.com\/fr\/wp-json\/wp\/v2\/product\/738344","targetHints":{"allow":["GET"]}}],"collection":[{"href":"https:\/\/fitnfemale.com\/fr\/wp-json\/wp\/v2\/product"}],"about":[{"href":"https:\/\/fitnfemale.com\/fr\/wp-json\/wp\/v2\/types\/product"}],"replies":[{"embeddable":true,"href":"https:\/\/fitnfemale.com\/fr\/wp-json\/wp\/v2\/comments?post=738344"}],"wp:featuredmedia":[{"embeddable":true,"href":"https:\/\/fitnfemale.com\/fr\/wp-json\/wp\/v2\/media\/954116"}],"wp:attachment":[{"href":"https:\/\/fitnfemale.com\/fr\/wp-json\/wp\/v2\/media?parent=738344"}],"wp:term":[{"taxonomy":"product_brand","embeddable":true,"href":"https:\/\/fitnfemale.com\/fr\/wp-json\/wp\/v2\/product_brand?post=738344"},{"taxonomy":"product_cat","embeddable":true,"href":"https:\/\/fitnfemale.com\/fr\/wp-json\/wp\/v2\/product_cat?post=738344"},{"taxonomy":"product_tag","embeddable":true,"href":"https:\/\/fitnfemale.com\/fr\/wp-json\/wp\/v2\/product_tag?post=738344"}],"curies":[{"name":"wp","href":"https:\/\/api.w.org\/{rel}","templated":true}]}}