{"id":738226,"date":"2023-04-28T09:00:46","date_gmt":"2023-04-28T08:00:46","guid":{"rendered":"https:\/\/fitnfemale.com\/?post_type=product&#038;p=738226"},"modified":"2026-03-09T13:50:32","modified_gmt":"2026-03-09T12:50:32","slug":"fit-strong-kombi-2","status":"publish","type":"product","link":"https:\/\/fitnfemale.com\/fr\/produit\/fit-strong-kombi-2\/","title":{"rendered":"Fit &amp; Strong Ultimate"},"content":{"rendered":"<div class=\"img has-hover img-details x md-x lg-x y md-y lg-y\" id=\"image_201757103\">\n\t\t\t\t\t\t\t\t<div class=\"img-inner dark\" >\n\t\t\t<img decoding=\"async\" width=\"1020\" height=\"569\" src=\"https:\/\/fitnfemale.com\/wp-content\/uploads\/fit-strong-bundle-closeup-11.jpg\" class=\"attachment-large size-large\" alt=\"Gros plan d&#039;un faisceau solide et ajust\u00e9\" srcset=\"https:\/\/fitnfemale.com\/wp-content\/uploads\/fit-strong-bundle-closeup-11.jpg 1376w, https:\/\/fitnfemale.com\/wp-content\/uploads\/fit-strong-bundle-closeup-11-717x400.jpg 717w, https:\/\/fitnfemale.com\/wp-content\/uploads\/fit-strong-bundle-closeup-11-768x429.jpg 768w, https:\/\/fitnfemale.com\/wp-content\/uploads\/fit-strong-bundle-closeup-11-18x10.jpg 18w, https:\/\/fitnfemale.com\/wp-content\/uploads\/fit-strong-bundle-closeup-11-1000x558.jpg 1000w\" sizes=\"(max-width: 1020px) 100vw, 1020px\" \/>\t\t\t\t\t\t\n\t\t\t\t\t<\/div>\n\t\t\t\t\t\t\t\t\n<style>\n#image_201757103 {\n  width: 100%;\n}\n<\/style>\n\t<\/div>\n\t\n<ul>\n<li class=\"bullet-arrow\"><strong><i class=\"fas fa-star\" style=\"margin-right: 6px;\"><\/i>Shape Me Shake \u2013 Boisson prot\u00e9in\u00e9e pour atteindre vos objectifs de remise en forme\u00a0:<\/strong> Cr\u00e9meux, adapt\u00e9 \u00e0 un usage quotidien et id\u00e9al apr\u00e8s l&#039;entra\u00eenement ou comme collation prot\u00e9in\u00e9e. <strong>Ce n&#039;est pas un substitut de repas.<\/strong> \u2013 mais votre apport en prot\u00e9ines sans complications.<\/li>\n<li class=\"bullet-arrow\"><strong><i class=\"fas fa-bolt\" style=\"margin-right: 6px;\"><\/i>Pink Rush \u2013 Un programme d&#039;entra\u00eenement pour tonifier vos muscles\u00a0:<\/strong> Parfait avant l&#039;entra\u00eenement pour la concentration, la congestion musculaire et cette sensation de motivation \u2013 quand vous voulez donner le meilleur de vous-m\u00eame.<\/li>\n<li class=\"bullet-arrow\"><strong><i class=\"fas fa-bolt\" style=\"margin-right: 6px;\"><\/i>\u00c9nergie Collag\u00e8ne \u2013 Beaut\u00e9 et Puissance dans une seule boisson\u00a0:<\/strong> Votre coup de pouce pour les journ\u00e9es actives \u2013 lorsque vous avez besoin d&#039;\u00e9nergie sans vous sentir \u201e lourd \u201c.<\/li>\n<li class=\"bullet-arrow\"><strong><i class=\"fas fa-heart\" style=\"margin-right: 6px;\"><\/i>Om\u00e9ga 3 \u2013 la base quotidienne\u00a0:<\/strong> Une base solide pour votre routine \u2013 surtout si vous souhaitez vous sentir stable et \u00e9quilibr\u00e9 int\u00e9rieurement.<\/li>\n<li class=\"bullet-arrow\"><strong><i class=\"fas fa-gift\" style=\"margin-right: 6px;\"><\/i>Girl Boss Shaker \u2013 gratuit\u00a0:<\/strong> Vos boissons sont donc toujours rapides et faciles \u00e0 pr\u00e9parer : secouez, buvez, et passez \u00e0 autre chose.<\/li>\n<\/ul>\n\n\t<section class=\"section dark\" id=\"section_210091325\">\n\t\t<div class=\"section-bg fill\" >\n\t\t\t\t\t\t\t\t\t\n\t\t\t\n\n\t\t<\/div>\n\n\t\t\n\n\t\t<div class=\"section-content relative\">\n\t\t\t\n<p><i class=\"fas fa-info-circle\" style=\"color: #fff;\"><\/i> <strong>Comment utiliser le kit<\/strong><br \/>\nOm\u00e9ga 3 quotidiennement avec un repas \u2022 Pink Rush 20 \u00e0 30 minutes avant l&#039;entra\u00eenement \u2022 Collagen Energy pendant la journ\u00e9e (pas tard le soir) pour la concentration et la motivation \u2022 Shape Me Shake apr\u00e8s l&#039;entra\u00eenement ou comme collation prot\u00e9in\u00e9e \u2022 le tout facilement m\u00e9lang\u00e9 dans le Girl Boss Shaker.<\/p>\n\t\t<\/div>\n\n\t\t\n<style>\n#section_210091325 {\n  padding-top: 30px;\n  padding-bottom: 30px;\n  background-color: rgb(40, 40, 40);\n}\n<\/style>\n\t<\/section>","protected":false},"excerpt":{"rendered":"<h2>D\u00e9couvre le Fit &amp; Strong Ultimate Bundle : ton paquet complet pour l'entra\u00eenement, la r\u00e9cup\u00e9ration et la sant\u00e9 !<\/h2>\n<h4>Vous souhaitez \u00eatre en pleine forme, donner le meilleur de vous-m\u00eame et maintenir facilement le cap dans votre vie quotidienne\u00a0? Fit &amp; Strong Ultimate combine tout ce qui renforce votre routine, de la motivation avant l\u2019entra\u00eenement \u00e0 la base quotidienne.<\/h4>","protected":false},"featured_media":954126,"comment_status":"open","ping_status":"closed","template":"","meta":{"slim_seo":{"title":"Fit &amp; Strong Ultimate - FitNFemale\u00ae","description":"D\u00e9couvrez le pack ultime Fit &amp; Strong\u00a0: votre solution compl\u00e8te pour l\u2019entra\u00eenement, la r\u00e9cup\u00e9ration et la sant\u00e9\u00a0! Vous souhaitez \u00eatre en pleine forme, donner le meilleur de vous-m\u00eame et rester fort."}},"product_brand":[],"product_cat":[6629,311,1047],"product_tag":[],"class_list":{"0":"post-738226","1":"product","2":"type-product","3":"status-publish","4":"has-post-thumbnail","6":"product_cat-basic","7":"product_cat-bundle","8":"product_cat-fit-strong","9":"pa_anwendungsbereiche-energy","10":"pa_anwendungsbereiche-for-your-workout","11":"pa_anwendungsbereiche-power","12":"pa_marke-fitnfemale","13":"pa_stillzeit-nicht-geeignet","14":"pa_vegan-nein","16":"first","17":"instock","18":"sale","19":"featured","20":"downloadable","21":"taxable","22":"shipping-taxable","23":"purchasable","24":"product-type-bundle"},"bundled_by":[],"bundle_stock_status":"instock","bundle_stock_quantity":80,"bundle_virtual":false,"bundle_layout":"default","bundle_add_to_cart_form_location":"default","bundle_editable_in_cart":false,"bundle_sold_individually_context":"product","bundle_item_grouping":"noindent","bundle_min_size":"","bundle_max_size":"","bundle_price":{"price":{"min":{"incl_tax":"138.9","excl_tax":"135.380117"},"max":{"incl_tax":"138.9","excl_tax":"135.380117"}},"regular_price":{"min":{"incl_tax":"138.9","excl_tax":"135.380117"},"max":{"incl_tax":"138.9","excl_tax":"135.380117"}}},"bundled_items":[{"bundled_item_id":598,"product_id":43303,"menu_order":0,"quantity_min":1,"quantity_max":1,"quantity_default":1,"priced_individually":false,"shipped_individually":false,"override_title":false,"title":"Shape Me Shake","override_description":true,"description":"Boisson prot\u00e9in\u00e9e pour un programme de remise en forme et des objectifs minceur.","optional":false,"hide_thumbnail":false,"discount":"","override_variations":false,"allowed_variations":[],"override_default_variation_attributes":false,"default_variation_attributes":[],"single_product_visibility":"visible","cart_visibility":"hidden","order_visibility":"visible","single_product_price_visibility":"visible","cart_price_visibility":"visible","order_price_visibility":"visible","stock_status":"in_stock"},{"bundled_item_id":631,"product_id":660258,"menu_order":1,"quantity_min":1,"quantity_max":1,"quantity_default":1,"priced_individually":false,"shipped_individually":false,"override_title":false,"title":"Collagen Energy","override_description":true,"description":"\u00c9nergie beaut\u00e9 pour des journ\u00e9es actives.","optional":false,"hide_thumbnail":false,"discount":"","override_variations":false,"allowed_variations":[],"override_default_variation_attributes":false,"default_variation_attributes":[],"single_product_visibility":"visible","cart_visibility":"hidden","order_visibility":"visible","single_product_price_visibility":"visible","cart_price_visibility":"visible","order_price_visibility":"visible","stock_status":"in_stock"},{"bundled_item_id":632,"product_id":5079,"menu_order":2,"quantity_min":1,"quantity_max":1,"quantity_default":1,"priced_individually":false,"shipped_individually":false,"override_title":false,"title":"Pink Rush (Muscle Tone Booster)","override_description":true,"description":"Entra\u00eenement ax\u00e9 sur la concentration et la congestion musculaire.","optional":false,"hide_thumbnail":false,"discount":"","override_variations":false,"allowed_variations":[],"override_default_variation_attributes":false,"default_variation_attributes":[],"single_product_visibility":"visible","cart_visibility":"hidden","order_visibility":"visible","single_product_price_visibility":"visible","cart_price_visibility":"visible","order_price_visibility":"visible","stock_status":"in_stock"},{"bundled_item_id":626,"product_id":104131,"menu_order":3,"quantity_min":1,"quantity_max":1,"quantity_default":1,"priced_individually":false,"shipped_individually":false,"override_title":false,"title":"Girl Boss Shaker","override_description":true,"description":"C&#039;est gratuit \u2013 m\u00e9langez, buvez, partez.","optional":false,"hide_thumbnail":false,"discount":"","override_variations":false,"allowed_variations":[],"override_default_variation_attributes":false,"default_variation_attributes":[],"single_product_visibility":"visible","cart_visibility":"hidden","order_visibility":"visible","single_product_price_visibility":"visible","cart_price_visibility":"visible","order_price_visibility":"visible","stock_status":"in_stock"},{"bundled_item_id":646,"product_id":4994,"menu_order":4,"quantity_min":1,"quantity_max":1,"quantity_default":1,"priced_individually":false,"shipped_individually":false,"override_title":false,"title":"Om\u00e9ga 3","override_description":true,"description":"Au quotidien, pour un \u00e9quilibre int\u00e9rieur.","optional":false,"hide_thumbnail":false,"discount":"","override_variations":false,"allowed_variations":[],"override_default_variation_attributes":false,"default_variation_attributes":[],"single_product_visibility":"visible","cart_visibility":"visible","order_visibility":"visible","single_product_price_visibility":"visible","cart_price_visibility":"visible","order_price_visibility":"visible","stock_status":"in_stock"}],"bundle_sell_ids":[],"gallery_images":[953962,953963,953961,952994,953317,953921,953740],"_links":{"self":[{"href":"https:\/\/fitnfemale.com\/fr\/wp-json\/wp\/v2\/product\/738226","targetHints":{"allow":["GET"]}}],"collection":[{"href":"https:\/\/fitnfemale.com\/fr\/wp-json\/wp\/v2\/product"}],"about":[{"href":"https:\/\/fitnfemale.com\/fr\/wp-json\/wp\/v2\/types\/product"}],"replies":[{"embeddable":true,"href":"https:\/\/fitnfemale.com\/fr\/wp-json\/wp\/v2\/comments?post=738226"}],"wp:featuredmedia":[{"embeddable":true,"href":"https:\/\/fitnfemale.com\/fr\/wp-json\/wp\/v2\/media\/954126"}],"wp:attachment":[{"href":"https:\/\/fitnfemale.com\/fr\/wp-json\/wp\/v2\/media?parent=738226"}],"wp:term":[{"taxonomy":"product_brand","embeddable":true,"href":"https:\/\/fitnfemale.com\/fr\/wp-json\/wp\/v2\/product_brand?post=738226"},{"taxonomy":"product_cat","embeddable":true,"href":"https:\/\/fitnfemale.com\/fr\/wp-json\/wp\/v2\/product_cat?post=738226"},{"taxonomy":"product_tag","embeddable":true,"href":"https:\/\/fitnfemale.com\/fr\/wp-json\/wp\/v2\/product_tag?post=738226"}],"curies":[{"name":"wp","href":"https:\/\/api.w.org\/{rel}","templated":true}]}}