{"id":738020,"date":"2023-04-27T15:06:53","date_gmt":"2023-04-27T14:06:53","guid":{"rendered":"https:\/\/fitnfemale.com\/?post_type=product&#038;p=738020"},"modified":"2026-01-06T09:41:39","modified_gmt":"2026-01-06T08:41:39","slug":"beauty-set-special-8","status":"publish","type":"product","link":"https:\/\/fitnfemale.com\/fr\/produit\/beauty-set-special-8\/","title":{"rendered":"Pink Burn Duo Package"},"content":{"rendered":"<div class=\"img has-hover img-details x md-x lg-x y md-y lg-y\" id=\"image_662131675\">\n\t\t\t\t\t\t\t\t<div class=\"img-inner dark\" >\n\t\t\t<img decoding=\"async\" width=\"1020\" height=\"569\" src=\"https:\/\/fitnfemale.com\/wp-content\/uploads\/pinkburn-night-details4.webp\" class=\"attachment-large size-large\" alt=\"D\u00e9tails de la nuit de Pinkburn 4\" srcset=\"https:\/\/fitnfemale.com\/wp-content\/uploads\/pinkburn-night-details4.webp 1376w, https:\/\/fitnfemale.com\/wp-content\/uploads\/pinkburn-night-details4-717x400.webp 717w, https:\/\/fitnfemale.com\/wp-content\/uploads\/pinkburn-night-details4-768x429.webp 768w, https:\/\/fitnfemale.com\/wp-content\/uploads\/pinkburn-night-details4-18x10.webp 18w, https:\/\/fitnfemale.com\/wp-content\/uploads\/pinkburn-night-details4-1000x558.webp 1000w\" sizes=\"(max-width: 1020px) 100vw, 1020px\" \/>\t\t\t\t\t\t\n\t\t\t\t\t<\/div>\n\t\t\t\t\t\t\t\t\n<style>\n#image_662131675 {\n  width: 100%;\n}\n<\/style>\n\t<\/div>\n\t\n<ul>\n<li class=\"bullet-arrow\"><strong><i class=\"fas fa-bolt\" style=\"margin-right: 6px;\"><\/i>Pink Burn (2 en 1) \u2013 Un booster pour votre journ\u00e9e\u00a0:<\/strong> Avec de la caf\u00e9ine, des \u00e9lectrolytes et des ingr\u00e9dients s\u00e9lectionn\u00e9s \u2013 id\u00e9al avant l&#039;entra\u00eenement ou lorsque vous souhaitez un regain d&#039;\u00e9nergie et de concentration.<\/li>\n<li class=\"bullet-arrow\"><strong><i class=\"fas fa-tint\" style=\"margin-right: 6px;\"><\/i>Am\u00e9lioration notable\u00a0:<\/strong> Beaucoup appr\u00e9cient cette sensation de \u201e c&#039;est parti \u201c imm\u00e9diat \u2013 id\u00e9al si vous voulez \u00eatre performant sans consommer de calories inutiles.<\/li>\n<li class=\"bullet-arrow\"><strong><i class=\"fas fa-moon\" style=\"margin-right: 6px;\"><\/i>\u00c9dition Pink Burn Night (3 en 1) :<\/strong> Sans caf\u00e9ine et adapt\u00e9 \u00e0 une utilisation en soir\u00e9e \u2013 pour un meilleur contr\u00f4le le soir et une agr\u00e9able sensation de sati\u00e9t\u00e9 dans le cadre de votre routine.<\/li>\n<li class=\"bullet-arrow\"><strong><i class=\"fas fa-stopwatch\" style=\"margin-right: 6px;\"><\/i>Routine du soir simplifi\u00e9e\u00a0:<\/strong> Id\u00e9al pour les journ\u00e9es avec des entra\u00eenements tardifs ou lorsque vous souhaitez rester alerte en soir\u00e9e.<\/li>\n<li class=\"bullet-arrow\"><strong><i class=\"fas fa-check\" style=\"margin-right: 6px;\"><\/i>Un duo qui s&#039;adapte au rythme de votre journ\u00e9e :<\/strong> De l&#039;\u00e9nergie le matin, de la ma\u00eetrise le soir \u2013 pour continuer quand les autres abandonnent.<\/li>\n<\/ul>\n\n\t<section class=\"section dark\" id=\"section_1613605567\">\n\t\t<div class=\"section-bg fill\" >\n\t\t\t\t\t\t\t\t\t\n\t\t\t\n\n\t\t<\/div>\n\n\t\t\n\n\t\t<div class=\"section-content relative\">\n\t\t\t\n<p><i class=\"fas fa-info-circle\" style=\"color: #fff;\"><\/i> <strong>Comment utiliser le kit<\/strong><br \/>\nPink Burn pendant la journ\u00e9e avant l&#039;entra\u00eenement ou le matin \u2022 Night Edition le soir avant l&#039;entra\u00eenement : sans caf\u00e9ine, stimulant et coupe-faim \u2022 toujours avec beaucoup d&#039;eau.<\/p>\n\t\t<\/div>\n\n\t\t\n<style>\n#section_1613605567 {\n  padding-top: 30px;\n  padding-bottom: 30px;\n  background-color: rgb(40, 40, 40);\n}\n<\/style>\n\t<\/section>","protected":false},"excerpt":{"rendered":"<h2>Pink Burn Duo \u2013 \u00c9nergie le matin, contr\u00f4le le soir.<\/h2>\n<h4>Deux formules de puissance \u2013 <em>Pink Burn (2 en 1)<\/em> pour votre formation et <em>\u00c9dition Pink Burn Night (3 en 1)<\/em> Pour les bilans de sant\u00e9 en soir\u00e9e \u2013 parfaitement adapt\u00e9s \u00e0 votre journ\u00e9e.<\/h4>","protected":false},"featured_media":954074,"comment_status":"closed","ping_status":"closed","template":"","meta":{"slim_seo":{"title":"Pack Duo Rose Br\u00fblure - FitNFemale\u00ae","description":"Pink Burn Duo \u2013 \u00c9nergie le matin, ma\u00eetrise le soir. Deux formules puissantes\u00a0: Pink Burn (2 en 1) pour vos s\u00e9ances d\u2019entra\u00eenement et Pink Burn Night Edition (3 en 1) pour la soir\u00e9e."}},"product_brand":[],"product_cat":[6364,401,2627,6290],"product_tag":[],"class_list":{"0":"post-738020","1":"product","2":"type-product","3":"status-publish","4":"has-post-thumbnail","6":"product_cat-promo-30","7":"product_cat-health","8":"product_cat-sale","9":"product_cat-set","11":"first","12":"instock","13":"sale","14":"virtual","15":"taxable","16":"purchasable","17":"product-type-bundle"},"bundled_by":[],"bundle_stock_status":"instock","bundle_stock_quantity":86,"bundle_virtual":false,"bundle_layout":"default","bundle_add_to_cart_form_location":"after_summary","bundle_editable_in_cart":false,"bundle_sold_individually_context":"product","bundle_item_grouping":"parent","bundle_min_size":"","bundle_max_size":"","bundle_price":{"price":{"min":{"incl_tax":"59.9","excl_tax":"58.382066"},"max":{"incl_tax":"59.9","excl_tax":"58.382066"}},"regular_price":{"min":{"incl_tax":"59.9","excl_tax":"58.382066"},"max":{"incl_tax":"59.9","excl_tax":"58.382066"}}},"bundled_items":[{"bundled_item_id":498,"product_id":5032,"menu_order":0,"quantity_min":1,"quantity_max":1,"quantity_default":1,"priced_individually":false,"shipped_individually":false,"override_title":false,"title":"Pink Burn (2 en 1)","override_description":true,"description":"Votre atout pour l&#039;entra\u00eenement, la concentration et la motivation.","optional":false,"hide_thumbnail":false,"discount":"","override_variations":false,"allowed_variations":[],"override_default_variation_attributes":false,"default_variation_attributes":[],"single_product_visibility":"visible","cart_visibility":"visible","order_visibility":"visible","single_product_price_visibility":"visible","cart_price_visibility":"visible","order_price_visibility":"visible","stock_status":"in_stock"},{"bundled_item_id":499,"product_id":729065,"menu_order":1,"quantity_min":1,"quantity_max":1,"quantity_default":1,"priced_individually":false,"shipped_individually":false,"override_title":false,"title":"Pink Burn (3 en 1) Night Edition","override_description":true,"description":"Sans caf\u00e9ine : Br\u00fbleur de graisse, stimulant et coupe-faim pour le soir.","optional":false,"hide_thumbnail":false,"discount":"","override_variations":false,"allowed_variations":[],"override_default_variation_attributes":false,"default_variation_attributes":[],"single_product_visibility":"visible","cart_visibility":"visible","order_visibility":"visible","single_product_price_visibility":"visible","cart_price_visibility":"visible","order_price_visibility":"visible","stock_status":"in_stock"}],"bundle_sell_ids":[],"gallery_images":[954076,954075,953694,953515,953507,954073,953518,953695,909720,954074],"_links":{"self":[{"href":"https:\/\/fitnfemale.com\/fr\/wp-json\/wp\/v2\/product\/738020","targetHints":{"allow":["GET"]}}],"collection":[{"href":"https:\/\/fitnfemale.com\/fr\/wp-json\/wp\/v2\/product"}],"about":[{"href":"https:\/\/fitnfemale.com\/fr\/wp-json\/wp\/v2\/types\/product"}],"replies":[{"embeddable":true,"href":"https:\/\/fitnfemale.com\/fr\/wp-json\/wp\/v2\/comments?post=738020"}],"wp:featuredmedia":[{"embeddable":true,"href":"https:\/\/fitnfemale.com\/fr\/wp-json\/wp\/v2\/media\/954074"}],"wp:attachment":[{"href":"https:\/\/fitnfemale.com\/fr\/wp-json\/wp\/v2\/media?parent=738020"}],"wp:term":[{"taxonomy":"product_brand","embeddable":true,"href":"https:\/\/fitnfemale.com\/fr\/wp-json\/wp\/v2\/product_brand?post=738020"},{"taxonomy":"product_cat","embeddable":true,"href":"https:\/\/fitnfemale.com\/fr\/wp-json\/wp\/v2\/product_cat?post=738020"},{"taxonomy":"product_tag","embeddable":true,"href":"https:\/\/fitnfemale.com\/fr\/wp-json\/wp\/v2\/product_tag?post=738020"}],"curies":[{"name":"wp","href":"https:\/\/api.w.org\/{rel}","templated":true}]}}