{"id":729065,"date":"2023-03-27T10:38:05","date_gmt":"2023-03-27T09:38:05","guid":{"rendered":"https:\/\/fitnfemale.com\/?post_type=product&#038;p=729065"},"modified":"2026-04-08T19:45:37","modified_gmt":"2026-04-08T18:45:37","slug":"pink-burn-night-edition","status":"publish","type":"product","link":"https:\/\/fitnfemale.com\/fr\/produit\/pink-burn-night-edition\/","title":{"rendered":"Pink Burn (3 en 1) Night Edition"},"content":{"rendered":"<div class=\"img has-hover img-details x md-x lg-x y md-y lg-y\" id=\"image_2110898876\">\n\t\t\t\t\t\t\t\t<div class=\"img-inner dark\" >\n\t\t\t<img decoding=\"async\" width=\"1020\" height=\"569\" src=\"https:\/\/fitnfemale.com\/wp-content\/uploads\/6798225716097839377.jpg\" class=\"attachment-large size-large\" alt=\"6798225716097839377\" srcset=\"https:\/\/fitnfemale.com\/wp-content\/uploads\/6798225716097839377.jpg 1376w, https:\/\/fitnfemale.com\/wp-content\/uploads\/6798225716097839377-717x400.jpg 717w, https:\/\/fitnfemale.com\/wp-content\/uploads\/6798225716097839377-768x429.jpg 768w, https:\/\/fitnfemale.com\/wp-content\/uploads\/6798225716097839377-18x10.jpg 18w, https:\/\/fitnfemale.com\/wp-content\/uploads\/6798225716097839377-1000x558.jpg 1000w\" sizes=\"(max-width: 1020px) 100vw, 1020px\" \/>\t\t\t\t\t\t\n\t\t\t\t\t<\/div>\n\t\t\t\t\t\t\t\t\n<style>\n#image_2110898876 {\n  width: 100%;\n}\n<\/style>\n\t<\/div>\n\t\n<ul>\n<li class=\"bullet-star\">\u00c9quilibre des \u00e9lectrolytes pour une bonne sant\u00e9<\/li>\n<li class=\"bullet-star\">Protection antioxydante : contient du L-glutathion, l'antioxydant le plus puissant du corps.<\/li>\n<li class=\"bullet-star\">Rendement : 240g par bo\u00eete = 20 \u00e0 40 portions (selon le dosage)<\/li>\n<li class=\"bullet-star\">L\u00e9ger &amp; pauvre en calories : seulement 20 calories par portion - sans graisse, sucre ni hydrates de carbone<\/li>\n<\/ul>\n<div class=\"accordion\">\n\t<div id=\"accordion-2006320502\" class=\"accordion-item\">\n\t\t<a id=\"accordion-2006320502-label\" class=\"accordion-title plain\" href=\"#accordion-item-steigere-die-fettverbrennung\" aria-expanded=\"false\" aria-controls=\"accordion-2006320502-content\">\n\t\t\t<button class=\"toggle\" aria-label=\"Basculer\"><i class=\"icon-angle-down\" aria-hidden=\"true\"><\/i><\/button>\n\t\t\t<span>Augmente la combustion des graisses<\/span>\n\t\t<\/a>\n\t\t<div id=\"accordion-2006320502-content\" class=\"accordion-inner\" aria-labelledby=\"accordion-2006320502-label\">\n\t\t\t\n\t<div class=\"img has-hover x md-x lg-x y md-y lg-y\" id=\"image_149243102\">\n\t\t\t\t\t\t\t\t<div class=\"img-inner dark\" >\n\t\t\t<img decoding=\"async\" width=\"1020\" height=\"569\" src=\"https:\/\/fitnfemale.com\/wp-content\/uploads\/pinkburn-night-closeup2.webp\" class=\"attachment-large size-large\" alt=\"Gros plan de la nuit de Pinkburn 2\" srcset=\"https:\/\/fitnfemale.com\/wp-content\/uploads\/pinkburn-night-closeup2.webp 1376w, https:\/\/fitnfemale.com\/wp-content\/uploads\/pinkburn-night-closeup2-717x400.webp 717w, https:\/\/fitnfemale.com\/wp-content\/uploads\/pinkburn-night-closeup2-768x429.webp 768w, https:\/\/fitnfemale.com\/wp-content\/uploads\/pinkburn-night-closeup2-18x10.webp 18w, https:\/\/fitnfemale.com\/wp-content\/uploads\/pinkburn-night-closeup2-1000x558.webp 1000w\" sizes=\"(max-width: 1020px) 100vw, 1020px\" \/>\t\t\t\t\t\t\n\t\t\t\t\t<\/div>\n\t\t\t\t\t\t\t\t\n<style>\n#image_149243102 {\n  width: 100%;\n}\n<\/style>\n\t<\/div>\n\t\n<p>Des ingr\u00e9dients comme l'extrait d'orange am\u00e8re peuvent soutenir ton m\u00e9tabolisme et favoriser la combustion des graisses. Il est possible qu'il influence l'hormone adiponectine, qui est impliqu\u00e9e dans la r\u00e9gulation du taux de graisse corporelle.<\/p>\n\t\t<\/div>\n\t<\/div>\n\t\n\t<div id=\"accordion-2724788478\" class=\"accordion-item\">\n\t\t<a id=\"accordion-2724788478-label\" class=\"accordion-title plain\" href=\"#accordion-item-intensiviert-dein-training\" aria-expanded=\"false\" aria-controls=\"accordion-2724788478-content\">\n\t\t\t<button class=\"toggle\" aria-label=\"Basculer\"><i class=\"icon-angle-down\" aria-hidden=\"true\"><\/i><\/button>\n\t\t\t<span>Intensifie ton entra\u00eenement<\/span>\n\t\t<\/a>\n\t\t<div id=\"accordion-2724788478-content\" class=\"accordion-inner\" aria-labelledby=\"accordion-2724788478-label\">\n\t\t\t\n<p>La b\u00eata-alanine, la L-arginine et la L-citrulline te donnent l'\u00e9nergie et la concentration n\u00e9cessaires pour effectuer ton entra\u00eenement \u00e0 un niveau \u00e9lev\u00e9. Cela peut en outre avoir un effet positif sur la consommation de calories et le d\u00e9veloppement musculaire.<\/p>\n\t\t<\/div>\n\t<\/div>\n\t\n\t<div id=\"accordion-880674443\" class=\"accordion-item\">\n\t\t<a id=\"accordion-880674443-label\" class=\"accordion-title plain\" href=\"#accordion-item-mit-glucomannan-als-idealer-sattmacher\" aria-expanded=\"false\" aria-controls=\"accordion-880674443-content\">\n\t\t\t<button class=\"toggle\" aria-label=\"Basculer\"><i class=\"icon-angle-down\" aria-hidden=\"true\"><\/i><\/button>\n\t\t\t<span>Avec du glucomannane pour un effet rassasiant id\u00e9al<\/span>\n\t\t<\/a>\n\t\t<div id=\"accordion-880674443-content\" class=\"accordion-inner\" aria-labelledby=\"accordion-880674443-label\">\n\t\t\t\n\t<div class=\"img has-hover x md-x lg-x y md-y lg-y\" id=\"image_952706009\">\n\t\t\t\t<div data-parallax-fade=\"true\" data-parallax=\"1\">\t\t\t\t<div class=\"img-inner dark\" >\n\t\t\t<img decoding=\"async\" width=\"1020\" height=\"583\" src=\"https:\/\/fitnfemale.com\/wp-content\/uploads\/gluccomanan-sattmacher-konjak-pflanze.jpg\" class=\"attachment-large size-large\" alt=\"Le glucomanane, un agent sati\u00e9tog\u00e8ne, est produit par la plante de konjac.\" srcset=\"https:\/\/fitnfemale.com\/wp-content\/uploads\/gluccomanan-sattmacher-konjak-pflanze.jpg 1344w, https:\/\/fitnfemale.com\/wp-content\/uploads\/gluccomanan-sattmacher-konjak-pflanze-700x400.jpg 700w, https:\/\/fitnfemale.com\/wp-content\/uploads\/gluccomanan-sattmacher-konjak-pflanze-768x439.jpg 768w, https:\/\/fitnfemale.com\/wp-content\/uploads\/gluccomanan-sattmacher-konjak-pflanze-18x10.jpg 18w, https:\/\/fitnfemale.com\/wp-content\/uploads\/gluccomanan-sattmacher-konjak-pflanze-1000x571.jpg 1000w\" sizes=\"(max-width: 1020px) 100vw, 1020px\" \/>\t\t\t\t\t\t\n\t\t\t\t\t<\/div>\n\t\t\t\t<\/div>\t\t\t\t\n<style>\n#image_952706009 {\n  width: 100%;\n}\n<\/style>\n\t<\/div>\n\t\n<div class=\"is-divider divider clearfix\" ><\/div>\n<p>Gr\u00e2ce \u00e0 son \u00e9norme capacit\u00e9 de r\u00e9tention d'eau, le glucomannane gonfle dans le tractus gastro-intestinal et peut ainsi d\u00e9clencher plus rapidement une sensation de sati\u00e9t\u00e9. Il peut \u00e9galement lier les graisses, de sorte que le corps ne les utilise pas de mani\u00e8re \u00e9nerg\u00e9tique, mais les \u00e9limine sans les utiliser. Le glucomannane favorise ainsi \u00e9ventuellement la perte de poids.<\/p>\n\t\t<\/div>\n\t<\/div>\n\t\n\t<div id=\"accordion-3000151046\" class=\"accordion-item\">\n\t\t<a id=\"accordion-3000151046-label\" class=\"accordion-title plain\" href=\"#accordion-item-l-glutathion-(gsh)-als-kraftvoller-zellschutz\" aria-expanded=\"false\" aria-controls=\"accordion-3000151046-content\">\n\t\t\t<button class=\"toggle\" aria-label=\"Basculer\"><i class=\"icon-angle-down\" aria-hidden=\"true\"><\/i><\/button>\n\t\t\t<span>Le L-glutathion (GSH), une puissante protection cellulaire<\/span>\n\t\t<\/a>\n\t\t<div id=\"accordion-3000151046-content\" class=\"accordion-inner\" aria-labelledby=\"accordion-3000151046-label\">\n\t\t\t\n<p>Il compte parmi les antioxydants les plus importants et les plus puissants de notre corps. Il prot\u00e8ge les cellules contre le stress oxydatif et les dommages cellulaires et aide les mitochondries \u00e0 produire suffisamment d'\u00e9nergie.<\/p>\n\t\t<\/div>\n\t<\/div>\n\t\n\t<div id=\"accordion-121297522\" class=\"accordion-item\">\n\t\t<a id=\"accordion-121297522-label\" class=\"accordion-title plain\" href=\"#accordion-item-n\u00e4hrwerte\" aria-expanded=\"false\" aria-controls=\"accordion-121297522-content\">\n\t\t\t<button class=\"toggle\" aria-label=\"Basculer\"><i class=\"icon-angle-down\" aria-hidden=\"true\"><\/i><\/button>\n\t\t\t<span>Valeurs nutritives<\/span>\n\t\t<\/a>\n\t\t<div id=\"accordion-121297522-content\" class=\"accordion-inner\" aria-labelledby=\"accordion-121297522-label\">\n\t\t\t\n<table class=\"ffnf-clean-table\">\n<thead>\n<tr>\n<th>Valeurs nutritives<\/th>\n<th>100 g<\/th>\n<th>Portion (12 g)<\/th>\n<\/tr>\n<\/thead>\n<tbody>\n<tr>\n<td>\u00c9nergie<\/td>\n<td>810 kJ \/ 193,3 kcal<\/td>\n<td>97,2 kJ \/ 23,2 kcal<\/td>\n<\/tr>\n<tr>\n<td>Graisse<br \/>- dont acides gras satur\u00e9s<\/td>\n<td>0 g<br \/>0 g<\/td>\n<td>0 g<br \/>0 g<\/td>\n<\/tr>\n<tr>\n<td class=\"translation-block\">Glucides<br>\u2013 dont sucres<\/td>\n<td>6,67 g<br \/>0,4 g<\/td>\n<td>0,8 g<br \/>0,05 g<\/td>\n<\/tr>\n<tr>\n<td>Fibres alimentaires<\/td>\n<td>0 g<\/td>\n<td>0 g<\/td>\n<\/tr>\n<tr>\n<td>Prot\u00e9ines<\/td>\n<td>41,67 g<\/td>\n<td>5,0 g<\/td>\n<\/tr>\n<tr>\n<td>Sel<\/td>\n<td>0 g<\/td>\n<td>0 g<\/td>\n<\/tr>\n<\/tbody>\n<\/table>\n\t\t<\/div>\n\t<\/div>\n\t\n\t<div id=\"accordion-2291498346\" class=\"accordion-item\">\n\t\t<a id=\"accordion-2291498346-label\" class=\"accordion-title plain\" href=\"#accordion-item-inhaltsstoffe\" aria-expanded=\"false\" aria-controls=\"accordion-2291498346-content\">\n\t\t\t<button class=\"toggle\" aria-label=\"Basculer\"><i class=\"icon-angle-down\" aria-hidden=\"true\"><\/i><\/button>\n\t\t\t<span>Ingr\u00e9dients<\/span>\n\t\t<\/a>\n\t\t<div id=\"accordion-2291498346-content\" class=\"accordion-inner\" aria-labelledby=\"accordion-2291498346-label\">\n\t\t\t\n<table class=\"ffnf-clean-table\">\n<thead>\n<tr>\n<th>Ingr\u00e9dients<\/th>\n<th>Portion (12 g)<\/th>\n<th>% NRV*<\/th>\n<\/tr>\n<\/thead>\n<tbody>\n<tr>\n<td>B\u00eata-alanine<\/td>\n<td>2,5 g<\/td>\n<td>\u2013<\/td>\n<\/tr>\n<tr>\n<td>L-Arginine<\/td>\n<td>2 g<\/td>\n<td>\u2013<\/td>\n<\/tr>\n<tr>\n<td>L-citrulline<\/td>\n<td>250 mg<\/td>\n<td>\u2013<\/td>\n<\/tr>\n<tr>\n<td>Glucomannane<\/td>\n<td>300 mg<\/td>\n<td>\u2013<\/td>\n<\/tr>\n<tr>\n<td>L-Tryptophane<\/td>\n<td>250 mg<\/td>\n<td>\u2013<\/td>\n<\/tr>\n<tr>\n<td>Extrait d&#039;orange am\u00e8re<\/td>\n<td>150 mg<\/td>\n<td>\u2013<\/td>\n<\/tr>\n<tr>\n<td>Acide alpha-lipo\u00efque<\/td>\n<td>50 mg<\/td>\n<td>\u2013<\/td>\n<\/tr>\n<tr>\n<td>L-Glutathion<\/td>\n<td>50 mg<\/td>\n<td>\u2013<\/td>\n<\/tr>\n<tr>\n<td>Vitamine B1<\/td>\n<td>2,2 mg<\/td>\n<td>200 %<\/td>\n<\/tr>\n<tr>\n<td>Vitamine B2<\/td>\n<td>2,8 mg<\/td>\n<td>200 %<\/td>\n<\/tr>\n<tr>\n<td>niacine<\/td>\n<td>32 mg<\/td>\n<td>200 %<\/td>\n<\/tr>\n<tr>\n<td>Acide pantoth\u00e9nique (B5)<\/td>\n<td>12 mg<\/td>\n<td>200 %<\/td>\n<\/tr>\n<tr>\n<td>Vitamine B6<\/td>\n<td>2,8 mg<\/td>\n<td>200 %<\/td>\n<\/tr>\n<tr>\n<td>Biotine<\/td>\n<td>100 \u00b5g<\/td>\n<td>200 %<\/td>\n<\/tr>\n<tr>\n<td>acide folique<\/td>\n<td>400 \u00b5g<\/td>\n<td>200 %<\/td>\n<\/tr>\n<tr>\n<td>Vitamine B12<\/td>\n<td>5 \u00b5g<\/td>\n<td>200 %<\/td>\n<\/tr>\n<tr>\n<td>Calcium<\/td>\n<td>400 mg<\/td>\n<td>50 %<\/td>\n<\/tr>\n<tr>\n<td>magn\u00e9sium<\/td>\n<td>187,5 mg<\/td>\n<td>50 %<\/td>\n<\/tr>\n<tr>\n<td>phosphore<\/td>\n<td>210 mg<\/td>\n<td>30 %<\/td>\n<\/tr>\n<tr>\n<td>sodium<\/td>\n<td>300 mg<\/td>\n<td>\u2013<\/td>\n<\/tr>\n<tr>\n<td>potassium<\/td>\n<td>300 mg<\/td>\n<td>15 %<\/td>\n<\/tr>\n<tr>\n<td>chlorure<\/td>\n<td>120 mg<\/td>\n<td>15 %<\/td>\n<\/tr>\n<\/tbody>\n<\/table>\n\t\t<\/div>\n\t<\/div>\n\t\n<\/div>","protected":false},"excerpt":{"rendered":"<h2>Fini les excuses ! Atteins tes objectifs malgr\u00e9 une journ\u00e9e \u00e9puisante gr\u00e2ce \u00e0 Pink Burn (3 en 1) Night Edition.<\/h2>\n<h4>D\u00e9couvre le soutien parfait pour tes entra\u00eenements tardifs - sans troubles du sommeil !<\/h4>\n<ul>\n<li class=\"bullet-star\">Le trio magique : br\u00fbleur de graisse, booster d'entra\u00eenement &amp; contr\u00f4le de l'app\u00e9tit dans une d\u00e9licieuse boisson<\/li>\n<li class=\"bullet-star\">Rassasi\u00e9 plus longtemps &amp; adieu les fringales : 3g de glucomannane par portion pour une sensation de sati\u00e9t\u00e9 durable<\/li>\n<li class=\"bullet-star\">Turbo combustion des graisses : peut stimuler ton m\u00e9tabolisme et intensifier ton entra\u00eenement<\/li>\n<li class=\"bullet-star\">Favorable au sommeil : pas de caf\u00e9ine - id\u00e9al pour ta s\u00e9ance d'entra\u00eenement du soir !<\/li>\n<li class=\"bullet-star\">Effet rapide : d\u00e9j\u00e0 perceptible 20 minutes apr\u00e8s la prise !<\/li>\n<\/ul>\n<p>Donne \u00e0 ton corps la puissance dont il a besoin pour ton entra\u00eenement, soutient ton m\u00e9tabolisme et r\u00e9duit la sensation de faim gr\u00e2ce au glucomannane.<\/p>\n<p>L'\u00e9dition Pink Burn Night est ton compagnon id\u00e9al pour les entra\u00eenements tardifs - sans l'effet typique de l'\u00e9veil qui peut perturber ton sommeil.<\/p>","protected":false},"featured_media":916227,"comment_status":"open","ping_status":"closed","template":"","meta":{"slim_seo":{"title":"Pink Burn (3 en 1) \u00c9dition Nuit - FitNFemale\u00ae","description":"Plus d&#039;excuses ! Atteignez vos objectifs malgr\u00e9 une journ\u00e9e charg\u00e9e avec Pink Burn (3 en 1) \u00c9dition Nuit. D\u00e9couvrez le soutien id\u00e9al pour vos s\u00e9ances d&#039;entra\u00eenement nocturnes."}},"product_brand":[],"product_cat":[6364,317,1052,6671],"product_tag":[],"class_list":{"0":"post-729065","1":"product","2":"type-product","3":"status-publish","4":"has-post-thumbnail","6":"product_cat-promo-30","7":"product_cat-abnehmen","8":"product_cat-fatburner","9":"product_cat-topdeals","10":"pa_anwendungsbereiche-energy","11":"pa_anwendungsbereiche-leanmuscle","12":"pa_anwendungsbereiche-focus","13":"pa_anwendungsbereiche-for-your-workout","14":"pa_anwendungsbereiche-weightloss","15":"pa_anwendungsbereiche-shaping","16":"pa_marke-fitnfemale","17":"pa_misc-aspartamfree","18":"pa_misc-glutenfree","19":"pa_misc-lactosefree","20":"pa_nutritionfactinfo-nofat","21":"pa_nutritionfactinfo-nocarbs","22":"pa_nutritionfactinfo-lowcalories","23":"pa_nutritionfactinfo-lowsugar","24":"pa_schwangerschaft-nicht-geeignet","25":"pa_stillzeit-nicht-geeignet","26":"pa_vegan-ja","28":"first","29":"instock","30":"featured","31":"taxable","32":"shipping-taxable","33":"purchasable","34":"product-type-variable","35":"has-default-attributes"},"bundled_by":["738020","957225"],"bundle_stock_status":"instock","bundle_stock_quantity":null,"bundle_virtual":false,"bundle_layout":"","bundle_add_to_cart_form_location":"","bundle_editable_in_cart":false,"bundle_sold_individually_context":"","bundle_item_grouping":"","bundle_min_size":"","bundle_max_size":"","bundle_price":[],"bundled_items":[],"bundle_sell_ids":[],"gallery_images":[953699,953703,953698,953704,953701,953706,953702,909720],"_links":{"self":[{"href":"https:\/\/fitnfemale.com\/fr\/wp-json\/wp\/v2\/product\/729065","targetHints":{"allow":["GET"]}}],"collection":[{"href":"https:\/\/fitnfemale.com\/fr\/wp-json\/wp\/v2\/product"}],"about":[{"href":"https:\/\/fitnfemale.com\/fr\/wp-json\/wp\/v2\/types\/product"}],"replies":[{"embeddable":true,"href":"https:\/\/fitnfemale.com\/fr\/wp-json\/wp\/v2\/comments?post=729065"}],"wp:featuredmedia":[{"embeddable":true,"href":"https:\/\/fitnfemale.com\/fr\/wp-json\/wp\/v2\/media\/916227"}],"wp:attachment":[{"href":"https:\/\/fitnfemale.com\/fr\/wp-json\/wp\/v2\/media?parent=729065"}],"wp:term":[{"taxonomy":"product_brand","embeddable":true,"href":"https:\/\/fitnfemale.com\/fr\/wp-json\/wp\/v2\/product_brand?post=729065"},{"taxonomy":"product_cat","embeddable":true,"href":"https:\/\/fitnfemale.com\/fr\/wp-json\/wp\/v2\/product_cat?post=729065"},{"taxonomy":"product_tag","embeddable":true,"href":"https:\/\/fitnfemale.com\/fr\/wp-json\/wp\/v2\/product_tag?post=729065"}],"curies":[{"name":"wp","href":"https:\/\/api.w.org\/{rel}","templated":true}]}}