{"id":70981,"date":"2018-11-01T20:59:41","date_gmt":"2018-11-01T19:59:41","guid":{"rendered":"https:\/\/fitnfemale.com\/?post_type=product&#038;p=70981"},"modified":"2026-04-25T13:01:34","modified_gmt":"2026-04-25T12:01:34","slug":"slim-sweets","status":"publish","type":"product","link":"https:\/\/fitnfemale.com\/fr\/produit\/slim-sweets\/","title":{"rendered":"Slim Sweets \u2013 contr\u00f4le de l&#039;app\u00e9tit"},"content":{"rendered":"<h4 class=\"uppercase\">Aide-poids certifi\u00e9e pour votre quotidien<\/h4>\n<p style=\"padding: 0 0 10px 0;\">L&#039;EFSA (Autorit\u00e9 europ\u00e9enne de s\u00e9curit\u00e9 des aliments) a men\u00e9 une \u00e9tude scientifique approfondie sur le glucomannane et l&#039;a reconnu comme un compl\u00e9ment alimentaire b\u00e9n\u00e9fique. Associ\u00e9 \u00e0 une hygi\u00e8ne de vie saine et \u00e0 une alimentation vari\u00e9e, le glucomannane contribue \u00e0 la perte de poids. Cette fibre alimentaire peut donc avoir des effets particuli\u00e8rement positifs sur les personnes en surpoids.<\/p>\n<ul>\n<li class=\"bullet-star\">Le glucomannane est une v\u00e9ritable arme secr\u00e8te contre les envies de grignotage.<\/li>\n<li class=\"bullet-star\">Le glucomannane est l&#039;agent de sati\u00e9t\u00e9 id\u00e9al.<\/li>\n<li class=\"bullet-star\">Nouveau avec du picolinate de chrome\u00a0: Le picolinate de chrome joue un r\u00f4le important dans la r\u00e9gulation de la glyc\u00e9mie.<br \/>\net contribue \u00e0 un m\u00e9tabolisme normal.<\/li>\n<li class=\"bullet-star\">Pour une sensation de sati\u00e9t\u00e9 plus durable<\/li>\n<li class=\"bullet-star\">Contribue \u00e0 stabiliser la glyc\u00e9mie.<\/li>\n<li class=\"bullet-star\">Influence positive sur les taux de lipides sanguins<\/li>\n<li class=\"bullet-star\">Le glucomannane favorise la perte de poids<\/li>\n<li class=\"bullet-star\">Efficacit\u00e9 confirm\u00e9e par le r\u00e8glement (UE) n\u00b0 432\/2012<\/li>\n<li class=\"bullet-star\">D\u00e9licieux go\u00fbt de fraise<\/li>\n<\/ul>\n<div class=\"accordion\">\n\t<div id=\"accordion-3563358581\" class=\"accordion-item\">\n\t\t<a id=\"accordion-3563358581-label\" class=\"accordion-title plain\" href=\"#accordion-item-n\u00e4hrwerte-und-inhaltsstoffe\" aria-expanded=\"false\" aria-controls=\"accordion-3563358581-content\">\n\t\t\t<button class=\"toggle\" aria-label=\"Basculer\"><i class=\"icon-angle-down\" aria-hidden=\"true\"><\/i><\/button>\n\t\t\t<span>Valeurs nutritives et ingr\u00e9dients<\/span>\n\t\t<\/a>\n\t\t<div id=\"accordion-3563358581-content\" class=\"accordion-inner\" aria-labelledby=\"accordion-3563358581-label\">\n\t\t\t\n<div class=\"row\"  id=\"row-997849704\">\n\n\t<div id=\"col-1864453182\" class=\"col small-12 large-12\"  >\n\t\t\t\t<div class=\"col-inner text-center\"  >\n\t\t\t\n\t\t\t\n\t<div class=\"img has-hover x md-x lg-x y md-y lg-y\" id=\"image_1162591801\">\n\t\t\t\t\t\t\t\t<div class=\"img-inner dark\" >\n\t\t\t<img decoding=\"async\" width=\"1\" height=\"1\" src=\"https:\/\/fitnfemale.com\/wp-content\/uploads\/slim-sweets-facts2.svg\" class=\"attachment-large size-large\" alt=\"Informations sur les bonbons minces2\" \/>\t\t\t\t\t\t\n\t\t\t\t\t<\/div>\n\t\t\t\t\t\t\t\t\n<style>\n#image_1162591801 {\n  width: 100%;\n}\n@media (min-width:550px) {\n  #image_1162591801 {\n    width: 100%;\n  }\n}\n<\/style>\n\t<\/div>\n\t\n\t\t<\/div>\n\t\t\t\t\t<\/div>\n\n\t\n\n<style>\n#row-997849704 > .col > .col-inner {\n  background-color: rgb(240, 75, 139);\n}\n<\/style>\n<\/div>\n\t\t<\/div>\n\t<\/div>\n\t\n\t<div id=\"accordion-104557011\" class=\"accordion-item\">\n\t\t<a id=\"accordion-104557011-label\" class=\"accordion-title plain\" href=\"#accordion-item-was-ist-glucomannan?\" aria-expanded=\"false\" aria-controls=\"accordion-104557011-content\">\n\t\t\t<button class=\"toggle\" aria-label=\"Basculer\"><i class=\"icon-angle-down\" aria-hidden=\"true\"><\/i><\/button>\n\t\t\t<span>Qu'est-ce que le glucomannane ?<\/span>\n\t\t<\/a>\n\t\t<div id=\"accordion-104557011-content\" class=\"accordion-inner\" aria-labelledby=\"accordion-104557011-label\">\n\t\t\t\n<p>Le glucomannane est une substance extraite de la racine de konjac, \u00e9galement appel\u00e9e langue du diable. Chimiquement, le glucomannane est une substance semblable \u00e0 l&#039;amidon, compos\u00e9e de cha\u00eenes de glucides complexes.<\/p>\n<p>Le glucomannane poss\u00e8de une propri\u00e9t\u00e9 particuli\u00e8re\u00a0: son extr\u00eame capacit\u00e9 de r\u00e9tention d\u2019eau. Cette fibre alimentaire peut retenir jusqu\u2019\u00e0 cinquante fois son poids en eau. Depuis 2010, la publicit\u00e9 relative aux all\u00e9gations de sant\u00e9 concernant le glucomannane est autoris\u00e9e conform\u00e9ment au r\u00e8glement de l\u2019EFSA.<\/p>\n\t\t<\/div>\n\t<\/div>\n\t\n\t<div id=\"accordion-3785491442\" class=\"accordion-item\">\n\t\t<a id=\"accordion-3785491442-label\" class=\"accordion-title plain\" href=\"#accordion-item-glucomannan-als-idealer-sattmacher\" aria-expanded=\"false\" aria-controls=\"accordion-3785491442-content\">\n\t\t\t<button class=\"toggle\" aria-label=\"Basculer\"><i class=\"icon-angle-down\" aria-hidden=\"true\"><\/i><\/button>\n\t\t\t<span>Le glucomannane, un aliment rassasiant id\u00e9al<\/span>\n\t\t<\/a>\n\t\t<div id=\"accordion-3785491442-content\" class=\"accordion-inner\" aria-labelledby=\"accordion-3785491442-label\">\n\t\t\t\n<p>La capacit\u00e9 exceptionnelle du glucomannane \u00e0 retenir l&#039;eau provoque son gonflement dans le tube digestif apr\u00e8s ingestion. Les fibres absorbent l&#039;eau et forment une masse g\u00e9latineuse qui peut facilement d\u00e9cupler son volume. Cette augmentation de volume et la consistance qui en r\u00e9sulte procurent une sensation de sati\u00e9t\u00e9 nettement plus rapide, incitant ainsi \u00e0 manger beaucoup moins. De plus, cette sensation de sati\u00e9t\u00e9 est plus durable.<\/p>\n\t\t<\/div>\n\t<\/div>\n\t\n\t<div id=\"accordion-968179866\" class=\"accordion-item\">\n\t\t<a id=\"accordion-968179866-label\" class=\"accordion-title plain\" href=\"#accordion-item-hei\u00dfhungerattacken-sind-pass\u00e9\" aria-expanded=\"false\" aria-controls=\"accordion-968179866-content\">\n\t\t\t<button class=\"toggle\" aria-label=\"Basculer\"><i class=\"icon-angle-down\" aria-hidden=\"true\"><\/i><\/button>\n\t\t\t<span>Les envies irr\u00e9sistibles appartiennent au pass\u00e9.<\/span>\n\t\t<\/a>\n\t\t<div id=\"accordion-968179866-content\" class=\"accordion-inner\" aria-labelledby=\"accordion-968179866-label\">\n\t\t\t\n<p>Les effets du glucomannane ne se limitent pas au niveau physique\u00a0; il agit \u00e9galement au niveau biochimique. Des scientifiques de l\u2019universit\u00e9 Mahidol en Tha\u00eflande ont d\u00e9couvert que le glucomannane influence la lib\u00e9ration de la ghr\u00e9line, une hormone qui joue un r\u00f4le crucial dans le m\u00e9canisme de sati\u00e9t\u00e9. Plus le taux de ghr\u00e9line est bas, plus l\u2019app\u00e9tit est faible. Puisque la prise de glucomannane diminue le taux de ghr\u00e9line dans le sang, c\u2019est une v\u00e9ritable arme secr\u00e8te contre les fringales.<\/p>\n\t\t<\/div>\n\t<\/div>\n\t\n\t<div id=\"accordion-2615412065\" class=\"accordion-item\">\n\t\t<a id=\"accordion-2615412065-label\" class=\"accordion-title plain\" href=\"#accordion-item-positiver-einfluss-auf-blutfettwerte\" aria-expanded=\"false\" aria-controls=\"accordion-2615412065-content\">\n\t\t\t<button class=\"toggle\" aria-label=\"Basculer\"><i class=\"icon-angle-down\" aria-hidden=\"true\"><\/i><\/button>\n\t\t\t<span>Influence positive sur les taux de lipides sanguins<\/span>\n\t\t<\/a>\n\t\t<div id=\"accordion-2615412065-content\" class=\"accordion-inner\" aria-labelledby=\"accordion-2615412065-label\">\n\t\t\t\n<p>Mais ce n&#039;est pas tout, car cette fibre alimentaire peut fixer non seulement l&#039;eau, mais aussi les graisses dans le tube digestif. \u00c0 la mani\u00e8re d&#039;une \u00e9ponge, elle absorbe et fixe une partie des graisses alimentaires. Cela emp\u00eache leur absorption par la muqueuse intestinale, de sorte que l&#039;organisme n&#039;utilise pas les graisses comme source d&#039;\u00e9nergie, mais les \u00e9limine dans les selles. En r\u00e9duisant ainsi l&#039;absorption des calories, le glucomannane favorise la perte de poids.<\/p>\n\t\t<\/div>\n\t<\/div>\n\t\n\t<div id=\"accordion-2403280680\" class=\"accordion-item\">\n\t\t<a id=\"accordion-2403280680-label\" class=\"accordion-title plain\" href=\"#accordion-item-glucomannan-tr\u00e4gt-zur-stabilisierung-des-blutzuckers-bei\" aria-expanded=\"false\" aria-controls=\"accordion-2403280680-content\">\n\t\t\t<button class=\"toggle\" aria-label=\"Basculer\"><i class=\"icon-angle-down\" aria-hidden=\"true\"><\/i><\/button>\n\t\t\t<span>Le glucomannane contribue \u00e0 la stabilisation de la glyc\u00e9mie.<\/span>\n\t\t<\/a>\n\t\t<div id=\"accordion-2403280680-content\" class=\"accordion-inner\" aria-labelledby=\"accordion-2403280680-label\">\n\t\t\t\n<p>Les fibres du glucomannane procurent une sensation de sati\u00e9t\u00e9 durable et contribuent \u00e0 la stabilit\u00e9 de la glyc\u00e9mie. Le secret de la farine de konjac r\u00e9side dans sa capacit\u00e9 \u00e0 absorber lentement les sucres alimentaires gr\u00e2ce \u00e0 ses cha\u00eenes glucidiques complexes. Ainsi, sa consommation pr\u00e9vient l&#039;apparition d&#039;une r\u00e9sistance \u00e0 l&#039;insuline et r\u00e9duit le risque de diab\u00e8te de type 2.<\/p>\n\t\t<\/div>\n\t<\/div>\n\t\n<\/div>","protected":false},"excerpt":{"rendered":"<h2>Pourquoi perdre du poids ne pourrait-il pas \u00eatre d\u00e9licieux\u00a0? Des bonbons \u00e0 m\u00e2cher au glucomannane pour r\u00e9duire l\u2019app\u00e9tit et pr\u00e9venir les fringales.<\/h2>\n<h4>Les Slim Sweets sont des bonbons \u00e0 m\u00e2cher contenant du glucomannane pour r\u00e9duire l'app\u00e9tit et pr\u00e9venir les fringales. Les fibres alimentaires du glucomannane assurent une sensation de sati\u00e9t\u00e9 durable. Le d\u00e9licieux go\u00fbt de fraise du bonbon \u00e0 m\u00e2cher compl\u00e8te le produit.<\/h4>","protected":false},"featured_media":633440,"comment_status":"open","ping_status":"closed","template":"","meta":{"slim_seo":{"title":"Slim Sweets - Appetitkontrolle - FitNFemale\u00ae","description":"Pourquoi perdre du poids ne pourrait-il pas \u00eatre d\u00e9licieux\u00a0? Des bonbons \u00e0 m\u00e2cher au glucomannane pour r\u00e9duire l\u2019app\u00e9tit et \u00e9viter les fringales. Les Slim Sweets sont \u00e0 m\u00e2cher."}},"product_brand":[],"product_cat":[6364,317],"product_tag":[],"class_list":{"0":"post-70981","1":"product","2":"type-product","3":"status-publish","4":"has-post-thumbnail","6":"product_cat-promo-30","7":"product_cat-abnehmen","8":"pa_anwendungsbereiche-appetit-control","9":"pa_anwendungsbereiche-weightloss","10":"pa_anwendungsbereiche-shaping","11":"pa_marke-fitnfemale","12":"pa_misc-aspartamfree","13":"pa_misc-glutenfree","14":"pa_misc-lactosefree","15":"pa_misc-vegetarian","16":"pa_nutritionfactinfo-high-fiber","17":"pa_nutritionfactinfo-highcarb","18":"pa_nutritionfactinfo-lowcalories","19":"pa_nutritionfactinfo-nosugar","20":"pa_schwangerschaft-nicht-geeignet","21":"pa_stillzeit-nicht-geeignet","22":"pa_vegan-ja","24":"first","25":"outofstock","26":"featured","27":"taxable","28":"shipping-taxable","29":"purchasable","30":"product-type-simple"},"bundled_by":["89922"],"bundle_stock_status":"outofstock","bundle_stock_quantity":0,"bundle_virtual":false,"bundle_layout":"","bundle_add_to_cart_form_location":"","bundle_editable_in_cart":false,"bundle_sold_individually_context":"","bundle_item_grouping":"","bundle_min_size":"","bundle_max_size":"","bundle_price":[],"bundled_items":[],"bundle_sell_ids":[],"gallery_images":[615063,621992,621991],"_links":{"self":[{"href":"https:\/\/fitnfemale.com\/fr\/wp-json\/wp\/v2\/product\/70981","targetHints":{"allow":["GET"]}}],"collection":[{"href":"https:\/\/fitnfemale.com\/fr\/wp-json\/wp\/v2\/product"}],"about":[{"href":"https:\/\/fitnfemale.com\/fr\/wp-json\/wp\/v2\/types\/product"}],"replies":[{"embeddable":true,"href":"https:\/\/fitnfemale.com\/fr\/wp-json\/wp\/v2\/comments?post=70981"}],"wp:featuredmedia":[{"embeddable":true,"href":"https:\/\/fitnfemale.com\/fr\/wp-json\/wp\/v2\/media\/633440"}],"wp:attachment":[{"href":"https:\/\/fitnfemale.com\/fr\/wp-json\/wp\/v2\/media?parent=70981"}],"wp:term":[{"taxonomy":"product_brand","embeddable":true,"href":"https:\/\/fitnfemale.com\/fr\/wp-json\/wp\/v2\/product_brand?post=70981"},{"taxonomy":"product_cat","embeddable":true,"href":"https:\/\/fitnfemale.com\/fr\/wp-json\/wp\/v2\/product_cat?post=70981"},{"taxonomy":"product_tag","embeddable":true,"href":"https:\/\/fitnfemale.com\/fr\/wp-json\/wp\/v2\/product_tag?post=70981"}],"curies":[{"name":"wp","href":"https:\/\/api.w.org\/{rel}","templated":true}]}}