{"id":699958,"date":"2022-12-19T15:06:25","date_gmt":"2022-12-19T14:06:25","guid":{"rendered":"https:\/\/fitnfemale.com\/?post_type=product&#038;p=699958"},"modified":"2026-04-09T15:12:19","modified_gmt":"2026-04-09T14:12:19","slug":"collagen-smart-shake","status":"publish","type":"product","link":"https:\/\/fitnfemale.com\/fr\/produit\/collagen-smart-shake\/","title":{"rendered":"Whey Collagen Smart Shake"},"content":{"rendered":"<div class=\"img has-hover img-details x md-x lg-x y md-y lg-y\" id=\"image_835214621\">\n\t\t\t\t\t\t\t\t<div class=\"img-inner dark\" >\n\t\t\t<img decoding=\"async\" width=\"1020\" height=\"569\" src=\"https:\/\/fitnfemale.com\/wp-content\/uploads\/collagen-smart-shake-details.webp\" class=\"attachment-large size-large\" alt=\"D\u00e9tails sur le shake intelligent au collag\u00e8ne\" srcset=\"https:\/\/fitnfemale.com\/wp-content\/uploads\/collagen-smart-shake-details.webp 1376w, https:\/\/fitnfemale.com\/wp-content\/uploads\/collagen-smart-shake-details-717x400.webp 717w, https:\/\/fitnfemale.com\/wp-content\/uploads\/collagen-smart-shake-details-768x429.webp 768w, https:\/\/fitnfemale.com\/wp-content\/uploads\/collagen-smart-shake-details-18x10.webp 18w, https:\/\/fitnfemale.com\/wp-content\/uploads\/collagen-smart-shake-details-1000x558.webp 1000w\" sizes=\"(max-width: 1020px) 100vw, 1020px\" \/>\t\t\t\t\t\t\n\t\t\t\t\t<\/div>\n\t\t\t\t\t\t\t\t\n<style>\n#image_835214621 {\n  width: 100%;\n}\n<\/style>\n\t<\/div>\n\t\n<ul>\n<li class=\"bullet-star translation-block\"><strong>Riche en prot\u00e9ines : <\/strong>Id\u00e9al pour un r\u00e9gime riche en prot\u00e9ines.<\/li>\n<li class=\"bullet-star translation-block\"><strong>Faible en graisses et en calories : <\/strong> Favorise un mode de vie sain sans compromis sur le go\u00fbt.<\/li>\n<li class=\"bullet-star\"><strong>M\u00e9lange d'enzymes brevet\u00e9 DigeZyme\u00ae :<\/strong> Contient des enzymes digestives de haute qualit\u00e9.<\/li>\n<li class=\"bullet-star translation-block\"><strong>Sans ajout de sucre : <\/strong> Pour ceux qui souhaitent r\u00e9duire leur consommation de sucre, sans sacrifier le go\u00fbt.<\/li>\n<li class=\"bullet-star translation-block\"><strong>Emballage 100% recyclable : <\/strong>Nous nous engageons pour la durabilit\u00e9 et garantissons un emballage respectueux de l'environnement.<\/li>\n<\/ul>\n<p>Notre Collagen Smart Shake offre une formule soigneusement et exclusivement compos\u00e9e, id\u00e9ale pour les femmes soucieuses de leur alimentation. Profitez de sa pr\u00e9paration facile avec une excellente solubilit\u00e9 et un go\u00fbt d\u00e9licieux.<\/p>\n<div class=\"accordion\">\n\t<div id=\"accordion-531453287\" class=\"accordion-item\">\n\t\t<a id=\"accordion-531453287-label\" class=\"accordion-title plain\" href=\"#accordion-item-n\u00e4hrwerte\" aria-expanded=\"false\" aria-controls=\"accordion-531453287-content\">\n\t\t\t<button class=\"toggle\" aria-label=\"Basculer\"><i class=\"icon-angle-down\" aria-hidden=\"true\"><\/i><\/button>\n\t\t\t<span>Valeurs nutritives<\/span>\n\t\t<\/a>\n\t\t<div id=\"accordion-531453287-content\" class=\"accordion-inner\" aria-labelledby=\"accordion-531453287-label\">\n\t\t\t\n<table class=\"ffnf-clean-table\">\n<thead>\n<tr>\n<th>Valeurs nutritives<\/th>\n<th>100 g<\/th>\n<th>Portion (30 g)<\/th>\n<\/tr>\n<\/thead>\n<tbody>\n<tr>\n<td>\u00c9nergie<\/td>\n<td>1541 kJ \/ 365 kcal<\/td>\n<td>462 kJ \/ 110 kcal<\/td>\n<\/tr>\n<tr>\n<td>Graisse<br \/>- dont acides gras satur\u00e9s<\/td>\n<td>5,7 g<br \/>3,2 g<\/td>\n<td>1,7 g<br \/>1,0 g<\/td>\n<\/tr>\n<tr>\n<td class=\"translation-block\">Glucides<br>\u2013 dont sucres<\/td>\n<td>8,1 g<br \/>4,1 g<\/td>\n<td>2,4 g<br \/>1,2 g<\/td>\n<\/tr>\n<tr>\n<td>Fibres alimentaires<\/td>\n<td>7,0 g<\/td>\n<td>2,1 g<\/td>\n<\/tr>\n<tr>\n<td>Prot\u00e9ines<\/td>\n<td>66,6 g<\/td>\n<td>20,0 g<\/td>\n<\/tr>\n<tr>\n<td>Sel<\/td>\n<td>0,93 g<\/td>\n<td>0,28 g<\/td>\n<\/tr>\n<\/tbody>\n<\/table>\n\t\t<\/div>\n\t<\/div>\n\t\n\t<div id=\"accordion-749145709\" class=\"accordion-item\">\n\t\t<a id=\"accordion-749145709-label\" class=\"accordion-title plain\" href=\"#accordion-item-inhaltsstoffe\" aria-expanded=\"false\" aria-controls=\"accordion-749145709-content\">\n\t\t\t<button class=\"toggle\" aria-label=\"Basculer\"><i class=\"icon-angle-down\" aria-hidden=\"true\"><\/i><\/button>\n\t\t\t<span>Ingr\u00e9dients<\/span>\n\t\t<\/a>\n\t\t<div id=\"accordion-749145709-content\" class=\"accordion-inner\" aria-labelledby=\"accordion-749145709-label\">\n\t\t\t\n<table class=\"ffnf-clean-table\">\n<thead>\n<tr>\n<th>Ingr\u00e9dients<\/th>\n<th>Portion (30 g)<\/th>\n<\/tr>\n<\/thead>\n<tbody>\n<tr>\n<td>Hydrolysat de collag\u00e8ne (bovin)<\/td>\n<td>5000 mg<\/td>\n<\/tr>\n<tr>\n<td>Fibre de pomme<\/td>\n<td>1200 mg<\/td>\n<\/tr>\n<tr>\n<td>fibre d&#039;acacia<\/td>\n<td>150 mg<\/td>\n<\/tr>\n<tr>\n<td>M\u00e9lange enzymatique Digezyme\u00ae<\/td>\n<td>100 mg<\/td>\n<\/tr>\n<tr>\n<td>poudre de t\u00e9guments de psyllium<\/td>\n<td>50 mg<\/td>\n<\/tr>\n<tr>\n<td>Lactobacillus casei<\/td>\n<td>600 millions d&#039;UFC<\/td>\n<\/tr>\n<tr>\n<td>Lactococcus lactis<\/td>\n<td>600 millions d&#039;UFC<\/td>\n<\/tr>\n<tr>\n<td>Bifidobacterium lactis<\/td>\n<td>240 millions d&#039;UFC<\/td>\n<\/tr>\n<tr>\n<td>Bifidobacterium infantis<\/td>\n<td>120 millions d&#039;UFC<\/td>\n<\/tr>\n<\/tbody>\n<\/table>\n\t\t<\/div>\n\t<\/div>\n\t\n\t<div id=\"accordion-3425428193\" class=\"accordion-item\">\n\t\t<a id=\"accordion-3425428193-label\" class=\"accordion-title plain\" href=\"#accordion-item-digezyme\u00ae---patentierte-verdauungsenzyme\" aria-expanded=\"false\" aria-controls=\"accordion-3425428193-content\">\n\t\t\t<button class=\"toggle\" aria-label=\"Basculer\"><i class=\"icon-angle-down\" aria-hidden=\"true\"><\/i><\/button>\n\t\t\t<span>DigeZyme\u00ae - Enzymes digestives brevet\u00e9es<\/span>\n\t\t<\/a>\n\t\t<div id=\"accordion-3425428193-content\" class=\"accordion-inner\" aria-labelledby=\"accordion-3425428193-label\">\n\t\t\t\n<p>Les enzymes digestives jouent un r\u00f4le cl\u00e9 dans la d\u00e9composition des aliments en composants plus petits et plus faciles \u00e0 traiter. Notre DigeZyme\u00ae contient un m\u00e9lange sp\u00e9cialement d\u00e9velopp\u00e9 d'enzymes digestives, incluant l'amylase, la prot\u00e9ase, la galactosidase, la lipase et la cellulase.<\/p>\n<p>Ces enzymes aident \u00e0 d\u00e9composer les macronutriments tels que les prot\u00e9ines, les glucides et les graisses. Gr\u00e2ce \u00e0 des techniques de production avanc\u00e9es, nous assurons une haute qualit\u00e9 de notre complexe multi-enzymes DigeZyme\u00ae, utilis\u00e9 dans notre Collagen Smart Shake, une formulation prot\u00e9in\u00e9e premium.<\/p>\n\t\t<\/div>\n\t<\/div>\n\t\n\t<div id=\"accordion-317314872\" class=\"accordion-item\">\n\t\t<a id=\"accordion-317314872-label\" class=\"accordion-title plain\" href=\"#accordion-item-pr\u00e4--und-probiotika-\u2013-schl\u00fcsselkomponenten-f\u00fcr-die-ern\u00e4hrung\" aria-expanded=\"false\" aria-controls=\"accordion-317314872-content\">\n\t\t\t<button class=\"toggle\" aria-label=\"Basculer\"><i class=\"icon-angle-down\" aria-hidden=\"true\"><\/i><\/button>\n\t\t\t<span>Pr\u00e9biotiques et probiotiques \u2013 Composants cl\u00e9s pour l'alimentation<\/span>\n\t\t<\/a>\n\t\t<div id=\"accordion-317314872-content\" class=\"accordion-inner\" aria-labelledby=\"accordion-317314872-label\">\n\t\t\t\n<p>Les pr\u00e9biotiques sont des composants alimentaires non digestibles qui servent de nourriture aux bact\u00e9ries intestinales saines. Ils sont reconnus pour favoriser la croissance et l'activit\u00e9 de ces micro-organismes b\u00e9n\u00e9fiques. Les probiotiques, quant \u00e0 eux, sont des souches de bact\u00e9ries vivantes pr\u00e9sentes dans certains aliments et suppl\u00e9ments, contribuant \u00e0 la diversit\u00e9 de notre flore intestinale.<\/p>\n<p>La consommation combin\u00e9e de pr\u00e9- et probiotiques peut aider \u00e0 soutenir la composition globale de la flore intestinale, essentielle pour la digestion. En servant de source alimentaire pour les probiotiques, les pr\u00e9biotiques peuvent am\u00e9liorer l'efficacit\u00e9 des probiotiques, qui \u00e0 leur tour, contribuent \u00e0 promouvoir un environnement intestinal \u00e9quilibr\u00e9.<\/p>\n<p><strong>Les objectifs typiques d'une flore intestinale \u00e9quilibr\u00e9e incluent :<\/strong><\/p>\n<ul>\n<li class=\"bullet-star\">Soutien du syst\u00e8me digestif<\/li>\n<li class=\"bullet-star\">Promotion d'un microbiome \u00e9quilibr\u00e9<\/li>\n<\/ul>\n\t\t<\/div>\n\t<\/div>\n\t\n<\/div>","protected":false},"excerpt":{"rendered":"<h2>Smart\u00b3 pour la beaut\u00e9, la forme et la digestion !<\/h2>\n<h4>Le shake contient une combinaison d'ingr\u00e9dients traditionnellement associ\u00e9s \u00e0 la beaut\u00e9, au fitness et \u00e0 la digestion. La composition intelligente et unique combin\u00e9e \u00e0 un go\u00fbt d\u00e9licieux parle d'elle-m\u00eame.<\/h4>","protected":false},"featured_media":954106,"comment_status":"open","ping_status":"closed","template":"","meta":{"slim_seo":{"title":"Boisson prot\u00e9in\u00e9e intelligente au collag\u00e8ne de lactos\u00e9rum - FitNFemale\u00ae","description":"Smart\u00b3 pour la beaut\u00e9, la forme et la digestion ! Ce shake contient une combinaison d&#039;ingr\u00e9dients traditionnellement associ\u00e9s \u00e0 la beaut\u00e9, la forme et la digestion."}},"product_brand":[],"product_cat":[6629,1047,401],"product_tag":[6487,6486,6667,6489],"class_list":{"0":"post-699958","1":"product","2":"type-product","3":"status-publish","4":"has-post-thumbnail","6":"product_cat-basic","7":"product_cat-fit-strong","8":"product_cat-health","9":"product_tag-beauty","10":"product_tag-collagen","11":"product_tag-probiotika","12":"product_tag-skin","13":"pa_anwendungsbereiche-bindegewebe","14":"pa_anwendungsbereiche-for-your-workout","15":"pa_anwendungsbereiche-gelenke-und-knochen","16":"pa_anwendungsbereiche-health","17":"pa_anwendungsbereiche-skin-hair-nails","18":"pa_anwendungsbereiche-immune-system","19":"pa_anwendungsbereiche-verdauung","20":"pa_marke-fitnfemale","21":"pa_misc-aspartamfree","22":"pa_schwangerschaft-geeignet","23":"pa_stillzeit-geeignet","24":"pa_vegan-nein","26":"first","27":"instock","28":"taxable","29":"shipping-taxable","30":"purchasable","31":"product-type-variable","32":"has-default-attributes"},"bundled_by":["738321","738344","786592","786594"],"bundle_stock_status":"instock","bundle_stock_quantity":null,"bundle_virtual":false,"bundle_layout":"","bundle_add_to_cart_form_location":"","bundle_editable_in_cart":false,"bundle_sold_individually_context":"","bundle_item_grouping":"","bundle_min_size":"","bundle_max_size":"","bundle_price":[],"bundled_items":[],"bundle_sell_ids":[],"gallery_images":[953307,953306,906358,954108,954110,953305,954109,935049,954107,730408],"_links":{"self":[{"href":"https:\/\/fitnfemale.com\/fr\/wp-json\/wp\/v2\/product\/699958","targetHints":{"allow":["GET"]}}],"collection":[{"href":"https:\/\/fitnfemale.com\/fr\/wp-json\/wp\/v2\/product"}],"about":[{"href":"https:\/\/fitnfemale.com\/fr\/wp-json\/wp\/v2\/types\/product"}],"replies":[{"embeddable":true,"href":"https:\/\/fitnfemale.com\/fr\/wp-json\/wp\/v2\/comments?post=699958"}],"wp:featuredmedia":[{"embeddable":true,"href":"https:\/\/fitnfemale.com\/fr\/wp-json\/wp\/v2\/media\/954106"}],"wp:attachment":[{"href":"https:\/\/fitnfemale.com\/fr\/wp-json\/wp\/v2\/media?parent=699958"}],"wp:term":[{"taxonomy":"product_brand","embeddable":true,"href":"https:\/\/fitnfemale.com\/fr\/wp-json\/wp\/v2\/product_brand?post=699958"},{"taxonomy":"product_cat","embeddable":true,"href":"https:\/\/fitnfemale.com\/fr\/wp-json\/wp\/v2\/product_cat?post=699958"},{"taxonomy":"product_tag","embeddable":true,"href":"https:\/\/fitnfemale.com\/fr\/wp-json\/wp\/v2\/product_tag?post=699958"}],"curies":[{"name":"wp","href":"https:\/\/api.w.org\/{rel}","templated":true}]}}