{"id":685988,"date":"2022-10-21T12:56:41","date_gmt":"2022-10-21T11:56:41","guid":{"rendered":"https:\/\/fitnfemale.com\/?post_type=product&#038;p=685988"},"modified":"2026-01-06T09:48:32","modified_gmt":"2026-01-06T08:48:32","slug":"beauty-set-special-6","status":"publish","type":"product","link":"https:\/\/fitnfemale.com\/fr\/produit\/beauty-set-special-6\/","title":{"rendered":"Fatburn Duo Day"},"content":{"rendered":"<div class=\"img has-hover img-details x md-x lg-x y md-y lg-y\" id=\"image_786438509\">\n\t\t\t\t\t\t\t\t<div class=\"img-inner dark\" >\n\t\t\t<img decoding=\"async\" width=\"1020\" height=\"569\" src=\"https:\/\/fitnfemale.com\/wp-content\/uploads\/fatburn-duo-day8.jpeg\" class=\"attachment-large size-large\" alt=\"Duo br\u00fble graisse jour8\" srcset=\"https:\/\/fitnfemale.com\/wp-content\/uploads\/fatburn-duo-day8.jpeg 1376w, https:\/\/fitnfemale.com\/wp-content\/uploads\/fatburn-duo-day8-717x400.jpeg 717w, https:\/\/fitnfemale.com\/wp-content\/uploads\/fatburn-duo-day8-768x429.jpeg 768w, https:\/\/fitnfemale.com\/wp-content\/uploads\/fatburn-duo-day8-18x10.jpeg 18w, https:\/\/fitnfemale.com\/wp-content\/uploads\/fatburn-duo-day8-1000x558.jpeg 1000w\" sizes=\"(max-width: 1020px) 100vw, 1020px\" \/>\t\t\t\t\t\t\n\t\t\t\t\t<\/div>\n\t\t\t\t\t\t\t\t\n<style>\n#image_786438509 {\n  width: 100%;\n}\n<\/style>\n\t<\/div>\n\t\n<ul>\n<li class=\"bullet-arrow\"><i class=\"fas fa-fire\"><\/i> <strong>Br\u00fbleur de graisse et stimulant en un :<\/strong> Pink Burn associe 23 ingr\u00e9dients actifs puissants pour br\u00fbler les graisses, am\u00e9liorer la concentration et la puissance avant l&#039;entra\u00eenement.<\/li>\n<li class=\"bullet-arrow\"><i class=\"fas fa-bolt\"><\/i> <strong>Coup de pied rapide :<\/strong> si vous souhaitez un coup de pouce suppl\u00e9mentaire avant l&#039;entra\u00eenement.<\/li>\n<li class=\"bullet-arrow\"><i class=\"fas fa-capsules\"><\/i> <strong>Pink Fire \u2013 le br\u00fbleur intelligent du quotidien\u00a0:<\/strong> 17 ingr\u00e9dients actifs soigneusement s\u00e9lectionn\u00e9s soutiennent votre m\u00e9tabolisme et vous aident \u00e0 atteindre vos objectifs.<\/li>\n<li class=\"bullet-arrow\"><i class=\"fas fa-check-circle\"><\/i> <strong>Plus de contr\u00f4le au quotidien\u00a0:<\/strong> Plus de contr\u00f4le au quotidien : pour les jours o\u00f9 vous voulez garder le cap.<\/li>\n<li class=\"bullet-arrow\"><i class=\"fas fa-trophy\"><\/i> <strong>Pr\u00eat pour des r\u00e9sultats concrets\u00a0:<\/strong> La formule FatCryingFormula a \u00e9t\u00e9 d\u00e9velopp\u00e9e pour vous permettre d&#039;atteindre un niveau de performance sup\u00e9rieur.<\/li>\n<\/ul>\n\n\t<section class=\"section dark\" id=\"section_574850722\">\n\t\t<div class=\"section-bg fill\" >\n\t\t\t\t\t\t\t\t\t\n\t\t\t\n\n\t\t<\/div>\n\n\t\t\n\n\t\t<div class=\"section-content relative\">\n\t\t\t\n<p><i class=\"fas fa-info-circle\" style=\"color: #fff;\"><\/i> <strong>Comment utiliser le kit<\/strong><br \/>\nPink Fire le matin ou \u00e0 midi \u2022 Pink Burn 20 \u00e0 30 minutes avant l&#039;entra\u00eenement (avec beaucoup d&#039;eau).<\/p>\n\t\t<\/div>\n\n\t\t\n<style>\n#section_574850722 {\n  padding-top: 30px;\n  padding-bottom: 30px;\n  background-color: rgb(40, 40, 40);\n}\n<\/style>\n\t<\/section>","protected":false},"excerpt":{"rendered":"<h2>Journ\u00e9e Duo Br\u00fble-Graisses \u2013 Une combustion des graisses que vous pouvez ressentir.<\/h2>\n<h4>Impact maximal, sans compromis\u00a0: <em>Pink Burn<\/em> et <em>Feu rose<\/em> Elles vous apportent l&#039;\u00e9nergie concentr\u00e9e n\u00e9cessaire pour votre journ\u00e9e \u2013 adapt\u00e9e aux besoins des femmes actives.<\/h4>","protected":false},"featured_media":943260,"comment_status":"closed","ping_status":"closed","template":"","meta":{"slim_seo":{"title":"Journ\u00e9e Duo Br\u00fblures de Graisse - FitNFemale\u00ae","description":"Fatburn Duo Day \u2013 Une combustion des graisses que vous sentez. Un maximum d&#039;efficacit\u00e9, sans compromis\u00a0: Pink Burn et Pink Fire vous apportent la puissance concentr\u00e9e dont vous avez besoin pour votre journ\u00e9e."}},"product_brand":[],"product_cat":[6364,317,1052,2627,6290],"product_tag":[],"class_list":{"0":"post-685988","1":"product","2":"type-product","3":"status-publish","4":"has-post-thumbnail","6":"product_cat-promo-30","7":"product_cat-abnehmen","8":"product_cat-fatburner","9":"product_cat-sale","10":"product_cat-set","12":"first","13":"instock","14":"sale","15":"virtual","16":"taxable","17":"purchasable","18":"product-type-bundle"},"bundled_by":[],"bundle_stock_status":"instock","bundle_stock_quantity":37,"bundle_virtual":false,"bundle_layout":"default","bundle_add_to_cart_form_location":"default","bundle_editable_in_cart":false,"bundle_sold_individually_context":"product","bundle_item_grouping":"parent","bundle_min_size":"","bundle_max_size":"","bundle_price":{"price":{"min":{"incl_tax":"54.8","excl_tax":"53.411306"},"max":{"incl_tax":"54.8","excl_tax":"53.411306"}},"regular_price":{"min":{"incl_tax":"54.8","excl_tax":"53.411306"},"max":{"incl_tax":"54.8","excl_tax":"53.411306"}}},"bundled_items":[{"bundled_item_id":471,"product_id":337831,"menu_order":0,"quantity_min":1,"quantity_max":1,"quantity_default":1,"priced_individually":false,"shipped_individually":false,"override_title":false,"title":"Pink Fire - Br\u00fbleur de graisse","override_description":true,"description":"Votre br\u00fbleur de graisse quotidien pour une concentration et une motivation accrues.","optional":false,"hide_thumbnail":false,"discount":"","override_variations":false,"allowed_variations":[],"override_default_variation_attributes":false,"default_variation_attributes":[],"single_product_visibility":"visible","cart_visibility":"visible","order_visibility":"visible","single_product_price_visibility":"visible","cart_price_visibility":"visible","order_price_visibility":"visible","stock_status":"in_stock"},{"bundled_item_id":584,"product_id":746579,"menu_order":1,"quantity_min":1,"quantity_max":1,"quantity_default":1,"priced_individually":false,"shipped_individually":false,"override_title":true,"title":"Fusion lisse Pink Burn","override_description":true,"description":"Un stimulant pour l&#039;entra\u00eenement et l&#039;\u00e9nergie tout au long de la journ\u00e9e.","optional":false,"hide_thumbnail":false,"discount":"","override_variations":false,"allowed_variations":[],"override_default_variation_attributes":false,"default_variation_attributes":[],"single_product_visibility":"visible","cart_visibility":"hidden","order_visibility":"visible","single_product_price_visibility":"visible","cart_price_visibility":"visible","order_price_visibility":"visible","stock_status":"in_stock"}],"bundle_sell_ids":[],"gallery_images":[954086,954081,954084,934892,954082],"_links":{"self":[{"href":"https:\/\/fitnfemale.com\/fr\/wp-json\/wp\/v2\/product\/685988","targetHints":{"allow":["GET"]}}],"collection":[{"href":"https:\/\/fitnfemale.com\/fr\/wp-json\/wp\/v2\/product"}],"about":[{"href":"https:\/\/fitnfemale.com\/fr\/wp-json\/wp\/v2\/types\/product"}],"replies":[{"embeddable":true,"href":"https:\/\/fitnfemale.com\/fr\/wp-json\/wp\/v2\/comments?post=685988"}],"wp:featuredmedia":[{"embeddable":true,"href":"https:\/\/fitnfemale.com\/fr\/wp-json\/wp\/v2\/media\/943260"}],"wp:attachment":[{"href":"https:\/\/fitnfemale.com\/fr\/wp-json\/wp\/v2\/media?parent=685988"}],"wp:term":[{"taxonomy":"product_brand","embeddable":true,"href":"https:\/\/fitnfemale.com\/fr\/wp-json\/wp\/v2\/product_brand?post=685988"},{"taxonomy":"product_cat","embeddable":true,"href":"https:\/\/fitnfemale.com\/fr\/wp-json\/wp\/v2\/product_cat?post=685988"},{"taxonomy":"product_tag","embeddable":true,"href":"https:\/\/fitnfemale.com\/fr\/wp-json\/wp\/v2\/product_tag?post=685988"}],"curies":[{"name":"wp","href":"https:\/\/api.w.org\/{rel}","templated":true}]}}