{"id":66283,"date":"2018-10-28T14:45:07","date_gmt":"2018-10-28T13:45:07","guid":{"rendered":"https:\/\/fitnfemale.com\/?post_type=product&#038;p=66283"},"modified":"2026-04-18T18:13:30","modified_gmt":"2026-04-18T17:13:30","slug":"creatone-kreatin-kautabletten","status":"publish","type":"product","link":"https:\/\/fitnfemale.com\/fr\/produit\/creatone-kreatin-kautabletten\/","title":{"rendered":"CreaTone Chews"},"content":{"rendered":"<div class=\"img has-hover img-details x md-x lg-x y md-y lg-y\" id=\"image_465424025\">\n\t\t\t\t\t\t\t\t<div class=\"img-inner dark\" >\n\t\t\t<img decoding=\"async\" width=\"1020\" height=\"569\" src=\"https:\/\/fitnfemale.com\/wp-content\/uploads\/creatone-closeup-7.webp\" class=\"attachment-large size-large\" alt=\"Gros plan sur la cr\u00e9atone\" srcset=\"https:\/\/fitnfemale.com\/wp-content\/uploads\/creatone-closeup-7.webp 1376w, https:\/\/fitnfemale.com\/wp-content\/uploads\/creatone-closeup-7-717x400.webp 717w, https:\/\/fitnfemale.com\/wp-content\/uploads\/creatone-closeup-7-768x429.webp 768w, https:\/\/fitnfemale.com\/wp-content\/uploads\/creatone-closeup-7-18x10.webp 18w, https:\/\/fitnfemale.com\/wp-content\/uploads\/creatone-closeup-7-1000x558.webp 1000w\" sizes=\"(max-width: 1020px) 100vw, 1020px\" \/>\t\t\t\t\t\t\n\t\t\t\t\t<\/div>\n\t\t\t\t\t\t\t\t\n<style>\n#image_465424025 {\n  width: 100%;\n}\n<\/style>\n\t<\/div>\n\t\n<p>Optimisez vos performances et atteignez vos objectifs fitness avec CreaTone\u00a0! Ces comprim\u00e9s \u00e0 croquer de cr\u00e9atine offrent un soutien optimal \u00e0 la croissance musculaire et contribuent \u00e0 am\u00e9liorer vos performances physiques lors d&#039;efforts courts et intenses. Avec 1\u00a0000\u00a0mg de cr\u00e9atine monohydrate de haute qualit\u00e9 par comprim\u00e9 et un d\u00e9licieux go\u00fbt d&#039;orange, ils sont parfaits pour une utilisation nomade ou entre les s\u00e9ances d&#039;entra\u00eenement. Procurez-vous d\u00e8s maintenant ce produit de qualit\u00e9, fabriqu\u00e9 en Allemagne, et repoussez vos limites\u00a0!<\/p>\n<div class=\"accordion\">\n\t<div id=\"accordion-466343024\" class=\"accordion-item\">\n\t\t<a id=\"accordion-466343024-label\" class=\"accordion-title plain\" href=\"#accordion-item-n\u00e4hrwerte\" aria-expanded=\"false\" aria-controls=\"accordion-466343024-content\">\n\t\t\t<button class=\"toggle\" aria-label=\"Basculer\"><i class=\"icon-angle-down\" aria-hidden=\"true\"><\/i><\/button>\n\t\t\t<span>Valeurs nutritives<\/span>\n\t\t<\/a>\n\t\t<div id=\"accordion-466343024-content\" class=\"accordion-inner\" aria-labelledby=\"accordion-466343024-label\">\n\t\t\t\n<table class=\"ffnf-clean-table\">\n<thead>\n<tr>\n<th>Valeurs nutritives<\/th>\n<th>1 comprim\u00e9<\/th>\n<th>Portion (3 comprim\u00e9s)<\/th>\n<\/tr>\n<\/thead>\n<tbody>\n<tr>\n<td>\u00c9nergie<\/td>\n<td>18 kJ \/ 4,3 kcal<\/td>\n<td>54 kJ \/ 12,9 kcal<\/td>\n<\/tr>\n<tr>\n<td>Graisse<br \/>- dont acides gras satur\u00e9s<\/td>\n<td>&lt; 0,1 g<br \/>&lt; 0,1 g<\/td>\n<td>0,15 g<br \/>0,15 g<\/td>\n<\/tr>\n<tr>\n<td class=\"translation-block\">Glucides<br>\u2013 dont sucres<\/td>\n<td>1,14 g<br \/>0,49 g<\/td>\n<td>3,4 g<br \/>1,5 g<\/td>\n<\/tr>\n<tr>\n<td>Prot\u00e9ines<\/td>\n<td>&lt; 0,1 g<\/td>\n<td>&lt; 0,1 g<\/td>\n<\/tr>\n<tr>\n<td>Sel<\/td>\n<td>&lt; 0,1 g<\/td>\n<td>&lt; 0,1 g<\/td>\n<\/tr>\n<\/tbody>\n<\/table>\n\t\t<\/div>\n\t<\/div>\n\t\n\t<div id=\"accordion-3331322276\" class=\"accordion-item\">\n\t\t<a id=\"accordion-3331322276-label\" class=\"accordion-title plain\" href=\"#accordion-item-inhaltsstoffe\" aria-expanded=\"false\" aria-controls=\"accordion-3331322276-content\">\n\t\t\t<button class=\"toggle\" aria-label=\"Basculer\"><i class=\"icon-angle-down\" aria-hidden=\"true\"><\/i><\/button>\n\t\t\t<span>Ingr\u00e9dients<\/span>\n\t\t<\/a>\n\t\t<div id=\"accordion-3331322276-content\" class=\"accordion-inner\" aria-labelledby=\"accordion-3331322276-label\">\n\t\t\t\n<table class=\"ffnf-clean-table\">\n<thead>\n<tr>\n<th>Ingr\u00e9dients<\/th>\n<th>1 comprim\u00e9<\/th>\n<th>Portion (3 comprim\u00e9s)<\/th>\n<\/tr>\n<\/thead>\n<tbody>\n<tr>\n<td>monohydrate de cr\u00e9atine<br \/>\u2013 dont la cr\u00e9atine<\/td>\n<td>1000 mg<br \/>879 mg<\/td>\n<td>3000 mg<br \/>2637 mg<\/td>\n<\/tr>\n<\/tbody>\n<\/table>\n\t\t<\/div>\n\t<\/div>\n\t\n<\/div>","protected":false},"excerpt":{"rendered":"<h2>Booste ton entra\u00eenement avec CreaTone - pour de meilleures performances et des progr\u00e8s plus rapides<\/h2>\n<h4>Ces comprim\u00e9s de cr\u00e9atine \u00e0 croquer sont le compagnon id\u00e9al des femmes qui souhaitent am\u00e9liorer leurs performances physiques et favoriser la croissance musculaire.<\/h4>\n<ul>\n<li class=\"bullet-star\">1000mg de cr\u00e9atine monohydrate par comprim\u00e9 \u00e0 m\u00e2cher<\/li>\n<li class=\"bullet-star\">Contribue \u00e0 am\u00e9liorer les performances physiques lors d&#039;exercices physiques de courte dur\u00e9e et de haute intensit\u00e9 impliquant un entra\u00eenement de force explosive.<\/li>\n<li class=\"bullet-star\">Go\u00fbt d'orange rafra\u00eechissant pour un plaisir agr\u00e9able<\/li>\n<li class=\"bullet-star\">Parfait pour les femmes qui veulent atteindre leurs objectifs de fitness<\/li>\n<li class=\"bullet-star\">Produit de qualit\u00e9 sup\u00e9rieure, fabriqu\u00e9 en Allemagne<\/li>\n<\/ul>","protected":false},"featured_media":943450,"comment_status":"open","ping_status":"closed","template":"","meta":{"slim_seo":{"title":"Comprim\u00e9s \u00e0 m\u00e2cher CreaTone - FitnFemale\u00ae","description":"Boostez votre entra\u00eenement avec CreaTone\u00a0: pour plus de performance et des progr\u00e8s plus rapides. Ces comprim\u00e9s de cr\u00e9atine \u00e0 croquer sont le compagnon id\u00e9al des femmes qui souhaitent am\u00e9liorer leur condition physique."}},"product_brand":[],"product_cat":[6629,1047],"product_tag":[],"class_list":{"0":"post-66283","1":"product","2":"type-product","3":"status-publish","4":"has-post-thumbnail","6":"product_cat-basic","7":"product_cat-fit-strong","8":"pa_anwendungsbereiche-for-your-workout","9":"pa_anwendungsbereiche-muskelversorgung","10":"pa_marke-fitnfemale","11":"pa_misc-aspartamfree","12":"pa_misc-glutenfree","13":"pa_misc-lactosefree","14":"pa_schwangerschaft-geeignet","15":"pa_stillzeit-geeignet","16":"pa_vegan-ja","18":"first","19":"instock","20":"taxable","21":"shipping-taxable","22":"purchasable","23":"product-type-variable","24":"has-default-attributes"},"bundled_by":["957236"],"bundle_stock_status":"instock","bundle_stock_quantity":null,"bundle_virtual":false,"bundle_layout":"","bundle_add_to_cart_form_location":"","bundle_editable_in_cart":false,"bundle_sold_individually_context":"","bundle_item_grouping":"","bundle_min_size":"","bundle_max_size":"","bundle_price":[],"bundled_items":[],"bundle_sell_ids":[],"gallery_images":[953740,953731,953741,953734,953739,953732,953729,639880],"_links":{"self":[{"href":"https:\/\/fitnfemale.com\/fr\/wp-json\/wp\/v2\/product\/66283","targetHints":{"allow":["GET"]}}],"collection":[{"href":"https:\/\/fitnfemale.com\/fr\/wp-json\/wp\/v2\/product"}],"about":[{"href":"https:\/\/fitnfemale.com\/fr\/wp-json\/wp\/v2\/types\/product"}],"replies":[{"embeddable":true,"href":"https:\/\/fitnfemale.com\/fr\/wp-json\/wp\/v2\/comments?post=66283"}],"wp:featuredmedia":[{"embeddable":true,"href":"https:\/\/fitnfemale.com\/fr\/wp-json\/wp\/v2\/media\/943450"}],"wp:attachment":[{"href":"https:\/\/fitnfemale.com\/fr\/wp-json\/wp\/v2\/media?parent=66283"}],"wp:term":[{"taxonomy":"product_brand","embeddable":true,"href":"https:\/\/fitnfemale.com\/fr\/wp-json\/wp\/v2\/product_brand?post=66283"},{"taxonomy":"product_cat","embeddable":true,"href":"https:\/\/fitnfemale.com\/fr\/wp-json\/wp\/v2\/product_cat?post=66283"},{"taxonomy":"product_tag","embeddable":true,"href":"https:\/\/fitnfemale.com\/fr\/wp-json\/wp\/v2\/product_tag?post=66283"}],"curies":[{"name":"wp","href":"https:\/\/api.w.org\/{rel}","templated":true}]}}