{"id":660258,"date":"2022-06-01T20:13:40","date_gmt":"2022-06-01T19:13:40","guid":{"rendered":"https:\/\/fitnfemale.com\/?post_type=product&#038;p=660258"},"modified":"2026-04-05T21:22:39","modified_gmt":"2026-04-05T20:22:39","slug":"collagen-energy","status":"publish","type":"product","link":"https:\/\/fitnfemale.com\/fr\/produit\/collagen-energy\/","title":{"rendered":"Collagen Energy"},"content":{"rendered":"<div class=\"img has-hover img-details x md-x lg-x y md-y lg-y\" id=\"image_1968517654\">\n\t\t\t\t\t\t\t\t<div class=\"img-inner dark\" >\n\t\t\t<img decoding=\"async\" width=\"1020\" height=\"569\" src=\"https:\/\/fitnfemale.com\/wp-content\/uploads\/collagen-energy-details-02.webp\" class=\"attachment-large size-large\" alt=\"D\u00e9tails sur l&#039;\u00e9nergie du collag\u00e8ne\" srcset=\"https:\/\/fitnfemale.com\/wp-content\/uploads\/collagen-energy-details-02.webp 1376w, https:\/\/fitnfemale.com\/wp-content\/uploads\/collagen-energy-details-02-717x400.webp 717w, https:\/\/fitnfemale.com\/wp-content\/uploads\/collagen-energy-details-02-768x429.webp 768w, https:\/\/fitnfemale.com\/wp-content\/uploads\/collagen-energy-details-02-18x10.webp 18w, https:\/\/fitnfemale.com\/wp-content\/uploads\/collagen-energy-details-02-1000x558.webp 1000w\" sizes=\"(max-width: 1020px) 100vw, 1020px\" \/>\t\t\t\t\t\t\n\t\t\t\t\t<\/div>\n\t\t\t\t\t\t\t\t\n<style>\n#image_1968517654 {\n  width: 100%;\n}\n<\/style>\n\t<\/div>\n\t\n<ul>\n<li class=\"bullet-star\">Parfaitement adapt\u00e9 aux femmes : D\u00e9velopp\u00e9 pour r\u00e9pondre \u00e0 tes besoins sp\u00e9cifiques.<\/li>\n<li class=\"bullet-star\">Pour les cheveux, la peau et les ongles : Le collag\u00e8ne comme composant cl\u00e9 de ta routine beaut\u00e9.<\/li>\n<li class=\"bullet-star\">L'acide hyaluronique aide \u00e0 retenir l'humidit\u00e9, soutenant l'apparence de la peau.<\/li>\n<li class=\"bullet-star\">Coup de fouet \u00e9nerg\u00e9tique naturel : La caf\u00e9ine naturelle du guarana et du th\u00e9 vert revigore sans causer d'agitation.<\/li>\n<li class=\"bullet-star\">Exceptionnellement soluble : Se dissout rapidement dans l'eau et a un go\u00fbt d\u00e9licieux.<\/li>\n<li class=\"bullet-star\">Beaut\u00e9 int\u00e9rieure : Soutient ton \u00e9clat naturel.<\/li>\n<li class=\"bullet-star\">Sans sucre ajout\u00e9 et sans gluten : Id\u00e9al pour un mode de vie conscient.<\/li>\n<li class=\"bullet-star\">Emballage respectueux de l'environnement : Mat\u00e9riau 100 % recyclable pour r\u00e9duire l'impact environnemental.<\/li>\n<\/ul>\n\n\t<section class=\"section dark\" id=\"section_882278611\">\n\t\t<div class=\"section-bg fill\" >\n\t\t\t\t\t\t\t\t\t\n\t\t\t\n\n\t\t<\/div>\n\n\t\t\n\n\t\t<div class=\"section-content relative\">\n\t\t\t\n<div class=\"row\"  id=\"row-715342264\">\n\n\t<div id=\"col-991367366\" class=\"col medium-4 small-12 large-4\"  >\n\t\t\t\t<div class=\"col-inner\"  >\n\t\t\t\n\t\t\t\n\t<div class=\"box has-hover   has-hover box-text-bottom\" >\n\n\t\t<div class=\"box-image\" style=\"width:29%;\">\n\t\t\t\t\t\t<div class=\"\" >\n\t\t\t\t<img decoding=\"async\" width=\"233\" height=\"233\" src=\"https:\/\/fitnfemale.com\/wp-content\/uploads\/energy.png\" class=\"attachment- size-\" alt=\"\u00c9nergie\" srcset=\"https:\/\/fitnfemale.com\/wp-content\/uploads\/energy.png 233w, https:\/\/fitnfemale.com\/wp-content\/uploads\/energy-200x200.png 200w, https:\/\/fitnfemale.com\/wp-content\/uploads\/energy-12x12.png 12w, https:\/\/fitnfemale.com\/wp-content\/uploads\/energy-130x130.png 130w\" sizes=\"(max-width: 233px) 100vw, 233px\" \/>\t\t\t\t\t\t\t\t\t\t\t<\/div>\n\t\t\t\t\t<\/div>\n\n\t\t<div class=\"box-text text-center\" >\n\t\t\t<div class=\"box-text-inner\">\n\t\t\t\t\n<h4 class=\"uppercase\">BOOSTER D'\u00c9NERGIE ET DE MORALE<\/h4>\n<p>Coup de fouet revigorant gr\u00e2ce \u00e0 la caf\u00e9ine naturelle du guarana et du th\u00e9 vert.<\/p>\n\t\t\t<\/div>\n\t\t<\/div>\n\t<\/div>\n\t\n\t\t<\/div>\n\t\t\t\t\t<\/div>\n\n\t\n\n\t<div id=\"col-1037545302\" class=\"col medium-4 small-12 large-4\"  >\n\t\t\t\t<div class=\"col-inner\"  >\n\t\t\t\n\t\t\t\n\t<div class=\"box has-hover   has-hover box-text-bottom\" >\n\n\t\t<div class=\"box-image\" style=\"width:29%;\">\n\t\t\t\t\t\t<div class=\"\" >\n\t\t\t\t<img decoding=\"async\" width=\"233\" height=\"233\" src=\"https:\/\/fitnfemale.com\/wp-content\/uploads\/beauty.png\" class=\"attachment- size-\" alt=\"Beaut\u00e9\" srcset=\"https:\/\/fitnfemale.com\/wp-content\/uploads\/beauty.png 233w, https:\/\/fitnfemale.com\/wp-content\/uploads\/beauty-200x200.png 200w, https:\/\/fitnfemale.com\/wp-content\/uploads\/beauty-12x12.png 12w, https:\/\/fitnfemale.com\/wp-content\/uploads\/beauty-130x130.png 130w\" sizes=\"(max-width: 233px) 100vw, 233px\" \/>\t\t\t\t\t\t\t\t\t\t\t<\/div>\n\t\t\t\t\t<\/div>\n\n\t\t<div class=\"box-text text-center\" >\n\t\t\t<div class=\"box-text-inner\">\n\t\t\t\t\n<h4 class=\"uppercase\">POUR UNE BELLE PEAU, DE BEAUX CHEVEUX ET DE BEAUX ONGLES<\/h4>\n<p>Avec du collag\u00e8ne, reconnu pour son r\u00f4le structurant.<\/p>\n\t\t\t<\/div>\n\t\t<\/div>\n\t<\/div>\n\t\n\t\t<\/div>\n\t\t\t\t\t<\/div>\n\n\t\n\n\t<div id=\"col-1265216660\" class=\"col medium-4 small-12 large-4\"  >\n\t\t\t\t<div class=\"col-inner\"  >\n\t\t\t\n\t\t\t\n\t<div class=\"box has-hover   has-hover box-text-bottom\" >\n\n\t\t<div class=\"box-image\" style=\"width:32%;\">\n\t\t\t\t\t\t<div class=\"\" >\n\t\t\t\t<img decoding=\"async\" width=\"233\" height=\"233\" src=\"https:\/\/fitnfemale.com\/wp-content\/uploads\/bones.png\" class=\"attachment- size-\" alt=\"Os\" srcset=\"https:\/\/fitnfemale.com\/wp-content\/uploads\/bones.png 233w, https:\/\/fitnfemale.com\/wp-content\/uploads\/bones-200x200.png 200w, https:\/\/fitnfemale.com\/wp-content\/uploads\/bones-12x12.png 12w, https:\/\/fitnfemale.com\/wp-content\/uploads\/bones-130x130.png 130w\" sizes=\"(max-width: 233px) 100vw, 233px\" \/>\t\t\t\t\t\t\t\t\t\t\t<\/div>\n\t\t\t\t\t<\/div>\n\n\t\t<div class=\"box-text text-center\" >\n\t\t\t<div class=\"box-text-inner\">\n\t\t\t\t\n<h4 class=\"uppercase\">OS &amp; ARTICULATIONS<\/h4>\n<p>Le collag\u00e8ne, essentiel pour la structure des articulations.<\/p>\n\t\t\t<\/div>\n\t\t<\/div>\n\t<\/div>\n\t\n\t\t<\/div>\n\t\t\t\t\t<\/div>\n\n\t\n\n<style>\n#row-715342264 > .col > .col-inner {\n  padding: 40px 0px 0px 0px;\n}\n<\/style>\n<\/div>\n\t\t<\/div>\n\n\t\t\n<style>\n#section_882278611 {\n  padding-top: 0px;\n  padding-bottom: 0px;\n  background-color: #c29ca0;\n}\n@media (min-width:550px) {\n  #section_882278611 {\n    padding-top: 0px;\n    padding-bottom: 0px;\n  }\n}\n<\/style>\n\t<\/section>\n\t\n\n  <div class=\"banner has-hover\" id=\"banner-818268216\">\n          <div class=\"banner-inner fill\">\n        <div class=\"banner-bg fill\" >\n                                                \n                    <\/div>\n\t\t\n        <div class=\"banner-layers container\">\n            <div class=\"fill banner-link\"><\/div>            \n   <div id=\"text-box-280056963\" class=\"text-box banner-layer x50 md-x50 lg-x50 y5 md-y5 lg-y5 res-text\">\n                                <div class=\"text-box-content text\">\n              \n              <div class=\"text-inner text-center\">\n                  \n\t<div id=\"text-940314985\" class=\"text\">\n\t\t\n<h4 class=\"uppercase\">LA PRODUCTION DE COLLAG\u00c8NE DIMINUE AVEC L'\u00c2GE.<\/h4>\n<p>Ce graphique montre comment la production naturelle de collag\u00e8ne dans ton corps a tendance \u00e0 diminuer avec l'\u00e2ge. Ce changement peut affecter l'\u00e9lasticit\u00e9 et l'apparence de ta peau, de tes cheveux et de tes ongles.<br \/>\n\t\t\n<style>\n#text-940314985 {\n  font-size: 0.9rem;\n  line-height: 1.5;\n  text-align: left;\n}\n<\/style>\n\t<\/div>\n\t\n\t<div class=\"img has-hover x md-x lg-x y md-y lg-y\" id=\"image_894244749\">\n\t\t\t\t\t\t\t\t<div class=\"img-inner dark\" >\n\t\t\t<img decoding=\"async\" width=\"661\" height=\"323\" src=\"https:\/\/fitnfemale.com\/wp-content\/uploads\/kollagen-produktion2-1.png\" class=\"attachment-large size-large\" alt=\"Production de collag\u00e8ne2\" srcset=\"https:\/\/fitnfemale.com\/wp-content\/uploads\/kollagen-produktion2-1.png 661w, https:\/\/fitnfemale.com\/wp-content\/uploads\/kollagen-produktion2-1-510x249.png 510w, https:\/\/fitnfemale.com\/wp-content\/uploads\/kollagen-produktion2-1-18x9.png 18w\" sizes=\"(max-width: 661px) 100vw, 661px\" \/>\t\t\t\t\t\t\n\t\t\t\t\t<\/div>\n\t\t\t\t\t\t\t\t\n<style>\n#image_894244749 {\n  width: 100%;\n}\n@media (min-width:550px) {\n  #image_894244749 {\n    width: 71%;\n  }\n}\n<\/style>\n\t<\/div>\n\t\n              <\/div>\n           <\/div>\n                            \n<style>\n#text-box-280056963 {\n  width: 89%;\n}\n#text-box-280056963 .text-box-content {\n  font-size: 100%;\n}\n<\/style>\n    <\/div>\n \n        <\/div>\n      <\/div>\n\n            \n<style>\n#banner-818268216 {\n  padding-top: 538px;\n  background-color: rgb(252, 237, 238);\n}\n@media (min-width:550px) {\n  #banner-818268216 {\n    padding-top: 365px;\n  }\n}\n<\/style>\n  <\/div>\n\n\n\t<div id=\"gap-334964729\" class=\"gap-element clearfix\" style=\"display:block; height:auto;\">\n\t\t\n<style>\n#gap-334964729 {\n  padding-top: 35px;\n}\n<\/style>\n\t<\/div>\n\t\n<div class=\"accordion\">\n\t<div id=\"accordion-341843795\" class=\"accordion-item\">\n\t\t<a id=\"accordion-341843795-label\" class=\"accordion-title plain\" href=\"#accordion-item-inhaltsstoffe\" aria-expanded=\"false\" aria-controls=\"accordion-341843795-content\">\n\t\t\t<button class=\"toggle\" aria-label=\"Basculer\"><i class=\"icon-angle-down\" aria-hidden=\"true\"><\/i><\/button>\n\t\t\t<span>Ingr\u00e9dients<\/span>\n\t\t<\/a>\n\t\t<div id=\"accordion-341843795-content\" class=\"accordion-inner\" aria-labelledby=\"accordion-341843795-label\">\n\t\t\t\n<table class=\"ffnf-clean-table\">\n<thead>\n<tr>\n<th>Ingr\u00e9dients<\/th>\n<th>100 g<\/th>\n<th>Portion (10 g)<\/th>\n<\/tr>\n<\/thead>\n<tbody>\n<tr>\n<td>Hydrolysat de collag\u00e8ne<\/td>\n<td>70 000 mg<\/td>\n<td>7000 mg<\/td>\n<\/tr>\n<tr>\n<td>hyaluronate de sodium<\/td>\n<td>500 mg<\/td>\n<td>50 mg<\/td>\n<\/tr>\n<tr>\n<td>extrait de grains de caf\u00e9 vert<\/td>\n<td>250 mg<\/td>\n<td>50 mg<\/td>\n<\/tr>\n<tr>\n<td>extrait de guarana<\/td>\n<td>1340 mg<\/td>\n<td>134 mg<\/td>\n<\/tr>\n<tr>\n<td>caf\u00e9ine<\/td>\n<td>1466 mg<\/td>\n<td>147 mg<\/td>\n<\/tr>\n<tr>\n<td>Caf\u00e9ine totale<\/td>\n<td>1500 mg<\/td>\n<td>150 mg<\/td>\n<\/tr>\n<tr>\n<td>Biotine (vitamine B7)<\/td>\n<td>500\u00a0000 \u00b5g<\/td>\n<td>5000 \u00b5g<\/td>\n<\/tr>\n<tr>\n<td>Cobalamine (vitamine B12)<\/td>\n<td>10 \u00b5g<\/td>\n<td>1 \u00b5g<\/td>\n<\/tr>\n<tr>\n<td>zinc<\/td>\n<td>50 mg<\/td>\n<td>5 mg<\/td>\n<\/tr>\n<\/tbody>\n<\/table>\n\t\t<\/div>\n\t<\/div>\n\t\n\t<div id=\"accordion-2025999558\" class=\"accordion-item\">\n\t\t<a id=\"accordion-2025999558-label\" class=\"accordion-title plain\" href=\"#accordion-item-n\u00e4hrwerte\" aria-expanded=\"false\" aria-controls=\"accordion-2025999558-content\">\n\t\t\t<button class=\"toggle\" aria-label=\"Basculer\"><i class=\"icon-angle-down\" aria-hidden=\"true\"><\/i><\/button>\n\t\t\t<span>Valeurs nutritives<\/span>\n\t\t<\/a>\n\t\t<div id=\"accordion-2025999558-content\" class=\"accordion-inner\" aria-labelledby=\"accordion-2025999558-label\">\n\t\t\t\n<table class=\"ffnf-clean-table\">\n<thead>\n<tr>\n<th>Valeurs nutritives<\/th>\n<th>100 g<\/th>\n<th>Portion (10 g)<\/th>\n<\/tr>\n<\/thead>\n<tbody>\n<tr>\n<td>\u00c9nergie<\/td>\n<td>1436 kJ \/ 338 kcal<\/td>\n<td>144 kJ \/ 34 kcal<\/td>\n<\/tr>\n<tr>\n<td>Graisse<br \/>- dont acides gras satur\u00e9s<\/td>\n<td>&lt; 0,1 g<br \/>&lt; 0,1 g<\/td>\n<td>&lt; 0,1 g<br \/>&lt; 0,1 g<\/td>\n<\/tr>\n<tr>\n<td class=\"translation-block\">Glucides<br>\u2013 dont sucres<\/td>\n<td>9,7 g<br \/>1,2 g<\/td>\n<td>1,0 g<br \/>0,1 g<\/td>\n<\/tr>\n<tr>\n<td>Fibres alimentaires<\/td>\n<td>7,4 g<\/td>\n<td>0,7 g<\/td>\n<\/tr>\n<tr>\n<td>Prot\u00e9ines<\/td>\n<td>63,7 g<\/td>\n<td>6,4 g<\/td>\n<\/tr>\n<tr>\n<td>Sel<\/td>\n<td>0,57 g<\/td>\n<td>0,06 g<\/td>\n<\/tr>\n<\/tbody>\n<\/table>\n\t\t<\/div>\n\t<\/div>\n\t\n\t<div id=\"accordion-2490690076\" class=\"accordion-item\">\n\t\t<a id=\"accordion-2490690076-label\" class=\"accordion-title plain\" href=\"#accordion-item-was-ist-kollagen?\" aria-expanded=\"false\" aria-controls=\"accordion-2490690076-content\">\n\t\t\t<button class=\"toggle\" aria-label=\"Basculer\"><i class=\"icon-angle-down\" aria-hidden=\"true\"><\/i><\/button>\n\t\t\t<span>Qu'est-ce que le collag\u00e8ne ?<\/span>\n\t\t<\/a>\n\t\t<div id=\"accordion-2490690076-content\" class=\"accordion-inner\" aria-labelledby=\"accordion-2490690076-label\">\n\t\t\t\n<p>Le collag\u00e8ne est une prot\u00e9ine importante, qui repr\u00e9sente environ 30% de la quantit\u00e9 totale de prot\u00e9ines dans le corps humain. Il joue un r\u00f4le crucial dans la structure et la solidit\u00e9 du tissu conjonctif de diff\u00e9rentes parties du corps, notamment la peau, le cartilage, les articulations, les os, les muscles et les ligaments. Il est compos\u00e9 de longues cha\u00eenes d'acides amin\u00e9s, principalement l'hydroxyproline, la glycine et la proline, et forme des faisceaux de fibres qui soutiennent les tissus et les maintiennent fermes.<\/p>\n\t\t<\/div>\n\t<\/div>\n\t\n\t<div id=\"accordion-3053111254\" class=\"accordion-item\">\n\t\t<a id=\"accordion-3053111254-label\" class=\"accordion-title plain\" href=\"#accordion-item-wieso-kein-marine-kollagen?\" aria-expanded=\"false\" aria-controls=\"accordion-3053111254-content\">\n\t\t\t<button class=\"toggle\" aria-label=\"Basculer\"><i class=\"icon-angle-down\" aria-hidden=\"true\"><\/i><\/button>\n\t\t\t<span>Pourquoi pas du collag\u00e8ne marin ?<\/span>\n\t\t<\/a>\n\t\t<div id=\"accordion-3053111254-content\" class=\"accordion-inner\" aria-labelledby=\"accordion-3053111254-label\">\n\t\t\t\n<p>Une id\u00e9e re\u00e7ue tr\u00e8s r\u00e9pandue\u00a0: le collag\u00e8ne marin est meilleur, voire v\u00e9g\u00e9talien.<br \/>En r\u00e9alit\u00e9, le collag\u00e8ne marin est obtenu \u00e0 partir de la peau, des \u00e9cailles ou des ar\u00eates de poisson. Par cons\u00e9quent, il est <strong>pas v\u00e9g\u00e9talien<\/strong> \u2013 mais d\u2019origine animale, tout comme notre collag\u00e8ne bovin.<\/p>\n<p>Ce que beaucoup ignorent : l&#039;id\u00e9e que \u201e le poisson est meilleur \u201c, <strong>Elle repose sur le marketing, et non sur l&#039;efficacit\u00e9.<\/strong><\/p>\n<p>La puret\u00e9, la forme peptidique et la biodisponibilit\u00e9 sont cruciales \u2013 et nous les garantissons de mani\u00e8re fiable gr\u00e2ce \u00e0 notre collag\u00e8ne bovin de haute qualit\u00e9.<\/p>\n<p>Autre avantage\u00a0: nous \u00e9vitons d\u00e9lib\u00e9r\u00e9ment les sources marines, car de nombreux stocks de poissons sont surexploit\u00e9s. <strong>Notre collag\u00e8ne provient de sources bovines issues de sources responsables \u2013 plus durables, plus efficaces et sans pollution marine.<\/strong><\/p>\n\t\t<\/div>\n\t<\/div>\n\t\n\t<div id=\"accordion-1872815239\" class=\"accordion-item\">\n\t\t<a id=\"accordion-1872815239-label\" class=\"accordion-title plain\" href=\"#accordion-item-wieso-kein-veganes-kollagen?\" aria-expanded=\"false\" aria-controls=\"accordion-1872815239-content\">\n\t\t\t<button class=\"toggle\" aria-label=\"Basculer\"><i class=\"icon-angle-down\" aria-hidden=\"true\"><\/i><\/button>\n\t\t\t<span>Pourquoi pas de collag\u00e8ne v\u00e9g\u00e9talien ?<\/span>\n\t\t<\/a>\n\t\t<div id=\"accordion-1872815239-content\" class=\"accordion-inner\" aria-labelledby=\"accordion-1872815239-label\">\n\t\t\t\n<p>Il s'agit d'une id\u00e9e re\u00e7ue courante que le collag\u00e8ne peut \u00eatre produit \u00e0 partir de sources v\u00e9g\u00e9tales. Il n'y a pas de collag\u00e8ne v\u00e9g\u00e9talien. Nous utilisons du collag\u00e8ne de type 1 et 3, qui est pr\u00e9f\u00e9rable pour une belle peau.<\/p>\n\t\t<\/div>\n\t<\/div>\n\t\n\t<div id=\"accordion-2480982357\" class=\"accordion-item\">\n\t\t<a id=\"accordion-2480982357-label\" class=\"accordion-title plain\" href=\"#accordion-item-was-ist-kollagen-hydrolysat?\" aria-expanded=\"false\" aria-controls=\"accordion-2480982357-content\">\n\t\t\t<button class=\"toggle\" aria-label=\"Basculer\"><i class=\"icon-angle-down\" aria-hidden=\"true\"><\/i><\/button>\n\t\t\t<span>Qu'est-ce que l'hydrolysat de collag\u00e8ne ?<\/span>\n\t\t<\/a>\n\t\t<div id=\"accordion-2480982357-content\" class=\"accordion-inner\" aria-labelledby=\"accordion-2480982357-label\">\n\t\t\t\n<p>L'hydrolysat de collag\u00e8ne est une forme sp\u00e9cifique de cette prot\u00e9ine. Gr\u00e2ce \u00e0 des processus enzymatiques sp\u00e9cifiques, cette prot\u00e9ine structurale devient soluble dans l'eau, permettant \u00e0 votre corps de l'absorber efficacement. Outre sa haute bio-disponibilit\u00e9, cet hydrolysat est \u00e9galement tr\u00e8s bien tol\u00e9r\u00e9.<\/p>\n\t\t<\/div>\n\t<\/div>\n\t\n\t<div id=\"accordion-3057113156\" class=\"accordion-item\">\n\t\t<a id=\"accordion-3057113156-label\" class=\"accordion-title plain\" href=\"#accordion-item-collagen-energy-f\u00fcr-sport-oder-f\u00fcr-den-alltag?\" aria-expanded=\"false\" aria-controls=\"accordion-3057113156-content\">\n\t\t\t<button class=\"toggle\" aria-label=\"Basculer\"><i class=\"icon-angle-down\" aria-hidden=\"true\"><\/i><\/button>\n\t\t\t<span>Collagen-Energy pour le sport ou pour tous les jours ?<\/span>\n\t\t<\/a>\n\t\t<div id=\"accordion-3057113156-content\" class=\"accordion-inner\" aria-labelledby=\"accordion-3057113156-label\">\n\t\t\t\n<p>La boisson \u00e9nerg\u00e9tique au collag\u00e8ne convient aussi bien aux sportifs qu'\u00e0 la vie quotidienne.<\/p>\n<p>Le collag\u00e8ne qu'il contient soutient le tissu conjonctif, la peau, les cheveux, les articulations et les os, ce qui est particuli\u00e8rement b\u00e9n\u00e9fique pour les athl\u00e8tes qui exercent une forte pression sur ces zones. De plus, notre boisson contient 150 mg de caf\u00e9ine par portion, ce qui la rend parfaite pour les sportifs qui recherchent un boost suppl\u00e9mentaire d'\u00e9nergie et de performance.<\/p>\n<p>Pour la vie quotidienne, notre boisson offre un effet vivifiant et soutient la sant\u00e9 de la peau, des cheveux et des ongles, qui diminuent avec l'\u00e2ge, elle aide \u00e9galement \u00e0 fournir de l'\u00e9nergie et a un go\u00fbt estival rafra\u00eechissant et naturel.<\/p>\n\t\t<\/div>\n\t<\/div>\n\t\n\t<div id=\"accordion-4075068313\" class=\"accordion-item\">\n\t\t<a id=\"accordion-4075068313-label\" class=\"accordion-title plain\" href=\"#accordion-item-welcher-collagen-typ-ist-enthalten?\" aria-expanded=\"false\" aria-controls=\"accordion-4075068313-content\">\n\t\t\t<button class=\"toggle\" aria-label=\"Basculer\"><i class=\"icon-angle-down\" aria-hidden=\"true\"><\/i><\/button>\n\t\t\t<span>Quel type de collag\u00e8ne est contenu ?<\/span>\n\t\t<\/a>\n\t\t<div id=\"accordion-4075068313-content\" class=\"accordion-inner\" aria-labelledby=\"accordion-4075068313-label\">\n\t\t\t\n<p>Collagen Energy contient les 2 types de collag\u00e8ne les plus populaires, le type 1 et le type 3.<\/p>\n<p>Le collag\u00e8ne de type 1 est le collag\u00e8ne le plus r\u00e9pandu dans le corps et se trouve principalement dans la peau, les tendons, les ligaments et les os. Il donne \u00e0 la peau sa tonicit\u00e9 et son \u00e9lasticit\u00e9, et aide \u00e9galement \u00e0 r\u00e9parer les blessures des tendons et des ligaments.<\/p>\n<p>Le collag\u00e8ne de type 3, \u00e9galement connu sous le nom de collag\u00e8ne r\u00e9ticulaire, se trouve principalement dans les muscles, les vaisseaux sanguins et les organes.<\/p>\n\t\t<\/div>\n\t<\/div>\n\t\n<\/div>","protected":false},"excerpt":{"rendered":"<h2>Glow up &amp; Show up \u2013 \u00e0 chaque gorg\u00e9e.<\/h2>\n<h4 class=\"translation-block\"><strong>La boisson beaut\u00e9 fonctionnelle pour la concentration, l\u2019\u00e9clat &amp; l\u2019\u00e9nergie.<\/strong>\nCollagen Energy combine du collag\u00e8ne hydrolys\u00e9, des extraits de plantes et des sources naturelles de caf\u00e9ine \u2013 sp\u00e9cialement con\u00e7ue pour les besoins des femmes actives.\nPour un nouveau d\u00e9part, plus de vitalit\u00e9 au quotidien et un \u00e9clat qui vient de l\u2019int\u00e9rieur.*<\/h4>","protected":false},"featured_media":943263,"comment_status":"open","ping_status":"closed","template":"","meta":{"slim_seo":{"title":"\u00c9nergie Collag\u00e8ne - FitNFemale\u00ae","description":"Rayonnez et soyez au top \u2013 \u00e0 chaque gorg\u00e9e. La boisson beaut\u00e9 fonctionnelle pour la concentration, l&#039;\u00e9clat et l&#039;\u00e9nergie. Collagen Energy associe du collag\u00e8ne hydrolys\u00e9,"}},"product_brand":[],"product_cat":[6508,6629,401,6671],"product_tag":[6487,6486,6489],"class_list":{"0":"post-660258","1":"product","2":"type-product","3":"status-publish","4":"has-post-thumbnail","6":"product_cat-promo-25","7":"product_cat-basic","8":"product_cat-health","9":"product_cat-topdeals","10":"product_tag-beauty","11":"product_tag-collagen","12":"product_tag-skin","13":"pa_anwendungsbereiche-bindegewebe","14":"pa_anwendungsbereiche-energy","15":"pa_anwendungsbereiche-for-your-workout","16":"pa_anwendungsbereiche-gelenke-und-knochen","17":"pa_anwendungsbereiche-skin-hair-nails","18":"pa_anwendungsbereiche-immune-system","19":"pa_marke-fitnfemale","20":"pa_misc-aspartamfree","21":"pa_misc-glutenfree","22":"pa_misc-lactosefree","23":"pa_nutritionfactinfo-nofat","24":"pa_nutritionfactinfo-nocarbs","25":"pa_nutritionfactinfo-nosugar","26":"pa_schwangerschaft-nicht-geeignet","27":"pa_stillzeit-nicht-geeignet","28":"pa_vegan-nein","30":"first","31":"instock","32":"taxable","33":"shipping-taxable","34":"purchasable","35":"product-type-variable","36":"has-default-attributes"},"bundled_by":["663238","627268","738344","786592","738226","5033","956371"],"bundle_stock_status":"instock","bundle_stock_quantity":null,"bundle_virtual":false,"bundle_layout":"","bundle_add_to_cart_form_location":"","bundle_editable_in_cart":false,"bundle_sold_individually_context":"","bundle_item_grouping":"","bundle_min_size":"","bundle_max_size":"","bundle_price":[],"bundled_items":[],"bundle_sell_ids":[],"gallery_images":[953137,934353,953319,950470,953001,953477,953479,953478,953317,739094],"_links":{"self":[{"href":"https:\/\/fitnfemale.com\/fr\/wp-json\/wp\/v2\/product\/660258","targetHints":{"allow":["GET"]}}],"collection":[{"href":"https:\/\/fitnfemale.com\/fr\/wp-json\/wp\/v2\/product"}],"about":[{"href":"https:\/\/fitnfemale.com\/fr\/wp-json\/wp\/v2\/types\/product"}],"replies":[{"embeddable":true,"href":"https:\/\/fitnfemale.com\/fr\/wp-json\/wp\/v2\/comments?post=660258"}],"wp:featuredmedia":[{"embeddable":true,"href":"https:\/\/fitnfemale.com\/fr\/wp-json\/wp\/v2\/media\/943263"}],"wp:attachment":[{"href":"https:\/\/fitnfemale.com\/fr\/wp-json\/wp\/v2\/media?parent=660258"}],"wp:term":[{"taxonomy":"product_brand","embeddable":true,"href":"https:\/\/fitnfemale.com\/fr\/wp-json\/wp\/v2\/product_brand?post=660258"},{"taxonomy":"product_cat","embeddable":true,"href":"https:\/\/fitnfemale.com\/fr\/wp-json\/wp\/v2\/product_cat?post=660258"},{"taxonomy":"product_tag","embeddable":true,"href":"https:\/\/fitnfemale.com\/fr\/wp-json\/wp\/v2\/product_tag?post=660258"}],"curies":[{"name":"wp","href":"https:\/\/api.w.org\/{rel}","templated":true}]}}