{"id":627268,"date":"2021-11-20T20:36:10","date_gmt":"2021-11-20T19:36:10","guid":{"rendered":"https:\/\/fitnfemale.com\/?post_type=product&#038;p=627268"},"modified":"2026-01-26T10:07:41","modified_gmt":"2026-01-26T09:07:41","slug":"beauty-set-special-7","status":"publish","type":"product","link":"https:\/\/fitnfemale.com\/fr\/produit\/beauty-set-special-7\/","title":{"rendered":"Glow Trio"},"content":{"rendered":"<div class=\"img has-hover img-details x md-x lg-x y md-y lg-y\" id=\"image_1503672434\">\n\t\t\t\t\t\t\t\t<div class=\"img-inner dark\" >\n\t\t\t<img decoding=\"async\" width=\"1020\" height=\"569\" src=\"https:\/\/fitnfemale.com\/wp-content\/uploads\/collagen-trio-7.webp\" class=\"attachment-large size-large\" alt=\"trio de collage\" srcset=\"https:\/\/fitnfemale.com\/wp-content\/uploads\/collagen-trio-7.webp 1376w, https:\/\/fitnfemale.com\/wp-content\/uploads\/collagen-trio-7-717x400.webp 717w, https:\/\/fitnfemale.com\/wp-content\/uploads\/collagen-trio-7-768x429.webp 768w, https:\/\/fitnfemale.com\/wp-content\/uploads\/collagen-trio-7-18x10.webp 18w, https:\/\/fitnfemale.com\/wp-content\/uploads\/collagen-trio-7-1000x558.webp 1000w\" sizes=\"(max-width: 1020px) 100vw, 1020px\" \/>\t\t\t\t\t\t\n\t\t\t\t\t<\/div>\n\t\t\t\t\t\t\t\t\n<style>\n#image_1503672434 {\n  width: 100%;\n}\n<\/style>\n\t<\/div>\n\t\n<ul>\n<li class=\"bullet-arrow\"><strong><i class=\"fas fa-magic\" style=\"margin-right: 6px;\"><\/i>Peau \u00e9clatante et tissus conjonctifs r\u00e9sistants\u00a0:<\/strong> Avec du collag\u00e8ne de haute qualit\u00e9, de la vitamine C et des super-aliments comme l&#039;a\u00e7a\u00ef et le camu camu.<\/li>\n<li class=\"bullet-arrow\"><strong><i class=\"fas fa-bolt\" style=\"margin-right: 6px;\"><\/i>Plus d&#039;\u00e9nergie, sans coup de fatigue li\u00e9 \u00e0 la caf\u00e9ine\u00a0:<\/strong> \u201e Collagen Energy \u201c vous donne un coup de pouce gr\u00e2ce au zinc, \u00e0 la biotine et au Q10 \u2013 pour la beaut\u00e9 et la force en une seule boisson.<\/li>\n<li class=\"bullet-arrow\"><strong><i class=\"fas fa-leaf\" style=\"margin-right: 6px;\"><\/i>\u00c9quilibre quotidien et soutien hormonal :<\/strong> \u201e Women&#039;s Magic Mix \u201c vous accompagne au quotidien gr\u00e2ce \u00e0 l&#039;ashwagandha, aux vitamines et aux extraits de plantes \u2013 pour une paix int\u00e9rieure et une r\u00e9duction des envies de grignotage.<\/li>\n<li class=\"bullet-arrow\"><strong><i class=\"fas fa-sun\" style=\"margin-right: 6px;\"><\/i>Matin:<\/strong> M\u00e9lange Magique pour Femmes \u2013 votre dose quotidienne d&#039;\u00e9quilibre<\/li>\n<li class=\"bullet-arrow\"><strong><i class=\"fas fa-bolt\" style=\"margin-right: 6px;\"><\/i>Si vous avez besoin d&#039;\u00e9nergie :<\/strong> \u00c9nergie Collag\u00e8ne \u2013 votre coup de pouce naturel pour la concentration et l&#039;\u00e9nergie<\/li>\n<li class=\"bullet-arrow\"><strong><i class=\"fas fa-moon\" style=\"margin-right: 6px;\"><\/i>Le soir ou les jours plus calmes\u00a0:<\/strong> Supermix de collag\u00e8ne \u2013 R\u00e9g\u00e9n\u00e9ration et beaut\u00e9 pendant votre sommeil<\/li>\n<\/ul>\n\n\t<section class=\"section dark\" id=\"section_1487903282\">\n\t\t<div class=\"section-bg fill\" >\n\t\t\t\t\t\t\t\t\t\n\t\t\t\n\n\t\t<\/div>\n\n\t\t\n\n\t\t<div class=\"section-content relative\">\n\t\t\t\n<p><i class=\"fas fa-info-circle\" style=\"color: #fff;\"><\/i> <strong>Comment utiliser le kit<\/strong><br \/>\nM\u00e9lange Magique pour Femmes le matin \u2022 \u00c9nergie Collag\u00e8ne quand vous avez besoin d&#039;\u00e9nergie \u2022 Superm\u00e9lange Collag\u00e8ne le soir ou les jours plus calmes.<\/p>\n\t\t<\/div>\n\n\t\t\n<style>\n#section_1487903282 {\n  padding-top: 30px;\n  padding-bottom: 30px;\n  background-color: rgb(40, 40, 40);\n}\n<\/style>\n\t<\/section>","protected":false},"excerpt":{"rendered":"<h2>Glow Trio \u2013 Beaut\u00e9. \u00c9nergie. Bien-\u00eatre.<\/h2>\n<h4>Le trio Glow combine trois produits puissants \u2013 <em>Supermix de collag\u00e8ne, \u00c9nergie de collag\u00e8ne et M\u00e9lange magique pour femmes<\/em> \u2013 Parfaitement adapt\u00e9 aux besoins des femmes actives. Pour des r\u00e9sultats visibles de l&#039;int\u00e9rieur.<\/h4>","protected":false},"featured_media":954215,"comment_status":"closed","ping_status":"closed","template":"","meta":{"slim_seo":{"title":"Glow Trio - FitNFemale\u00ae","description":"Glow Trio \u2013 Beaut\u00e9. \u00c9nergie. Bien-\u00eatre. Le Glow Trio associe parfaitement trois produits puissants : Collagen Supermix, Collagen Energy et Women&#039;s Magic Mix."}},"product_brand":[],"product_cat":[6364,6629,401,2627,6290],"product_tag":[],"class_list":{"0":"post-627268","1":"product","2":"type-product","3":"status-publish","4":"has-post-thumbnail","6":"product_cat-promo-30","7":"product_cat-basic","8":"product_cat-health","9":"product_cat-sale","10":"product_cat-set","12":"first","13":"instock","14":"sale","15":"virtual","16":"taxable","17":"purchasable","18":"product-type-bundle"},"bundled_by":[],"bundle_stock_status":"instock","bundle_stock_quantity":62,"bundle_virtual":false,"bundle_layout":"default","bundle_add_to_cart_form_location":"after_summary","bundle_editable_in_cart":false,"bundle_sold_individually_context":"product","bundle_item_grouping":"parent","bundle_min_size":"","bundle_max_size":"","bundle_price":{"price":{"min":{"incl_tax":"87.7","excl_tax":"85.477583"},"max":{"incl_tax":"87.7","excl_tax":"85.477583"}},"regular_price":{"min":{"incl_tax":"87.7","excl_tax":"85.477583"},"max":{"incl_tax":"87.7","excl_tax":"85.477583"}}},"bundled_items":[{"bundled_item_id":386,"product_id":528925,"menu_order":0,"quantity_min":1,"quantity_max":1,"quantity_default":1,"priced_individually":false,"shipped_individually":false,"override_title":false,"title":"Collagen Supermix","override_description":true,"description":"Votre dose quotidienne d&#039;\u00e9clat pour la peau et le bien-\u00eatre.","optional":false,"hide_thumbnail":false,"discount":"","override_variations":true,"allowed_variations":[528926],"override_default_variation_attributes":false,"default_variation_attributes":[],"single_product_visibility":"visible","cart_visibility":"hidden","order_visibility":"visible","single_product_price_visibility":"visible","cart_price_visibility":"visible","order_price_visibility":"visible","stock_status":"in_stock"},{"bundled_item_id":387,"product_id":150323,"menu_order":1,"quantity_min":1,"quantity_max":1,"quantity_default":1,"priced_individually":false,"shipped_individually":false,"override_title":false,"title":"Women's Magic Mix","override_description":true,"description":"\u00c9quilibre quotidien pour la paix int\u00e9rieure et le bien-\u00eatre.","optional":false,"hide_thumbnail":false,"discount":"","override_variations":true,"allowed_variations":[151199],"override_default_variation_attributes":false,"default_variation_attributes":[],"single_product_visibility":"visible","cart_visibility":"hidden","order_visibility":"visible","single_product_price_visibility":"visible","cart_price_visibility":"visible","order_price_visibility":"visible","stock_status":"in_stock"},{"bundled_item_id":440,"product_id":660258,"menu_order":2,"quantity_min":1,"quantity_max":1,"quantity_default":1,"priced_individually":false,"shipped_individually":false,"override_title":false,"title":"Collagen Energy","override_description":true,"description":"\u00c9nergie beaut\u00e9 pour les journ\u00e9es actives \u2013 sans coup de fatigue.","optional":false,"hide_thumbnail":false,"discount":"","override_variations":false,"allowed_variations":[660259],"override_default_variation_attributes":false,"default_variation_attributes":[],"single_product_visibility":"visible","cart_visibility":"hidden","order_visibility":"visible","single_product_price_visibility":"visible","cart_price_visibility":"visible","order_price_visibility":"visible","stock_status":"in_stock"}],"bundle_sell_ids":[],"gallery_images":[954261,954256,954134,954257,954138,953182,953183,953318],"_links":{"self":[{"href":"https:\/\/fitnfemale.com\/fr\/wp-json\/wp\/v2\/product\/627268","targetHints":{"allow":["GET"]}}],"collection":[{"href":"https:\/\/fitnfemale.com\/fr\/wp-json\/wp\/v2\/product"}],"about":[{"href":"https:\/\/fitnfemale.com\/fr\/wp-json\/wp\/v2\/types\/product"}],"replies":[{"embeddable":true,"href":"https:\/\/fitnfemale.com\/fr\/wp-json\/wp\/v2\/comments?post=627268"}],"wp:featuredmedia":[{"embeddable":true,"href":"https:\/\/fitnfemale.com\/fr\/wp-json\/wp\/v2\/media\/954215"}],"wp:attachment":[{"href":"https:\/\/fitnfemale.com\/fr\/wp-json\/wp\/v2\/media?parent=627268"}],"wp:term":[{"taxonomy":"product_brand","embeddable":true,"href":"https:\/\/fitnfemale.com\/fr\/wp-json\/wp\/v2\/product_brand?post=627268"},{"taxonomy":"product_cat","embeddable":true,"href":"https:\/\/fitnfemale.com\/fr\/wp-json\/wp\/v2\/product_cat?post=627268"},{"taxonomy":"product_tag","embeddable":true,"href":"https:\/\/fitnfemale.com\/fr\/wp-json\/wp\/v2\/product_tag?post=627268"}],"curies":[{"name":"wp","href":"https:\/\/api.w.org\/{rel}","templated":true}]}}