{"id":621793,"date":"2021-10-14T19:46:48","date_gmt":"2021-10-14T18:46:48","guid":{"rendered":"https:\/\/fitnfemale.com\/?post_type=product&#038;p=621793"},"modified":"2026-04-08T17:01:06","modified_gmt":"2026-04-08T16:01:06","slug":"shape-bands-5er-set","status":"publish","type":"product","link":"https:\/\/fitnfemale.com\/fr\/produit\/shape-bands-5er-set\/","title":{"rendered":"Shape-Bands - set of 5 - Purple Vibes"},"content":{"rendered":"<ul>\n<li class=\"bullet-star\">Volume <strong>X-Light<\/strong> (jusqu'\u00e0 2,5 kg de r\u00e9sistance)<\/li>\n<li class=\"bullet-star\">Volume <strong>Light<\/strong> (jusqu'\u00e0 5 kg de r\u00e9sistance)<\/li>\n<li class=\"bullet-star\">Volume <strong>Moyen<\/strong> (jusqu'\u00e0 9 kg de r\u00e9sistance)<\/li>\n<li class=\"bullet-star\">Volume <strong>Heavy<\/strong> (jusqu'\u00e0 13 kg de r\u00e9sistance)<\/li>\n<li class=\"bullet-star\">Volume <strong>X-Heavy<\/strong> (jusqu'\u00e0 18 kg de r\u00e9sistance)<\/li>\n<\/ul>\n<p>Mat\u00e9riau en latex antid\u00e9rapant et de haute qualit\u00e9 d'une longueur de 60cm et d'une largeur de 5cm. Selon la r\u00e9sistance, l'\u00e9paisseur du mat\u00e9riau varie entre 0,35mm et 1,1mm.<\/p>","protected":false},"excerpt":{"rendered":"<h2>5 bandes pour toutes les situations - Check \u2714\ufe0f<\/h2>\n<h4>Shape Bands de haute qualit\u00e9 en set de 5 - bandes de r\u00e9sistance antid\u00e9rapantes, \u00e9lastiques et durables dans un sachet pratique. Parfaites pour l'entra\u00eenement \u00e0 la maison. Id\u00e9ales pour l'entra\u00eenement des fesses et des jambes.<\/h4>\n<p>Nos Shape Bands en latex sont disponibles en set de 5 avec diff\u00e9rentes r\u00e9sistances pour un entra\u00eenement vari\u00e9 :<\/p>","protected":false},"featured_media":948730,"comment_status":"open","ping_status":"closed","template":"","meta":{"slim_seo":{"title":"Ensemble de 5 bracelets Shape Bands - Ambiance violette - FitNFemale\u00ae","description":"5 bandes \u00e9lastiques pour toutes les occasions - Check \u2714\ufe0f Bandes de musculation de haute qualit\u00e9, lot de 5\u00a0: antid\u00e9rapantes, \u00e9lastiques et r\u00e9sistantes, dans un sac pratique. Parfaites"}},"product_brand":[],"product_cat":[6363,6629,283,6216],"product_tag":[],"class_list":{"0":"post-621793","1":"product","2":"type-product","3":"status-publish","4":"has-post-thumbnail","6":"product_cat-promo-40","7":"product_cat-basic","8":"product_cat-equipment","9":"product_cat-trainingszubehoer","10":"pa_anwendungsbereiche-for-your-workout","11":"pa_marke-fitnfemale","12":"pa_schwangerschaft-geeignet","13":"pa_stillzeit-geeignet","15":"first","16":"outofstock","17":"sale","18":"taxable","19":"shipping-taxable","20":"purchasable","21":"product-type-simple"},"bundled_by":["627227","470906"],"bundle_stock_status":"outofstock","bundle_stock_quantity":1,"bundle_virtual":false,"bundle_layout":"","bundle_add_to_cart_form_location":"","bundle_editable_in_cart":false,"bundle_sold_individually_context":"","bundle_item_grouping":"","bundle_min_size":"","bundle_max_size":"","bundle_price":[],"bundled_items":[],"bundle_sell_ids":[],"gallery_images":[634184,622657,630836],"_links":{"self":[{"href":"https:\/\/fitnfemale.com\/fr\/wp-json\/wp\/v2\/product\/621793","targetHints":{"allow":["GET"]}}],"collection":[{"href":"https:\/\/fitnfemale.com\/fr\/wp-json\/wp\/v2\/product"}],"about":[{"href":"https:\/\/fitnfemale.com\/fr\/wp-json\/wp\/v2\/types\/product"}],"replies":[{"embeddable":true,"href":"https:\/\/fitnfemale.com\/fr\/wp-json\/wp\/v2\/comments?post=621793"}],"wp:featuredmedia":[{"embeddable":true,"href":"https:\/\/fitnfemale.com\/fr\/wp-json\/wp\/v2\/media\/948730"}],"wp:attachment":[{"href":"https:\/\/fitnfemale.com\/fr\/wp-json\/wp\/v2\/media?parent=621793"}],"wp:term":[{"taxonomy":"product_brand","embeddable":true,"href":"https:\/\/fitnfemale.com\/fr\/wp-json\/wp\/v2\/product_brand?post=621793"},{"taxonomy":"product_cat","embeddable":true,"href":"https:\/\/fitnfemale.com\/fr\/wp-json\/wp\/v2\/product_cat?post=621793"},{"taxonomy":"product_tag","embeddable":true,"href":"https:\/\/fitnfemale.com\/fr\/wp-json\/wp\/v2\/product_tag?post=621793"}],"curies":[{"name":"wp","href":"https:\/\/api.w.org\/{rel}","templated":true}]}}