{"id":621792,"date":"2021-10-14T19:42:39","date_gmt":"2021-10-14T18:42:39","guid":{"rendered":"https:\/\/fitnfemale.com\/?post_type=product&#038;p=621792"},"modified":"2026-04-18T18:01:14","modified_gmt":"2026-04-18T17:01:14","slug":"trinkflasche-gold","status":"publish","type":"product","link":"https:\/\/fitnfemale.com\/fr\/produit\/trinkflasche-gold\/","title":{"rendered":"Gourde en or"},"content":{"rendered":"","protected":false},"excerpt":{"rendered":"<h2>De l&#039;or pour \u00e9tancher votre soif \u2013 et affirmer votre style<\/h2>\n<h4>Cette gourde n&#039;est pas un simple accessoire, c&#039;est un v\u00e9ritable atout. \u00c9l\u00e9gante, fonctionnelle et dor\u00e9e jusque dans les moindres d\u00e9tails \u2013 id\u00e9ale pour les sportives et les h\u00e9ro\u00efnes du quotidien.<\/h4>\n<ul>\n<li class=\"bullet-star\">Capacit\u00e9 de 750 ml \u2013 id\u00e9ale pour l&#039;entra\u00eenement, le bureau ou les d\u00e9placements.<\/li>\n<li class=\"bullet-star\">Fabriqu\u00e9 en Europe \u2013 durable, de haute qualit\u00e9 et avec une finition haut de gamme.<\/li>\n<li class=\"bullet-star\">100 % Sans BPA et apte au contact alimentaire \u2013 pour une eau pure en toute conscience.<\/li>\n<li class=\"bullet-star\">Fermeture \u00e0 pression \u00e9tanche \u2013 buvez en un clic.<\/li>\n<\/ul>\n<p>Look dor\u00e9, fonctionnalit\u00e9 optimale\u00a0: cette gourde est non seulement un accessoire tendance \u00e0 la salle de sport, mais aussi votre fid\u00e8le alli\u00e9e au quotidien. Eau aromatis\u00e9e, boisson pr\u00e9-entra\u00eenement ou caf\u00e9 glac\u00e9\u00a0: d\u00e9sormais, vous vous hydraterez avec style.<\/p>","protected":false},"featured_media":944042,"comment_status":"open","ping_status":"closed","template":"","meta":{"slim_seo":{"title":"Trinkflasche Gold - FitNFemale\u00ae","description":"De l&#039;or pour \u00e9tancher votre soif \u2013 et sublimer votre style. Cette gourde n&#039;est pas un simple accessoire, c&#039;est un v\u00e9ritable atout. \u00c9l\u00e9gante, fonctionnelle et dor\u00e9e jusque dans les moindres d\u00e9tails \u2013"}},"product_brand":[],"product_cat":[6364,6629,283,6217],"product_tag":[],"class_list":{"0":"post-621792","1":"product","2":"type-product","3":"status-publish","4":"has-post-thumbnail","6":"product_cat-promo-30","7":"product_cat-basic","8":"product_cat-equipment","9":"product_cat-trinkflaschen","10":"pa_anwendungsbereiche-for-your-workout","11":"pa_anwendungsbereiche-workout-bottle","12":"pa_anwendungsbereiche-shaking","13":"pa_marke-fitnfemale","14":"pa_misc-bpafree","16":"first","17":"instock","18":"taxable","19":"shipping-taxable","20":"purchasable","21":"product-type-simple"},"bundled_by":[],"bundle_stock_status":"instock","bundle_stock_quantity":314,"bundle_virtual":false,"bundle_layout":"","bundle_add_to_cart_form_location":"","bundle_editable_in_cart":false,"bundle_sold_individually_context":"","bundle_item_grouping":"","bundle_min_size":"","bundle_max_size":"","bundle_price":[],"bundled_items":[],"bundle_sell_ids":[],"gallery_images":[624564,938019,798794,636569,626534,938027],"_links":{"self":[{"href":"https:\/\/fitnfemale.com\/fr\/wp-json\/wp\/v2\/product\/621792","targetHints":{"allow":["GET"]}}],"collection":[{"href":"https:\/\/fitnfemale.com\/fr\/wp-json\/wp\/v2\/product"}],"about":[{"href":"https:\/\/fitnfemale.com\/fr\/wp-json\/wp\/v2\/types\/product"}],"replies":[{"embeddable":true,"href":"https:\/\/fitnfemale.com\/fr\/wp-json\/wp\/v2\/comments?post=621792"}],"wp:featuredmedia":[{"embeddable":true,"href":"https:\/\/fitnfemale.com\/fr\/wp-json\/wp\/v2\/media\/944042"}],"wp:attachment":[{"href":"https:\/\/fitnfemale.com\/fr\/wp-json\/wp\/v2\/media?parent=621792"}],"wp:term":[{"taxonomy":"product_brand","embeddable":true,"href":"https:\/\/fitnfemale.com\/fr\/wp-json\/wp\/v2\/product_brand?post=621792"},{"taxonomy":"product_cat","embeddable":true,"href":"https:\/\/fitnfemale.com\/fr\/wp-json\/wp\/v2\/product_cat?post=621792"},{"taxonomy":"product_tag","embeddable":true,"href":"https:\/\/fitnfemale.com\/fr\/wp-json\/wp\/v2\/product_tag?post=621792"}],"curies":[{"name":"wp","href":"https:\/\/api.w.org\/{rel}","templated":true}]}}